{"id":445,"date":"2026-01-26T06:34:29","date_gmt":"2026-01-26T04:34:29","guid":{"rendered":"https:\/\/vapaa-ajattelijat.fi\/ks\/?page_id=445"},"modified":"2026-01-26T06:34:33","modified_gmt":"2026-01-26T04:34:33","slug":"toimintasuunnitelma-2026","status":"publish","type":"page","link":"https:\/\/vapaa-ajattelijat.fi\/ks\/toimintasuunnitelma-2026\/","title":{"rendered":"Toimintasuunnitelma 2026"},"content":{"rendered":"\n<p><strong>Toiminnan tavoitteet ja toteutus: <\/strong><br>Yhdistyksen n\u00e4kyvyytt\u00e4 ja tunnettuutta pyrit\u00e4\u00e4n edelleen lis\u00e4\u00e4m\u00e4\u00e4n. T\u00e4t\u00e4 tavoitetta toteutetaan esimerkiksi tarjoamalla opetusta perusopetukseen ja muihin opintoihin pyynt\u00f6jen mukaan.Opetukseen liittyen jaamme ET-stipendin kahdelle peruskoulun p\u00e4\u00e4tt\u00e4v\u00e4lle oppilaalle. Samalla jaamme kouluille opetusmateriaaliksi Riston kirjoittamaa kirjaa, Uskomatonta el\u00e4m\u00e4\u00e4 Suomessa. J\u00e4rjestet\u00e4\u00e4n yhdistyksen j\u00e4senille vapaamuotoisia tapaamisia. <br>Osallistutaan paikallisiin sek\u00e4 muihin tapahtumiin, joiden tavoitteisiin vapaa-ajattelijoina voimme sitoutua. Etsit\u00e4\u00e4n aktiivisesti sopivia tapahtumia osallistuttaviksi ja otetaan vastaan tarjoutuvia mahdollisuuksia. <br>Kehitet\u00e4\u00e4n uusia tapoja saada j\u00e4seni\u00e4 osallistumaan yhdistyksen toimintaan. N\u00e4in voidaan tehd\u00e4 esimerkiksi jakamalla j\u00e4senille Vapaa-ajattelija -lehte\u00e4 toimitettavaksi kirjastoon tai muuhun sopivaan paikkaan. Vuoden 2026 lehti toimitettiin poikkeuksellisesti yhdistyksille PDF-versiona, jolloin sen tulostaminen jaettavaksi on k\u00e4yt\u00e4nn\u00f6llist\u00e4, vaikka se lis\u00e4\u00e4kin yhdistyksen postikuluja. <br>Vastaavia tavoitteita ja toimintatapoja kehitet\u00e4\u00e4n saadun j\u00e4senpalautteen mukaisesti. My\u00f6s muu toiminnan kehitt\u00e4minen palautteen mukaisesti on yksi tavoitteista. Yhdistyksen hallinnon osuutta toiminnassa v\u00e4hennet\u00e4\u00e4n minimiin, ja keskityt\u00e4\u00e4n enemm\u00e4n muuhun toimintaan. Tiedottamista FB:ssa ja kotisivuilla jatketaan aktiivisesti. My\u00f6s lehtiin ja muihin julkaisukanaviin pyrit\u00e4\u00e4n saamaan kirjoituksia ajankohtaisista aiheista. <br><br><strong>Tausta 1964 &#8211; 2026:<\/strong> Keski-Suomen vapaa-ajattelijat ry toimii osana Vapaa-ajattelijan liittoa sen tavoitteiden mukaisesti uskonnottomien ihmisten etu-, oikeusturva- ja kulttuurij\u00e4rjest\u00f6n\u00e4. Vuonna 2025 toiminta on keskittynyt erityisesti uskonnottoman el\u00e4m\u00e4n ja siihen liittyvien ajatusten sek\u00e4 juhlien tunnettuuteen. Yhdistyksemme edustjat osallistuvat sek\u00e4 liittohallituksen ett\u00e4 -valtuuston toimintaan kuluvalla toimikaudella 2024 &#8211; 2026. Yhdistyst\u00e4 ja sen toimintaa koskevat p\u00e4\u00e4t\u00f6kset tehd\u00e4\u00e4n kev\u00e4t- ja syyskokouksessa, ja p\u00e4\u00e4t\u00f6sten mukaisista toimista vastaa hallitus. Toiminnan perustana ovat yhdistyksen s\u00e4\u00e4nn\u00f6t. Yhdistys yll\u00e4pit\u00e4\u00e4 ja hoitaa omaa hautausmaata p\u00e4\u00e4asiassa talkoovoimin. Hautauspalvelun hoitaa yhdistyksen kulloinkin nime\u00e4m\u00e4 hautausmaavastaava. Hautausmaan hautapaikkasuunnitelmaa on uudistettu, ja hautausmaan ilmett\u00e4 kohennetaan suunnitelman mukaisesti.<\/p>\n","protected":false},"excerpt":{"rendered":"<p>Toiminnan tavoitteet ja toteutus: Yhdistyksen n\u00e4kyvyytt\u00e4 ja tunnettuutta pyrit\u00e4\u00e4n edelleen lis\u00e4\u00e4m\u00e4\u00e4n. T\u00e4t\u00e4 tavoitetta toteutetaan esimerkiksi tarjoamalla opetusta perusopetukseen ja muihin opintoihin pyynt\u00f6jen mukaan.Opetukseen liittyen jaamme ET-stipendin kahdelle peruskoulun p\u00e4\u00e4tt\u00e4v\u00e4lle oppilaalle. [&hellip;]<\/p>\n","protected":false},"author":46,"featured_media":0,"parent":0,"menu_order":0,"comment_status":"closed","ping_status":"closed","template":"","meta":{"site-sidebar-layout":"default","site-content-layout":"","ast-site-content-layout":"default","site-content-style":"default","site-sidebar-style":"default","ast-global-header-display":"","ast-banner-title-visibility":"","ast-main-header-display":"","ast-hfb-above-header-display":"","ast-hfb-below-header-display":"","ast-hfb-mobile-header-display":"","site-post-title":"","ast-breadcrumbs-content":"","ast-featured-img":"","footer-sml-layout":"","ast-disable-related-posts":"","theme-transparent-header-meta":"","adv-header-id-meta":"","stick-header-meta":"","header-above-stick-meta":"","header-main-stick-meta":"","header-below-stick-meta":"","astra-migrate-meta-layouts":"default","ast-page-background-enabled":"default","ast-page-background-meta":{"desktop":{"background-color":"var(--ast-global-color-5)","background-image":"","background-repeat":"repeat","background-position":"center center","background-size":"auto","background-attachment":"scroll","background-type":"","background-media":"","overlay-type":"","overlay-color":"","overlay-opacity":"","overlay-gradient":""},"tablet":{"background-color":"","background-image":"","background-repeat":"repeat","background-position":"center center","background-size":"auto","background-attachment":"scroll","background-type":"","background-media":"","overlay-type":"","overlay-color":"","overlay-opacity":"","overlay-gradient":""},"mobile":{"background-color":"","background-image":"","background-repeat":"repeat","background-position":"center center","background-size":"auto","background-attachment":"scroll","background-type":"","background-media":"","overlay-type":"","overlay-color":"","overlay-opacity":"","overlay-gradient":""}},"ast-content-background-meta":{"desktop":{"background-color":"var(--ast-global-color-4)","background-image":"","background-repeat":"repeat","background-position":"center center","background-size":"auto","background-attachment":"scroll","background-type":"","background-media":"","overlay-type":"","overlay-color":"","overlay-opacity":"","overlay-gradient":""},"tablet":{"background-color":"var(--ast-global-color-4)","background-image":"","background-repeat":"repeat","background-position":"center center","background-size":"auto","background-attachment":"scroll","background-type":"","background-media":"","overlay-type":"","overlay-color":"","overlay-opacity":"","overlay-gradient":""},"mobile":{"background-color":"var(--ast-global-color-4)","background-image":"","background-repeat":"repeat","background-position":"center center","background-size":"auto","background-attachment":"scroll","background-type":"","background-media":"","overlay-type":"","overlay-color":"","overlay-opacity":"","overlay-gradient":""}},"footnotes":""},"class_list":["post-445","page","type-page","status-publish","hentry"],"jetpack_sharing_enabled":true,"_links":{"self":[{"href":"https:\/\/vapaa-ajattelijat.fi\/ks\/wp-json\/wp\/v2\/pages\/445","targetHints":{"allow":["GET"]}}],"collection":[{"href":"https:\/\/vapaa-ajattelijat.fi\/ks\/wp-json\/wp\/v2\/pages"}],"about":[{"href":"https:\/\/vapaa-ajattelijat.fi\/ks\/wp-json\/wp\/v2\/types\/page"}],"author":[{"embeddable":true,"href":"https:\/\/vapaa-ajattelijat.fi\/ks\/wp-json\/wp\/v2\/users\/46"}],"replies":[{"embeddable":true,"href":"https:\/\/vapaa-ajattelijat.fi\/ks\/wp-json\/wp\/v2\/comments?post=445"}],"version-history":[{"count":1,"href":"https:\/\/vapaa-ajattelijat.fi\/ks\/wp-json\/wp\/v2\/pages\/445\/revisions"}],"predecessor-version":[{"id":446,"href":"https:\/\/vapaa-ajattelijat.fi\/ks\/wp-json\/wp\/v2\/pages\/445\/revisions\/446"}],"wp:attachment":[{"href":"https:\/\/vapaa-ajattelijat.fi\/ks\/wp-json\/wp\/v2\/media?parent=445"}],"curies":[{"name":"wp","href":"https:\/\/api.w.org\/{rel}","templated":true}]}}