{"id":384,"date":"2025-04-27T12:06:12","date_gmt":"2025-04-27T09:06:12","guid":{"rendered":"https:\/\/vapaa-ajattelijat.fi\/ks\/?page_id=384"},"modified":"2025-04-27T12:09:11","modified_gmt":"2025-04-27T09:09:11","slug":"risto-puumalainen-uskomatonta-elamaa-suomessa","status":"publish","type":"page","link":"https:\/\/vapaa-ajattelijat.fi\/ks\/risto-puumalainen-uskomatonta-elamaa-suomessa\/","title":{"rendered":"Risto Puumalainen \u2013 Uskomatonta el\u00e4m\u00e4\u00e4 Suomessa"},"content":{"rendered":"\n<figure class=\"wp-block-image alignleft size-large is-resized\"><img decoding=\"async\" src=\"https:\/\/vapaa-ajattelijat.fi\/ks\/wp-content\/uploads\/sites\/20\/2025\/03\/Uskomatonta-elamaa-Suomessa-Etukansi-661x1024.png\" alt=\"\" class=\"wp-image-244\" style=\"width:360px\" \/><\/figure>\n\n\n\n<p class=\"has-small-font-size\">Uskomatonta el\u00e4m\u00e4\u00e4 Suomessa kuvaa uskonnottoman suomalaisen tavanomaista elinkaarta syntym\u00e4st\u00e4 kuolemaan hyvin konkreettisesti ja maanl\u00e4heisesti. Kirja n\u00e4ytt\u00e4\u00e4, millaisia haasteita uskonnottomat ja heid\u00e4n l\u00e4heisens\u00e4 kohtaavat uskonnottomuuden t\u00e4hden ja millaisia valintavaihtoehtoja n\u00e4iss\u00e4 tilanteissa on.<\/p>\n\n\n\n<p class=\"has-small-font-size\">Suomi on kehittynyt viimeisen sadan vuoden eli uskonnonvapauslain aikaan uskonnottomien kannalta selv\u00e4sti vapaampaan suuntaan. Uskonnottomuus on my\u00f6s yh\u00e4 yleisemp\u00e4\u00e4. Silti valtion neutraalius eri katsomuksia kohtaan ei viel\u00e4 t\u00e4ysin toteudu, vaan uskonnottomat voivat joutua ep\u00e4oikeudenmukaisesti kohdelluksi. Esimerkiksi uskonnottomien hautajaisten j\u00e4rjest\u00e4minen voi edelleen olla vaikeampaa kuin uskonnollisten.<\/p>\n\n\n\n<p class=\"has-small-font-size\">T\u00e4m\u00e4 kirja toimii k\u00e4yt\u00e4nn\u00f6nl\u00e4heisen\u00e4 ja rohkaisevana oppaana my\u00f6s erilaisten tilaisuuksien j\u00e4rjest\u00e4miseen, esimerkiksi siihen, miten hautajaiset ja muistotilaisuus voidaan toteuttaa arvokkaasti uskonnottomana kuolleen l\u00e4heisen katsomusta kunnioittavalla tavalla.<\/p>\n\n\n\n<p class=\"has-small-font-size\">\u201dKirjaa kirjoittaessani huomasin, ett\u00e4 muutosta uskonnottomia huomioivaan suuntaan tapahtuu my\u00f6s p\u00e4iv\u00e4kodeissa, peruskoulussa ja Puolustusvoimissa, vaikka vanhat uskonnolliset tavat ovatkin sitke\u00e4sti joillakin k\u00e4yt\u00f6ss\u00e4. Ylempien viranomaisten ohjeiden noudattamisen pit\u00e4isi olla kuitenkin itsest\u00e4\u00e4n selv\u00e4\u00e4. Niin ei ole viel\u00e4k\u00e4\u00e4n tilanne kaikissa p\u00e4iv\u00e4kodeissa ja peruskouluissa. Iloinen yll\u00e4tys viranomaisten osalta oli poliisin eettinen vala. Se on t\u00e4ysin neutraali vakuutus viran hoitamiseksi. Toivon samankaltaista muutosta my\u00f6s Puolustusvoimiin.\u201d<\/p>\n\n\n\n<p><\/p>\n\n\n\n<p><\/p>\n\n\n\n<p><\/p>\n\n\n\n<p><\/p>\n\n\n\n<p><\/p>\n\n\n\n<p><\/p>\n\n\n\n<p class=\"has-background has-small-font-size\" style=\"background-color:#fafafa\">Risto Puumalainen<br>Luokanopettajana toiminut Risto Puumalainen huomasi, ett\u00e4 vaikka uskonnottomia on Suomessa selv\u00e4sti yli miljoona, t\u00e4llaista kirjaa ei ole ollut olemassa. On puuttunut kirja, jossa tavalliset uskonnottomat suomalaiset kertoisivat arkikielell\u00e4, mit\u00e4 ovat kokeneet ja ajatelleet erilaisissa el\u00e4m\u00e4ntilanteissa ja p\u00e4\u00e4t\u00f6ksiss\u00e4. Kirjassa kuuluukin Puumalaisen oman \u00e4\u00e4nen lis\u00e4ksi h\u00e4nen haastattelemiensa 39 muun suomalaisen \u00e4\u00e4ni.<br><br>Teksti \u00a9 Warelia-kustannus<br><br>RISTO PUUMALAINEN<br>USKOMATONTA EL\u00c4M\u00c4\u00c4 SUOMESSA<br>17.3<br>ISBN 978-952-387-085-7<\/p>\n\n\n\n<p><\/p>\n","protected":false},"excerpt":{"rendered":"<p>Uskomatonta el\u00e4m\u00e4\u00e4 Suomessa kuvaa uskonnottoman suomalaisen tavanomaista elinkaarta syntym\u00e4st\u00e4 kuolemaan hyvin konkreettisesti ja maanl\u00e4heisesti. Kirja n\u00e4ytt\u00e4\u00e4, millaisia haasteita uskonnottomat ja heid\u00e4n l\u00e4heisens\u00e4 kohtaavat uskonnottomuuden t\u00e4hden ja millaisia valintavaihtoehtoja n\u00e4iss\u00e4 tilanteissa [&hellip;]<\/p>\n","protected":false},"author":46,"featured_media":0,"parent":0,"menu_order":0,"comment_status":"closed","ping_status":"closed","template":"","meta":{"site-sidebar-layout":"default","site-content-layout":"","ast-site-content-layout":"default","site-content-style":"default","site-sidebar-style":"default","ast-global-header-display":"","ast-banner-title-visibility":"","ast-main-header-display":"","ast-hfb-above-header-display":"","ast-hfb-below-header-display":"","ast-hfb-mobile-header-display":"","site-post-title":"","ast-breadcrumbs-content":"","ast-featured-img":"","footer-sml-layout":"","ast-disable-related-posts":"","theme-transparent-header-meta":"","adv-header-id-meta":"","stick-header-meta":"","header-above-stick-meta":"","header-main-stick-meta":"","header-below-stick-meta":"","astra-migrate-meta-layouts":"default","ast-page-background-enabled":"default","ast-page-background-meta":{"desktop":{"background-color":"var(--ast-global-color-5)","background-image":"","background-repeat":"repeat","background-position":"center center","background-size":"auto","background-attachment":"scroll","background-type":"","background-media":"","overlay-type":"","overlay-color":"","overlay-opacity":"","overlay-gradient":""},"tablet":{"background-color":"","background-image":"","background-repeat":"repeat","background-position":"center center","background-size":"auto","background-attachment":"scroll","background-type":"","background-media":"","overlay-type":"","overlay-color":"","overlay-opacity":"","overlay-gradient":""},"mobile":{"background-color":"","background-image":"","background-repeat":"repeat","background-position":"center center","background-size":"auto","background-attachment":"scroll","background-type":"","background-media":"","overlay-type":"","overlay-color":"","overlay-opacity":"","overlay-gradient":""}},"ast-content-background-meta":{"desktop":{"background-color":"var(--ast-global-color-4)","background-image":"","background-repeat":"repeat","background-position":"center center","background-size":"auto","background-attachment":"scroll","background-type":"","background-media":"","overlay-type":"","overlay-color":"","overlay-opacity":"","overlay-gradient":""},"tablet":{"background-color":"var(--ast-global-color-4)","background-image":"","background-repeat":"repeat","background-position":"center center","background-size":"auto","background-attachment":"scroll","background-type":"","background-media":"","overlay-type":"","overlay-color":"","overlay-opacity":"","overlay-gradient":""},"mobile":{"background-color":"var(--ast-global-color-4)","background-image":"","background-repeat":"repeat","background-position":"center center","background-size":"auto","background-attachment":"scroll","background-type":"","background-media":"","overlay-type":"","overlay-color":"","overlay-opacity":"","overlay-gradient":""}},"footnotes":""},"class_list":["post-384","page","type-page","status-publish","hentry"],"jetpack_sharing_enabled":true,"_links":{"self":[{"href":"https:\/\/vapaa-ajattelijat.fi\/ks\/wp-json\/wp\/v2\/pages\/384","targetHints":{"allow":["GET"]}}],"collection":[{"href":"https:\/\/vapaa-ajattelijat.fi\/ks\/wp-json\/wp\/v2\/pages"}],"about":[{"href":"https:\/\/vapaa-ajattelijat.fi\/ks\/wp-json\/wp\/v2\/types\/page"}],"author":[{"embeddable":true,"href":"https:\/\/vapaa-ajattelijat.fi\/ks\/wp-json\/wp\/v2\/users\/46"}],"replies":[{"embeddable":true,"href":"https:\/\/vapaa-ajattelijat.fi\/ks\/wp-json\/wp\/v2\/comments?post=384"}],"version-history":[{"count":3,"href":"https:\/\/vapaa-ajattelijat.fi\/ks\/wp-json\/wp\/v2\/pages\/384\/revisions"}],"predecessor-version":[{"id":388,"href":"https:\/\/vapaa-ajattelijat.fi\/ks\/wp-json\/wp\/v2\/pages\/384\/revisions\/388"}],"wp:attachment":[{"href":"https:\/\/vapaa-ajattelijat.fi\/ks\/wp-json\/wp\/v2\/media?parent=384"}],"curies":[{"name":"wp","href":"https:\/\/api.w.org\/{rel}","templated":true}]}}