{"id":20,"date":"2021-11-23T10:01:07","date_gmt":"2021-11-23T10:01:07","guid":{"rendered":"https:\/\/vapaa-ajattelijat.fi\/testipalloks\/?page_id=20"},"modified":"2026-02-06T04:07:33","modified_gmt":"2026-02-06T02:07:33","slug":"hinnasto","status":"publish","type":"page","link":"https:\/\/vapaa-ajattelijat.fi\/ks\/hinnasto\/","title":{"rendered":"Hinnasto"},"content":{"rendered":"\n<figure class=\"wp-block-image size-large has-custom-border is-style-rounded\"><img loading=\"lazy\" decoding=\"async\" width=\"1024\" height=\"244\" src=\"http:\/\/vapaa-ajattelijat.fi\/ks-testaus\/wp-content\/uploads\/sites\/21\/2025\/03\/8-1024x244.jpg\" alt=\"\" class=\"wp-image-300\" style=\"border-radius:13px\" srcset=\"https:\/\/vapaa-ajattelijat.fi\/ks\/wp-content\/uploads\/sites\/21\/2025\/03\/8-1024x244.jpg 1024w, https:\/\/vapaa-ajattelijat.fi\/ks\/wp-content\/uploads\/sites\/21\/2025\/03\/8-300x71.jpg 300w, https:\/\/vapaa-ajattelijat.fi\/ks\/wp-content\/uploads\/sites\/21\/2025\/03\/8-768x183.jpg 768w, https:\/\/vapaa-ajattelijat.fi\/ks\/wp-content\/uploads\/sites\/21\/2025\/03\/8.jpg 1280w\" sizes=\"auto, (max-width: 1024px) 100vw, 1024px\" \/><\/figure>\n\n\n\n<h2 class=\"wp-block-heading\">Keski-Suomen vapaa-ajattelijat ry:n hautausmaa<\/h2>\n\n\n\n<p><b>Halutessasi itsellesi tai omaisellesi uskonnottoman muistopaikan voit varata uurnahautapaikan tai tuhkan sirottelun Keski-Suomen vapaa-ajattelijoiden yll\u00e4pit\u00e4m\u00e4lt\u00e4 hautausmaalta, Leporinteelt\u00e4. Otamme uskonnottoman vainajan tahdon huomioon l\u00e4mpim\u00e4sti, arvokkaasti ja vainajaa kunnioittaen.<\/b><\/p>\n\n\n\n<p>Keski-Suomen vapaa-ajattelijoilla on oma hautausmaa Jyv\u00e4skyl\u00e4n Sepp\u00e4l\u00e4nkankaalla Kuormaajantien varrella. Hautaus Leporinteelle on mahdollinen ensisijaisesti uskontokuntiin kuulumattomille vainajille eik\u00e4 edellyt\u00e4 yhdistyksen j\u00e4senyytt\u00e4. Omaiset voivat halutessaan liitty\u00e4 yhdistykseen ja siten osallistua aktiivisesti my\u00f6s hautausmaan hoitoon<\/p>\n\n\n\n<p>Hautaaminen tapahtuu vainajaa kunnioittaen ilman uskonnollisia tapoja. Hautaukseen on k\u00e4ytett\u00e4viss\u00e4 sek\u00e4 uurnapaikkoja ett\u00e4 sirottelualueet. Yksitt\u00e4isen uurnapaikan koko on 50 cm x 50 cm. Yhdist\u00e4m\u00e4ll\u00e4 useampia uurnapaikkoja voidaan muodostaa my\u00f6s perhehauta. Uurnapaikoille voi laittaa tilaan sopivan muistomerkin.<\/p>\n\n\n\n<p>Sirottelualueilla tuhka voidaan joko sirottaa maan pinnalle tai peitt\u00e4\u00e4 kevyesti maahan. Sirottelualueilla hautapaikkaa ei merkit\u00e4. Muistoksi vainajasta, jonka tuhka on siroteltu alueelle, voidaan kiinnitt\u00e4\u00e4 muistolaatta hautausmaan kivilohkareisiin eli muistokiviin. Muistokilven voi kiinnitt\u00e4\u00e4 my\u00f6s muualle haudatun vainajan muistoksi.<\/p>\n\n\n\n<p>Kiviss\u00e4 ja kilviss\u00e4 ei k\u00e4ytet\u00e4 uskonnollisia tunnuksia kuten ristej\u00e4 tai vastaavia. Noudatamme toiminnassamme&nbsp;<a href=\"https:\/\/vapaa-ajattelijat.fi\/ks\/hautausmaan-saannosto\/\">Leporinne-hautausmaan s\u00e4\u00e4nt\u00f6j\u00e4<\/a>&nbsp;ja hautaustoimilakia.<\/p>\n\n\n\n<h2 class=\"wp-block-heading\">Hinnasto<\/h2>\n\n\n\n<p>P\u00e4ivitetty 12.11.2024<\/p>\n\n\n\n<figure class=\"wp-block-table\"><table class=\"has-fixed-layout\"><tbody><tr><td><b>Paikka- ja sirottelulupamaksut<\/b><\/td><td><b>j\u00e4sen<\/b><\/td><td><b>ei j\u00e4sen<\/b><\/td><\/tr><tr><td><b>Uurnahautapaikka, hallinta-aika 25 v<\/b><\/td><td>55,00 \u20ac<\/td><td>90,00 \u20ac<\/td><\/tr><tr><td><b>Sirottelu (sis\u00e4lt\u00e4\u00e4 muistokilpipaikan)<\/b><\/td><td>15,00 \u20ac<\/td><td>35,00 \u20ac<\/td><\/tr><tr><td><b>Muistomerkkipaikka<\/b><\/td><td>55,00 \u20ac<\/td><td>90,00 \u20ac<\/td><\/tr><tr><td><b>Muistokilpipaikka<\/b><\/td><td>15,00 \u20ac<\/td><td>35,00 \u20ac<\/td><\/tr><tr><td>&nbsp;<\/td><\/tr><tr><td><b>Maksut hautaamiseen liittyvist\u00e4 toimenpiteist\u00e4<\/b><\/td><td><b>j\u00e4sen<\/b><\/td><td><b>ei j\u00e4sen<\/b><\/td><\/tr><tr><td><b>Uurnahauta, kaivaminen ja pinnan siistiminen<\/b><\/td><td>60,00 \u20ac<\/td><td>90,00 \u20ac<\/td><\/tr><tr><td><b>Sirottelualue (opastus ja kattaminen)<\/b><\/td><td>10,00 \u20ac<\/td><td>20,00 \u20ac<\/td><\/tr><tr><td><b>Asioinnit omaisten ja hautaustoimistojen kanssa,<\/b><\/td><\/tr><tr><td><b>kulukorvaus hautaustoimen hoitajalle<\/b><\/td><td>40,00 \u20ac<\/td><td>60,00 \u20ac<\/td><\/tr><tr><td>&nbsp;<\/td><\/tr><tr><td><b>Paikkavaraukset<\/b><\/td><td><b>j\u00e4sen<\/b><\/td><td><b>ei j\u00e4sen<\/b><\/td><\/tr><tr><td><b>Uurnahautapaikkavaraus(*)<\/b><\/td><td>15,00 \u20ac<\/td><td>35,00 \u20ac<\/td><\/tr><tr><td><b>Perhehautapaikkavaraus(*)<\/b><\/td><td>60,00 \u20ac<\/td><td>90,00 \u20ac<\/td><\/tr><tr><td>&nbsp;<\/td><\/tr><\/tbody><\/table><\/figure>\n\n\n\n<p><b>(*) Varausmaksu hyvitet\u00e4\u00e4n hautapaikkamaksussa<\/b><\/p>\n\n\n\n<p>Tarjoamme apuamme muissa hautaamiseen liittyviss\u00e4 j\u00e4rjestelyiss\u00e4 sopimuksen mukaan.<\/p>\n\n\n\n<h3 class=\"wp-block-heading\">Yhteydenotot:<\/h3>\n\n\n\n<p>Risto Puumalainen, hautausmaavastaava<br>s\u00e4hk\u00f6posti&nbsp;<span style=\"color: #0000ff\"><u><a href=\"mailto:keski-suomi.hautausmaa@vapaa-ajattelijat.fi\">keski-suomi.hautausmaa@vapaa-ajattelijat.fi<\/a><\/u><\/span><br>p. 045 3246026<\/p>\n","protected":false},"excerpt":{"rendered":"<p>Keski-Suomen vapaa-ajattelijat ry:n hautausmaa Halutessasi itsellesi tai omaisellesi uskonnottoman muistopaikan voit varata uurnahautapaikan tai tuhkan sirottelun Keski-Suomen vapaa-ajattelijoiden yll\u00e4pit\u00e4m\u00e4lt\u00e4 hautausmaalta, Leporinteelt\u00e4. Otamme uskonnottoman vainajan tahdon huomioon l\u00e4mpim\u00e4sti, arvokkaasti ja vainajaa [&hellip;]<\/p>\n","protected":false},"author":46,"featured_media":0,"parent":0,"menu_order":0,"comment_status":"closed","ping_status":"closed","template":"","meta":{"site-sidebar-layout":"default","site-content-layout":"","ast-site-content-layout":"normal-width-container","site-content-style":"default","site-sidebar-style":"default","ast-global-header-display":"","ast-banner-title-visibility":"","ast-main-header-display":"","ast-hfb-above-header-display":"","ast-hfb-below-header-display":"","ast-hfb-mobile-header-display":"","site-post-title":"disabled","ast-breadcrumbs-content":"","ast-featured-img":"","footer-sml-layout":"","ast-disable-related-posts":"","theme-transparent-header-meta":"","adv-header-id-meta":"","stick-header-meta":"","header-above-stick-meta":"","header-main-stick-meta":"","header-below-stick-meta":"","astra-migrate-meta-layouts":"default","ast-page-background-enabled":"default","ast-page-background-meta":{"desktop":{"background-color":"var(--ast-global-color-5)","background-image":"","background-repeat":"repeat","background-position":"center center","background-size":"auto","background-attachment":"scroll","background-type":"","background-media":"","overlay-type":"","overlay-color":"","overlay-opacity":"","overlay-gradient":""},"tablet":{"background-color":"","background-image":"","background-repeat":"repeat","background-position":"center center","background-size":"auto","background-attachment":"scroll","background-type":"","background-media":"","overlay-type":"","overlay-color":"","overlay-opacity":"","overlay-gradient":""},"mobile":{"background-color":"","background-image":"","background-repeat":"repeat","background-position":"center center","background-size":"auto","background-attachment":"scroll","background-type":"","background-media":"","overlay-type":"","overlay-color":"","overlay-opacity":"","overlay-gradient":""}},"ast-content-background-meta":{"desktop":{"background-color":"var(--ast-global-color-4)","background-image":"","background-repeat":"repeat","background-position":"center center","background-size":"auto","background-attachment":"scroll","background-type":"","background-media":"","overlay-type":"","overlay-color":"","overlay-opacity":"","overlay-gradient":""},"tablet":{"background-color":"var(--ast-global-color-4)","background-image":"","background-repeat":"repeat","background-position":"center center","background-size":"auto","background-attachment":"scroll","background-type":"","background-media":"","overlay-type":"","overlay-color":"","overlay-opacity":"","overlay-gradient":""},"mobile":{"background-color":"var(--ast-global-color-4)","background-image":"","background-repeat":"repeat","background-position":"center center","background-size":"auto","background-attachment":"scroll","background-type":"","background-media":"","overlay-type":"","overlay-color":"","overlay-opacity":"","overlay-gradient":""}},"footnotes":""},"class_list":["post-20","page","type-page","status-publish","hentry"],"jetpack_sharing_enabled":true,"_links":{"self":[{"href":"https:\/\/vapaa-ajattelijat.fi\/ks\/wp-json\/wp\/v2\/pages\/20","targetHints":{"allow":["GET"]}}],"collection":[{"href":"https:\/\/vapaa-ajattelijat.fi\/ks\/wp-json\/wp\/v2\/pages"}],"about":[{"href":"https:\/\/vapaa-ajattelijat.fi\/ks\/wp-json\/wp\/v2\/types\/page"}],"author":[{"embeddable":true,"href":"https:\/\/vapaa-ajattelijat.fi\/ks\/wp-json\/wp\/v2\/users\/46"}],"replies":[{"embeddable":true,"href":"https:\/\/vapaa-ajattelijat.fi\/ks\/wp-json\/wp\/v2\/comments?post=20"}],"version-history":[{"count":15,"href":"https:\/\/vapaa-ajattelijat.fi\/ks\/wp-json\/wp\/v2\/pages\/20\/revisions"}],"predecessor-version":[{"id":448,"href":"https:\/\/vapaa-ajattelijat.fi\/ks\/wp-json\/wp\/v2\/pages\/20\/revisions\/448"}],"wp:attachment":[{"href":"https:\/\/vapaa-ajattelijat.fi\/ks\/wp-json\/wp\/v2\/media?parent=20"}],"curies":[{"name":"wp","href":"https:\/\/api.w.org\/{rel}","templated":true}]}}