{"id":18,"date":"2021-11-23T10:00:44","date_gmt":"2021-11-23T10:00:44","guid":{"rendered":"https:\/\/vapaa-ajattelijat.fi\/testipalloks\/?page_id=18"},"modified":"2025-03-25T13:00:20","modified_gmt":"2025-03-25T11:00:20","slug":"hautausmaan-saannosto","status":"publish","type":"page","link":"https:\/\/vapaa-ajattelijat.fi\/ks\/hautausmaan-saannosto\/","title":{"rendered":"Hautausmaan s\u00e4\u00e4nn\u00f6st\u00f6"},"content":{"rendered":"\n<figure class=\"wp-block-image size-large has-custom-border is-style-rounded\"><img loading=\"lazy\" decoding=\"async\" width=\"1024\" height=\"244\" src=\"http:\/\/vapaa-ajattelijat.fi\/ks-testaus\/wp-content\/uploads\/sites\/21\/2025\/03\/7-1024x244.jpg\" alt=\"\" class=\"wp-image-299\" style=\"border-radius:13px\" srcset=\"https:\/\/vapaa-ajattelijat.fi\/ks\/wp-content\/uploads\/sites\/21\/2025\/03\/7-1024x244.jpg 1024w, https:\/\/vapaa-ajattelijat.fi\/ks\/wp-content\/uploads\/sites\/21\/2025\/03\/7-300x71.jpg 300w, https:\/\/vapaa-ajattelijat.fi\/ks\/wp-content\/uploads\/sites\/21\/2025\/03\/7-768x183.jpg 768w, https:\/\/vapaa-ajattelijat.fi\/ks\/wp-content\/uploads\/sites\/21\/2025\/03\/7.jpg 1280w\" sizes=\"auto, (max-width: 1024px) 100vw, 1024px\" \/><\/figure>\n\n\n<h2>Keski-Suomen vapaa-ajattelijat ry:n hautausmaan s\u00e4\u00e4nn\u00f6st\u00f6<\/h2>\n<p><b>Hautausmaan s\u00e4\u00e4nn\u00f6st\u00f6 on laadittu hautaustoimilain 6.6.457\/2003 (jatkossa HTL 457\/2003) mukaisesti, joka astui voimaan 1.1.2004.<\/b><\/p>\n<p><b>Hyv\u00e4ksytty Keski-Suomen vapaa-ajattelijat ry:n hallituksen kokouksessa 29.9.2021.<\/b><\/p>\n<p><u><b>1 Hautausmaan tarkoitus ja yleiset ehdot<\/b><\/u><\/p>\n<p><b>1.1 Yhdistyksen hautausmaa on tarkoitettu ensisijaisesti uskontokuntiin kuulumattomille vainajille.<\/b>\u00a0Hautausmaalle voidaan haudata my\u00f6s kaikkiin uskontokuntiin kuuluvia vainajia edellytt\u00e4en, ett\u00e4 hautaustapa ja hautaaminen uskonnottomalle hautausmaalle vastaa vainajan kirjallisesti ilmaisemaa tahtoa.<\/p>\n<p><b>1.2 Hautausmaalla ei suoriteta uskonnollisia toimituksia. Hautapaikkaa ei saa siunata tai pyhitt\u00e4\u00e4.<\/b><\/p>\n<p><b>1.3 Yhdistys huolehtii hautausmaan yleisest\u00e4 hoidosta,<\/b>\u00a0lehtien yms. haravoinnista ja k\u00e4yt\u00e4vien yll\u00e4pidosta sek\u00e4 hautausmaan yleisest\u00e4 kunnossapidosta (HTL 457\/2003 13\u00a7). Yhdistys ei huolehdi hautausmaan talvikunnossapidosta.<\/p>\n<p><u><b>2 Hautapaikat ja hautasopimukset<\/b><\/u><\/p>\n<p><b>2.1 Hautapaikat m\u00e4\u00e4ritell\u00e4\u00e4n seuraavasti:<\/b>\u00a0(mitat ovat ohjeellisia)<\/p>\n<ul>\n<li><b>Uurnahautapaikka:<\/b>\u00a0(mitat 50 cm x 50 cm).<\/li>\n<li><b>Perhehautapaikka:<\/b>\u00a0nelj\u00e4 toisiinsa yhteydess\u00e4 olevaa uurnahautapaikkaa (mitat 50 cm x 50 cm).<\/li>\n<li><b>Muistomerkkipaikka:<\/b>\u00a0muualle haudatulle tai kuolleeksi julistetulle (mitat 50 cm x 50 cm).<\/li>\n<li><b>Sirottelulehto:<\/b>\u00a0vainajan tuhka sirotellaan tai k\u00e4tket\u00e4\u00e4n varatulle alueelle.<\/li>\n<\/ul>\n<p><b>2.2 Kaikista hautapaikoista, muistomerkkipaikoista ja sirotteluhautauksista tehd\u00e4\u00e4n kirjallinen sopimus<\/b>\u00a0eli hautasopimus, josta ilmenee vainajan nimi, syntym\u00e4- ja kuolinaika, hautapaikan sijainti hautausmaallamme sek\u00e4 hautapaikan haltijan nimi ja yhteystiedot (HTL 457\/2003 12\u00a7). Sirotteluhautauksen tapauksessa ei ole hautapaikan haltijaa, vain vainajan tiedot tallennetaan.<\/p>\n<p><b>2.3 Uurnahautapaikasta tai perhehautapaikasta tehd\u00e4\u00e4n kirjallinen sopimus 25 vuodeksi. Hautapaikalle saa haudata vain uurnia, joiden pit\u00e4\u00e4 olla maatuvia, tai vainajan tuhkan ilman uurnaa.<\/b>\u00a0Sopimusaika alkaa hautapaikalle tehdyst\u00e4 hautauksesta.<\/p>\n<p><b>2.4 Uurnahautapaikka on tarkoitettu vain yhden vainajan uurnan tai tuhkan hautaamiseen sopimusaikana.<\/b>\u00a0Kun sopimuksen voimassaolo on p\u00e4\u00e4ttynyt, hautapaikan haltija voi varata hautapaikan uudelleen uutta hautausta varten perhehautapaikkaa koskevien s\u00e4\u00e4nt\u00f6jen (2.5 ja 6.4) mukaisesti.<\/p>\n<p><b>2.5 Perhehautapaikkaan voidaan haudata uuden vainajan uurna tai tuhka edellytt\u00e4en, ett\u00e4 aiemmin haudatut uurnat eiv\u00e4t est\u00e4 uuden uurnan hautausta. Jokaisesta hautauksesta perhehautapaikkaan tehd\u00e4\u00e4n uusi hautasopimus.<\/b>\u00a0Hautapaikan hallintaoikeus on voimassa kyseisest\u00e4 paikasta viimeksi tehdyn sopimuksen mukaisesti.<\/p>\n<p><b>2.6 Uurnahautapaikan tai perhehautapaikan voi varata etuk\u00e4teen. Hautapaikkavarauksesta tehd\u00e4\u00e4n kirjallinen sopimus,<\/b>\u00a0josta pit\u00e4\u00e4 ilmet\u00e4 varaajan tiedot ja mik\u00e4 hautapaikka on varattu. Uurnahautapaikan varaussopimus on voimassa 15 vuotta, perhehautapaikan varaussopimus 25 vuotta. Sopimusaika alkaa maksusuorituksesta.<\/p>\n<p><b>2.7 Muistomerkkipaikasta tehd\u00e4\u00e4n kirjallinen sopimus 25 vuodeksi.<\/b>\u00a0Sopimuksesta pit\u00e4\u00e4 ilmet\u00e4 vainajan tiedot ja mihin on haudattu tai milloin on kuolleeksi julistettu sek\u00e4 muistomerkin haltijan tiedot. My\u00f6s muistomerkiss\u00e4 tulee ilmet\u00e4, ett\u00e4 hautaus on tehty muualle tai milloin on kuolleeksi julistettu. Sopimusaika alkaa maksusuorituksesta.<\/p>\n<p><b>2.8 Sirotteluhautauksesta tehd\u00e4\u00e4n kirjallinen sopimus.<\/b>\u00a0Sopimus antaa vainajaa edustavalle osapuolelle oikeuden sirotella tai k\u00e4tke\u00e4 vainajan tuhkan ilman uurnaa hautausmaan tarkoitukseen osoitetulle alueelle vuoden kuluessa sopimuksen solmimisesta. Tuhkan sijaintia ei saa merkit\u00e4 mill\u00e4\u00e4n tavoin.<\/p>\n<p><u><b>3 Hautarekisteri<\/b><\/u><\/p>\n<p><b>3.1 Hautasopimusten tiedot tallennetaan hautaustoimilain<\/b>\u00a0(HTL 457\/2003 12\u00a7)\u00a0<b>mukaiseen hautarekisteriin.<\/b>\u00a0Hautarekisteriin tallennetaan my\u00f6s tieto sopimuksen voimassaoloajasta, ei muita tietoja, paitsi varaussopimuksesta tallennetaan suoritettu maksu hautauksen toteutuessa my\u00f6nnett\u00e4v\u00e4\u00e4 hyvityst\u00e4 varten.<\/p>\n<p><b>3.2 Sopimusten tai hautarekisterin tietoja ei luovuteta ulkopuolisille.<\/b><\/p>\n<p><u><b>4 Hautasopimuksen uusiminen ja p\u00e4\u00e4ttyminen<\/b><\/u><\/p>\n<p><b>4.1 Hautasopimuksen voimassaolon p\u00e4\u00e4tytty\u00e4 sopimus voidaan uusia 15 vuodeksi kerrallaan<\/b>\u00a0viimeist\u00e4\u00e4n 24 kuukauden kuluessa sopimuksen p\u00e4\u00e4ttymisest\u00e4. Uusi sopimusaika alkaa edellisen sopimuksen p\u00e4\u00e4ttymisest\u00e4.<\/p>\n<p><b>4.2 Mik\u00e4li sopimusta ei ole uusittu m\u00e4\u00e4r\u00e4aikaan menness\u00e4, hautapaikka siirtyy yhdistykselle.<\/b>\u00a0Hautasopimuksen uusinnan tarkoitus on selvitt\u00e4\u00e4, hallitseeko ja hoitaako kukaan hautapaikkaa.<\/p>\n<p><b>4.3 Hautapaikan voi luovuttaa yhdistykselle<\/b>\u00a0ennen hautasopimuksen voimassaolon p\u00e4\u00e4ttymist\u00e4 kirjallisella ilmoituksella.<\/p>\n<p><u><b>5 Veloitukset<\/b><\/u><\/p>\n<p><b>Hautapaikasta, hautasopimuksen uusinnasta, sirotteluhautauksesta, hautapaikan varauksesta, muistomerkkipaikasta ja muista hautaustoimeen liittyvist\u00e4 kustannuksista veloitetaan voimassa olevan hinnaston mukaisesti.<\/b><\/p>\n<p><u><b>6 Hautapaikan haltijan oikeudet ja velvollisuudet<\/b><\/u><\/p>\n<p><b>6.1 Hautapaikan (my\u00f6s muistomerkkipaikan) haltijana<\/b>\u00a0voi olla perikunta, luonnollinen henkil\u00f6, rekister\u00f6ity yhdistys, rahasto, s\u00e4\u00e4ti\u00f6, kunta tai muu julkinen yhteis\u00f6.<\/p>\n<p><b>6.2 Hautapaikan haltijalla on oikeus sijoittaa hautapaikalle muistomerkki kohdan 7 mukaisesti.<\/b><\/p>\n<p><b>6.3 Hautasopimuksessa nimet\u00e4\u00e4n hautapaikan haltija.<\/b>\u00a0Ellei hautasopimuksessa ole muuta mainittu, hautapaikan hallinta ja velvollisuudet siirtyv\u00e4t perint\u00f6kaaren mukaan.<\/p>\n<p><b>6.4 Perhehautapaikkaan saa haudata vain ensin haudatun l\u00e4hiomaisia,<\/b>\u00a0ellei hautasopimuksessa ole muuta mainittu tai hautapaikan haltijan kanssa kirjallisesti erikseen sovittu ennen hautausta. Kuitenkin on otettava huomioon hautapaikkaan ensin haudatun kirjallisesti ilmaisema tahto.<\/p>\n<p><b>6.5 Hautapaikan haltija voi tehd\u00e4 hoitosopimuksen haudan hoidosta yhdistyksen kanssa<\/b>\u00a0m\u00e4\u00e4r\u00e4ajaksi, jolloin yhdistys hoitaa hautapaikan sopimuksen mukaisesti. Sopimuksesta veloitetaan voimassa olevan hinnaston mukaisesti.<\/p>\n<p><b>6.6 Hautapaikan haltijan on huolehdittava hautapaikan siisteydest\u00e4 ja muistomerkin kunnosta.<\/b>\u00a0Mik\u00e4li hautapaikka on hoitamatta tai muistomerkki rappeutuu tai on siirtynyt paikoiltaan, haltijan on kunnostettava hautapaikka tai muistomerkki 12 kuukauden kuluessa yhdistyksen toimittamasta huomautuksesta tai annettava teht\u00e4v\u00e4 kirjallisella sopimuksella yhdistyksen hoidettavaksi. Yhdistys veloittaa hautapaikan haltijaa hautapaikan tai muistomerkin kunnostamisesta.<\/p>\n<p><b>6.7 Mik\u00e4li huomautuksesta huolimatta hautapaikkaa tai muistomerkki\u00e4 ei ole kunnostettu<\/b>\u00a012 kuukauden kuluessa huomautuksesta, hautapaikka siirtyy yhdistykselle, joka voi ottaa hautapaikan uudelleen k\u00e4ytt\u00f6\u00f6n 5 vuoden kuluttua viimeisest\u00e4 hautauksesta ja poistaa muistomerkin, joka siirtyy yhdistyksen omaisuudeksi vastikkeetta (HTL 457\/2003 14\u00a7).<\/p>\n<p><b>6.8 Muistokynttil\u00f6it\u00e4 saa polttaa vain niille varatuilla kivialustoilla.<\/b>\u00a0Ne l\u00f6ytyv\u00e4t muistolaattakiven edest\u00e4 ja hautausmaan per\u00e4ll\u00e4 olevan sirottelualueen edest\u00e4. Perusteluna on kuivan kangasmets\u00e4n mets\u00e4palovaara.<\/p>\n<p><u><b>7 Muistomerkki<\/b><\/u><\/p>\n<p><b>7.1 Uurnahauta-, perhehauta- tai muistomerkkipaikalle hautapaikan haltija saa sijoittaa kest\u00e4v\u00e4st\u00e4 materiaalista tehdyn muistomerkin (kesto v\u00e4hint\u00e4\u00e4n 25 vuotta).<\/b>\u00a0Muistomerkki ei saa loukata vainajan muistoa eik\u00e4 hautausmaan arvokkuutta (HTL 457\/2003 14\u00a7).\u00a0<b>Muistomerkiss\u00e4 ei saa olla uskonnollisia tunnuksia.<\/b>\u00a0Muut tunnukset kuin vapaa-ajattelijoiden liekkimalja pit\u00e4\u00e4 hyv\u00e4ksytt\u00e4\u00e4 ennen asentamista yhdistyksen hallituksella.<\/p>\n<p><b>7.2 Hautausmaalle on varattu paikat siroteltujen vainajien muistolaatoille.<\/b><\/p>\n<p><b>7.3 Muistomerkkien ohjeelliset maksimikoot<\/b><\/p>\n<ul>\n<li><b>Uurnahautapaikalla tai muistomerkkipaikalla leveys 40 cm, korkeus 40cm.<\/b><\/li>\n<li><b>Perhehaudalla leveys 80 cm, korkeus 40 cm.<\/b><\/li>\n<li><b>Sirottelulehdossa muistolaatan leveys 12 cm, korkeus 7 cm<\/b>.<\/li>\n<\/ul>\n<p><b>7.4 Mik\u00e4li muistomerkki poikkeaa ohjeellisista mitoista tai muusta ymp\u00e4rist\u00f6st\u00e4, muistomerkille on pyydett\u00e4v\u00e4 yhdistyksen hyv\u00e4ksynt\u00e4<\/b>\u00a0ennen sen paikoilleen asettamista (HTL 457\/2003 14\u00a7).<\/p>\n<p><b>7.5 Mik\u00e4li hautapaikalle halutaan sijoittaa muistomerkki, joka ei kest\u00e4 25 vuotta,<\/b>\u00a0muistomerkist\u00e4 tehd\u00e4\u00e4n erillinen sopimus, jonka p\u00e4\u00e4ttymisen j\u00e4lkeen yhdistyksell\u00e4 tai haltijalla on oikeus poistaa kyseinen muistomerkki ilman erillist\u00e4 ilmoitusta.<\/p>\n<p><b>7.6 Muistomerkit luovat hautausmaan luonnollisen ilmeen,<\/b>\u00a0joten hautapaikan haltija ei saa ilman yhdistyksen lupaa poistaa muistomerkki\u00e4 haudalta vaikka hautapaikkasopimuksen voimassaoloaika olisi p\u00e4\u00e4ttynyt (HTL 457\/2003 14\u00a7).<\/p>\n<p><b>7.7 Tarvittaessa hautapaikan voimassaoloajan p\u00e4\u00e4tytty\u00e4 yhdistys voi vaatia<\/b>\u00a0hautapaikan entist\u00e4 haltijaa poistamaan muistomerkki haudalta. Mik\u00e4li vaatimusta ei ole toteutettu 6 kuukauden kuluessa ilmoituksesta, yhdistyksell\u00e4 on oikeus poistaa muistomerkki ja sen omistusoikeus siirtyy yhdistykselle vastikkeetta (HTL 457\/2003 14\u00a7).<\/p>\n<p><b>7.8 Muistomerkki on sijoitettava hautapaikalle siten, ett\u00e4 se ei haittaa yleist\u00e4 hautausmaan hoitoa.<\/b>\u00a0Hautapaikalle ei saa sijoittaa reunakivi\u00e4.<\/p>\n<p><u><b>8 Hautausmaan j\u00e4tehuolto<\/b><\/u><\/p>\n<p><b>8.1 Hautausmaalla syntyv\u00e4t j\u00e4tteet lajitellaan niille varatuille paikoille.<\/b><\/p>\n<p><b>8.2 Hautausmaan j\u00e4tteiden k\u00e4sittelyyn ei saa tuoda muualla syntyneit\u00e4 j\u00e4tteit\u00e4.<\/b><\/p>\n<p><u><b>9 Yhdistyksen vastuu hautausmaa-alueesta ja hautapaikoista<\/b><\/u><\/p>\n<p><b>9.1 Yhdistys vastaa hautausmaan yleisest\u00e4 j\u00e4rjestyksest\u00e4 ja kunnosta<\/b>\u00a0(HTL 457\/2003 13\u00a7).<\/p>\n<p><b>9.2 Yhdistys ei vastaa sodan, ilkivallan, luonnonvoimien tai muun yhdistyksest\u00e4 riippumattoman syyn aiheuttamasta vahingosta.<\/b><\/p>\n<p><b>9.3 Yhdistyksell\u00e4 on oikeus tehd\u00e4 hautapaikalle hoidon kannalta tarpeellisia muutoksia.<\/b><\/p>\n<p><u><b>10 Lakien ja asetusten noudattaminen<\/b><\/u><\/p>\n<p><b>Yhdistyksen hautausmaata ja hautaustointa koskevissa asioissa, joista ei ole m\u00e4\u00e4r\u00e4yksi\u00e4 t\u00e4ss\u00e4 s\u00e4\u00e4nn\u00f6st\u00f6ss\u00e4, noudatetaan Suomen lakia ja asetuksia. Mik\u00e4li Suomen laki tai asetus m\u00e4\u00e4r\u00e4\u00e4 toisin kuin hautausmaan s\u00e4\u00e4nn\u00f6st\u00f6ss\u00e4 mainitaan, noudatetaan Suomen lakia ja asetuksia.<\/b><\/p>\n<p><b>Keski-Suomen vapaa-ajattelijat ry, Jyv\u00e4skyl\u00e4<br \/>Yhdistysrekisterinumero 88168, Y-tunnus 1619551-9<\/b><\/p>\n\n\n<p><\/p>\n","protected":false},"excerpt":{"rendered":"<p>Keski-Suomen vapaa-ajattelijat ry:n hautausmaan s\u00e4\u00e4nn\u00f6st\u00f6 Hautausmaan s\u00e4\u00e4nn\u00f6st\u00f6 on laadittu hautaustoimilain 6.6.457\/2003 (jatkossa HTL 457\/2003) mukaisesti, joka astui voimaan 1.1.2004. Hyv\u00e4ksytty Keski-Suomen vapaa-ajattelijat ry:n hallituksen kokouksessa 29.9.2021. 1 Hautausmaan tarkoitus ja [&hellip;]<\/p>\n","protected":false},"author":46,"featured_media":0,"parent":0,"menu_order":0,"comment_status":"closed","ping_status":"closed","template":"","meta":{"site-sidebar-layout":"default","site-content-layout":"","ast-site-content-layout":"","site-content-style":"default","site-sidebar-style":"default","ast-global-header-display":"","ast-banner-title-visibility":"","ast-main-header-display":"","ast-hfb-above-header-display":"","ast-hfb-below-header-display":"","ast-hfb-mobile-header-display":"","site-post-title":"disabled","ast-breadcrumbs-content":"","ast-featured-img":"","footer-sml-layout":"","ast-disable-related-posts":"","theme-transparent-header-meta":"","adv-header-id-meta":"","stick-header-meta":"","header-above-stick-meta":"","header-main-stick-meta":"","header-below-stick-meta":"","astra-migrate-meta-layouts":"default","ast-page-background-enabled":"default","ast-page-background-meta":{"desktop":{"background-color":"var(--ast-global-color-5)","background-image":"","background-repeat":"repeat","background-position":"center center","background-size":"auto","background-attachment":"scroll","background-type":"","background-media":"","overlay-type":"","overlay-color":"","overlay-opacity":"","overlay-gradient":""},"tablet":{"background-color":"","background-image":"","background-repeat":"repeat","background-position":"center center","background-size":"auto","background-attachment":"scroll","background-type":"","background-media":"","overlay-type":"","overlay-color":"","overlay-opacity":"","overlay-gradient":""},"mobile":{"background-color":"","background-image":"","background-repeat":"repeat","background-position":"center center","background-size":"auto","background-attachment":"scroll","background-type":"","background-media":"","overlay-type":"","overlay-color":"","overlay-opacity":"","overlay-gradient":""}},"ast-content-background-meta":{"desktop":{"background-color":"var(--ast-global-color-4)","background-image":"","background-repeat":"repeat","background-position":"center center","background-size":"auto","background-attachment":"scroll","background-type":"","background-media":"","overlay-type":"","overlay-color":"","overlay-opacity":"","overlay-gradient":""},"tablet":{"background-color":"var(--ast-global-color-4)","background-image":"","background-repeat":"repeat","background-position":"center center","background-size":"auto","background-attachment":"scroll","background-type":"","background-media":"","overlay-type":"","overlay-color":"","overlay-opacity":"","overlay-gradient":""},"mobile":{"background-color":"var(--ast-global-color-4)","background-image":"","background-repeat":"repeat","background-position":"center center","background-size":"auto","background-attachment":"scroll","background-type":"","background-media":"","overlay-type":"","overlay-color":"","overlay-opacity":"","overlay-gradient":""}},"footnotes":""},"class_list":["post-18","page","type-page","status-publish","hentry"],"jetpack_sharing_enabled":true,"_links":{"self":[{"href":"https:\/\/vapaa-ajattelijat.fi\/ks\/wp-json\/wp\/v2\/pages\/18","targetHints":{"allow":["GET"]}}],"collection":[{"href":"https:\/\/vapaa-ajattelijat.fi\/ks\/wp-json\/wp\/v2\/pages"}],"about":[{"href":"https:\/\/vapaa-ajattelijat.fi\/ks\/wp-json\/wp\/v2\/types\/page"}],"author":[{"embeddable":true,"href":"https:\/\/vapaa-ajattelijat.fi\/ks\/wp-json\/wp\/v2\/users\/46"}],"replies":[{"embeddable":true,"href":"https:\/\/vapaa-ajattelijat.fi\/ks\/wp-json\/wp\/v2\/comments?post=18"}],"version-history":[{"count":9,"href":"https:\/\/vapaa-ajattelijat.fi\/ks\/wp-json\/wp\/v2\/pages\/18\/revisions"}],"predecessor-version":[{"id":311,"href":"https:\/\/vapaa-ajattelijat.fi\/ks\/wp-json\/wp\/v2\/pages\/18\/revisions\/311"}],"wp:attachment":[{"href":"https:\/\/vapaa-ajattelijat.fi\/ks\/wp-json\/wp\/v2\/media?parent=18"}],"curies":[{"name":"wp","href":"https:\/\/api.w.org\/{rel}","templated":true}]}}