{"id":12,"date":"2021-11-23T09:59:10","date_gmt":"2021-11-23T09:59:10","guid":{"rendered":"https:\/\/vapaa-ajattelijat.fi\/testipalloks\/?page_id=12"},"modified":"2026-01-26T06:27:14","modified_gmt":"2026-01-26T04:27:14","slug":"liity-jaseneksi","status":"publish","type":"page","link":"https:\/\/vapaa-ajattelijat.fi\/ks\/liity-jaseneksi\/","title":{"rendered":"Liity j\u00e4seneksi"},"content":{"rendered":"\n<figure class=\"wp-block-image size-large has-custom-border is-style-rounded\"><img loading=\"lazy\" decoding=\"async\" width=\"1024\" height=\"244\" src=\"http:\/\/vapaa-ajattelijat.fi\/ks-testaus\/wp-content\/uploads\/sites\/21\/2025\/03\/5-1024x244.jpg\" alt=\"\" class=\"wp-image-297\" style=\"border-radius:13px\" srcset=\"https:\/\/vapaa-ajattelijat.fi\/ks\/wp-content\/uploads\/sites\/21\/2025\/03\/5-1024x244.jpg 1024w, https:\/\/vapaa-ajattelijat.fi\/ks\/wp-content\/uploads\/sites\/21\/2025\/03\/5-300x71.jpg 300w, https:\/\/vapaa-ajattelijat.fi\/ks\/wp-content\/uploads\/sites\/21\/2025\/03\/5-768x183.jpg 768w, https:\/\/vapaa-ajattelijat.fi\/ks\/wp-content\/uploads\/sites\/21\/2025\/03\/5.jpg 1280w\" sizes=\"auto, (max-width: 1024px) 100vw, 1024px\" \/><\/figure>\n\n\n<h3>J\u00e4senyys<\/h3>\n<p>J\u00e4senhakemuksesi voit tehd\u00e4\u00a0<a href=\"https:\/\/vapaa-ajattelijat.fi\/liity-jaseneksi\/\" target=\"_blank\" rel=\"noopener\">liiton www-sivuston lomakkeella<\/a>.<\/p>\n<p>J\u00e4senmaksu vuonna 2026 on 25 euroa. Huomaathan, ett\u00e4 j\u00e4senyytesi alkaa vasta maksettuasi j\u00e4senmaksun. <br \/>J\u00e4senen\u00e4 saat nelj\u00e4 kertaa vuodessa ilmestyv\u00e4n Vapaa Ajattelija -lehden.<\/p>","protected":false},"excerpt":{"rendered":"<p>J\u00e4senyys J\u00e4senhakemuksesi voit tehd\u00e4\u00a0liiton www-sivuston lomakkeella. J\u00e4senmaksu vuonna 2026 on 25 euroa. Huomaathan, ett\u00e4 j\u00e4senyytesi alkaa vasta maksettuasi j\u00e4senmaksun. J\u00e4senen\u00e4 saat nelj\u00e4 kertaa vuodessa ilmestyv\u00e4n Vapaa Ajattelija -lehden.<\/p>\n","protected":false},"author":46,"featured_media":0,"parent":0,"menu_order":0,"comment_status":"closed","ping_status":"closed","template":"","meta":{"site-sidebar-layout":"default","site-content-layout":"","ast-site-content-layout":"","site-content-style":"default","site-sidebar-style":"default","ast-global-header-display":"","ast-banner-title-visibility":"","ast-main-header-display":"","ast-hfb-above-header-display":"","ast-hfb-below-header-display":"","ast-hfb-mobile-header-display":"","site-post-title":"disabled","ast-breadcrumbs-content":"","ast-featured-img":"","footer-sml-layout":"","ast-disable-related-posts":"","theme-transparent-header-meta":"","adv-header-id-meta":"","stick-header-meta":"","header-above-stick-meta":"","header-main-stick-meta":"","header-below-stick-meta":"","astra-migrate-meta-layouts":"default","ast-page-background-enabled":"default","ast-page-background-meta":{"desktop":{"background-color":"var(--ast-global-color-5)","background-image":"","background-repeat":"repeat","background-position":"center center","background-size":"auto","background-attachment":"scroll","background-type":"","background-media":"","overlay-type":"","overlay-color":"","overlay-opacity":"","overlay-gradient":""},"tablet":{"background-color":"","background-image":"","background-repeat":"repeat","background-position":"center center","background-size":"auto","background-attachment":"scroll","background-type":"","background-media":"","overlay-type":"","overlay-color":"","overlay-opacity":"","overlay-gradient":""},"mobile":{"background-color":"","background-image":"","background-repeat":"repeat","background-position":"center center","background-size":"auto","background-attachment":"scroll","background-type":"","background-media":"","overlay-type":"","overlay-color":"","overlay-opacity":"","overlay-gradient":""}},"ast-content-background-meta":{"desktop":{"background-color":"var(--ast-global-color-4)","background-image":"","background-repeat":"repeat","background-position":"center center","background-size":"auto","background-attachment":"scroll","background-type":"","background-media":"","overlay-type":"","overlay-color":"","overlay-opacity":"","overlay-gradient":""},"tablet":{"background-color":"var(--ast-global-color-4)","background-image":"","background-repeat":"repeat","background-position":"center center","background-size":"auto","background-attachment":"scroll","background-type":"","background-media":"","overlay-type":"","overlay-color":"","overlay-opacity":"","overlay-gradient":""},"mobile":{"background-color":"var(--ast-global-color-4)","background-image":"","background-repeat":"repeat","background-position":"center center","background-size":"auto","background-attachment":"scroll","background-type":"","background-media":"","overlay-type":"","overlay-color":"","overlay-opacity":"","overlay-gradient":""}},"footnotes":""},"class_list":["post-12","page","type-page","status-publish","hentry"],"jetpack_sharing_enabled":true,"_links":{"self":[{"href":"https:\/\/vapaa-ajattelijat.fi\/ks\/wp-json\/wp\/v2\/pages\/12","targetHints":{"allow":["GET"]}}],"collection":[{"href":"https:\/\/vapaa-ajattelijat.fi\/ks\/wp-json\/wp\/v2\/pages"}],"about":[{"href":"https:\/\/vapaa-ajattelijat.fi\/ks\/wp-json\/wp\/v2\/types\/page"}],"author":[{"embeddable":true,"href":"https:\/\/vapaa-ajattelijat.fi\/ks\/wp-json\/wp\/v2\/users\/46"}],"replies":[{"embeddable":true,"href":"https:\/\/vapaa-ajattelijat.fi\/ks\/wp-json\/wp\/v2\/comments?post=12"}],"version-history":[{"count":9,"href":"https:\/\/vapaa-ajattelijat.fi\/ks\/wp-json\/wp\/v2\/pages\/12\/revisions"}],"predecessor-version":[{"id":440,"href":"https:\/\/vapaa-ajattelijat.fi\/ks\/wp-json\/wp\/v2\/pages\/12\/revisions\/440"}],"wp:attachment":[{"href":"https:\/\/vapaa-ajattelijat.fi\/ks\/wp-json\/wp\/v2\/media?parent=12"}],"curies":[{"name":"wp","href":"https:\/\/api.w.org\/{rel}","templated":true}]}}