{"id":10,"date":"2021-11-23T09:58:43","date_gmt":"2021-11-23T09:58:43","guid":{"rendered":"https:\/\/vapaa-ajattelijat.fi\/testipalloks\/?page_id=10"},"modified":"2026-03-26T09:17:20","modified_gmt":"2026-03-26T07:17:20","slug":"tietoa-yhdistyksesta","status":"publish","type":"page","link":"https:\/\/vapaa-ajattelijat.fi\/ks\/tietoa-yhdistyksesta\/","title":{"rendered":"Tietoa yhdistyksest\u00e4"},"content":{"rendered":"\n<figure class=\"wp-block-image size-large has-custom-border is-style-rounded\"><img loading=\"lazy\" decoding=\"async\" width=\"1024\" height=\"244\" src=\"http:\/\/vapaa-ajattelijat.fi\/ks-testaus\/wp-content\/uploads\/sites\/21\/2025\/03\/mountain-547363_1920-1024x244.jpg\" alt=\"\" class=\"wp-image-272\" style=\"border-radius:13px\" srcset=\"https:\/\/vapaa-ajattelijat.fi\/ks\/wp-content\/uploads\/sites\/21\/2025\/03\/mountain-547363_1920-1024x244.jpg 1024w, https:\/\/vapaa-ajattelijat.fi\/ks\/wp-content\/uploads\/sites\/21\/2025\/03\/mountain-547363_1920-300x71.jpg 300w, https:\/\/vapaa-ajattelijat.fi\/ks\/wp-content\/uploads\/sites\/21\/2025\/03\/mountain-547363_1920-768x183.jpg 768w, https:\/\/vapaa-ajattelijat.fi\/ks\/wp-content\/uploads\/sites\/21\/2025\/03\/mountain-547363_1920-1536x366.jpg 1536w, https:\/\/vapaa-ajattelijat.fi\/ks\/wp-content\/uploads\/sites\/21\/2025\/03\/mountain-547363_1920.jpg 1920w\" sizes=\"auto, (max-width: 1024px) 100vw, 1024px\" \/><\/figure>\n\n\n<h5><a href=\"https:\/\/vapaa-ajattelijat.fi\/ks\/yhdistyksen-saannot\/\">Yhdistyksen s\u00e4\u00e4nn\u00f6t<\/a><\/h5>\n<h3>J\u00e4senyys<\/h3>\n<p>J\u00e4senhakemuksesi voit tehd\u00e4\u00a0<a href=\"https:\/\/vapaa-ajattelijat.fi\/liity-jaseneksi\/\" target=\"_blank\" rel=\"noopener\">liiton www-sivuston lomakkeella<\/a>.<\/p>\n<p>J\u00e4senmaksu vuonna 2026 on 25 euroa. Huomaathan, ett\u00e4 j\u00e4senyytesi alkaa vasta maksettuasi j\u00e4senmaksun. J\u00e4senen\u00e4 saat nelj\u00e4 kertaa vuodessa ilmestyv\u00e4n Vapaa Ajattelija -lehden.<\/p>\n<h3>Hallitus<\/h3>\n<p>Yhdistyksen syyskokouksessa valittuun hallitukseen 2025 kuuluvat:<\/p>\n<ul>\n<li>P\u00e4ivi Kovanen \u2013 puheenjohtaja<\/li>\n<li>J\u00e4senet:<br \/>Matti Nurminen<br \/>Juha Hakonen<br \/>Hannele Kivist\u00f6<\/li>\n<li>Varaj\u00e4senet:<br \/>Risto Puumalainen<br \/>Mikko Toivola\n<p>Risto Puumalainen jatkaa hautausmaavastaavana<\/p>\n<\/li>\n<\/ul>\n<h3>Tapahtumia<\/h3>\n<p>Tahtoisimme j\u00e4rjest\u00e4\u00e4 keskustelutilaisuuksia tai muuta mukavaa. Kerro mit\u00e4 sin\u00e4 haluaisit tiet\u00e4\u00e4 tai tehd\u00e4. Huomaathan my\u00f6s oikealla olevan tapahtumalistan!<\/p>\n<h3>Uskonnoton hautausmaa<\/h3>\n<p>Keski-Suomen vapaa-ajattelijat yll\u00e4pit\u00e4v\u00e4t omaa\u00a0<a href=\"https:\/\/vapaa-ajattelijat.fi\/ks\/uskonnoton-hautausmaa\/\">hautausmaataan<\/a>\u00a0Jyv\u00e4skyl\u00e4n Sepp\u00e4l\u00e4nkankaalla.<\/p>\n<h3>Uskonnottomat nimi\u00e4iset, h\u00e4\u00e4t ja hautajaiset<\/h3>\n<p>Keski-Suomen vapaa-ajattelijat pyrkiv\u00e4t jakamaan tietoa uskonnottomasta tapakulttuurista. Yrit\u00e4mme mielell\u00e4mme auttaa ihmisi\u00e4 toteuttamaan t\u00e4rke\u00e4t tilaisuutensa ilman uskonnollisia symboleita. Kauttamme saat\u00a0<a href=\"http:\/\/www.pro-seremoniat.fi\/\">Pro-Seremoniat Oy<\/a>:n Keski-Suomen alueella toimivien juhlapuhujien yhteystiedot.<\/p>\n<p>Lis\u00e4tietoa l\u00f6ytyy mm. Anneli Aurej\u00e4rvi-Karjalaisen teoksesta Perheen omat juhlat, jonka voi tilata Pro-Seremoniat Oy:n\u00a0<a href=\"http:\/\/www.pro-seremoniat.fi\/verkkokauppa\/\">verkkokaupasta<\/a>. Kirjan voi ostaa my\u00f6s yhdistykselt\u00e4 15 euron hintaan, tilaa se osoitteesta\u00a0<a href=\"mailto:ks@vapaa-ajattelijat.fi\">ks@vapaa-ajattelijat.fi<\/a>.<\/p>","protected":false},"excerpt":{"rendered":"<p>Yhdistyksen s\u00e4\u00e4nn\u00f6t J\u00e4senyys J\u00e4senhakemuksesi voit tehd\u00e4\u00a0liiton www-sivuston lomakkeella. J\u00e4senmaksu vuonna 2026 on 25 euroa. Huomaathan, ett\u00e4 j\u00e4senyytesi alkaa vasta maksettuasi j\u00e4senmaksun. J\u00e4senen\u00e4 saat nelj\u00e4 kertaa vuodessa ilmestyv\u00e4n Vapaa Ajattelija -lehden. [&hellip;]<\/p>\n","protected":false},"author":46,"featured_media":0,"parent":0,"menu_order":0,"comment_status":"closed","ping_status":"closed","template":"","meta":{"site-sidebar-layout":"default","site-content-layout":"","ast-site-content-layout":"default","site-content-style":"default","site-sidebar-style":"default","ast-global-header-display":"","ast-banner-title-visibility":"","ast-main-header-display":"","ast-hfb-above-header-display":"","ast-hfb-below-header-display":"","ast-hfb-mobile-header-display":"","site-post-title":"","ast-breadcrumbs-content":"","ast-featured-img":"","footer-sml-layout":"","ast-disable-related-posts":"","theme-transparent-header-meta":"","adv-header-id-meta":"","stick-header-meta":"","header-above-stick-meta":"","header-main-stick-meta":"","header-below-stick-meta":"","astra-migrate-meta-layouts":"default","ast-page-background-enabled":"default","ast-page-background-meta":{"desktop":{"background-color":"var(--ast-global-color-5)","background-image":"","background-repeat":"repeat","background-position":"center center","background-size":"auto","background-attachment":"scroll","background-type":"","background-media":"","overlay-type":"","overlay-color":"","overlay-opacity":"","overlay-gradient":""},"tablet":{"background-color":"","background-image":"","background-repeat":"repeat","background-position":"center center","background-size":"auto","background-attachment":"scroll","background-type":"","background-media":"","overlay-type":"","overlay-color":"","overlay-opacity":"","overlay-gradient":""},"mobile":{"background-color":"","background-image":"","background-repeat":"repeat","background-position":"center center","background-size":"auto","background-attachment":"scroll","background-type":"","background-media":"","overlay-type":"","overlay-color":"","overlay-opacity":"","overlay-gradient":""}},"ast-content-background-meta":{"desktop":{"background-color":"var(--ast-global-color-4)","background-image":"","background-repeat":"repeat","background-position":"center center","background-size":"auto","background-attachment":"scroll","background-type":"","background-media":"","overlay-type":"","overlay-color":"","overlay-opacity":"","overlay-gradient":""},"tablet":{"background-color":"var(--ast-global-color-4)","background-image":"","background-repeat":"repeat","background-position":"center center","background-size":"auto","background-attachment":"scroll","background-type":"","background-media":"","overlay-type":"","overlay-color":"","overlay-opacity":"","overlay-gradient":""},"mobile":{"background-color":"var(--ast-global-color-4)","background-image":"","background-repeat":"repeat","background-position":"center center","background-size":"auto","background-attachment":"scroll","background-type":"","background-media":"","overlay-type":"","overlay-color":"","overlay-opacity":"","overlay-gradient":""}},"footnotes":""},"class_list":["post-10","page","type-page","status-publish","hentry"],"jetpack_sharing_enabled":true,"_links":{"self":[{"href":"https:\/\/vapaa-ajattelijat.fi\/ks\/wp-json\/wp\/v2\/pages\/10","targetHints":{"allow":["GET"]}}],"collection":[{"href":"https:\/\/vapaa-ajattelijat.fi\/ks\/wp-json\/wp\/v2\/pages"}],"about":[{"href":"https:\/\/vapaa-ajattelijat.fi\/ks\/wp-json\/wp\/v2\/types\/page"}],"author":[{"embeddable":true,"href":"https:\/\/vapaa-ajattelijat.fi\/ks\/wp-json\/wp\/v2\/users\/46"}],"replies":[{"embeddable":true,"href":"https:\/\/vapaa-ajattelijat.fi\/ks\/wp-json\/wp\/v2\/comments?post=10"}],"version-history":[{"count":11,"href":"https:\/\/vapaa-ajattelijat.fi\/ks\/wp-json\/wp\/v2\/pages\/10\/revisions"}],"predecessor-version":[{"id":462,"href":"https:\/\/vapaa-ajattelijat.fi\/ks\/wp-json\/wp\/v2\/pages\/10\/revisions\/462"}],"wp:attachment":[{"href":"https:\/\/vapaa-ajattelijat.fi\/ks\/wp-json\/wp\/v2\/media?parent=10"}],"curies":[{"name":"wp","href":"https:\/\/api.w.org\/{rel}","templated":true}]}}