{"id":17,"date":"2023-02-02T10:44:07","date_gmt":"2023-02-02T10:44:07","guid":{"rendered":"https:\/\/vapaa-ajattelijat.fi\/kouvola\/?page_id=17"},"modified":"2026-03-18T08:10:59","modified_gmt":"2026-03-18T08:10:59","slug":"surun-kohdatessa","status":"publish","type":"page","link":"https:\/\/vapaa-ajattelijat.fi\/kouvola\/surun-kohdatessa\/","title":{"rendered":"Surun kohdatessa"},"content":{"rendered":"<header class=\"entry-header\" aria-label=\"Sis\u00e4lt\u00f6\">\n<h1 class=\"entry-title\"><strong>Hautaustoimi<\/strong><\/h1>\n<\/header>\n<div class=\"entry-content\">\n<p>Kaikkien el\u00e4m\u00e4 p\u00e4\u00e4ttyy joskus. Jos omainen on elinaikanaan suunnitellut viimeisen matkansa, on surun keskell\u00e4 helpompi toimia. Jos vainaja on ilmaissut oman tahtonsa aikanaan hautauksen k\u00e4yt\u00e4nn\u00f6n j\u00e4rjestelyist\u00e4, moni asia helpottuu \u2013 paitsi suru.<\/p>\n<p><img loading=\"lazy\" decoding=\"async\" class=\"alignnone size-full wp-image-67\" src=\"http:\/\/vapaa-ajattelijat.fi\/kouvola\/wp-content\/uploads\/sites\/22\/2023\/05\/4.jpg\" alt=\"\" width=\"1500\" height=\"2000\" \/><\/p>\n<p>Hautauksen k\u00e4yt\u00e4nn\u00f6n j\u00e4rjestelyiss\u00e4 olemme apunanne. Yhdistyksemme yll\u00e4pit\u00e4\u00e4 uskonnottomien hautausmaata Lepolaa Kuusankoskella. Se sijaitsee l\u00e4hell\u00e4 Kuusankosken evankelisluterilaisen seurakunnan uutta hautausmaata,\u00a0Pohjankorventielt\u00e4 pohjoiseen poikkeavan Voij\u00e4rventien varrella, muutaman sadan metrin p\u00e4\u00e4ss\u00e4 teiden risteyksest\u00e4. Tien alussa on viitta hautausmaalle.<\/p>\n<h4><b>Hautaustoimen hinnat:<\/b><\/h4>\n<table id=\"hthinnasto\">\n<tbody>\n<tr>\n<td><b>Uurnahautapaikka, tuhkan k\u00e4tkeminen tai muistolehto j\u00e4senille<\/b><br \/>\n(sis\u00e4lt\u00e4\u00e4 kaivamisen ja peitt\u00e4misen sek\u00e4 perusparannukset)<\/td>\n<td>\u00a0\u00a0\u00a0\u00a0<b>345 euroa<\/b><\/td>\n<\/tr>\n<tr>\n<td><\/td>\n<td><\/td>\n<\/tr>\n<tr>\n<td><b>Talvilis\u00e4 (ajalla marras-huhtikuu)<\/b><\/td>\n<td><b>\u00a0\u00a0\u00a0\u00a0 150 euroa<\/b><\/td>\n<\/tr>\n<tr>\n<td><b>Toimistomaksu\u00a0<\/b><\/td>\n<td>\u00a0\u00a0\u00a0\u00a0\u00a0\u00a0 <b>65 euroa<\/b><\/td>\n<\/tr>\n<tr>\n<td><b>Ei-j\u00e4senille lis\u00e4maksu<\/b><\/td>\n<td>\u00a0\u00a0\u00a0\u00a0\u00a0<b>350 euroa<\/b><\/td>\n<\/tr>\n<\/tbody>\n<\/table>\n<\/div>\n<h2><\/h2>\n<h4><b>Hautauksesta sopiminen ja lis\u00e4tietoja:<\/b><\/h4>\n<p>Puh: 0440 183 966<br \/>\nS-posti: kouvola@vapaa-ajattelijat.fi<\/p>\n<p>Karttalinkki Lepolan hautausmaalle:<\/p>\n<p><a href=\"https:\/\/goo.gl\/maps\/BBe9TYC6EnZ7xi8W7?coh=178573&amp;entry=tt\">https:\/\/goo.gl\/maps\/BBe9TYC6EnZ7xi8W7?coh=178573&amp;entry=tt<\/a><\/p>\n","protected":false},"excerpt":{"rendered":"<p>Hautaustoimi Kaikkien el\u00e4m\u00e4 p\u00e4\u00e4ttyy joskus. Jos omainen on elinaikanaan suunnitellut viimeisen matkansa, on surun keskell\u00e4 helpompi toimia. Jos vainaja on ilmaissut oman tahtonsa aikanaan hautauksen k\u00e4yt\u00e4nn\u00f6n j\u00e4rjestelyist\u00e4, moni asia helpottuu &#8230; <a title=\"Surun kohdatessa\" class=\"read-more\" href=\"https:\/\/vapaa-ajattelijat.fi\/kouvola\/surun-kohdatessa\/\" aria-label=\"Lue lis\u00e4\u00e4 aiheesta Surun kohdatessa\">Lue lis\u00e4\u00e4<\/a><\/p>\n","protected":false},"author":13,"featured_media":0,"parent":0,"menu_order":0,"comment_status":"closed","ping_status":"closed","template":"","meta":{"footnotes":""},"class_list":["post-17","page","type-page","status-publish"],"_links":{"self":[{"href":"https:\/\/vapaa-ajattelijat.fi\/kouvola\/wp-json\/wp\/v2\/pages\/17","targetHints":{"allow":["GET"]}}],"collection":[{"href":"https:\/\/vapaa-ajattelijat.fi\/kouvola\/wp-json\/wp\/v2\/pages"}],"about":[{"href":"https:\/\/vapaa-ajattelijat.fi\/kouvola\/wp-json\/wp\/v2\/types\/page"}],"author":[{"embeddable":true,"href":"https:\/\/vapaa-ajattelijat.fi\/kouvola\/wp-json\/wp\/v2\/users\/13"}],"replies":[{"embeddable":true,"href":"https:\/\/vapaa-ajattelijat.fi\/kouvola\/wp-json\/wp\/v2\/comments?post=17"}],"version-history":[{"count":5,"href":"https:\/\/vapaa-ajattelijat.fi\/kouvola\/wp-json\/wp\/v2\/pages\/17\/revisions"}],"predecessor-version":[{"id":97,"href":"https:\/\/vapaa-ajattelijat.fi\/kouvola\/wp-json\/wp\/v2\/pages\/17\/revisions\/97"}],"wp:attachment":[{"href":"https:\/\/vapaa-ajattelijat.fi\/kouvola\/wp-json\/wp\/v2\/media?parent=17"}],"curies":[{"name":"wp","href":"https:\/\/api.w.org\/{rel}","templated":true}]}}