{"id":15,"date":"2023-02-02T10:43:54","date_gmt":"2023-02-02T10:43:54","guid":{"rendered":"https:\/\/vapaa-ajattelijat.fi\/kouvola\/?page_id=15"},"modified":"2026-03-18T08:10:11","modified_gmt":"2026-03-18T08:10:11","slug":"jasenyys","status":"publish","type":"page","link":"https:\/\/vapaa-ajattelijat.fi\/kouvola\/jasenyys\/","title":{"rendered":"J\u00e4senyys"},"content":{"rendered":"<p>Jos olet kiinnostunut j\u00e4senyydest\u00e4 Kouvolan Vapaa-ajattelijoissa, laita s\u00e4hk\u00f6postia osoitteeseen kouvola@vapaa-ajattelijat.fi<\/p>\n<p>J\u00e4senmaksusta p\u00e4\u00e4tet\u00e4\u00e4n vuosikokouksessa joka pidet\u00e4\u00e4n kev\u00e4\u00e4ll\u00e4. Vuonna 2025 se oli 35 \u20ac, johon sis\u00e4ltyy nelj\u00e4 kertaa vuodessa ilmestyv\u00e4 j\u00e4senlehti. J\u00e4senyyden my\u00f6t\u00e4 p\u00e4\u00e4set mukaan iloiseen porukkaamme puuhaamaan ja sinulla on mahdollisuus viett\u00e4\u00e4 aikaa Vapaarannassa (5\u20ac\/y\u00f6), Kotkan Viikarinsaaressa sijaitsevassa Vapaa-ajattelijoiden kes\u00e4paikassa, jossa kalastuksen perinteet ja nykyajan kiireet\u00f6n virkistyminen ly\u00f6v\u00e4t sovussa k\u00e4tt\u00e4 toisilleen. Lis\u00e4tietoja Vapaarannasta l\u00f6yd\u00e4t t\u00e4\u00e4lt\u00e4:<\/p>\n<p><a href=\"https:\/\/vapaa-ajattelijat.fi\/kotka\/yleiskuvaus\/\">https:\/\/vapaa-ajattelijat.fi\/kotka\/yleiskuvaus\/<\/a><\/p>\n<p><img loading=\"lazy\" decoding=\"async\" class=\"alignnone size-full wp-image-51\" src=\"http:\/\/vapaa-ajattelijat.fi\/kouvola\/wp-content\/uploads\/sites\/22\/2023\/05\/IMG-20230331-WA0014.jpg\" alt=\"\" width=\"2000\" height=\"1500\" \/><\/p>\n","protected":false},"excerpt":{"rendered":"<p>Jos olet kiinnostunut j\u00e4senyydest\u00e4 Kouvolan Vapaa-ajattelijoissa, laita s\u00e4hk\u00f6postia osoitteeseen kouvola@vapaa-ajattelijat.fi J\u00e4senmaksusta p\u00e4\u00e4tet\u00e4\u00e4n vuosikokouksessa joka pidet\u00e4\u00e4n kev\u00e4\u00e4ll\u00e4. Vuonna 2025 se oli 35 \u20ac, johon sis\u00e4ltyy nelj\u00e4 kertaa vuodessa ilmestyv\u00e4 j\u00e4senlehti. J\u00e4senyyden &#8230; <a title=\"J\u00e4senyys\" class=\"read-more\" href=\"https:\/\/vapaa-ajattelijat.fi\/kouvola\/jasenyys\/\" aria-label=\"Lue lis\u00e4\u00e4 aiheesta J\u00e4senyys\">Lue lis\u00e4\u00e4<\/a><\/p>\n","protected":false},"author":13,"featured_media":0,"parent":0,"menu_order":0,"comment_status":"closed","ping_status":"closed","template":"","meta":{"footnotes":""},"class_list":["post-15","page","type-page","status-publish"],"_links":{"self":[{"href":"https:\/\/vapaa-ajattelijat.fi\/kouvola\/wp-json\/wp\/v2\/pages\/15","targetHints":{"allow":["GET"]}}],"collection":[{"href":"https:\/\/vapaa-ajattelijat.fi\/kouvola\/wp-json\/wp\/v2\/pages"}],"about":[{"href":"https:\/\/vapaa-ajattelijat.fi\/kouvola\/wp-json\/wp\/v2\/types\/page"}],"author":[{"embeddable":true,"href":"https:\/\/vapaa-ajattelijat.fi\/kouvola\/wp-json\/wp\/v2\/users\/13"}],"replies":[{"embeddable":true,"href":"https:\/\/vapaa-ajattelijat.fi\/kouvola\/wp-json\/wp\/v2\/comments?post=15"}],"version-history":[{"count":6,"href":"https:\/\/vapaa-ajattelijat.fi\/kouvola\/wp-json\/wp\/v2\/pages\/15\/revisions"}],"predecessor-version":[{"id":96,"href":"https:\/\/vapaa-ajattelijat.fi\/kouvola\/wp-json\/wp\/v2\/pages\/15\/revisions\/96"}],"wp:attachment":[{"href":"https:\/\/vapaa-ajattelijat.fi\/kouvola\/wp-json\/wp\/v2\/media?parent=15"}],"curies":[{"name":"wp","href":"https:\/\/api.w.org\/{rel}","templated":true}]}}