{"id":13,"date":"2023-02-02T10:43:40","date_gmt":"2023-02-02T10:43:40","guid":{"rendered":"https:\/\/vapaa-ajattelijat.fi\/kouvola\/?page_id=13"},"modified":"2023-05-06T17:03:27","modified_gmt":"2023-05-06T17:03:27","slug":"yhteystiedot","status":"publish","type":"page","link":"https:\/\/vapaa-ajattelijat.fi\/kouvola\/yhteystiedot\/","title":{"rendered":"Yhteystiedot"},"content":{"rendered":"<p>Kouvolan Vapaa-ajattelijat ry<\/p>\n<p>Puh: 0440 183 966<br \/>\nS\u00e4hk\u00f6posti: kouvola@vapaa-ajattelijat.fi<\/p>\n<p>Pankkiyhteys<\/p>\n<p>Kouvolan ja Kotkan taloudenhoito on yhdistetty. Rahaliikenne eriytet\u00e4\u00e4n kuitenkin yhdistyskohtaisesti ja tilinp\u00e4\u00e4t\u00f6ksess\u00e4. Muista merkit\u00e4 viestikentt\u00e4\u00e4n Kouvolan Vapaa-ajattelijat!<\/p>\n<p>&nbsp;<\/p>\n<p>Saaja: Kotkan Vapaa-ajattelijat<\/p>\n<p>Tilinumero: FI05 5172 0220 1251 58<br \/>\nPankin tunniste (BIC): OKOYFIHH<\/p>\n","protected":false},"excerpt":{"rendered":"<p>Kouvolan Vapaa-ajattelijat ry Puh: 0440 183 966 S\u00e4hk\u00f6posti: kouvola@vapaa-ajattelijat.fi Pankkiyhteys Kouvolan ja Kotkan taloudenhoito on yhdistetty. Rahaliikenne eriytet\u00e4\u00e4n kuitenkin yhdistyskohtaisesti ja tilinp\u00e4\u00e4t\u00f6ksess\u00e4. Muista merkit\u00e4 viestikentt\u00e4\u00e4n Kouvolan Vapaa-ajattelijat! &nbsp; Saaja: Kotkan &#8230; <a title=\"Yhteystiedot\" class=\"read-more\" href=\"https:\/\/vapaa-ajattelijat.fi\/kouvola\/yhteystiedot\/\" aria-label=\"Lue lis\u00e4\u00e4 aiheesta Yhteystiedot\">Lue lis\u00e4\u00e4<\/a><\/p>\n","protected":false},"author":13,"featured_media":0,"parent":0,"menu_order":0,"comment_status":"closed","ping_status":"closed","template":"","meta":{"footnotes":""},"class_list":["post-13","page","type-page","status-publish"],"_links":{"self":[{"href":"https:\/\/vapaa-ajattelijat.fi\/kouvola\/wp-json\/wp\/v2\/pages\/13","targetHints":{"allow":["GET"]}}],"collection":[{"href":"https:\/\/vapaa-ajattelijat.fi\/kouvola\/wp-json\/wp\/v2\/pages"}],"about":[{"href":"https:\/\/vapaa-ajattelijat.fi\/kouvola\/wp-json\/wp\/v2\/types\/page"}],"author":[{"embeddable":true,"href":"https:\/\/vapaa-ajattelijat.fi\/kouvola\/wp-json\/wp\/v2\/users\/13"}],"replies":[{"embeddable":true,"href":"https:\/\/vapaa-ajattelijat.fi\/kouvola\/wp-json\/wp\/v2\/comments?post=13"}],"version-history":[{"count":2,"href":"https:\/\/vapaa-ajattelijat.fi\/kouvola\/wp-json\/wp\/v2\/pages\/13\/revisions"}],"predecessor-version":[{"id":77,"href":"https:\/\/vapaa-ajattelijat.fi\/kouvola\/wp-json\/wp\/v2\/pages\/13\/revisions\/77"}],"wp:attachment":[{"href":"https:\/\/vapaa-ajattelijat.fi\/kouvola\/wp-json\/wp\/v2\/media?parent=13"}],"curies":[{"name":"wp","href":"https:\/\/api.w.org\/{rel}","templated":true}]}}