{"id":11,"date":"2023-02-02T10:43:24","date_gmt":"2023-02-02T10:43:24","guid":{"rendered":"https:\/\/vapaa-ajattelijat.fi\/kouvola\/?page_id=11"},"modified":"2026-03-18T08:08:44","modified_gmt":"2026-03-18T08:08:44","slug":"ajankohtaista","status":"publish","type":"page","link":"https:\/\/vapaa-ajattelijat.fi\/kouvola\/ajankohtaista\/","title":{"rendered":"Ajankohtaista"},"content":{"rendered":"<header class=\"entry-header\"><\/header>\n<p>Yhdistyksen vuosikokous to 23.4.2026 klo 17.-19 Kuusankosken kirjaston Viitala-salissa.<\/p>\n<p>Kes\u00e4retki j\u00e4senille Vapaarantaan, Kotkan Vapaa-ajattelijoiden kalastajatilalle Viikarinsaarella. Venekyyti j\u00e4rjestet\u00e4\u00e4n Kotkan Meriniemest\u00e4, paluu samana iltana. Halutessaan voi j\u00e4\u00e4d\u00e4 y\u00f6n yli jolloin paluu seuraavana p\u00e4iv\u00e4n\u00e4. P\u00e4iv\u00e4retki maksuton, y\u00f6pymismaksu 5\u20ac\/hl\u00f6.<\/p>\n<p>Ilmoittautumiset kouvola@vapaa-ajattelijat.fi<\/p>\n<p>L\u00e4mpim\u00e4sti tervetuloa mukaan!<\/p>\n<div class=\"entry-content\">\n<p><img loading=\"lazy\" decoding=\"async\" class=\"alignnone size-full wp-image-69\" src=\"http:\/\/vapaa-ajattelijat.fi\/kouvola\/wp-content\/uploads\/sites\/22\/2023\/05\/5.jpg\" alt=\"\" width=\"2000\" height=\"1500\" \/><\/p>\n<\/div>\n","protected":false},"excerpt":{"rendered":"<p>Yhdistyksen vuosikokous to 23.4.2026 klo 17.-19 Kuusankosken kirjaston Viitala-salissa. Kes\u00e4retki j\u00e4senille Vapaarantaan, Kotkan Vapaa-ajattelijoiden kalastajatilalle Viikarinsaarella. Venekyyti j\u00e4rjestet\u00e4\u00e4n Kotkan Meriniemest\u00e4, paluu samana iltana. Halutessaan voi j\u00e4\u00e4d\u00e4 y\u00f6n yli jolloin paluu &#8230; <a title=\"Ajankohtaista\" class=\"read-more\" href=\"https:\/\/vapaa-ajattelijat.fi\/kouvola\/ajankohtaista\/\" aria-label=\"Lue lis\u00e4\u00e4 aiheesta Ajankohtaista\">Lue lis\u00e4\u00e4<\/a><\/p>\n","protected":false},"author":13,"featured_media":0,"parent":0,"menu_order":0,"comment_status":"closed","ping_status":"closed","template":"","meta":{"footnotes":""},"class_list":["post-11","page","type-page","status-publish"],"_links":{"self":[{"href":"https:\/\/vapaa-ajattelijat.fi\/kouvola\/wp-json\/wp\/v2\/pages\/11","targetHints":{"allow":["GET"]}}],"collection":[{"href":"https:\/\/vapaa-ajattelijat.fi\/kouvola\/wp-json\/wp\/v2\/pages"}],"about":[{"href":"https:\/\/vapaa-ajattelijat.fi\/kouvola\/wp-json\/wp\/v2\/types\/page"}],"author":[{"embeddable":true,"href":"https:\/\/vapaa-ajattelijat.fi\/kouvola\/wp-json\/wp\/v2\/users\/13"}],"replies":[{"embeddable":true,"href":"https:\/\/vapaa-ajattelijat.fi\/kouvola\/wp-json\/wp\/v2\/comments?post=11"}],"version-history":[{"count":8,"href":"https:\/\/vapaa-ajattelijat.fi\/kouvola\/wp-json\/wp\/v2\/pages\/11\/revisions"}],"predecessor-version":[{"id":95,"href":"https:\/\/vapaa-ajattelijat.fi\/kouvola\/wp-json\/wp\/v2\/pages\/11\/revisions\/95"}],"wp:attachment":[{"href":"https:\/\/vapaa-ajattelijat.fi\/kouvola\/wp-json\/wp\/v2\/media?parent=11"}],"curies":[{"name":"wp","href":"https:\/\/api.w.org\/{rel}","templated":true}]}}