{"id":62,"date":"2020-11-24T14:57:42","date_gmt":"2020-11-24T12:57:42","guid":{"rendered":"https:\/\/vapaa-ajattelijat.fi\/kotka0tilap\/?page_id=62"},"modified":"2025-11-01T19:35:29","modified_gmt":"2025-11-01T17:35:29","slug":"oman-tahdon-ilmaus","status":"publish","type":"page","link":"https:\/\/vapaa-ajattelijat.fi\/kotka\/oman-tahdon-ilmaus\/","title":{"rendered":"Oman tahdon ilmaus"},"content":{"rendered":"<p>Jo toista miljoonaa suomalaista el\u00e4\u00e4 el\u00e4m\u00e4\u00e4ns\u00e4 kuulumatta uskontokuntiin. El\u00e4m\u00e4n aikanaan p\u00e4\u00e4ttyess\u00e4 omaisten on kuitenkin ollut vaikea tiet\u00e4\u00e4 miten toimia, miten l\u00e4heinen itse olisi halunnut hautajaisensa j\u00e4rjestett\u00e4v\u00e4n, ellei asiaa ole otettu hyviss\u00e4 ajoin puheeksi.<\/p>\n<p>Avuksi on nyt tarjolla sek\u00e4 k\u00e4tev\u00e4sti mukana pidett\u00e4v\u00e4 <a href=\"http:\/\/www.siviilihautajaiset.fi\/ohjeet\" target=\"_blank\" rel=\"noopener\">hautausohjekortti<\/a> ett\u00e4 sit\u00e4 t\u00e4ydent\u00e4v\u00e4 yksityiskohtainen lomake, joilla kortin haltijan on helppo kertoa l\u00e4heisilleen, miten h\u00e4n on itse halunnut kuolemaansa ja hautajaisiinsa liittyv\u00e4t asiat hoidettavan.<\/p>\n<p>Alla olevat tiedot voidaan s\u00e4ilytt\u00e4\u00e4 Kotkan Vapaa-ajattelijat ry:n toimistossa.<\/p>\n<h3><b>OHJEET SIVIILIHAUTAJAISTENI J\u00c4RJEST\u00c4MISEKSI<\/b><\/h3>\n<p>Pohjana k\u00e4ytetty Suomen Hautaustoimistojen liitto ry:n Hautausj\u00e4rjestelyni -lomaketta; aiempi versio julkaistu Perheen omat juhlat -kirjassa, WSOY 1999.<\/p>\n<h3><b>Hautaustapa<\/b><\/h3>\n<ul>\n<li>Arkkuhautaus<\/li>\n<li>Tuhkaus<\/li>\n<li>J\u00e4t\u00e4n asian omaisteni p\u00e4\u00e4tett\u00e4v\u00e4ksi.<\/li>\n<\/ul>\n<h3><b>Hautajaisten (saattohetki ja muistotilaisuus) luonne<\/b><\/h3>\n<ul>\n<li>Kokonaan uskonnottomat hautajaiset<\/li>\n<li>Uskonnollisesti suuntautunut seremonia; uskontokunta:<\/li>\n<li>Ei lainkaan hautajaisia, vaan:<\/li>\n<li>J\u00e4t\u00e4n asian omaisteni p\u00e4\u00e4tett\u00e4v\u00e4ksi.<\/li>\n<\/ul>\n<h3><b>Hautajaisten (saattohetki ja muistotilaisuus) viettopaikka<\/b><\/h3>\n<ul>\n<li>Saattohetki\n<ul>\n<li>Arkun \u00e4\u00e4rell\u00e4 kappelissa tai muussa paikassa:<\/li>\n<li>Vasta tuhkauksen j\u00e4lkeen uurnan (\/tuhkan) kanssa:<\/li>\n<li>J\u00e4t\u00e4n asian omaisteni p\u00e4\u00e4tett\u00e4v\u00e4ksi.<\/li>\n<\/ul>\n<\/li>\n<li>Muistotilaisuus:\n<ul>\n<li>J\u00e4t\u00e4n asian omaisteni p\u00e4\u00e4tett\u00e4v\u00e4ksi.<\/li>\n<\/ul>\n<\/li>\n<li>Muuta huomattavaa:<\/li>\n<\/ul>\n<h3><b>Hautapaikka tai tuhkan sijoituspaikka<\/b><\/h3>\n<ul>\n<li>Arkku- tai uurnahautaus, hautausmaa:<\/li>\n<li>Hautapaikka on valmiina, yll\u00e4 mainitun hautausmaan hauta n:o:<\/li>\n<li>Tuhka uurnassa \/ ilman uurnaa (yliviivaa v\u00e4\u00e4r\u00e4 vaihtoehto) muistolehtoon:<\/li>\n<li>Muu sijoituspaikka tuhkalle:<\/li>\n<li>J\u00e4t\u00e4n asian omaisteni p\u00e4\u00e4tett\u00e4v\u00e4ksi.<\/li>\n<\/ul>\n<h3><b>Vaatetus ja muu arkussa<\/b><\/h3>\n<ul>\n<li>Tavanomainen arkkuun kuuluva varustus (valkoinen paita ja sukat)<\/li>\n<li>Omat vaatteet:<\/li>\n<li>Muuta:<\/li>\n<li>J\u00e4t\u00e4n asian omaisteni p\u00e4\u00e4tett\u00e4v\u00e4ksi.<\/li>\n<\/ul>\n<p>Muita ohjeita (esim. puhuja(t), musiikki, kuolinilmoitus, kutsu, tarjoilu, arkku, uurna, hautakivi, kukat, lahjoitukset&#8230;)<\/p>\n","protected":false},"excerpt":{"rendered":"<p>Jo toista miljoonaa suomalaista el\u00e4\u00e4 el\u00e4m\u00e4\u00e4ns\u00e4 kuulumatta uskontokuntiin. El\u00e4m\u00e4n aikanaan p\u00e4\u00e4ttyess\u00e4 omaisten on kuitenkin ollut vaikea tiet\u00e4\u00e4 miten toimia, miten l\u00e4heinen itse olisi halunnut hautajaisensa j\u00e4rjestett\u00e4v\u00e4n, ellei asiaa ole otettu &#8230; <a title=\"Oman tahdon ilmaus\" class=\"read-more\" href=\"https:\/\/vapaa-ajattelijat.fi\/kotka\/oman-tahdon-ilmaus\/\" aria-label=\"Lue lis\u00e4\u00e4 aiheesta Oman tahdon ilmaus\">Lue lis\u00e4\u00e4<\/a><\/p>\n","protected":false},"author":37,"featured_media":0,"parent":0,"menu_order":4,"comment_status":"closed","ping_status":"closed","template":"","meta":{"footnotes":""},"class_list":["post-62","page","type-page","status-publish"],"yoast_head":"<!-- This site is optimized with the Yoast SEO plugin v27.4 - https:\/\/yoast.com\/product\/yoast-seo-wordpress\/ -->\n<title>Oman tahdon ilmaus - Kotkan Vapaa-ajattelijat ry<\/title>\n<meta name=\"robots\" content=\"index, follow, max-snippet:-1, max-image-preview:large, max-video-preview:-1\" \/>\n<link rel=\"canonical\" href=\"https:\/\/vapaa-ajattelijat.fi\/kotka\/oman-tahdon-ilmaus\/\" \/>\n<meta property=\"og:locale\" content=\"fi_FI\" \/>\n<meta property=\"og:type\" content=\"article\" \/>\n<meta property=\"og:title\" content=\"Oman tahdon ilmaus - Kotkan Vapaa-ajattelijat ry\" \/>\n<meta property=\"og:description\" content=\"Jo toista miljoonaa suomalaista el\u00e4\u00e4 el\u00e4m\u00e4\u00e4ns\u00e4 kuulumatta uskontokuntiin. El\u00e4m\u00e4n aikanaan p\u00e4\u00e4ttyess\u00e4 omaisten on kuitenkin ollut vaikea tiet\u00e4\u00e4 miten toimia, miten l\u00e4heinen itse olisi halunnut hautajaisensa j\u00e4rjestett\u00e4v\u00e4n, ellei asiaa ole otettu ... Lue lis\u00e4\u00e4\" \/>\n<meta property=\"og:url\" content=\"https:\/\/vapaa-ajattelijat.fi\/kotka\/oman-tahdon-ilmaus\/\" \/>\n<meta property=\"og:site_name\" content=\"Kotkan Vapaa-ajattelijat ry\" \/>\n<meta property=\"article:modified_time\" content=\"2025-11-01T17:35:29+00:00\" \/>\n<meta name=\"twitter:card\" content=\"summary_large_image\" \/>\n<meta name=\"twitter:label1\" content=\"Arvioitu lukuaika\" \/>\n\t<meta name=\"twitter:data1\" content=\"2 minuuttia\" \/>\n<script type=\"application\/ld+json\" class=\"yoast-schema-graph\">{\"@context\":\"https:\\\/\\\/schema.org\",\"@graph\":[{\"@type\":\"WebPage\",\"@id\":\"https:\\\/\\\/vapaa-ajattelijat.fi\\\/kotka\\\/oman-tahdon-ilmaus\\\/\",\"url\":\"https:\\\/\\\/vapaa-ajattelijat.fi\\\/kotka\\\/oman-tahdon-ilmaus\\\/\",\"name\":\"Oman tahdon ilmaus - Kotkan Vapaa-ajattelijat ry\",\"isPartOf\":{\"@id\":\"https:\\\/\\\/vapaa-ajattelijat.fi\\\/kotka\\\/#website\"},\"datePublished\":\"2020-11-24T12:57:42+00:00\",\"dateModified\":\"2025-11-01T17:35:29+00:00\",\"breadcrumb\":{\"@id\":\"https:\\\/\\\/vapaa-ajattelijat.fi\\\/kotka\\\/oman-tahdon-ilmaus\\\/#breadcrumb\"},\"inLanguage\":\"fi\",\"potentialAction\":[{\"@type\":\"ReadAction\",\"target\":[\"https:\\\/\\\/vapaa-ajattelijat.fi\\\/kotka\\\/oman-tahdon-ilmaus\\\/\"]}]},{\"@type\":\"BreadcrumbList\",\"@id\":\"https:\\\/\\\/vapaa-ajattelijat.fi\\\/kotka\\\/oman-tahdon-ilmaus\\\/#breadcrumb\",\"itemListElement\":[{\"@type\":\"ListItem\",\"position\":1,\"name\":\"Home\",\"item\":\"https:\\\/\\\/vapaa-ajattelijat.fi\\\/kotka\\\/\"},{\"@type\":\"ListItem\",\"position\":2,\"name\":\"Oman tahdon ilmaus\"}]},{\"@type\":\"WebSite\",\"@id\":\"https:\\\/\\\/vapaa-ajattelijat.fi\\\/kotka\\\/#website\",\"url\":\"https:\\\/\\\/vapaa-ajattelijat.fi\\\/kotka\\\/\",\"name\":\"Kotkan Vapaa-ajattelijat ry\",\"description\":\"\",\"publisher\":{\"@id\":\"https:\\\/\\\/vapaa-ajattelijat.fi\\\/kotka\\\/#organization\"},\"potentialAction\":[{\"@type\":\"SearchAction\",\"target\":{\"@type\":\"EntryPoint\",\"urlTemplate\":\"https:\\\/\\\/vapaa-ajattelijat.fi\\\/kotka\\\/?s={search_term_string}\"},\"query-input\":{\"@type\":\"PropertyValueSpecification\",\"valueRequired\":true,\"valueName\":\"search_term_string\"}}],\"inLanguage\":\"fi\"},{\"@type\":\"Organization\",\"@id\":\"https:\\\/\\\/vapaa-ajattelijat.fi\\\/kotka\\\/#organization\",\"name\":\"Kotkan Vapaa-ajattelijat ry\",\"url\":\"https:\\\/\\\/vapaa-ajattelijat.fi\\\/kotka\\\/\",\"logo\":{\"@type\":\"ImageObject\",\"inLanguage\":\"fi\",\"@id\":\"https:\\\/\\\/vapaa-ajattelijat.fi\\\/kotka\\\/#\\\/schema\\\/logo\\\/image\\\/\",\"url\":\"https:\\\/\\\/vapaa-ajattelijat.fi\\\/kotka\\\/wp-content\\\/uploads\\\/sites\\\/18\\\/2021\\\/01\\\/cropped-vaball-300x300-1-e1610285562722.png\",\"contentUrl\":\"https:\\\/\\\/vapaa-ajattelijat.fi\\\/kotka\\\/wp-content\\\/uploads\\\/sites\\\/18\\\/2021\\\/01\\\/cropped-vaball-300x300-1-e1610285562722.png\",\"width\":75,\"height\":75,\"caption\":\"Kotkan Vapaa-ajattelijat ry\"},\"image\":{\"@id\":\"https:\\\/\\\/vapaa-ajattelijat.fi\\\/kotka\\\/#\\\/schema\\\/logo\\\/image\\\/\"}}]}<\/script>\n<!-- \/ Yoast SEO plugin. -->","yoast_head_json":{"title":"Oman tahdon ilmaus - Kotkan Vapaa-ajattelijat ry","robots":{"index":"index","follow":"follow","max-snippet":"max-snippet:-1","max-image-preview":"max-image-preview:large","max-video-preview":"max-video-preview:-1"},"canonical":"https:\/\/vapaa-ajattelijat.fi\/kotka\/oman-tahdon-ilmaus\/","og_locale":"fi_FI","og_type":"article","og_title":"Oman tahdon ilmaus - Kotkan Vapaa-ajattelijat ry","og_description":"Jo toista miljoonaa suomalaista el\u00e4\u00e4 el\u00e4m\u00e4\u00e4ns\u00e4 kuulumatta uskontokuntiin. El\u00e4m\u00e4n aikanaan p\u00e4\u00e4ttyess\u00e4 omaisten on kuitenkin ollut vaikea tiet\u00e4\u00e4 miten toimia, miten l\u00e4heinen itse olisi halunnut hautajaisensa j\u00e4rjestett\u00e4v\u00e4n, ellei asiaa ole otettu ... Lue lis\u00e4\u00e4","og_url":"https:\/\/vapaa-ajattelijat.fi\/kotka\/oman-tahdon-ilmaus\/","og_site_name":"Kotkan Vapaa-ajattelijat ry","article_modified_time":"2025-11-01T17:35:29+00:00","twitter_card":"summary_large_image","twitter_misc":{"Arvioitu lukuaika":"2 minuuttia"},"schema":{"@context":"https:\/\/schema.org","@graph":[{"@type":"WebPage","@id":"https:\/\/vapaa-ajattelijat.fi\/kotka\/oman-tahdon-ilmaus\/","url":"https:\/\/vapaa-ajattelijat.fi\/kotka\/oman-tahdon-ilmaus\/","name":"Oman tahdon ilmaus - Kotkan Vapaa-ajattelijat ry","isPartOf":{"@id":"https:\/\/vapaa-ajattelijat.fi\/kotka\/#website"},"datePublished":"2020-11-24T12:57:42+00:00","dateModified":"2025-11-01T17:35:29+00:00","breadcrumb":{"@id":"https:\/\/vapaa-ajattelijat.fi\/kotka\/oman-tahdon-ilmaus\/#breadcrumb"},"inLanguage":"fi","potentialAction":[{"@type":"ReadAction","target":["https:\/\/vapaa-ajattelijat.fi\/kotka\/oman-tahdon-ilmaus\/"]}]},{"@type":"BreadcrumbList","@id":"https:\/\/vapaa-ajattelijat.fi\/kotka\/oman-tahdon-ilmaus\/#breadcrumb","itemListElement":[{"@type":"ListItem","position":1,"name":"Home","item":"https:\/\/vapaa-ajattelijat.fi\/kotka\/"},{"@type":"ListItem","position":2,"name":"Oman tahdon ilmaus"}]},{"@type":"WebSite","@id":"https:\/\/vapaa-ajattelijat.fi\/kotka\/#website","url":"https:\/\/vapaa-ajattelijat.fi\/kotka\/","name":"Kotkan Vapaa-ajattelijat ry","description":"","publisher":{"@id":"https:\/\/vapaa-ajattelijat.fi\/kotka\/#organization"},"potentialAction":[{"@type":"SearchAction","target":{"@type":"EntryPoint","urlTemplate":"https:\/\/vapaa-ajattelijat.fi\/kotka\/?s={search_term_string}"},"query-input":{"@type":"PropertyValueSpecification","valueRequired":true,"valueName":"search_term_string"}}],"inLanguage":"fi"},{"@type":"Organization","@id":"https:\/\/vapaa-ajattelijat.fi\/kotka\/#organization","name":"Kotkan Vapaa-ajattelijat ry","url":"https:\/\/vapaa-ajattelijat.fi\/kotka\/","logo":{"@type":"ImageObject","inLanguage":"fi","@id":"https:\/\/vapaa-ajattelijat.fi\/kotka\/#\/schema\/logo\/image\/","url":"https:\/\/vapaa-ajattelijat.fi\/kotka\/wp-content\/uploads\/sites\/18\/2021\/01\/cropped-vaball-300x300-1-e1610285562722.png","contentUrl":"https:\/\/vapaa-ajattelijat.fi\/kotka\/wp-content\/uploads\/sites\/18\/2021\/01\/cropped-vaball-300x300-1-e1610285562722.png","width":75,"height":75,"caption":"Kotkan Vapaa-ajattelijat ry"},"image":{"@id":"https:\/\/vapaa-ajattelijat.fi\/kotka\/#\/schema\/logo\/image\/"}}]}},"_links":{"self":[{"href":"https:\/\/vapaa-ajattelijat.fi\/kotka\/wp-json\/wp\/v2\/pages\/62","targetHints":{"allow":["GET"]}}],"collection":[{"href":"https:\/\/vapaa-ajattelijat.fi\/kotka\/wp-json\/wp\/v2\/pages"}],"about":[{"href":"https:\/\/vapaa-ajattelijat.fi\/kotka\/wp-json\/wp\/v2\/types\/page"}],"author":[{"embeddable":true,"href":"https:\/\/vapaa-ajattelijat.fi\/kotka\/wp-json\/wp\/v2\/users\/37"}],"replies":[{"embeddable":true,"href":"https:\/\/vapaa-ajattelijat.fi\/kotka\/wp-json\/wp\/v2\/comments?post=62"}],"version-history":[{"count":13,"href":"https:\/\/vapaa-ajattelijat.fi\/kotka\/wp-json\/wp\/v2\/pages\/62\/revisions"}],"predecessor-version":[{"id":654,"href":"https:\/\/vapaa-ajattelijat.fi\/kotka\/wp-json\/wp\/v2\/pages\/62\/revisions\/654"}],"wp:attachment":[{"href":"https:\/\/vapaa-ajattelijat.fi\/kotka\/wp-json\/wp\/v2\/media?parent=62"}],"curies":[{"name":"wp","href":"https:\/\/api.w.org\/{rel}","templated":true}]}}