{"id":52,"date":"2020-11-21T14:33:28","date_gmt":"2020-11-21T12:33:28","guid":{"rendered":"https:\/\/vapaa-ajattelijat.fi\/kotka0tilap\/?page_id=52"},"modified":"2026-03-29T19:23:47","modified_gmt":"2026-03-29T16:23:47","slug":"hautaustoimi","status":"publish","type":"page","link":"https:\/\/vapaa-ajattelijat.fi\/kotka\/hautaustoimi\/","title":{"rendered":"Hautaustoimi"},"content":{"rendered":"<p>Kaikkien el\u00e4m\u00e4 p\u00e4\u00e4ttyy joskus. Kun vainaja on elinaikanaan suunnitellut viimeisen matkansa, ilmaissut oman tahtonsa hautauksen k\u00e4yt\u00e4nn\u00f6n j\u00e4rjestelyist\u00e4, surun keskell\u00e4 omaisten on helpompaa ja lohdullisempaa toteuttaa toiveet. Tarvittaessa autamme hautaustoiveiden kirjaamisessa.<\/p>\n<p><img fetchpriority=\"high\" decoding=\"async\" width=\"802\" height=\"319\" class=\"alignnone size-medium wp-image-233\" src=\"https:\/\/vapaa-ajattelijat.fi\/kotka\/wp-content\/uploads\/sites\/18\/2021\/01\/Heinia_802x319.jpg\" alt=\"\" srcset=\"https:\/\/vapaa-ajattelijat.fi\/kotka\/wp-content\/uploads\/sites\/18\/2021\/01\/Heinia_802x319.jpg 802w, https:\/\/vapaa-ajattelijat.fi\/kotka\/wp-content\/uploads\/sites\/18\/2021\/01\/Heinia_802x319-300x119.jpg 300w, https:\/\/vapaa-ajattelijat.fi\/kotka\/wp-content\/uploads\/sites\/18\/2021\/01\/Heinia_802x319-768x305.jpg 768w\" sizes=\"(max-width: 802px) 100vw, 802px\" \/><\/p>\n<p>Hautauksen k\u00e4yt\u00e4nn\u00f6n j\u00e4rjestelyiss\u00e4 olemme apunanne. Yhdistyksemme yll\u00e4pit\u00e4\u00e4 tunnustuksetonta hautausmaata Kotkan Parikalla. Hautausmaamme on avoin kaikille tunnustuksetonta , ei-uskonnollista hautausta toivoville. Hautauksia tehd\u00e4\u00e4n vain sulan maan aikana, ei talvella.<\/p>\n<h2><b>Uurna veloituksetta<\/b><\/h2>\n<p>Yhdistyksemme tarjoaa veloituksetta k\u00e4ytt\u00f6\u00f6nne uurnan mik\u00e4li tuhka halutaan sirotella muistolehtoon, mereen tai muualle.<\/p>\n<h3><b>Hautaustoimen hinnat:<\/b><strong>\u00a0 \u00a0 \u00a0 \u00a0 \u00a0 \u00a0 \u00a0 \u00a0 \u00a0 \u00a0 \u00a0 \u00a0 \u00a0 \u00a0 \u00a0 \u00a0 \u00a0 \u00a0 \u00a0 \u00a0 \u00a0 \u00a0 \u00a0 \u00a0 \u00a0 \u00a0 \u00a0 \u00a0 \u00a0\u00a0<\/strong><\/h3>\n<table id=\"hthinnasto\">\n<tbody>\n<tr>\n<td>\n<h3><strong>Uuden hautapaikan lunastus\u00a0 \u00a0 \u00a0 \u00a0 \u00a0 \u00a0 \u00a0 \u00a0 \u00a0 \u00a0 \u00a0 \u00a0 \u00a0 \u00a0 \u00a0 \u00a0 \u00a0 \u00a0 \u00a0 \u00a0 \u00a0 \u00a0 \u00a0 \u00a0 \u00a0 \u00a0 \u00a0 \u00a0 \u00a0 \u00a0 \u00a0 \u00a0 \u00a0<\/strong><\/h3>\n<\/td>\n<td>\n<h3><strong>\u00a0500 euroa<\/strong><\/h3>\n<\/td>\n<\/tr>\n<tr>\n<td><span style=\"font-size: 20px\"><b>Uurnahautapaikka, tuhkan k\u00e4tkeminen tai muistolehto<\/b><\/span><br \/>\n<span style=\"font-size: 16px\">(sis\u00e4lt\u00e4\u00e4 kaivamisen ja peitt\u00e4misen sek\u00e4 perusparannukset)<\/span><\/td>\n<td><span style=\"font-size: 20px\"><b>\u00a0 345 euroa<\/b><\/span><\/td>\n<\/tr>\n<tr>\n<td><span style=\"font-size: 20px\"><b>Arkkuhautapaikka *<\/b><\/span><br \/>\n<span style=\"font-size: 16px\">(sis\u00e4lt\u00e4\u00e4 kaivamisen ja peitt\u00e4misen sek\u00e4 perusparannukset)<\/span><\/td>\n<td><span style=\"font-size: 20px\"><b>\u00a0\u00a0<\/b><\/span><\/td>\n<\/tr>\n<tr>\n<td><span style=\"font-size: 20px\"><b>Toimistomaksu\u00a0<\/b><\/span><\/td>\n<td>\u00a0\u00a0\u00a0 <span style=\"font-size: 20px\"><b>65 euroa<\/b><\/span><\/td>\n<\/tr>\n<tr>\n<td>\n<h6><span style=\"font-size: 20px\"><b>Ei-j\u00e4senille lis\u00e4maksu, <\/b>vastaa 10 vuoden j\u00e4senmaksua<\/span><\/h6>\n<\/td>\n<td><span style=\"font-size: 20px\">\u00a0 <strong>400<\/strong><b>\u00a0euroa<\/b><\/span><\/td>\n<\/tr>\n<\/tbody>\n<\/table>\n<p>* Arkkuhautauksia on viime vuosina tehty hyvin v\u00e4h\u00e4n. Voit kysy\u00e4 niist\u00e4 lis\u00e4tietoa toimistoltamme, yhteystiedot alempana.<\/p>\n<h2><b>Hautojen hoito<\/b><\/h2>\n<p>Yhdistyksemme hoitaa tilauksesta haudoille kukat ja kastelee ne koko kes\u00e4kauden ajan. Jokaiselle haudalle istutetaan yksi iso punainen begonia sek\u00e4 muutamia hopealehti\u00e4. Mik\u00e4li hautanne on suurempi ja haluatte useampia kukkia, voimme sopia niist\u00e4 erikseen. Erikoistoivomukset otetaan huomioon mahdollisuuksien rajoissa.<\/p>\n<p>Kukat ja kastelu kes\u00e4kuusta syyskuuhun 92 euroa. Tilauksesta teemme my\u00f6s haudan hoidon ja erillisen kunnostuksen, hinta yhden hengen haudalta 100 euroa, kahden hengen haudalta 160 euroa.<\/p>\n<p>Koska hautausmaamme on uskonnoton, pyyd\u00e4mme, ettei haudoille tuoda uskonnollisia symboleja, kuten enkelikoristeita tai ristej\u00e4. Hautakiven p\u00e4\u00e4lle <strong>ei saa<\/strong> laittaa mit\u00e4\u00e4n.<\/p>\n<div aria-hidden=\"true\">Kaatuneet kivet on nyt nostettu ja kallistuneet oikaistu ja pohjat kunnostettu yhdistyksen varoin. Koska ty\u00f6 oli vaativaa, tilasimme\u00a0 sen ammattilaiselta. Pyyd\u00e4mme jatkossa omaisia huolehtimaan omistamistaan hautakivist\u00e4.<br aria-hidden=\"true\" \/>Toivomme lahjoituksia hautausmaarahastoon.<\/div>\n<div aria-hidden=\"true\"><\/div>\n<div aria-hidden=\"true\">Pankkiyhteys<br aria-hidden=\"true\" \/>Tilinumero: FI05 5172 0220 1251 58<br aria-hidden=\"true\" \/>Pankin tunniste (BIC): OKOYFIHH<\/div>\n<div aria-hidden=\"true\"><\/div>\n<div>Soita 040-183966 tai s-posti: ullamaijaeerola@hotmail.com<\/div>\n<h2><\/h2>\n<h2><b>Suruadressi<\/b><\/h2>\n<p>Yhdistyksemme myy kaunista Vapaa-ajattelijoiden suruadressia. Hinta on 15 euroa + postimaksut.<\/p>\n<h2><b>Neuvonta<\/b><\/h2>\n<p>Puh: 0440 183 966<br \/>\nS-posti: kotka@vapaa-ajattelijat.fi<\/p>\n<p>Linkki hautausmaan karttaosoitteeseen:<br \/>\n<a href=\"https:\/\/www.google.fi\/maps\/place\/Parikantie+82,+48710+Kotka\" target=\"_blank\" rel=\"noopener\">https:\/\/www.google.fi\/maps\/place\/Parikantie+82,+48710+Kotka<\/a><\/p>\n","protected":false},"excerpt":{"rendered":"<p>Kaikkien el\u00e4m\u00e4 p\u00e4\u00e4ttyy joskus. Kun vainaja on elinaikanaan suunnitellut viimeisen matkansa, ilmaissut oman tahtonsa hautauksen k\u00e4yt\u00e4nn\u00f6n j\u00e4rjestelyist\u00e4, surun keskell\u00e4 omaisten on helpompaa ja lohdullisempaa toteuttaa toiveet. Tarvittaessa autamme hautaustoiveiden kirjaamisessa. &#8230; <a title=\"Hautaustoimi\" class=\"read-more\" href=\"https:\/\/vapaa-ajattelijat.fi\/kotka\/hautaustoimi\/\" aria-label=\"Lue lis\u00e4\u00e4 aiheesta Hautaustoimi\">Lue lis\u00e4\u00e4<\/a><\/p>\n","protected":false},"author":37,"featured_media":0,"parent":0,"menu_order":2,"comment_status":"closed","ping_status":"closed","template":"","meta":{"footnotes":""},"class_list":["post-52","page","type-page","status-publish"],"yoast_head":"<!-- This site is optimized with the Yoast SEO plugin v27.4 - https:\/\/yoast.com\/product\/yoast-seo-wordpress\/ -->\n<title>Hautaustoimi - Kotkan Vapaa-ajattelijat ry<\/title>\n<meta name=\"robots\" content=\"index, follow, max-snippet:-1, max-image-preview:large, max-video-preview:-1\" \/>\n<link rel=\"canonical\" href=\"https:\/\/vapaa-ajattelijat.fi\/kotka\/hautaustoimi\/\" \/>\n<meta property=\"og:locale\" content=\"fi_FI\" \/>\n<meta property=\"og:type\" content=\"article\" \/>\n<meta property=\"og:title\" content=\"Hautaustoimi - Kotkan Vapaa-ajattelijat ry\" \/>\n<meta property=\"og:description\" content=\"Kaikkien el\u00e4m\u00e4 p\u00e4\u00e4ttyy joskus. Kun vainaja on elinaikanaan suunnitellut viimeisen matkansa, ilmaissut oman tahtonsa hautauksen k\u00e4yt\u00e4nn\u00f6n j\u00e4rjestelyist\u00e4, surun keskell\u00e4 omaisten on helpompaa ja lohdullisempaa toteuttaa toiveet. Tarvittaessa autamme hautaustoiveiden kirjaamisessa. ... Lue lis\u00e4\u00e4\" \/>\n<meta property=\"og:url\" content=\"https:\/\/vapaa-ajattelijat.fi\/kotka\/hautaustoimi\/\" \/>\n<meta property=\"og:site_name\" content=\"Kotkan Vapaa-ajattelijat ry\" \/>\n<meta property=\"article:modified_time\" content=\"2026-03-29T16:23:47+00:00\" \/>\n<meta property=\"og:image\" content=\"https:\/\/vapaa-ajattelijat.fi\/kotka\/wp-content\/uploads\/sites\/18\/2021\/01\/Heinia_802x319.jpg\" \/>\n\t<meta property=\"og:image:width\" content=\"802\" \/>\n\t<meta property=\"og:image:height\" content=\"319\" \/>\n\t<meta property=\"og:image:type\" content=\"image\/jpeg\" \/>\n<meta name=\"twitter:card\" content=\"summary_large_image\" \/>\n<meta name=\"twitter:label1\" content=\"Arvioitu lukuaika\" \/>\n\t<meta name=\"twitter:data1\" content=\"2 minuuttia\" \/>\n<script type=\"application\/ld+json\" class=\"yoast-schema-graph\">{\"@context\":\"https:\\\/\\\/schema.org\",\"@graph\":[{\"@type\":\"WebPage\",\"@id\":\"https:\\\/\\\/vapaa-ajattelijat.fi\\\/kotka\\\/hautaustoimi\\\/\",\"url\":\"https:\\\/\\\/vapaa-ajattelijat.fi\\\/kotka\\\/hautaustoimi\\\/\",\"name\":\"Hautaustoimi - Kotkan Vapaa-ajattelijat ry\",\"isPartOf\":{\"@id\":\"https:\\\/\\\/vapaa-ajattelijat.fi\\\/kotka\\\/#website\"},\"primaryImageOfPage\":{\"@id\":\"https:\\\/\\\/vapaa-ajattelijat.fi\\\/kotka\\\/hautaustoimi\\\/#primaryimage\"},\"image\":{\"@id\":\"https:\\\/\\\/vapaa-ajattelijat.fi\\\/kotka\\\/hautaustoimi\\\/#primaryimage\"},\"thumbnailUrl\":\"https:\\\/\\\/vapaa-ajattelijat.fi\\\/kotka\\\/wp-content\\\/uploads\\\/sites\\\/18\\\/2021\\\/01\\\/Heinia_802x319.jpg\",\"datePublished\":\"2020-11-21T12:33:28+00:00\",\"dateModified\":\"2026-03-29T16:23:47+00:00\",\"breadcrumb\":{\"@id\":\"https:\\\/\\\/vapaa-ajattelijat.fi\\\/kotka\\\/hautaustoimi\\\/#breadcrumb\"},\"inLanguage\":\"fi\",\"potentialAction\":[{\"@type\":\"ReadAction\",\"target\":[\"https:\\\/\\\/vapaa-ajattelijat.fi\\\/kotka\\\/hautaustoimi\\\/\"]}]},{\"@type\":\"ImageObject\",\"inLanguage\":\"fi\",\"@id\":\"https:\\\/\\\/vapaa-ajattelijat.fi\\\/kotka\\\/hautaustoimi\\\/#primaryimage\",\"url\":\"https:\\\/\\\/vapaa-ajattelijat.fi\\\/kotka\\\/wp-content\\\/uploads\\\/sites\\\/18\\\/2021\\\/01\\\/Heinia_802x319.jpg\",\"contentUrl\":\"https:\\\/\\\/vapaa-ajattelijat.fi\\\/kotka\\\/wp-content\\\/uploads\\\/sites\\\/18\\\/2021\\\/01\\\/Heinia_802x319.jpg\",\"width\":802,\"height\":319},{\"@type\":\"BreadcrumbList\",\"@id\":\"https:\\\/\\\/vapaa-ajattelijat.fi\\\/kotka\\\/hautaustoimi\\\/#breadcrumb\",\"itemListElement\":[{\"@type\":\"ListItem\",\"position\":1,\"name\":\"Home\",\"item\":\"https:\\\/\\\/vapaa-ajattelijat.fi\\\/kotka\\\/\"},{\"@type\":\"ListItem\",\"position\":2,\"name\":\"Hautaustoimi\"}]},{\"@type\":\"WebSite\",\"@id\":\"https:\\\/\\\/vapaa-ajattelijat.fi\\\/kotka\\\/#website\",\"url\":\"https:\\\/\\\/vapaa-ajattelijat.fi\\\/kotka\\\/\",\"name\":\"Kotkan Vapaa-ajattelijat ry\",\"description\":\"\",\"publisher\":{\"@id\":\"https:\\\/\\\/vapaa-ajattelijat.fi\\\/kotka\\\/#organization\"},\"potentialAction\":[{\"@type\":\"SearchAction\",\"target\":{\"@type\":\"EntryPoint\",\"urlTemplate\":\"https:\\\/\\\/vapaa-ajattelijat.fi\\\/kotka\\\/?s={search_term_string}\"},\"query-input\":{\"@type\":\"PropertyValueSpecification\",\"valueRequired\":true,\"valueName\":\"search_term_string\"}}],\"inLanguage\":\"fi\"},{\"@type\":\"Organization\",\"@id\":\"https:\\\/\\\/vapaa-ajattelijat.fi\\\/kotka\\\/#organization\",\"name\":\"Kotkan Vapaa-ajattelijat ry\",\"url\":\"https:\\\/\\\/vapaa-ajattelijat.fi\\\/kotka\\\/\",\"logo\":{\"@type\":\"ImageObject\",\"inLanguage\":\"fi\",\"@id\":\"https:\\\/\\\/vapaa-ajattelijat.fi\\\/kotka\\\/#\\\/schema\\\/logo\\\/image\\\/\",\"url\":\"https:\\\/\\\/vapaa-ajattelijat.fi\\\/kotka\\\/wp-content\\\/uploads\\\/sites\\\/18\\\/2021\\\/01\\\/cropped-vaball-300x300-1-e1610285562722.png\",\"contentUrl\":\"https:\\\/\\\/vapaa-ajattelijat.fi\\\/kotka\\\/wp-content\\\/uploads\\\/sites\\\/18\\\/2021\\\/01\\\/cropped-vaball-300x300-1-e1610285562722.png\",\"width\":75,\"height\":75,\"caption\":\"Kotkan Vapaa-ajattelijat ry\"},\"image\":{\"@id\":\"https:\\\/\\\/vapaa-ajattelijat.fi\\\/kotka\\\/#\\\/schema\\\/logo\\\/image\\\/\"}}]}<\/script>\n<!-- \/ Yoast SEO plugin. -->","yoast_head_json":{"title":"Hautaustoimi - Kotkan Vapaa-ajattelijat ry","robots":{"index":"index","follow":"follow","max-snippet":"max-snippet:-1","max-image-preview":"max-image-preview:large","max-video-preview":"max-video-preview:-1"},"canonical":"https:\/\/vapaa-ajattelijat.fi\/kotka\/hautaustoimi\/","og_locale":"fi_FI","og_type":"article","og_title":"Hautaustoimi - Kotkan Vapaa-ajattelijat ry","og_description":"Kaikkien el\u00e4m\u00e4 p\u00e4\u00e4ttyy joskus. Kun vainaja on elinaikanaan suunnitellut viimeisen matkansa, ilmaissut oman tahtonsa hautauksen k\u00e4yt\u00e4nn\u00f6n j\u00e4rjestelyist\u00e4, surun keskell\u00e4 omaisten on helpompaa ja lohdullisempaa toteuttaa toiveet. Tarvittaessa autamme hautaustoiveiden kirjaamisessa. ... Lue lis\u00e4\u00e4","og_url":"https:\/\/vapaa-ajattelijat.fi\/kotka\/hautaustoimi\/","og_site_name":"Kotkan Vapaa-ajattelijat ry","article_modified_time":"2026-03-29T16:23:47+00:00","og_image":[{"width":802,"height":319,"url":"https:\/\/vapaa-ajattelijat.fi\/kotka\/wp-content\/uploads\/sites\/18\/2021\/01\/Heinia_802x319.jpg","type":"image\/jpeg"}],"twitter_card":"summary_large_image","twitter_misc":{"Arvioitu lukuaika":"2 minuuttia"},"schema":{"@context":"https:\/\/schema.org","@graph":[{"@type":"WebPage","@id":"https:\/\/vapaa-ajattelijat.fi\/kotka\/hautaustoimi\/","url":"https:\/\/vapaa-ajattelijat.fi\/kotka\/hautaustoimi\/","name":"Hautaustoimi - Kotkan Vapaa-ajattelijat ry","isPartOf":{"@id":"https:\/\/vapaa-ajattelijat.fi\/kotka\/#website"},"primaryImageOfPage":{"@id":"https:\/\/vapaa-ajattelijat.fi\/kotka\/hautaustoimi\/#primaryimage"},"image":{"@id":"https:\/\/vapaa-ajattelijat.fi\/kotka\/hautaustoimi\/#primaryimage"},"thumbnailUrl":"https:\/\/vapaa-ajattelijat.fi\/kotka\/wp-content\/uploads\/sites\/18\/2021\/01\/Heinia_802x319.jpg","datePublished":"2020-11-21T12:33:28+00:00","dateModified":"2026-03-29T16:23:47+00:00","breadcrumb":{"@id":"https:\/\/vapaa-ajattelijat.fi\/kotka\/hautaustoimi\/#breadcrumb"},"inLanguage":"fi","potentialAction":[{"@type":"ReadAction","target":["https:\/\/vapaa-ajattelijat.fi\/kotka\/hautaustoimi\/"]}]},{"@type":"ImageObject","inLanguage":"fi","@id":"https:\/\/vapaa-ajattelijat.fi\/kotka\/hautaustoimi\/#primaryimage","url":"https:\/\/vapaa-ajattelijat.fi\/kotka\/wp-content\/uploads\/sites\/18\/2021\/01\/Heinia_802x319.jpg","contentUrl":"https:\/\/vapaa-ajattelijat.fi\/kotka\/wp-content\/uploads\/sites\/18\/2021\/01\/Heinia_802x319.jpg","width":802,"height":319},{"@type":"BreadcrumbList","@id":"https:\/\/vapaa-ajattelijat.fi\/kotka\/hautaustoimi\/#breadcrumb","itemListElement":[{"@type":"ListItem","position":1,"name":"Home","item":"https:\/\/vapaa-ajattelijat.fi\/kotka\/"},{"@type":"ListItem","position":2,"name":"Hautaustoimi"}]},{"@type":"WebSite","@id":"https:\/\/vapaa-ajattelijat.fi\/kotka\/#website","url":"https:\/\/vapaa-ajattelijat.fi\/kotka\/","name":"Kotkan Vapaa-ajattelijat ry","description":"","publisher":{"@id":"https:\/\/vapaa-ajattelijat.fi\/kotka\/#organization"},"potentialAction":[{"@type":"SearchAction","target":{"@type":"EntryPoint","urlTemplate":"https:\/\/vapaa-ajattelijat.fi\/kotka\/?s={search_term_string}"},"query-input":{"@type":"PropertyValueSpecification","valueRequired":true,"valueName":"search_term_string"}}],"inLanguage":"fi"},{"@type":"Organization","@id":"https:\/\/vapaa-ajattelijat.fi\/kotka\/#organization","name":"Kotkan Vapaa-ajattelijat ry","url":"https:\/\/vapaa-ajattelijat.fi\/kotka\/","logo":{"@type":"ImageObject","inLanguage":"fi","@id":"https:\/\/vapaa-ajattelijat.fi\/kotka\/#\/schema\/logo\/image\/","url":"https:\/\/vapaa-ajattelijat.fi\/kotka\/wp-content\/uploads\/sites\/18\/2021\/01\/cropped-vaball-300x300-1-e1610285562722.png","contentUrl":"https:\/\/vapaa-ajattelijat.fi\/kotka\/wp-content\/uploads\/sites\/18\/2021\/01\/cropped-vaball-300x300-1-e1610285562722.png","width":75,"height":75,"caption":"Kotkan Vapaa-ajattelijat ry"},"image":{"@id":"https:\/\/vapaa-ajattelijat.fi\/kotka\/#\/schema\/logo\/image\/"}}]}},"_links":{"self":[{"href":"https:\/\/vapaa-ajattelijat.fi\/kotka\/wp-json\/wp\/v2\/pages\/52","targetHints":{"allow":["GET"]}}],"collection":[{"href":"https:\/\/vapaa-ajattelijat.fi\/kotka\/wp-json\/wp\/v2\/pages"}],"about":[{"href":"https:\/\/vapaa-ajattelijat.fi\/kotka\/wp-json\/wp\/v2\/types\/page"}],"author":[{"embeddable":true,"href":"https:\/\/vapaa-ajattelijat.fi\/kotka\/wp-json\/wp\/v2\/users\/37"}],"replies":[{"embeddable":true,"href":"https:\/\/vapaa-ajattelijat.fi\/kotka\/wp-json\/wp\/v2\/comments?post=52"}],"version-history":[{"count":66,"href":"https:\/\/vapaa-ajattelijat.fi\/kotka\/wp-json\/wp\/v2\/pages\/52\/revisions"}],"predecessor-version":[{"id":678,"href":"https:\/\/vapaa-ajattelijat.fi\/kotka\/wp-json\/wp\/v2\/pages\/52\/revisions\/678"}],"wp:attachment":[{"href":"https:\/\/vapaa-ajattelijat.fi\/kotka\/wp-json\/wp\/v2\/media?parent=52"}],"curies":[{"name":"wp","href":"https:\/\/api.w.org\/{rel}","templated":true}]}}