{"id":48,"date":"2020-11-21T13:30:21","date_gmt":"2020-11-21T11:30:21","guid":{"rendered":"https:\/\/vapaa-ajattelijat.fi\/kotka0tilap\/?page_id=48"},"modified":"2026-03-29T19:12:55","modified_gmt":"2026-03-29T16:12:55","slug":"jasenyys","status":"publish","type":"page","link":"https:\/\/vapaa-ajattelijat.fi\/kotka\/jasenyys\/","title":{"rendered":"J\u00e4senyys"},"content":{"rendered":"<p>Jos olet kiinnostunut j\u00e4senyydest\u00e4 Kotkan Vapaa-ajattelijoissa, laita s\u00e4hk\u00f6postia osoitteeseen kotka@vapaa-ajattelijat.fi<\/p>\n<p>Vaihtoehtoisesti voit t\u00e4ytt\u00e4\u00e4 Suomen Vapaa-ajattelijain Liiton <a href=\"https:\/\/vapaa-ajattelijat.fi\/liity-jaseneksi\/\" target=\"_blank\" rel=\"noopener noreferrer\">nettilomakkeen<\/a>.<\/p>\n<p>1.1.2022 alkaen j\u00e4senmaksumme on 40 \u20ac, johon sis\u00e4ltyy nelj\u00e4 kertaa vuodessa ilmestyv\u00e4 j\u00e4senlehti kotiin kannettuna.<\/p>\n","protected":false},"excerpt":{"rendered":"<p>Jos olet kiinnostunut j\u00e4senyydest\u00e4 Kotkan Vapaa-ajattelijoissa, laita s\u00e4hk\u00f6postia osoitteeseen kotka@vapaa-ajattelijat.fi Vaihtoehtoisesti voit t\u00e4ytt\u00e4\u00e4 Suomen Vapaa-ajattelijain Liiton nettilomakkeen. 1.1.2022 alkaen j\u00e4senmaksumme on 40 \u20ac, johon sis\u00e4ltyy nelj\u00e4 kertaa vuodessa ilmestyv\u00e4 j\u00e4senlehti &#8230; <a title=\"J\u00e4senyys\" class=\"read-more\" href=\"https:\/\/vapaa-ajattelijat.fi\/kotka\/jasenyys\/\" aria-label=\"Lue lis\u00e4\u00e4 aiheesta J\u00e4senyys\">Lue lis\u00e4\u00e4<\/a><\/p>\n","protected":false},"author":37,"featured_media":0,"parent":0,"menu_order":6,"comment_status":"closed","ping_status":"closed","template":"","meta":{"footnotes":""},"class_list":["post-48","page","type-page","status-publish"],"yoast_head":"<!-- This site is optimized with the Yoast SEO plugin v27.4 - https:\/\/yoast.com\/product\/yoast-seo-wordpress\/ -->\n<title>J\u00e4senyys - Kotkan Vapaa-ajattelijat ry<\/title>\n<meta name=\"robots\" content=\"index, follow, max-snippet:-1, max-image-preview:large, max-video-preview:-1\" \/>\n<link rel=\"canonical\" href=\"https:\/\/vapaa-ajattelijat.fi\/kotka\/jasenyys\/\" \/>\n<meta property=\"og:locale\" content=\"fi_FI\" \/>\n<meta property=\"og:type\" content=\"article\" \/>\n<meta property=\"og:title\" content=\"J\u00e4senyys - Kotkan Vapaa-ajattelijat ry\" \/>\n<meta property=\"og:description\" content=\"Jos olet kiinnostunut j\u00e4senyydest\u00e4 Kotkan Vapaa-ajattelijoissa, laita s\u00e4hk\u00f6postia osoitteeseen kotka@vapaa-ajattelijat.fi Vaihtoehtoisesti voit t\u00e4ytt\u00e4\u00e4 Suomen Vapaa-ajattelijain Liiton nettilomakkeen. 1.1.2022 alkaen j\u00e4senmaksumme on 40 \u20ac, johon sis\u00e4ltyy nelj\u00e4 kertaa vuodessa ilmestyv\u00e4 j\u00e4senlehti ... Lue lis\u00e4\u00e4\" \/>\n<meta property=\"og:url\" content=\"https:\/\/vapaa-ajattelijat.fi\/kotka\/jasenyys\/\" \/>\n<meta property=\"og:site_name\" content=\"Kotkan Vapaa-ajattelijat ry\" \/>\n<meta property=\"article:modified_time\" content=\"2026-03-29T16:12:55+00:00\" \/>\n<meta name=\"twitter:card\" content=\"summary_large_image\" \/>\n<meta name=\"twitter:label1\" content=\"Arvioitu lukuaika\" \/>\n\t<meta name=\"twitter:data1\" content=\"1 minuutti\" \/>\n<script type=\"application\/ld+json\" class=\"yoast-schema-graph\">{\"@context\":\"https:\\\/\\\/schema.org\",\"@graph\":[{\"@type\":\"WebPage\",\"@id\":\"https:\\\/\\\/vapaa-ajattelijat.fi\\\/kotka\\\/jasenyys\\\/\",\"url\":\"https:\\\/\\\/vapaa-ajattelijat.fi\\\/kotka\\\/jasenyys\\\/\",\"name\":\"J\u00e4senyys - Kotkan Vapaa-ajattelijat ry\",\"isPartOf\":{\"@id\":\"https:\\\/\\\/vapaa-ajattelijat.fi\\\/kotka\\\/#website\"},\"datePublished\":\"2020-11-21T11:30:21+00:00\",\"dateModified\":\"2026-03-29T16:12:55+00:00\",\"breadcrumb\":{\"@id\":\"https:\\\/\\\/vapaa-ajattelijat.fi\\\/kotka\\\/jasenyys\\\/#breadcrumb\"},\"inLanguage\":\"fi\",\"potentialAction\":[{\"@type\":\"ReadAction\",\"target\":[\"https:\\\/\\\/vapaa-ajattelijat.fi\\\/kotka\\\/jasenyys\\\/\"]}]},{\"@type\":\"BreadcrumbList\",\"@id\":\"https:\\\/\\\/vapaa-ajattelijat.fi\\\/kotka\\\/jasenyys\\\/#breadcrumb\",\"itemListElement\":[{\"@type\":\"ListItem\",\"position\":1,\"name\":\"Home\",\"item\":\"https:\\\/\\\/vapaa-ajattelijat.fi\\\/kotka\\\/\"},{\"@type\":\"ListItem\",\"position\":2,\"name\":\"J\u00e4senyys\"}]},{\"@type\":\"WebSite\",\"@id\":\"https:\\\/\\\/vapaa-ajattelijat.fi\\\/kotka\\\/#website\",\"url\":\"https:\\\/\\\/vapaa-ajattelijat.fi\\\/kotka\\\/\",\"name\":\"Kotkan Vapaa-ajattelijat ry\",\"description\":\"\",\"publisher\":{\"@id\":\"https:\\\/\\\/vapaa-ajattelijat.fi\\\/kotka\\\/#organization\"},\"potentialAction\":[{\"@type\":\"SearchAction\",\"target\":{\"@type\":\"EntryPoint\",\"urlTemplate\":\"https:\\\/\\\/vapaa-ajattelijat.fi\\\/kotka\\\/?s={search_term_string}\"},\"query-input\":{\"@type\":\"PropertyValueSpecification\",\"valueRequired\":true,\"valueName\":\"search_term_string\"}}],\"inLanguage\":\"fi\"},{\"@type\":\"Organization\",\"@id\":\"https:\\\/\\\/vapaa-ajattelijat.fi\\\/kotka\\\/#organization\",\"name\":\"Kotkan Vapaa-ajattelijat ry\",\"url\":\"https:\\\/\\\/vapaa-ajattelijat.fi\\\/kotka\\\/\",\"logo\":{\"@type\":\"ImageObject\",\"inLanguage\":\"fi\",\"@id\":\"https:\\\/\\\/vapaa-ajattelijat.fi\\\/kotka\\\/#\\\/schema\\\/logo\\\/image\\\/\",\"url\":\"https:\\\/\\\/vapaa-ajattelijat.fi\\\/kotka\\\/wp-content\\\/uploads\\\/sites\\\/18\\\/2021\\\/01\\\/cropped-vaball-300x300-1-e1610285562722.png\",\"contentUrl\":\"https:\\\/\\\/vapaa-ajattelijat.fi\\\/kotka\\\/wp-content\\\/uploads\\\/sites\\\/18\\\/2021\\\/01\\\/cropped-vaball-300x300-1-e1610285562722.png\",\"width\":75,\"height\":75,\"caption\":\"Kotkan Vapaa-ajattelijat ry\"},\"image\":{\"@id\":\"https:\\\/\\\/vapaa-ajattelijat.fi\\\/kotka\\\/#\\\/schema\\\/logo\\\/image\\\/\"}}]}<\/script>\n<!-- \/ Yoast SEO plugin. -->","yoast_head_json":{"title":"J\u00e4senyys - Kotkan Vapaa-ajattelijat ry","robots":{"index":"index","follow":"follow","max-snippet":"max-snippet:-1","max-image-preview":"max-image-preview:large","max-video-preview":"max-video-preview:-1"},"canonical":"https:\/\/vapaa-ajattelijat.fi\/kotka\/jasenyys\/","og_locale":"fi_FI","og_type":"article","og_title":"J\u00e4senyys - Kotkan Vapaa-ajattelijat ry","og_description":"Jos olet kiinnostunut j\u00e4senyydest\u00e4 Kotkan Vapaa-ajattelijoissa, laita s\u00e4hk\u00f6postia osoitteeseen kotka@vapaa-ajattelijat.fi Vaihtoehtoisesti voit t\u00e4ytt\u00e4\u00e4 Suomen Vapaa-ajattelijain Liiton nettilomakkeen. 1.1.2022 alkaen j\u00e4senmaksumme on 40 \u20ac, johon sis\u00e4ltyy nelj\u00e4 kertaa vuodessa ilmestyv\u00e4 j\u00e4senlehti ... Lue lis\u00e4\u00e4","og_url":"https:\/\/vapaa-ajattelijat.fi\/kotka\/jasenyys\/","og_site_name":"Kotkan Vapaa-ajattelijat ry","article_modified_time":"2026-03-29T16:12:55+00:00","twitter_card":"summary_large_image","twitter_misc":{"Arvioitu lukuaika":"1 minuutti"},"schema":{"@context":"https:\/\/schema.org","@graph":[{"@type":"WebPage","@id":"https:\/\/vapaa-ajattelijat.fi\/kotka\/jasenyys\/","url":"https:\/\/vapaa-ajattelijat.fi\/kotka\/jasenyys\/","name":"J\u00e4senyys - Kotkan Vapaa-ajattelijat ry","isPartOf":{"@id":"https:\/\/vapaa-ajattelijat.fi\/kotka\/#website"},"datePublished":"2020-11-21T11:30:21+00:00","dateModified":"2026-03-29T16:12:55+00:00","breadcrumb":{"@id":"https:\/\/vapaa-ajattelijat.fi\/kotka\/jasenyys\/#breadcrumb"},"inLanguage":"fi","potentialAction":[{"@type":"ReadAction","target":["https:\/\/vapaa-ajattelijat.fi\/kotka\/jasenyys\/"]}]},{"@type":"BreadcrumbList","@id":"https:\/\/vapaa-ajattelijat.fi\/kotka\/jasenyys\/#breadcrumb","itemListElement":[{"@type":"ListItem","position":1,"name":"Home","item":"https:\/\/vapaa-ajattelijat.fi\/kotka\/"},{"@type":"ListItem","position":2,"name":"J\u00e4senyys"}]},{"@type":"WebSite","@id":"https:\/\/vapaa-ajattelijat.fi\/kotka\/#website","url":"https:\/\/vapaa-ajattelijat.fi\/kotka\/","name":"Kotkan Vapaa-ajattelijat ry","description":"","publisher":{"@id":"https:\/\/vapaa-ajattelijat.fi\/kotka\/#organization"},"potentialAction":[{"@type":"SearchAction","target":{"@type":"EntryPoint","urlTemplate":"https:\/\/vapaa-ajattelijat.fi\/kotka\/?s={search_term_string}"},"query-input":{"@type":"PropertyValueSpecification","valueRequired":true,"valueName":"search_term_string"}}],"inLanguage":"fi"},{"@type":"Organization","@id":"https:\/\/vapaa-ajattelijat.fi\/kotka\/#organization","name":"Kotkan Vapaa-ajattelijat ry","url":"https:\/\/vapaa-ajattelijat.fi\/kotka\/","logo":{"@type":"ImageObject","inLanguage":"fi","@id":"https:\/\/vapaa-ajattelijat.fi\/kotka\/#\/schema\/logo\/image\/","url":"https:\/\/vapaa-ajattelijat.fi\/kotka\/wp-content\/uploads\/sites\/18\/2021\/01\/cropped-vaball-300x300-1-e1610285562722.png","contentUrl":"https:\/\/vapaa-ajattelijat.fi\/kotka\/wp-content\/uploads\/sites\/18\/2021\/01\/cropped-vaball-300x300-1-e1610285562722.png","width":75,"height":75,"caption":"Kotkan Vapaa-ajattelijat ry"},"image":{"@id":"https:\/\/vapaa-ajattelijat.fi\/kotka\/#\/schema\/logo\/image\/"}}]}},"_links":{"self":[{"href":"https:\/\/vapaa-ajattelijat.fi\/kotka\/wp-json\/wp\/v2\/pages\/48","targetHints":{"allow":["GET"]}}],"collection":[{"href":"https:\/\/vapaa-ajattelijat.fi\/kotka\/wp-json\/wp\/v2\/pages"}],"about":[{"href":"https:\/\/vapaa-ajattelijat.fi\/kotka\/wp-json\/wp\/v2\/types\/page"}],"author":[{"embeddable":true,"href":"https:\/\/vapaa-ajattelijat.fi\/kotka\/wp-json\/wp\/v2\/users\/37"}],"replies":[{"embeddable":true,"href":"https:\/\/vapaa-ajattelijat.fi\/kotka\/wp-json\/wp\/v2\/comments?post=48"}],"version-history":[{"count":8,"href":"https:\/\/vapaa-ajattelijat.fi\/kotka\/wp-json\/wp\/v2\/pages\/48\/revisions"}],"predecessor-version":[{"id":676,"href":"https:\/\/vapaa-ajattelijat.fi\/kotka\/wp-json\/wp\/v2\/pages\/48\/revisions\/676"}],"wp:attachment":[{"href":"https:\/\/vapaa-ajattelijat.fi\/kotka\/wp-json\/wp\/v2\/media?parent=48"}],"curies":[{"name":"wp","href":"https:\/\/api.w.org\/{rel}","templated":true}]}}