{"id":458,"date":"2021-05-12T14:02:15","date_gmt":"2021-05-12T11:02:15","guid":{"rendered":"https:\/\/vapaa-ajattelijat.fi\/kotka\/?page_id=458"},"modified":"2025-02-07T17:52:49","modified_gmt":"2025-02-07T15:52:49","slug":"hautausmaa-90-v","status":"publish","type":"page","link":"https:\/\/vapaa-ajattelijat.fi\/kotka\/hautausmaa-90-v\/","title":{"rendered":"Hautausmaa 90 v"},"content":{"rendered":"<p>10.5.1931 vietettiin Kotkan vapaa-ajattelijoiden hautausmaan ensimm\u00e4isi\u00e4 hautajaisia. Hautausmaamme on Suomen vanhin ja suurin vapaa-ajattelijoiden hautausmaa. Hautausmaamme on tunnustukseton, vailla mink\u00e4\u00e4n uskonnon symboleja. Hautausmaamme on avoin kaikille, jotka haluavat vaihtoehdon kirkon hautausmaalle. Uurnalehtoon voi laskea tuhkauurnan, tai tuhkan voi k\u00e4tke\u00e4 merkitsem\u00e4tt\u00f6m\u00e4\u00e4n paikkaan nurmikon alle. Mereen sirotellun tai muualle haudatun vainajan nimilaatan voi kiinnitt\u00e4\u00e4 graniittipaateen hautausmaan yl\u00e4osassa.<\/p>\n<p><img decoding=\"async\" src=\"https:\/\/vapaa-ajattelijat.fi\/kotka\/wp-content\/uploads\/sites\/18\/2021\/05\/IMG_0601-rotated.jpg\" alt=\"\" \/><\/p>\n","protected":false},"excerpt":{"rendered":"<p>10.5.1931 vietettiin Kotkan vapaa-ajattelijoiden hautausmaan ensimm\u00e4isi\u00e4 hautajaisia. Hautausmaamme on Suomen vanhin ja suurin vapaa-ajattelijoiden hautausmaa. Hautausmaamme on tunnustukseton, vailla mink\u00e4\u00e4n uskonnon symboleja. Hautausmaamme on avoin kaikille, jotka haluavat vaihtoehdon kirkon &#8230; <a title=\"Hautausmaa 90 v\" class=\"read-more\" href=\"https:\/\/vapaa-ajattelijat.fi\/kotka\/hautausmaa-90-v\/\" aria-label=\"Lue lis\u00e4\u00e4 aiheesta Hautausmaa 90 v\">Lue lis\u00e4\u00e4<\/a><\/p>\n","protected":false},"author":37,"featured_media":0,"parent":0,"menu_order":0,"comment_status":"closed","ping_status":"closed","template":"","meta":{"footnotes":""},"class_list":["post-458","page","type-page","status-publish"],"yoast_head":"<!-- This site is optimized with the Yoast SEO plugin v27.4 - https:\/\/yoast.com\/product\/yoast-seo-wordpress\/ -->\n<title>Hautausmaa 90 v - Kotkan Vapaa-ajattelijat ry<\/title>\n<meta name=\"robots\" content=\"index, follow, max-snippet:-1, max-image-preview:large, max-video-preview:-1\" \/>\n<link rel=\"canonical\" href=\"https:\/\/vapaa-ajattelijat.fi\/kotka\/hautausmaa-90-v\/\" \/>\n<meta property=\"og:locale\" content=\"fi_FI\" \/>\n<meta property=\"og:type\" content=\"article\" \/>\n<meta property=\"og:title\" content=\"Hautausmaa 90 v - Kotkan Vapaa-ajattelijat ry\" \/>\n<meta property=\"og:description\" content=\"10.5.1931 vietettiin Kotkan vapaa-ajattelijoiden hautausmaan ensimm\u00e4isi\u00e4 hautajaisia. Hautausmaamme on Suomen vanhin ja suurin vapaa-ajattelijoiden hautausmaa. Hautausmaamme on tunnustukseton, vailla mink\u00e4\u00e4n uskonnon symboleja. Hautausmaamme on avoin kaikille, jotka haluavat vaihtoehdon kirkon ... Lue lis\u00e4\u00e4\" \/>\n<meta property=\"og:url\" content=\"https:\/\/vapaa-ajattelijat.fi\/kotka\/hautausmaa-90-v\/\" \/>\n<meta property=\"og:site_name\" content=\"Kotkan Vapaa-ajattelijat ry\" \/>\n<meta property=\"article:modified_time\" content=\"2025-02-07T15:52:49+00:00\" \/>\n<meta property=\"og:image\" content=\"https:\/\/vapaa-ajattelijat.fi\/kotka\/wp-content\/uploads\/sites\/18\/2021\/05\/IMG_0601-rotated.jpg\" \/>\n<meta name=\"twitter:card\" content=\"summary_large_image\" \/>\n<script type=\"application\/ld+json\" class=\"yoast-schema-graph\">{\"@context\":\"https:\\\/\\\/schema.org\",\"@graph\":[{\"@type\":\"WebPage\",\"@id\":\"https:\\\/\\\/vapaa-ajattelijat.fi\\\/kotka\\\/hautausmaa-90-v\\\/\",\"url\":\"https:\\\/\\\/vapaa-ajattelijat.fi\\\/kotka\\\/hautausmaa-90-v\\\/\",\"name\":\"Hautausmaa 90 v - Kotkan Vapaa-ajattelijat ry\",\"isPartOf\":{\"@id\":\"https:\\\/\\\/vapaa-ajattelijat.fi\\\/kotka\\\/#website\"},\"primaryImageOfPage\":{\"@id\":\"https:\\\/\\\/vapaa-ajattelijat.fi\\\/kotka\\\/hautausmaa-90-v\\\/#primaryimage\"},\"image\":{\"@id\":\"https:\\\/\\\/vapaa-ajattelijat.fi\\\/kotka\\\/hautausmaa-90-v\\\/#primaryimage\"},\"thumbnailUrl\":\"https:\\\/\\\/vapaa-ajattelijat.fi\\\/kotka\\\/wp-content\\\/uploads\\\/sites\\\/18\\\/2021\\\/05\\\/IMG_0601-rotated.jpg\",\"datePublished\":\"2021-05-12T11:02:15+00:00\",\"dateModified\":\"2025-02-07T15:52:49+00:00\",\"breadcrumb\":{\"@id\":\"https:\\\/\\\/vapaa-ajattelijat.fi\\\/kotka\\\/hautausmaa-90-v\\\/#breadcrumb\"},\"inLanguage\":\"fi\",\"potentialAction\":[{\"@type\":\"ReadAction\",\"target\":[\"https:\\\/\\\/vapaa-ajattelijat.fi\\\/kotka\\\/hautausmaa-90-v\\\/\"]}]},{\"@type\":\"ImageObject\",\"inLanguage\":\"fi\",\"@id\":\"https:\\\/\\\/vapaa-ajattelijat.fi\\\/kotka\\\/hautausmaa-90-v\\\/#primaryimage\",\"url\":\"https:\\\/\\\/vapaa-ajattelijat.fi\\\/kotka\\\/wp-content\\\/uploads\\\/sites\\\/18\\\/2021\\\/05\\\/IMG_0601-rotated.jpg\",\"contentUrl\":\"https:\\\/\\\/vapaa-ajattelijat.fi\\\/kotka\\\/wp-content\\\/uploads\\\/sites\\\/18\\\/2021\\\/05\\\/IMG_0601-rotated.jpg\"},{\"@type\":\"BreadcrumbList\",\"@id\":\"https:\\\/\\\/vapaa-ajattelijat.fi\\\/kotka\\\/hautausmaa-90-v\\\/#breadcrumb\",\"itemListElement\":[{\"@type\":\"ListItem\",\"position\":1,\"name\":\"Home\",\"item\":\"https:\\\/\\\/vapaa-ajattelijat.fi\\\/kotka\\\/\"},{\"@type\":\"ListItem\",\"position\":2,\"name\":\"Hautausmaa 90 v\"}]},{\"@type\":\"WebSite\",\"@id\":\"https:\\\/\\\/vapaa-ajattelijat.fi\\\/kotka\\\/#website\",\"url\":\"https:\\\/\\\/vapaa-ajattelijat.fi\\\/kotka\\\/\",\"name\":\"Kotkan Vapaa-ajattelijat ry\",\"description\":\"\",\"publisher\":{\"@id\":\"https:\\\/\\\/vapaa-ajattelijat.fi\\\/kotka\\\/#organization\"},\"potentialAction\":[{\"@type\":\"SearchAction\",\"target\":{\"@type\":\"EntryPoint\",\"urlTemplate\":\"https:\\\/\\\/vapaa-ajattelijat.fi\\\/kotka\\\/?s={search_term_string}\"},\"query-input\":{\"@type\":\"PropertyValueSpecification\",\"valueRequired\":true,\"valueName\":\"search_term_string\"}}],\"inLanguage\":\"fi\"},{\"@type\":\"Organization\",\"@id\":\"https:\\\/\\\/vapaa-ajattelijat.fi\\\/kotka\\\/#organization\",\"name\":\"Kotkan Vapaa-ajattelijat ry\",\"url\":\"https:\\\/\\\/vapaa-ajattelijat.fi\\\/kotka\\\/\",\"logo\":{\"@type\":\"ImageObject\",\"inLanguage\":\"fi\",\"@id\":\"https:\\\/\\\/vapaa-ajattelijat.fi\\\/kotka\\\/#\\\/schema\\\/logo\\\/image\\\/\",\"url\":\"https:\\\/\\\/vapaa-ajattelijat.fi\\\/kotka\\\/wp-content\\\/uploads\\\/sites\\\/18\\\/2021\\\/01\\\/cropped-vaball-300x300-1-e1610285562722.png\",\"contentUrl\":\"https:\\\/\\\/vapaa-ajattelijat.fi\\\/kotka\\\/wp-content\\\/uploads\\\/sites\\\/18\\\/2021\\\/01\\\/cropped-vaball-300x300-1-e1610285562722.png\",\"width\":75,\"height\":75,\"caption\":\"Kotkan Vapaa-ajattelijat ry\"},\"image\":{\"@id\":\"https:\\\/\\\/vapaa-ajattelijat.fi\\\/kotka\\\/#\\\/schema\\\/logo\\\/image\\\/\"}}]}<\/script>\n<!-- \/ Yoast SEO plugin. -->","yoast_head_json":{"title":"Hautausmaa 90 v - Kotkan Vapaa-ajattelijat ry","robots":{"index":"index","follow":"follow","max-snippet":"max-snippet:-1","max-image-preview":"max-image-preview:large","max-video-preview":"max-video-preview:-1"},"canonical":"https:\/\/vapaa-ajattelijat.fi\/kotka\/hautausmaa-90-v\/","og_locale":"fi_FI","og_type":"article","og_title":"Hautausmaa 90 v - Kotkan Vapaa-ajattelijat ry","og_description":"10.5.1931 vietettiin Kotkan vapaa-ajattelijoiden hautausmaan ensimm\u00e4isi\u00e4 hautajaisia. Hautausmaamme on Suomen vanhin ja suurin vapaa-ajattelijoiden hautausmaa. Hautausmaamme on tunnustukseton, vailla mink\u00e4\u00e4n uskonnon symboleja. Hautausmaamme on avoin kaikille, jotka haluavat vaihtoehdon kirkon ... Lue lis\u00e4\u00e4","og_url":"https:\/\/vapaa-ajattelijat.fi\/kotka\/hautausmaa-90-v\/","og_site_name":"Kotkan Vapaa-ajattelijat ry","article_modified_time":"2025-02-07T15:52:49+00:00","og_image":[{"url":"https:\/\/vapaa-ajattelijat.fi\/kotka\/wp-content\/uploads\/sites\/18\/2021\/05\/IMG_0601-rotated.jpg","type":"","width":"","height":""}],"twitter_card":"summary_large_image","schema":{"@context":"https:\/\/schema.org","@graph":[{"@type":"WebPage","@id":"https:\/\/vapaa-ajattelijat.fi\/kotka\/hautausmaa-90-v\/","url":"https:\/\/vapaa-ajattelijat.fi\/kotka\/hautausmaa-90-v\/","name":"Hautausmaa 90 v - Kotkan Vapaa-ajattelijat ry","isPartOf":{"@id":"https:\/\/vapaa-ajattelijat.fi\/kotka\/#website"},"primaryImageOfPage":{"@id":"https:\/\/vapaa-ajattelijat.fi\/kotka\/hautausmaa-90-v\/#primaryimage"},"image":{"@id":"https:\/\/vapaa-ajattelijat.fi\/kotka\/hautausmaa-90-v\/#primaryimage"},"thumbnailUrl":"https:\/\/vapaa-ajattelijat.fi\/kotka\/wp-content\/uploads\/sites\/18\/2021\/05\/IMG_0601-rotated.jpg","datePublished":"2021-05-12T11:02:15+00:00","dateModified":"2025-02-07T15:52:49+00:00","breadcrumb":{"@id":"https:\/\/vapaa-ajattelijat.fi\/kotka\/hautausmaa-90-v\/#breadcrumb"},"inLanguage":"fi","potentialAction":[{"@type":"ReadAction","target":["https:\/\/vapaa-ajattelijat.fi\/kotka\/hautausmaa-90-v\/"]}]},{"@type":"ImageObject","inLanguage":"fi","@id":"https:\/\/vapaa-ajattelijat.fi\/kotka\/hautausmaa-90-v\/#primaryimage","url":"https:\/\/vapaa-ajattelijat.fi\/kotka\/wp-content\/uploads\/sites\/18\/2021\/05\/IMG_0601-rotated.jpg","contentUrl":"https:\/\/vapaa-ajattelijat.fi\/kotka\/wp-content\/uploads\/sites\/18\/2021\/05\/IMG_0601-rotated.jpg"},{"@type":"BreadcrumbList","@id":"https:\/\/vapaa-ajattelijat.fi\/kotka\/hautausmaa-90-v\/#breadcrumb","itemListElement":[{"@type":"ListItem","position":1,"name":"Home","item":"https:\/\/vapaa-ajattelijat.fi\/kotka\/"},{"@type":"ListItem","position":2,"name":"Hautausmaa 90 v"}]},{"@type":"WebSite","@id":"https:\/\/vapaa-ajattelijat.fi\/kotka\/#website","url":"https:\/\/vapaa-ajattelijat.fi\/kotka\/","name":"Kotkan Vapaa-ajattelijat ry","description":"","publisher":{"@id":"https:\/\/vapaa-ajattelijat.fi\/kotka\/#organization"},"potentialAction":[{"@type":"SearchAction","target":{"@type":"EntryPoint","urlTemplate":"https:\/\/vapaa-ajattelijat.fi\/kotka\/?s={search_term_string}"},"query-input":{"@type":"PropertyValueSpecification","valueRequired":true,"valueName":"search_term_string"}}],"inLanguage":"fi"},{"@type":"Organization","@id":"https:\/\/vapaa-ajattelijat.fi\/kotka\/#organization","name":"Kotkan Vapaa-ajattelijat ry","url":"https:\/\/vapaa-ajattelijat.fi\/kotka\/","logo":{"@type":"ImageObject","inLanguage":"fi","@id":"https:\/\/vapaa-ajattelijat.fi\/kotka\/#\/schema\/logo\/image\/","url":"https:\/\/vapaa-ajattelijat.fi\/kotka\/wp-content\/uploads\/sites\/18\/2021\/01\/cropped-vaball-300x300-1-e1610285562722.png","contentUrl":"https:\/\/vapaa-ajattelijat.fi\/kotka\/wp-content\/uploads\/sites\/18\/2021\/01\/cropped-vaball-300x300-1-e1610285562722.png","width":75,"height":75,"caption":"Kotkan Vapaa-ajattelijat ry"},"image":{"@id":"https:\/\/vapaa-ajattelijat.fi\/kotka\/#\/schema\/logo\/image\/"}}]}},"_links":{"self":[{"href":"https:\/\/vapaa-ajattelijat.fi\/kotka\/wp-json\/wp\/v2\/pages\/458","targetHints":{"allow":["GET"]}}],"collection":[{"href":"https:\/\/vapaa-ajattelijat.fi\/kotka\/wp-json\/wp\/v2\/pages"}],"about":[{"href":"https:\/\/vapaa-ajattelijat.fi\/kotka\/wp-json\/wp\/v2\/types\/page"}],"author":[{"embeddable":true,"href":"https:\/\/vapaa-ajattelijat.fi\/kotka\/wp-json\/wp\/v2\/users\/37"}],"replies":[{"embeddable":true,"href":"https:\/\/vapaa-ajattelijat.fi\/kotka\/wp-json\/wp\/v2\/comments?post=458"}],"version-history":[{"count":6,"href":"https:\/\/vapaa-ajattelijat.fi\/kotka\/wp-json\/wp\/v2\/pages\/458\/revisions"}],"predecessor-version":[{"id":596,"href":"https:\/\/vapaa-ajattelijat.fi\/kotka\/wp-json\/wp\/v2\/pages\/458\/revisions\/596"}],"wp:attachment":[{"href":"https:\/\/vapaa-ajattelijat.fi\/kotka\/wp-json\/wp\/v2\/media?parent=458"}],"curies":[{"name":"wp","href":"https:\/\/api.w.org\/{rel}","templated":true}]}}