{"id":41,"date":"2020-11-21T12:55:27","date_gmt":"2020-11-21T10:55:27","guid":{"rendered":"https:\/\/vapaa-ajattelijat.fi\/kotka0tilap\/?page_id=41"},"modified":"2026-03-29T19:25:23","modified_gmt":"2026-03-29T16:25:23","slug":"yhdistyksen-esittely","status":"publish","type":"page","link":"https:\/\/vapaa-ajattelijat.fi\/kotka\/yhdistyksen-esittely\/","title":{"rendered":"Yhdistyksen esittely"},"content":{"rendered":"<h3><b>Hallitus:<\/b><\/h3>\n<p>Liisa Taskinen, puheenjohtaja<\/p>\n<p>Lea Helttunen, varapuheenjohtaja<br \/>\nUlla Jalkanen, sihteeri<br \/>\nTimo Jalkanen<br \/>\nJorma Laine<\/p>\n<p>Hallituksen ulkopuolisena taloudenhoitajana toimii Ume Eerola.<\/p>\n<h3><b>Tietoa Kotkan Vapaa-ajattelijoista<\/b><\/h3>\n<p>Kotkan Vapaa-ajattelijoilla on varsin merkitt\u00e4v\u00e4 rooli suomalaisen vapaa-ajattelun historiassa. Yhdistyksemme perustettiin 4. lokakuuta 1929, ja se on Suomen vanhin vapaa-ajattelijoiden yhdistys. Pari samankaltaista yhdistyst\u00e4 saatettiin perustaa hieman aiemmin, mutta ne j\u00e4iv\u00e4t varsin lyhytik\u00e4isiksi. Kotkan Vapaa-ajattelijat pyrkii j\u00e4rjest\u00e4m\u00e4\u00e4n ajoittain opinto-\/keskusteluiltoja eri teemoista, kuten esimerkiksi kest\u00e4v\u00e4 kehitys tai uskonnottomat juhlatilaisuudet.<\/p>\n<p>Yhdistyksemme yll\u00e4pit\u00e4\u00e4 Suomen vanhinta ja suurinta vapaa-ajattelijoiden hautausmaata. K\u00e4yt\u00e4nn\u00f6n tarve t\u00e4llaiselle hautausmaalle oli itse asiassa keskeinen syy koko yhdistyksen perustamiselle, ja kun alue Parikalta oli hankittu ja talkooty\u00f6n\u00e4 raivattu, hautausmaa voitiin ottaa k\u00e4ytt\u00f6\u00f6n kev\u00e4\u00e4ll\u00e4 1931. <a href=\"\/kotka\/hautaustoimi\/\">Hautaustoimi<\/a> muodostaa viel\u00e4 nykyisinkin t\u00e4rke\u00e4n osan yhdistyksemme arkisesta toiminnasta.<\/p>\n<p>Kotkan Vapaa-ajattelijoiden pitk\u00e4aikainen aktiivi ja puheenjohtaja Aarne Yrj\u00f6nen lahjoitti Kotkan edustalla sijaitsevalta Viikarinsaarelta yhdistykselle tilan, joka nimettiin Vapaarannaksi. Vapaarannassa on vuosien varrella mm. j\u00e4rjestetty nuorten Prometheus-leirej\u00e4, ja se soveltuu my\u00f6s esim. kotitarvekalastajien etappipaikaksi. Askeettinen mutta luonnonkaunis Vapaaranta tarjoaa runsaasti talkooty\u00f6t\u00e4, nikkarointimahdollisuuksia ja kunnostust\u00f6it\u00e4 innokkaille vapaaehtoisille &#8211; kysy lis\u00e4\u00e4 <a href=\"\/kotka\/yhteystiedot\/\">toimistoltamme<\/a>!<\/p>\n","protected":false},"excerpt":{"rendered":"<p>Hallitus: Liisa Taskinen, puheenjohtaja Lea Helttunen, varapuheenjohtaja Ulla Jalkanen, sihteeri Timo Jalkanen Jorma Laine Hallituksen ulkopuolisena taloudenhoitajana toimii Ume Eerola. Tietoa Kotkan Vapaa-ajattelijoista Kotkan Vapaa-ajattelijoilla on varsin merkitt\u00e4v\u00e4 rooli suomalaisen &#8230; <a title=\"Yhdistyksen esittely\" class=\"read-more\" href=\"https:\/\/vapaa-ajattelijat.fi\/kotka\/yhdistyksen-esittely\/\" aria-label=\"Lue lis\u00e4\u00e4 aiheesta Yhdistyksen esittely\">Lue lis\u00e4\u00e4<\/a><\/p>\n","protected":false},"author":37,"featured_media":0,"parent":0,"menu_order":2,"comment_status":"closed","ping_status":"closed","template":"","meta":{"footnotes":""},"class_list":["post-41","page","type-page","status-publish"],"yoast_head":"<!-- This site is optimized with the Yoast SEO plugin v27.4 - https:\/\/yoast.com\/product\/yoast-seo-wordpress\/ -->\n<title>Yhdistyksen esittely - Kotkan Vapaa-ajattelijat ry<\/title>\n<meta name=\"robots\" content=\"index, follow, max-snippet:-1, max-image-preview:large, max-video-preview:-1\" \/>\n<link rel=\"canonical\" href=\"https:\/\/vapaa-ajattelijat.fi\/kotka\/yhdistyksen-esittely\/\" \/>\n<meta property=\"og:locale\" content=\"fi_FI\" \/>\n<meta property=\"og:type\" content=\"article\" \/>\n<meta property=\"og:title\" content=\"Yhdistyksen esittely - Kotkan Vapaa-ajattelijat ry\" \/>\n<meta property=\"og:description\" content=\"Hallitus: Liisa Taskinen, puheenjohtaja Lea Helttunen, varapuheenjohtaja Ulla Jalkanen, sihteeri Timo Jalkanen Jorma Laine Hallituksen ulkopuolisena taloudenhoitajana toimii Ume Eerola. Tietoa Kotkan Vapaa-ajattelijoista Kotkan Vapaa-ajattelijoilla on varsin merkitt\u00e4v\u00e4 rooli suomalaisen ... Lue lis\u00e4\u00e4\" \/>\n<meta property=\"og:url\" content=\"https:\/\/vapaa-ajattelijat.fi\/kotka\/yhdistyksen-esittely\/\" \/>\n<meta property=\"og:site_name\" content=\"Kotkan Vapaa-ajattelijat ry\" \/>\n<meta property=\"article:modified_time\" content=\"2026-03-29T16:25:23+00:00\" \/>\n<meta name=\"twitter:card\" content=\"summary_large_image\" \/>\n<meta name=\"twitter:label1\" content=\"Arvioitu lukuaika\" \/>\n\t<meta name=\"twitter:data1\" content=\"2 minuuttia\" \/>\n<script type=\"application\/ld+json\" class=\"yoast-schema-graph\">{\"@context\":\"https:\\\/\\\/schema.org\",\"@graph\":[{\"@type\":\"WebPage\",\"@id\":\"https:\\\/\\\/vapaa-ajattelijat.fi\\\/kotka\\\/yhdistyksen-esittely\\\/\",\"url\":\"https:\\\/\\\/vapaa-ajattelijat.fi\\\/kotka\\\/yhdistyksen-esittely\\\/\",\"name\":\"Yhdistyksen esittely - Kotkan Vapaa-ajattelijat ry\",\"isPartOf\":{\"@id\":\"https:\\\/\\\/vapaa-ajattelijat.fi\\\/kotka\\\/#website\"},\"datePublished\":\"2020-11-21T10:55:27+00:00\",\"dateModified\":\"2026-03-29T16:25:23+00:00\",\"breadcrumb\":{\"@id\":\"https:\\\/\\\/vapaa-ajattelijat.fi\\\/kotka\\\/yhdistyksen-esittely\\\/#breadcrumb\"},\"inLanguage\":\"fi\",\"potentialAction\":[{\"@type\":\"ReadAction\",\"target\":[\"https:\\\/\\\/vapaa-ajattelijat.fi\\\/kotka\\\/yhdistyksen-esittely\\\/\"]}]},{\"@type\":\"BreadcrumbList\",\"@id\":\"https:\\\/\\\/vapaa-ajattelijat.fi\\\/kotka\\\/yhdistyksen-esittely\\\/#breadcrumb\",\"itemListElement\":[{\"@type\":\"ListItem\",\"position\":1,\"name\":\"Home\",\"item\":\"https:\\\/\\\/vapaa-ajattelijat.fi\\\/kotka\\\/\"},{\"@type\":\"ListItem\",\"position\":2,\"name\":\"Yhdistyksen esittely\"}]},{\"@type\":\"WebSite\",\"@id\":\"https:\\\/\\\/vapaa-ajattelijat.fi\\\/kotka\\\/#website\",\"url\":\"https:\\\/\\\/vapaa-ajattelijat.fi\\\/kotka\\\/\",\"name\":\"Kotkan Vapaa-ajattelijat ry\",\"description\":\"\",\"publisher\":{\"@id\":\"https:\\\/\\\/vapaa-ajattelijat.fi\\\/kotka\\\/#organization\"},\"potentialAction\":[{\"@type\":\"SearchAction\",\"target\":{\"@type\":\"EntryPoint\",\"urlTemplate\":\"https:\\\/\\\/vapaa-ajattelijat.fi\\\/kotka\\\/?s={search_term_string}\"},\"query-input\":{\"@type\":\"PropertyValueSpecification\",\"valueRequired\":true,\"valueName\":\"search_term_string\"}}],\"inLanguage\":\"fi\"},{\"@type\":\"Organization\",\"@id\":\"https:\\\/\\\/vapaa-ajattelijat.fi\\\/kotka\\\/#organization\",\"name\":\"Kotkan Vapaa-ajattelijat ry\",\"url\":\"https:\\\/\\\/vapaa-ajattelijat.fi\\\/kotka\\\/\",\"logo\":{\"@type\":\"ImageObject\",\"inLanguage\":\"fi\",\"@id\":\"https:\\\/\\\/vapaa-ajattelijat.fi\\\/kotka\\\/#\\\/schema\\\/logo\\\/image\\\/\",\"url\":\"https:\\\/\\\/vapaa-ajattelijat.fi\\\/kotka\\\/wp-content\\\/uploads\\\/sites\\\/18\\\/2021\\\/01\\\/cropped-vaball-300x300-1-e1610285562722.png\",\"contentUrl\":\"https:\\\/\\\/vapaa-ajattelijat.fi\\\/kotka\\\/wp-content\\\/uploads\\\/sites\\\/18\\\/2021\\\/01\\\/cropped-vaball-300x300-1-e1610285562722.png\",\"width\":75,\"height\":75,\"caption\":\"Kotkan Vapaa-ajattelijat ry\"},\"image\":{\"@id\":\"https:\\\/\\\/vapaa-ajattelijat.fi\\\/kotka\\\/#\\\/schema\\\/logo\\\/image\\\/\"}}]}<\/script>\n<!-- \/ Yoast SEO plugin. -->","yoast_head_json":{"title":"Yhdistyksen esittely - Kotkan Vapaa-ajattelijat ry","robots":{"index":"index","follow":"follow","max-snippet":"max-snippet:-1","max-image-preview":"max-image-preview:large","max-video-preview":"max-video-preview:-1"},"canonical":"https:\/\/vapaa-ajattelijat.fi\/kotka\/yhdistyksen-esittely\/","og_locale":"fi_FI","og_type":"article","og_title":"Yhdistyksen esittely - Kotkan Vapaa-ajattelijat ry","og_description":"Hallitus: Liisa Taskinen, puheenjohtaja Lea Helttunen, varapuheenjohtaja Ulla Jalkanen, sihteeri Timo Jalkanen Jorma Laine Hallituksen ulkopuolisena taloudenhoitajana toimii Ume Eerola. Tietoa Kotkan Vapaa-ajattelijoista Kotkan Vapaa-ajattelijoilla on varsin merkitt\u00e4v\u00e4 rooli suomalaisen ... Lue lis\u00e4\u00e4","og_url":"https:\/\/vapaa-ajattelijat.fi\/kotka\/yhdistyksen-esittely\/","og_site_name":"Kotkan Vapaa-ajattelijat ry","article_modified_time":"2026-03-29T16:25:23+00:00","twitter_card":"summary_large_image","twitter_misc":{"Arvioitu lukuaika":"2 minuuttia"},"schema":{"@context":"https:\/\/schema.org","@graph":[{"@type":"WebPage","@id":"https:\/\/vapaa-ajattelijat.fi\/kotka\/yhdistyksen-esittely\/","url":"https:\/\/vapaa-ajattelijat.fi\/kotka\/yhdistyksen-esittely\/","name":"Yhdistyksen esittely - Kotkan Vapaa-ajattelijat ry","isPartOf":{"@id":"https:\/\/vapaa-ajattelijat.fi\/kotka\/#website"},"datePublished":"2020-11-21T10:55:27+00:00","dateModified":"2026-03-29T16:25:23+00:00","breadcrumb":{"@id":"https:\/\/vapaa-ajattelijat.fi\/kotka\/yhdistyksen-esittely\/#breadcrumb"},"inLanguage":"fi","potentialAction":[{"@type":"ReadAction","target":["https:\/\/vapaa-ajattelijat.fi\/kotka\/yhdistyksen-esittely\/"]}]},{"@type":"BreadcrumbList","@id":"https:\/\/vapaa-ajattelijat.fi\/kotka\/yhdistyksen-esittely\/#breadcrumb","itemListElement":[{"@type":"ListItem","position":1,"name":"Home","item":"https:\/\/vapaa-ajattelijat.fi\/kotka\/"},{"@type":"ListItem","position":2,"name":"Yhdistyksen esittely"}]},{"@type":"WebSite","@id":"https:\/\/vapaa-ajattelijat.fi\/kotka\/#website","url":"https:\/\/vapaa-ajattelijat.fi\/kotka\/","name":"Kotkan Vapaa-ajattelijat ry","description":"","publisher":{"@id":"https:\/\/vapaa-ajattelijat.fi\/kotka\/#organization"},"potentialAction":[{"@type":"SearchAction","target":{"@type":"EntryPoint","urlTemplate":"https:\/\/vapaa-ajattelijat.fi\/kotka\/?s={search_term_string}"},"query-input":{"@type":"PropertyValueSpecification","valueRequired":true,"valueName":"search_term_string"}}],"inLanguage":"fi"},{"@type":"Organization","@id":"https:\/\/vapaa-ajattelijat.fi\/kotka\/#organization","name":"Kotkan Vapaa-ajattelijat ry","url":"https:\/\/vapaa-ajattelijat.fi\/kotka\/","logo":{"@type":"ImageObject","inLanguage":"fi","@id":"https:\/\/vapaa-ajattelijat.fi\/kotka\/#\/schema\/logo\/image\/","url":"https:\/\/vapaa-ajattelijat.fi\/kotka\/wp-content\/uploads\/sites\/18\/2021\/01\/cropped-vaball-300x300-1-e1610285562722.png","contentUrl":"https:\/\/vapaa-ajattelijat.fi\/kotka\/wp-content\/uploads\/sites\/18\/2021\/01\/cropped-vaball-300x300-1-e1610285562722.png","width":75,"height":75,"caption":"Kotkan Vapaa-ajattelijat ry"},"image":{"@id":"https:\/\/vapaa-ajattelijat.fi\/kotka\/#\/schema\/logo\/image\/"}}]}},"_links":{"self":[{"href":"https:\/\/vapaa-ajattelijat.fi\/kotka\/wp-json\/wp\/v2\/pages\/41","targetHints":{"allow":["GET"]}}],"collection":[{"href":"https:\/\/vapaa-ajattelijat.fi\/kotka\/wp-json\/wp\/v2\/pages"}],"about":[{"href":"https:\/\/vapaa-ajattelijat.fi\/kotka\/wp-json\/wp\/v2\/types\/page"}],"author":[{"embeddable":true,"href":"https:\/\/vapaa-ajattelijat.fi\/kotka\/wp-json\/wp\/v2\/users\/37"}],"replies":[{"embeddable":true,"href":"https:\/\/vapaa-ajattelijat.fi\/kotka\/wp-json\/wp\/v2\/comments?post=41"}],"version-history":[{"count":32,"href":"https:\/\/vapaa-ajattelijat.fi\/kotka\/wp-json\/wp\/v2\/pages\/41\/revisions"}],"predecessor-version":[{"id":680,"href":"https:\/\/vapaa-ajattelijat.fi\/kotka\/wp-json\/wp\/v2\/pages\/41\/revisions\/680"}],"wp:attachment":[{"href":"https:\/\/vapaa-ajattelijat.fi\/kotka\/wp-json\/wp\/v2\/media?parent=41"}],"curies":[{"name":"wp","href":"https:\/\/api.w.org\/{rel}","templated":true}]}}