{"id":330,"date":"2021-02-01T16:57:37","date_gmt":"2021-02-01T14:57:37","guid":{"rendered":"https:\/\/vapaa-ajattelijat.fi\/kotka0tilap\/?page_id=330"},"modified":"2025-11-01T19:59:54","modified_gmt":"2025-11-01T17:59:54","slug":"vapaarannan-historiaa","status":"publish","type":"page","link":"https:\/\/vapaa-ajattelijat.fi\/kotka\/vapaarannan-historiaa\/","title":{"rendered":"Vapaarannan historiaa"},"content":{"rendered":"<p>Joskus talvimuutto kaupunkiin vier\u00e4hti my\u00f6h\u00e4iseksi. Rospuutto uhkasi, silti saarelta pilkotti valo. Aarne istui ikkunan \u00e4\u00e4ress\u00e4 ja seurusteli maailmankuulujen kirjailijoiden, tiedemiesten ja filosofien kanssa.<\/p>\n<p>&#8221;Y\u00f6 on hienointa aikaa. Kun kello on kaksi, ihminen on herkimmill\u00e4\u00e4n ymm\u00e4rt\u00e4m\u00e4\u00e4n lukemaansa.&#8221;<\/p>\n<p>Aarne oli sukuhaaransa viimeinen.<\/p>\n<p>&#8221;Vieraan tullessa saarelleni h\u00e4n heti kysyy, kuka on tehnyt tuon aallonmurtajan? Se j\u00e4\u00e4 j\u00e4lkeeni ja on hy\u00f6dyksi sukupolvista toiselle.&#8221;<\/p>\n<p>&#8221;Jospa j\u00e4lkeen j\u00e4\u00e4ville voisi v\u00e4litt\u00e4\u00e4 tavat miten el\u00e4\u00e4, tavat jotka opin \u00e4idilt\u00e4 ja is\u00e4lt\u00e4. Ei ihmisen tarvitse itsens\u00e4 kanssa hienostella kun sen ymp\u00e4rill\u00e4 on mit\u00e4 parhaimmat herkut.&#8221;<\/p>\n<p>&#8221;T\u00e4ten lahjoitan Kotkan Vapaa-Ajattelijat ry:lle omistamani Saarelan tilan RN:1:379, joka sijaitsee Viikarinsaaressa Mussalon kyl\u00e4ss\u00e4 Kotkan kaupungissa.&#8221;<\/p>\n<p>&#8221;Lahjoituksen vastaanottaja on velvollinen huolehtimaan lahjoittajan kuoltua h\u00e4nen hautauksestaan sek\u00e4 kuolemaan liittyvist\u00e4 toimenpiteist\u00e4.&#8221;<\/p>\n<p>Yhdistys julisti Aarnen tilan kalastustilaksi. Saarella elettiin tavallista arkip\u00e4iv\u00e4n el\u00e4m\u00e4\u00e4, se opetti lapsiakin n\u00e4kem\u00e4\u00e4n ty\u00f6nteon luonnollisuuden ja v\u00e4ltt\u00e4m\u00e4tt\u00f6myyden.<\/p>\n<p>Viesti Aarnen kuolemasta hiljensi h\u00e4nen yst\u00e4v\u00e4ns\u00e4. H\u00e4n j\u00e4tti j\u00e4lkeens\u00e4 vahvan muiston el\u00e4m\u00e4st\u00e4, josta riitt\u00e4\u00e4 kerrottavaa kaikille niille jotka pys\u00e4htyv\u00e4t sit\u00e4 kuuntelemaan.<\/p>\n<p>&#8221;Rakenna ja el\u00e4 niill\u00e4 ehdoilla, jotka ymp\u00e4rill\u00e4si on&#8221;, Aarne oli kirjoittanut ruutuvihkoonsa.<\/p>\n<p>Hiljaa lipui vene aallonmurtajan edustalle. Aarnen oma toivomus oli tulla haudatuksi vesiin jossa tuulet eiv\u00e4t venett\u00e4 keinuta ja miss\u00e4 rauhaton mieli laukeaa.<\/p>\n<p><i>Edelliset tekstit ovat Keijo Yrj\u00f6l\u00e4n kirjasta Vapaaranta.<\/i><\/p>\n<div class=\"separator\" style=\"clear: both;text-align: center\"><a style=\"margin-left: 1em;margin-right: 1em\" href=\"http:\/\/1.bp.blogspot.com\/-XiWCQcGKzLQ\/U77MbTkZFfI\/AAAAAAAABj8\/w5iIpg0WBhI\/s1600\/kuva0185.jpg\"><img fetchpriority=\"high\" decoding=\"async\" src=\"http:\/\/1.bp.blogspot.com\/-XiWCQcGKzLQ\/U77MbTkZFfI\/AAAAAAAABj8\/w5iIpg0WBhI\/s1600\/kuva0185.jpg\" width=\"240\" height=\"320\" border=\"0\" \/><\/a>Aarne Yrj\u00f6nen<\/div>\n<div class=\"separator\" style=\"clear: both;text-align: center\"><a style=\"margin-left: 1em;margin-right: 1em\" href=\"http:\/\/3.bp.blogspot.com\/-z8YIpA6amxk\/U77MijLznOI\/AAAAAAAABkE\/duJmfSP5y6k\/s1600\/kuva0184.jpg\"><img decoding=\"async\" src=\"http:\/\/3.bp.blogspot.com\/-z8YIpA6amxk\/U77MijLznOI\/AAAAAAAABkE\/duJmfSP5y6k\/s1600\/kuva0184.jpg\" width=\"240\" height=\"320\" border=\"0\" \/><\/a>Aarne Yrj\u00f6nen<\/div>\n","protected":false},"excerpt":{"rendered":"<p>Joskus talvimuutto kaupunkiin vier\u00e4hti my\u00f6h\u00e4iseksi. Rospuutto uhkasi, silti saarelta pilkotti valo. Aarne istui ikkunan \u00e4\u00e4ress\u00e4 ja seurusteli maailmankuulujen kirjailijoiden, tiedemiesten ja filosofien kanssa. &#8221;Y\u00f6 on hienointa aikaa. Kun kello on &#8230; <a title=\"Vapaarannan historiaa\" class=\"read-more\" href=\"https:\/\/vapaa-ajattelijat.fi\/kotka\/vapaarannan-historiaa\/\" aria-label=\"Lue lis\u00e4\u00e4 aiheesta Vapaarannan historiaa\">Lue lis\u00e4\u00e4<\/a><\/p>\n","protected":false},"author":37,"featured_media":0,"parent":0,"menu_order":10,"comment_status":"closed","ping_status":"closed","template":"","meta":{"footnotes":""},"class_list":["post-330","page","type-page","status-publish"],"yoast_head":"<!-- This site is optimized with the Yoast SEO plugin v27.4 - https:\/\/yoast.com\/product\/yoast-seo-wordpress\/ -->\n<title>Vapaarannan historiaa - Kotkan Vapaa-ajattelijat ry<\/title>\n<meta name=\"robots\" content=\"index, follow, max-snippet:-1, max-image-preview:large, max-video-preview:-1\" \/>\n<link rel=\"canonical\" href=\"https:\/\/vapaa-ajattelijat.fi\/kotka\/vapaarannan-historiaa\/\" \/>\n<meta property=\"og:locale\" content=\"fi_FI\" \/>\n<meta property=\"og:type\" content=\"article\" \/>\n<meta property=\"og:title\" content=\"Vapaarannan historiaa - Kotkan Vapaa-ajattelijat ry\" \/>\n<meta property=\"og:description\" content=\"Joskus talvimuutto kaupunkiin vier\u00e4hti my\u00f6h\u00e4iseksi. Rospuutto uhkasi, silti saarelta pilkotti valo. Aarne istui ikkunan \u00e4\u00e4ress\u00e4 ja seurusteli maailmankuulujen kirjailijoiden, tiedemiesten ja filosofien kanssa. &#8221;Y\u00f6 on hienointa aikaa. Kun kello on ... Lue lis\u00e4\u00e4\" \/>\n<meta property=\"og:url\" content=\"https:\/\/vapaa-ajattelijat.fi\/kotka\/vapaarannan-historiaa\/\" \/>\n<meta property=\"og:site_name\" content=\"Kotkan Vapaa-ajattelijat ry\" \/>\n<meta property=\"article:modified_time\" content=\"2025-11-01T17:59:54+00:00\" \/>\n<meta property=\"og:image\" content=\"http:\/\/1.bp.blogspot.com\/-XiWCQcGKzLQ\/U77MbTkZFfI\/AAAAAAAABj8\/w5iIpg0WBhI\/s1600\/kuva0185.jpg\" \/>\n<meta name=\"twitter:card\" content=\"summary_large_image\" \/>\n<meta name=\"twitter:label1\" content=\"Arvioitu lukuaika\" \/>\n\t<meta name=\"twitter:data1\" content=\"2 minuuttia\" \/>\n<script type=\"application\/ld+json\" class=\"yoast-schema-graph\">{\"@context\":\"https:\\\/\\\/schema.org\",\"@graph\":[{\"@type\":\"WebPage\",\"@id\":\"https:\\\/\\\/vapaa-ajattelijat.fi\\\/kotka\\\/vapaarannan-historiaa\\\/\",\"url\":\"https:\\\/\\\/vapaa-ajattelijat.fi\\\/kotka\\\/vapaarannan-historiaa\\\/\",\"name\":\"Vapaarannan historiaa - Kotkan Vapaa-ajattelijat ry\",\"isPartOf\":{\"@id\":\"https:\\\/\\\/vapaa-ajattelijat.fi\\\/kotka\\\/#website\"},\"primaryImageOfPage\":{\"@id\":\"https:\\\/\\\/vapaa-ajattelijat.fi\\\/kotka\\\/vapaarannan-historiaa\\\/#primaryimage\"},\"image\":{\"@id\":\"https:\\\/\\\/vapaa-ajattelijat.fi\\\/kotka\\\/vapaarannan-historiaa\\\/#primaryimage\"},\"thumbnailUrl\":\"http:\\\/\\\/1.bp.blogspot.com\\\/-XiWCQcGKzLQ\\\/U77MbTkZFfI\\\/AAAAAAAABj8\\\/w5iIpg0WBhI\\\/s1600\\\/kuva0185.jpg\",\"datePublished\":\"2021-02-01T14:57:37+00:00\",\"dateModified\":\"2025-11-01T17:59:54+00:00\",\"breadcrumb\":{\"@id\":\"https:\\\/\\\/vapaa-ajattelijat.fi\\\/kotka\\\/vapaarannan-historiaa\\\/#breadcrumb\"},\"inLanguage\":\"fi\",\"potentialAction\":[{\"@type\":\"ReadAction\",\"target\":[\"https:\\\/\\\/vapaa-ajattelijat.fi\\\/kotka\\\/vapaarannan-historiaa\\\/\"]}]},{\"@type\":\"ImageObject\",\"inLanguage\":\"fi\",\"@id\":\"https:\\\/\\\/vapaa-ajattelijat.fi\\\/kotka\\\/vapaarannan-historiaa\\\/#primaryimage\",\"url\":\"http:\\\/\\\/1.bp.blogspot.com\\\/-XiWCQcGKzLQ\\\/U77MbTkZFfI\\\/AAAAAAAABj8\\\/w5iIpg0WBhI\\\/s1600\\\/kuva0185.jpg\",\"contentUrl\":\"http:\\\/\\\/1.bp.blogspot.com\\\/-XiWCQcGKzLQ\\\/U77MbTkZFfI\\\/AAAAAAAABj8\\\/w5iIpg0WBhI\\\/s1600\\\/kuva0185.jpg\"},{\"@type\":\"BreadcrumbList\",\"@id\":\"https:\\\/\\\/vapaa-ajattelijat.fi\\\/kotka\\\/vapaarannan-historiaa\\\/#breadcrumb\",\"itemListElement\":[{\"@type\":\"ListItem\",\"position\":1,\"name\":\"Home\",\"item\":\"https:\\\/\\\/vapaa-ajattelijat.fi\\\/kotka\\\/\"},{\"@type\":\"ListItem\",\"position\":2,\"name\":\"Vapaarannan historiaa\"}]},{\"@type\":\"WebSite\",\"@id\":\"https:\\\/\\\/vapaa-ajattelijat.fi\\\/kotka\\\/#website\",\"url\":\"https:\\\/\\\/vapaa-ajattelijat.fi\\\/kotka\\\/\",\"name\":\"Kotkan Vapaa-ajattelijat ry\",\"description\":\"\",\"publisher\":{\"@id\":\"https:\\\/\\\/vapaa-ajattelijat.fi\\\/kotka\\\/#organization\"},\"potentialAction\":[{\"@type\":\"SearchAction\",\"target\":{\"@type\":\"EntryPoint\",\"urlTemplate\":\"https:\\\/\\\/vapaa-ajattelijat.fi\\\/kotka\\\/?s={search_term_string}\"},\"query-input\":{\"@type\":\"PropertyValueSpecification\",\"valueRequired\":true,\"valueName\":\"search_term_string\"}}],\"inLanguage\":\"fi\"},{\"@type\":\"Organization\",\"@id\":\"https:\\\/\\\/vapaa-ajattelijat.fi\\\/kotka\\\/#organization\",\"name\":\"Kotkan Vapaa-ajattelijat ry\",\"url\":\"https:\\\/\\\/vapaa-ajattelijat.fi\\\/kotka\\\/\",\"logo\":{\"@type\":\"ImageObject\",\"inLanguage\":\"fi\",\"@id\":\"https:\\\/\\\/vapaa-ajattelijat.fi\\\/kotka\\\/#\\\/schema\\\/logo\\\/image\\\/\",\"url\":\"https:\\\/\\\/vapaa-ajattelijat.fi\\\/kotka\\\/wp-content\\\/uploads\\\/sites\\\/18\\\/2021\\\/01\\\/cropped-vaball-300x300-1-e1610285562722.png\",\"contentUrl\":\"https:\\\/\\\/vapaa-ajattelijat.fi\\\/kotka\\\/wp-content\\\/uploads\\\/sites\\\/18\\\/2021\\\/01\\\/cropped-vaball-300x300-1-e1610285562722.png\",\"width\":75,\"height\":75,\"caption\":\"Kotkan Vapaa-ajattelijat ry\"},\"image\":{\"@id\":\"https:\\\/\\\/vapaa-ajattelijat.fi\\\/kotka\\\/#\\\/schema\\\/logo\\\/image\\\/\"}}]}<\/script>\n<!-- \/ Yoast SEO plugin. -->","yoast_head_json":{"title":"Vapaarannan historiaa - Kotkan Vapaa-ajattelijat ry","robots":{"index":"index","follow":"follow","max-snippet":"max-snippet:-1","max-image-preview":"max-image-preview:large","max-video-preview":"max-video-preview:-1"},"canonical":"https:\/\/vapaa-ajattelijat.fi\/kotka\/vapaarannan-historiaa\/","og_locale":"fi_FI","og_type":"article","og_title":"Vapaarannan historiaa - Kotkan Vapaa-ajattelijat ry","og_description":"Joskus talvimuutto kaupunkiin vier\u00e4hti my\u00f6h\u00e4iseksi. Rospuutto uhkasi, silti saarelta pilkotti valo. Aarne istui ikkunan \u00e4\u00e4ress\u00e4 ja seurusteli maailmankuulujen kirjailijoiden, tiedemiesten ja filosofien kanssa. &#8221;Y\u00f6 on hienointa aikaa. Kun kello on ... Lue lis\u00e4\u00e4","og_url":"https:\/\/vapaa-ajattelijat.fi\/kotka\/vapaarannan-historiaa\/","og_site_name":"Kotkan Vapaa-ajattelijat ry","article_modified_time":"2025-11-01T17:59:54+00:00","og_image":[{"url":"http:\/\/1.bp.blogspot.com\/-XiWCQcGKzLQ\/U77MbTkZFfI\/AAAAAAAABj8\/w5iIpg0WBhI\/s1600\/kuva0185.jpg","type":"","width":"","height":""}],"twitter_card":"summary_large_image","twitter_misc":{"Arvioitu lukuaika":"2 minuuttia"},"schema":{"@context":"https:\/\/schema.org","@graph":[{"@type":"WebPage","@id":"https:\/\/vapaa-ajattelijat.fi\/kotka\/vapaarannan-historiaa\/","url":"https:\/\/vapaa-ajattelijat.fi\/kotka\/vapaarannan-historiaa\/","name":"Vapaarannan historiaa - Kotkan Vapaa-ajattelijat ry","isPartOf":{"@id":"https:\/\/vapaa-ajattelijat.fi\/kotka\/#website"},"primaryImageOfPage":{"@id":"https:\/\/vapaa-ajattelijat.fi\/kotka\/vapaarannan-historiaa\/#primaryimage"},"image":{"@id":"https:\/\/vapaa-ajattelijat.fi\/kotka\/vapaarannan-historiaa\/#primaryimage"},"thumbnailUrl":"http:\/\/1.bp.blogspot.com\/-XiWCQcGKzLQ\/U77MbTkZFfI\/AAAAAAAABj8\/w5iIpg0WBhI\/s1600\/kuva0185.jpg","datePublished":"2021-02-01T14:57:37+00:00","dateModified":"2025-11-01T17:59:54+00:00","breadcrumb":{"@id":"https:\/\/vapaa-ajattelijat.fi\/kotka\/vapaarannan-historiaa\/#breadcrumb"},"inLanguage":"fi","potentialAction":[{"@type":"ReadAction","target":["https:\/\/vapaa-ajattelijat.fi\/kotka\/vapaarannan-historiaa\/"]}]},{"@type":"ImageObject","inLanguage":"fi","@id":"https:\/\/vapaa-ajattelijat.fi\/kotka\/vapaarannan-historiaa\/#primaryimage","url":"http:\/\/1.bp.blogspot.com\/-XiWCQcGKzLQ\/U77MbTkZFfI\/AAAAAAAABj8\/w5iIpg0WBhI\/s1600\/kuva0185.jpg","contentUrl":"http:\/\/1.bp.blogspot.com\/-XiWCQcGKzLQ\/U77MbTkZFfI\/AAAAAAAABj8\/w5iIpg0WBhI\/s1600\/kuva0185.jpg"},{"@type":"BreadcrumbList","@id":"https:\/\/vapaa-ajattelijat.fi\/kotka\/vapaarannan-historiaa\/#breadcrumb","itemListElement":[{"@type":"ListItem","position":1,"name":"Home","item":"https:\/\/vapaa-ajattelijat.fi\/kotka\/"},{"@type":"ListItem","position":2,"name":"Vapaarannan historiaa"}]},{"@type":"WebSite","@id":"https:\/\/vapaa-ajattelijat.fi\/kotka\/#website","url":"https:\/\/vapaa-ajattelijat.fi\/kotka\/","name":"Kotkan Vapaa-ajattelijat ry","description":"","publisher":{"@id":"https:\/\/vapaa-ajattelijat.fi\/kotka\/#organization"},"potentialAction":[{"@type":"SearchAction","target":{"@type":"EntryPoint","urlTemplate":"https:\/\/vapaa-ajattelijat.fi\/kotka\/?s={search_term_string}"},"query-input":{"@type":"PropertyValueSpecification","valueRequired":true,"valueName":"search_term_string"}}],"inLanguage":"fi"},{"@type":"Organization","@id":"https:\/\/vapaa-ajattelijat.fi\/kotka\/#organization","name":"Kotkan Vapaa-ajattelijat ry","url":"https:\/\/vapaa-ajattelijat.fi\/kotka\/","logo":{"@type":"ImageObject","inLanguage":"fi","@id":"https:\/\/vapaa-ajattelijat.fi\/kotka\/#\/schema\/logo\/image\/","url":"https:\/\/vapaa-ajattelijat.fi\/kotka\/wp-content\/uploads\/sites\/18\/2021\/01\/cropped-vaball-300x300-1-e1610285562722.png","contentUrl":"https:\/\/vapaa-ajattelijat.fi\/kotka\/wp-content\/uploads\/sites\/18\/2021\/01\/cropped-vaball-300x300-1-e1610285562722.png","width":75,"height":75,"caption":"Kotkan Vapaa-ajattelijat ry"},"image":{"@id":"https:\/\/vapaa-ajattelijat.fi\/kotka\/#\/schema\/logo\/image\/"}}]}},"_links":{"self":[{"href":"https:\/\/vapaa-ajattelijat.fi\/kotka\/wp-json\/wp\/v2\/pages\/330","targetHints":{"allow":["GET"]}}],"collection":[{"href":"https:\/\/vapaa-ajattelijat.fi\/kotka\/wp-json\/wp\/v2\/pages"}],"about":[{"href":"https:\/\/vapaa-ajattelijat.fi\/kotka\/wp-json\/wp\/v2\/types\/page"}],"author":[{"embeddable":true,"href":"https:\/\/vapaa-ajattelijat.fi\/kotka\/wp-json\/wp\/v2\/users\/37"}],"replies":[{"embeddable":true,"href":"https:\/\/vapaa-ajattelijat.fi\/kotka\/wp-json\/wp\/v2\/comments?post=330"}],"version-history":[{"count":5,"href":"https:\/\/vapaa-ajattelijat.fi\/kotka\/wp-json\/wp\/v2\/pages\/330\/revisions"}],"predecessor-version":[{"id":660,"href":"https:\/\/vapaa-ajattelijat.fi\/kotka\/wp-json\/wp\/v2\/pages\/330\/revisions\/660"}],"wp:attachment":[{"href":"https:\/\/vapaa-ajattelijat.fi\/kotka\/wp-json\/wp\/v2\/media?parent=330"}],"curies":[{"name":"wp","href":"https:\/\/api.w.org\/{rel}","templated":true}]}}