{"id":322,"date":"2021-02-01T16:32:41","date_gmt":"2021-02-01T14:32:41","guid":{"rendered":"https:\/\/vapaa-ajattelijat.fi\/kotka0tilap\/?page_id=322"},"modified":"2025-11-01T19:37:17","modified_gmt":"2025-11-01T17:37:17","slug":"siivousohje","status":"publish","type":"page","link":"https:\/\/vapaa-ajattelijat.fi\/kotka\/siivousohje\/","title":{"rendered":"Siivousohje"},"content":{"rendered":"<p>Kaikki ymm\u00e4rt\u00e4v\u00e4t, ett\u00e4 jotta yhteisess\u00e4 k\u00e4yt\u00f6ss\u00e4 oleva saaripaikka ei rapistuisi, sit\u00e4 pit\u00e4\u00e4 siivota ja kunnostaa. Jokaisella k\u00e4ynnill\u00e4 ei tarvitse tehd\u00e4 suursiivousta, mutta tietynlainen siisteystaso pit\u00e4\u00e4 yll\u00e4pit\u00e4\u00e4, jotta seuraavien k\u00e4ytt\u00e4jien on mukava tulla.<\/p>\n<p>Alla on siivousohjeet p\u00e4iv\u00e4- ja y\u00f6reissuille.<\/p>\n<h3>P\u00e4iv\u00e4reissu:<\/h3>\n<ul>\n<li><span style=\"font-size: 20px\">Astioitten pesu<\/span><\/li>\n<li><span style=\"font-size: 20px\">Pirtin p\u00f6yd\u00e4n pyyhkiminen kostealla rievulla<\/span><\/li>\n<li><span style=\"font-size: 20px\">Roskat mantereelle<\/span><\/li>\n<li><span style=\"font-size: 20px\">KAIKKI ruoat, vaatteet, tavarat mitk\u00e4 on saareen tuotu, takaisin mantereelle<\/span><\/li>\n<\/ul>\n<h3>Y\u00f6reissu:<\/h3>\n<ul>\n<li><span style=\"font-size: 20px\">Astioitten pesu<\/span><\/li>\n<li><span style=\"font-size: 20px\">Pirtin p\u00f6yd\u00e4n pyyhkiminen kostealla rievulla<\/span><\/li>\n<li><span style=\"font-size: 20px\">Roskat mantereelle<\/span><\/li>\n<li><span style=\"font-size: 20px\">KAIKKI ruoat, vaatteet, tavarat mitk\u00e4 on saareen tuotu, takaisin mantereelle\u00a0<\/span><\/li>\n<li><span style=\"font-size: 20px\">lattioitten lakaisu, mattojen puistelu ulkona<\/span><\/li>\n<li><span style=\"font-size: 20px\">s\u00e4nkyjen siistiminen<\/span><\/li>\n<\/ul>\n<h3>Sauna k\u00e4yt\u00f6n j\u00e4lkeen:<\/h3>\n<ul>\n<li><span style=\"font-size: 20px\">Saunomisen lopuksi avaa ikkuna ja polta pes\u00e4llinen puita, jotta kosteus poistuisi<\/span><\/li>\n<li><span style=\"font-size: 20px\">lattioitten lakaisu, mattojen puistelu ulkona<\/span><\/li>\n<li><span style=\"font-size: 20px\">kuumat tuhkat tyhjennet\u00e4\u00e4n metalliastiaan<\/span><\/li>\n<\/ul>\n","protected":false},"excerpt":{"rendered":"<p>Kaikki ymm\u00e4rt\u00e4v\u00e4t, ett\u00e4 jotta yhteisess\u00e4 k\u00e4yt\u00f6ss\u00e4 oleva saaripaikka ei rapistuisi, sit\u00e4 pit\u00e4\u00e4 siivota ja kunnostaa. Jokaisella k\u00e4ynnill\u00e4 ei tarvitse tehd\u00e4 suursiivousta, mutta tietynlainen siisteystaso pit\u00e4\u00e4 yll\u00e4pit\u00e4\u00e4, jotta seuraavien k\u00e4ytt\u00e4jien on &#8230; <a title=\"Siivousohje\" class=\"read-more\" href=\"https:\/\/vapaa-ajattelijat.fi\/kotka\/siivousohje\/\" aria-label=\"Lue lis\u00e4\u00e4 aiheesta Siivousohje\">Lue lis\u00e4\u00e4<\/a><\/p>\n","protected":false},"author":37,"featured_media":0,"parent":0,"menu_order":6,"comment_status":"closed","ping_status":"closed","template":"","meta":{"footnotes":""},"class_list":["post-322","page","type-page","status-publish"],"yoast_head":"<!-- This site is optimized with the Yoast SEO plugin v27.4 - https:\/\/yoast.com\/product\/yoast-seo-wordpress\/ -->\n<title>Siivousohje - Kotkan Vapaa-ajattelijat ry<\/title>\n<meta name=\"robots\" content=\"index, follow, max-snippet:-1, max-image-preview:large, max-video-preview:-1\" \/>\n<link rel=\"canonical\" href=\"https:\/\/vapaa-ajattelijat.fi\/kotka\/siivousohje\/\" \/>\n<meta property=\"og:locale\" content=\"fi_FI\" \/>\n<meta property=\"og:type\" content=\"article\" \/>\n<meta property=\"og:title\" content=\"Siivousohje - Kotkan Vapaa-ajattelijat ry\" \/>\n<meta property=\"og:description\" content=\"Kaikki ymm\u00e4rt\u00e4v\u00e4t, ett\u00e4 jotta yhteisess\u00e4 k\u00e4yt\u00f6ss\u00e4 oleva saaripaikka ei rapistuisi, sit\u00e4 pit\u00e4\u00e4 siivota ja kunnostaa. Jokaisella k\u00e4ynnill\u00e4 ei tarvitse tehd\u00e4 suursiivousta, mutta tietynlainen siisteystaso pit\u00e4\u00e4 yll\u00e4pit\u00e4\u00e4, jotta seuraavien k\u00e4ytt\u00e4jien on ... Lue lis\u00e4\u00e4\" \/>\n<meta property=\"og:url\" content=\"https:\/\/vapaa-ajattelijat.fi\/kotka\/siivousohje\/\" \/>\n<meta property=\"og:site_name\" content=\"Kotkan Vapaa-ajattelijat ry\" \/>\n<meta property=\"article:modified_time\" content=\"2025-11-01T17:37:17+00:00\" \/>\n<meta name=\"twitter:card\" content=\"summary_large_image\" \/>\n<meta name=\"twitter:label1\" content=\"Arvioitu lukuaika\" \/>\n\t<meta name=\"twitter:data1\" content=\"1 minuutti\" \/>\n<script type=\"application\/ld+json\" class=\"yoast-schema-graph\">{\"@context\":\"https:\\\/\\\/schema.org\",\"@graph\":[{\"@type\":\"WebPage\",\"@id\":\"https:\\\/\\\/vapaa-ajattelijat.fi\\\/kotka\\\/siivousohje\\\/\",\"url\":\"https:\\\/\\\/vapaa-ajattelijat.fi\\\/kotka\\\/siivousohje\\\/\",\"name\":\"Siivousohje - Kotkan Vapaa-ajattelijat ry\",\"isPartOf\":{\"@id\":\"https:\\\/\\\/vapaa-ajattelijat.fi\\\/kotka\\\/#website\"},\"datePublished\":\"2021-02-01T14:32:41+00:00\",\"dateModified\":\"2025-11-01T17:37:17+00:00\",\"breadcrumb\":{\"@id\":\"https:\\\/\\\/vapaa-ajattelijat.fi\\\/kotka\\\/siivousohje\\\/#breadcrumb\"},\"inLanguage\":\"fi\",\"potentialAction\":[{\"@type\":\"ReadAction\",\"target\":[\"https:\\\/\\\/vapaa-ajattelijat.fi\\\/kotka\\\/siivousohje\\\/\"]}]},{\"@type\":\"BreadcrumbList\",\"@id\":\"https:\\\/\\\/vapaa-ajattelijat.fi\\\/kotka\\\/siivousohje\\\/#breadcrumb\",\"itemListElement\":[{\"@type\":\"ListItem\",\"position\":1,\"name\":\"Home\",\"item\":\"https:\\\/\\\/vapaa-ajattelijat.fi\\\/kotka\\\/\"},{\"@type\":\"ListItem\",\"position\":2,\"name\":\"Siivousohje\"}]},{\"@type\":\"WebSite\",\"@id\":\"https:\\\/\\\/vapaa-ajattelijat.fi\\\/kotka\\\/#website\",\"url\":\"https:\\\/\\\/vapaa-ajattelijat.fi\\\/kotka\\\/\",\"name\":\"Kotkan Vapaa-ajattelijat ry\",\"description\":\"\",\"publisher\":{\"@id\":\"https:\\\/\\\/vapaa-ajattelijat.fi\\\/kotka\\\/#organization\"},\"potentialAction\":[{\"@type\":\"SearchAction\",\"target\":{\"@type\":\"EntryPoint\",\"urlTemplate\":\"https:\\\/\\\/vapaa-ajattelijat.fi\\\/kotka\\\/?s={search_term_string}\"},\"query-input\":{\"@type\":\"PropertyValueSpecification\",\"valueRequired\":true,\"valueName\":\"search_term_string\"}}],\"inLanguage\":\"fi\"},{\"@type\":\"Organization\",\"@id\":\"https:\\\/\\\/vapaa-ajattelijat.fi\\\/kotka\\\/#organization\",\"name\":\"Kotkan Vapaa-ajattelijat ry\",\"url\":\"https:\\\/\\\/vapaa-ajattelijat.fi\\\/kotka\\\/\",\"logo\":{\"@type\":\"ImageObject\",\"inLanguage\":\"fi\",\"@id\":\"https:\\\/\\\/vapaa-ajattelijat.fi\\\/kotka\\\/#\\\/schema\\\/logo\\\/image\\\/\",\"url\":\"https:\\\/\\\/vapaa-ajattelijat.fi\\\/kotka\\\/wp-content\\\/uploads\\\/sites\\\/18\\\/2021\\\/01\\\/cropped-vaball-300x300-1-e1610285562722.png\",\"contentUrl\":\"https:\\\/\\\/vapaa-ajattelijat.fi\\\/kotka\\\/wp-content\\\/uploads\\\/sites\\\/18\\\/2021\\\/01\\\/cropped-vaball-300x300-1-e1610285562722.png\",\"width\":75,\"height\":75,\"caption\":\"Kotkan Vapaa-ajattelijat ry\"},\"image\":{\"@id\":\"https:\\\/\\\/vapaa-ajattelijat.fi\\\/kotka\\\/#\\\/schema\\\/logo\\\/image\\\/\"}}]}<\/script>\n<!-- \/ Yoast SEO plugin. -->","yoast_head_json":{"title":"Siivousohje - Kotkan Vapaa-ajattelijat ry","robots":{"index":"index","follow":"follow","max-snippet":"max-snippet:-1","max-image-preview":"max-image-preview:large","max-video-preview":"max-video-preview:-1"},"canonical":"https:\/\/vapaa-ajattelijat.fi\/kotka\/siivousohje\/","og_locale":"fi_FI","og_type":"article","og_title":"Siivousohje - Kotkan Vapaa-ajattelijat ry","og_description":"Kaikki ymm\u00e4rt\u00e4v\u00e4t, ett\u00e4 jotta yhteisess\u00e4 k\u00e4yt\u00f6ss\u00e4 oleva saaripaikka ei rapistuisi, sit\u00e4 pit\u00e4\u00e4 siivota ja kunnostaa. Jokaisella k\u00e4ynnill\u00e4 ei tarvitse tehd\u00e4 suursiivousta, mutta tietynlainen siisteystaso pit\u00e4\u00e4 yll\u00e4pit\u00e4\u00e4, jotta seuraavien k\u00e4ytt\u00e4jien on ... Lue lis\u00e4\u00e4","og_url":"https:\/\/vapaa-ajattelijat.fi\/kotka\/siivousohje\/","og_site_name":"Kotkan Vapaa-ajattelijat ry","article_modified_time":"2025-11-01T17:37:17+00:00","twitter_card":"summary_large_image","twitter_misc":{"Arvioitu lukuaika":"1 minuutti"},"schema":{"@context":"https:\/\/schema.org","@graph":[{"@type":"WebPage","@id":"https:\/\/vapaa-ajattelijat.fi\/kotka\/siivousohje\/","url":"https:\/\/vapaa-ajattelijat.fi\/kotka\/siivousohje\/","name":"Siivousohje - Kotkan Vapaa-ajattelijat ry","isPartOf":{"@id":"https:\/\/vapaa-ajattelijat.fi\/kotka\/#website"},"datePublished":"2021-02-01T14:32:41+00:00","dateModified":"2025-11-01T17:37:17+00:00","breadcrumb":{"@id":"https:\/\/vapaa-ajattelijat.fi\/kotka\/siivousohje\/#breadcrumb"},"inLanguage":"fi","potentialAction":[{"@type":"ReadAction","target":["https:\/\/vapaa-ajattelijat.fi\/kotka\/siivousohje\/"]}]},{"@type":"BreadcrumbList","@id":"https:\/\/vapaa-ajattelijat.fi\/kotka\/siivousohje\/#breadcrumb","itemListElement":[{"@type":"ListItem","position":1,"name":"Home","item":"https:\/\/vapaa-ajattelijat.fi\/kotka\/"},{"@type":"ListItem","position":2,"name":"Siivousohje"}]},{"@type":"WebSite","@id":"https:\/\/vapaa-ajattelijat.fi\/kotka\/#website","url":"https:\/\/vapaa-ajattelijat.fi\/kotka\/","name":"Kotkan Vapaa-ajattelijat ry","description":"","publisher":{"@id":"https:\/\/vapaa-ajattelijat.fi\/kotka\/#organization"},"potentialAction":[{"@type":"SearchAction","target":{"@type":"EntryPoint","urlTemplate":"https:\/\/vapaa-ajattelijat.fi\/kotka\/?s={search_term_string}"},"query-input":{"@type":"PropertyValueSpecification","valueRequired":true,"valueName":"search_term_string"}}],"inLanguage":"fi"},{"@type":"Organization","@id":"https:\/\/vapaa-ajattelijat.fi\/kotka\/#organization","name":"Kotkan Vapaa-ajattelijat ry","url":"https:\/\/vapaa-ajattelijat.fi\/kotka\/","logo":{"@type":"ImageObject","inLanguage":"fi","@id":"https:\/\/vapaa-ajattelijat.fi\/kotka\/#\/schema\/logo\/image\/","url":"https:\/\/vapaa-ajattelijat.fi\/kotka\/wp-content\/uploads\/sites\/18\/2021\/01\/cropped-vaball-300x300-1-e1610285562722.png","contentUrl":"https:\/\/vapaa-ajattelijat.fi\/kotka\/wp-content\/uploads\/sites\/18\/2021\/01\/cropped-vaball-300x300-1-e1610285562722.png","width":75,"height":75,"caption":"Kotkan Vapaa-ajattelijat ry"},"image":{"@id":"https:\/\/vapaa-ajattelijat.fi\/kotka\/#\/schema\/logo\/image\/"}}]}},"_links":{"self":[{"href":"https:\/\/vapaa-ajattelijat.fi\/kotka\/wp-json\/wp\/v2\/pages\/322","targetHints":{"allow":["GET"]}}],"collection":[{"href":"https:\/\/vapaa-ajattelijat.fi\/kotka\/wp-json\/wp\/v2\/pages"}],"about":[{"href":"https:\/\/vapaa-ajattelijat.fi\/kotka\/wp-json\/wp\/v2\/types\/page"}],"author":[{"embeddable":true,"href":"https:\/\/vapaa-ajattelijat.fi\/kotka\/wp-json\/wp\/v2\/users\/37"}],"replies":[{"embeddable":true,"href":"https:\/\/vapaa-ajattelijat.fi\/kotka\/wp-json\/wp\/v2\/comments?post=322"}],"version-history":[{"count":7,"href":"https:\/\/vapaa-ajattelijat.fi\/kotka\/wp-json\/wp\/v2\/pages\/322\/revisions"}],"predecessor-version":[{"id":655,"href":"https:\/\/vapaa-ajattelijat.fi\/kotka\/wp-json\/wp\/v2\/pages\/322\/revisions\/655"}],"wp:attachment":[{"href":"https:\/\/vapaa-ajattelijat.fi\/kotka\/wp-json\/wp\/v2\/media?parent=322"}],"curies":[{"name":"wp","href":"https:\/\/api.w.org\/{rel}","templated":true}]}}