{"id":318,"date":"2021-02-01T16:25:43","date_gmt":"2021-02-01T14:25:43","guid":{"rendered":"https:\/\/vapaa-ajattelijat.fi\/kotka0tilap\/?page_id=318"},"modified":"2025-02-07T18:14:12","modified_gmt":"2025-02-07T16:14:12","slug":"hyppaa-kyytiin","status":"publish","type":"page","link":"https:\/\/vapaa-ajattelijat.fi\/kotka\/hyppaa-kyytiin\/","title":{"rendered":"Hypp\u00e4\u00e4 kyytiin"},"content":{"rendered":"<p>Kaikilla yhdistyksen j\u00e4senill\u00e4 ei ole omaa venett\u00e4. Alla yhdistyksen j\u00e4seni\u00e4, jotka ovat valmiita mahdollisuuksien ja aikataulujen salliessa kyyditsem\u00e4\u00e4n halukkaita:<\/p>\n<p>Pekka Aalto (puh. 0400 912 559):<br \/>\n&#8221;Olen valmis auttamaan saareen kuljetuksessa Trimmu -purjeveneell\u00e4 seuraavilla kaikille ymm\u00e4rrett\u00e4vill\u00e4 edellytyksill\u00e4. Jokaisen kyytiin tulevan pit\u00e4\u00e4 olla kykenev\u00e4inen huolehtimaan itsest\u00e4\u00e4n matkan aikana, kantamaan tavaransa saareen ja siivoamaan j\u00e4lkens\u00e4 ennen takaisin l\u00e4ht\u00f6\u00e4. Saareen ei j\u00e4\u00e4 mit\u00e4\u00e4n Trimmun k\u00e4ynnin j\u00e4ljilt\u00e4. Trimmun kipparina vastaan matkustajien turvallisuudesta, sen takia en ota kyytiin voimakkaasti p\u00e4ihtyneit\u00e4 tai r\u00e4hin\u00e4viinaa nauttineita&#8221;.<\/p>\n<p><img fetchpriority=\"high\" decoding=\"async\" class=\"alignnone size-full wp-image-501\" src=\"http:\/\/vapaa-ajattelijat.fi\/kotka\/wp-content\/uploads\/sites\/18\/2022\/04\/Liikennetta-saareen.jpg\" alt=\"\" width=\"1600\" height=\"1066\" \/><\/p>\n<p>&nbsp;<\/p>\n<p>My\u00f6skin Nemo ja Fram -vene tekee aika ajoin reissuja saareen ja sopivan tilaisuuden sattuessa heid\u00e4nkin kyytiins\u00e4 saattaa mahtua.<\/p>\n<p>Mik\u00e4li omistat veneen ja haluaisit auttaa saarikuljetuksissa, laitapa viesti\u00e4.<\/p>\n","protected":false},"excerpt":{"rendered":"<p>Kaikilla yhdistyksen j\u00e4senill\u00e4 ei ole omaa venett\u00e4. Alla yhdistyksen j\u00e4seni\u00e4, jotka ovat valmiita mahdollisuuksien ja aikataulujen salliessa kyyditsem\u00e4\u00e4n halukkaita: Pekka Aalto (puh. 0400 912 559): &#8221;Olen valmis auttamaan saareen kuljetuksessa &#8230; <a title=\"Hypp\u00e4\u00e4 kyytiin\" class=\"read-more\" href=\"https:\/\/vapaa-ajattelijat.fi\/kotka\/hyppaa-kyytiin\/\" aria-label=\"Lue lis\u00e4\u00e4 aiheesta Hypp\u00e4\u00e4 kyytiin\">Lue lis\u00e4\u00e4<\/a><\/p>\n","protected":false},"author":37,"featured_media":0,"parent":0,"menu_order":4,"comment_status":"closed","ping_status":"closed","template":"","meta":{"footnotes":""},"class_list":["post-318","page","type-page","status-publish"],"yoast_head":"<!-- This site is optimized with the Yoast SEO plugin v27.4 - https:\/\/yoast.com\/product\/yoast-seo-wordpress\/ -->\n<title>Hypp\u00e4\u00e4 kyytiin - Kotkan Vapaa-ajattelijat ry<\/title>\n<meta name=\"robots\" content=\"index, follow, max-snippet:-1, max-image-preview:large, max-video-preview:-1\" \/>\n<link rel=\"canonical\" href=\"https:\/\/vapaa-ajattelijat.fi\/kotka\/hyppaa-kyytiin\/\" \/>\n<meta property=\"og:locale\" content=\"fi_FI\" \/>\n<meta property=\"og:type\" content=\"article\" \/>\n<meta property=\"og:title\" content=\"Hypp\u00e4\u00e4 kyytiin - Kotkan Vapaa-ajattelijat ry\" \/>\n<meta property=\"og:description\" content=\"Kaikilla yhdistyksen j\u00e4senill\u00e4 ei ole omaa venett\u00e4. Alla yhdistyksen j\u00e4seni\u00e4, jotka ovat valmiita mahdollisuuksien ja aikataulujen salliessa kyyditsem\u00e4\u00e4n halukkaita: Pekka Aalto (puh. 0400 912 559): &#8221;Olen valmis auttamaan saareen kuljetuksessa ... Lue lis\u00e4\u00e4\" \/>\n<meta property=\"og:url\" content=\"https:\/\/vapaa-ajattelijat.fi\/kotka\/hyppaa-kyytiin\/\" \/>\n<meta property=\"og:site_name\" content=\"Kotkan Vapaa-ajattelijat ry\" \/>\n<meta property=\"article:modified_time\" content=\"2025-02-07T16:14:12+00:00\" \/>\n<meta property=\"og:image\" content=\"https:\/\/vapaa-ajattelijat.fi\/kotka\/wp-content\/uploads\/sites\/18\/2022\/04\/Liikennetta-saareen.jpg\" \/>\n\t<meta property=\"og:image:width\" content=\"1600\" \/>\n\t<meta property=\"og:image:height\" content=\"1066\" \/>\n\t<meta property=\"og:image:type\" content=\"image\/jpeg\" \/>\n<meta name=\"twitter:card\" content=\"summary_large_image\" \/>\n<meta name=\"twitter:label1\" content=\"Arvioitu lukuaika\" \/>\n\t<meta name=\"twitter:data1\" content=\"1 minuutti\" \/>\n<script type=\"application\/ld+json\" class=\"yoast-schema-graph\">{\"@context\":\"https:\\\/\\\/schema.org\",\"@graph\":[{\"@type\":\"WebPage\",\"@id\":\"https:\\\/\\\/vapaa-ajattelijat.fi\\\/kotka\\\/hyppaa-kyytiin\\\/\",\"url\":\"https:\\\/\\\/vapaa-ajattelijat.fi\\\/kotka\\\/hyppaa-kyytiin\\\/\",\"name\":\"Hypp\u00e4\u00e4 kyytiin - Kotkan Vapaa-ajattelijat ry\",\"isPartOf\":{\"@id\":\"https:\\\/\\\/vapaa-ajattelijat.fi\\\/kotka\\\/#website\"},\"primaryImageOfPage\":{\"@id\":\"https:\\\/\\\/vapaa-ajattelijat.fi\\\/kotka\\\/hyppaa-kyytiin\\\/#primaryimage\"},\"image\":{\"@id\":\"https:\\\/\\\/vapaa-ajattelijat.fi\\\/kotka\\\/hyppaa-kyytiin\\\/#primaryimage\"},\"thumbnailUrl\":\"http:\\\/\\\/vapaa-ajattelijat.fi\\\/kotka\\\/wp-content\\\/uploads\\\/sites\\\/18\\\/2022\\\/04\\\/Liikennetta-saareen.jpg\",\"datePublished\":\"2021-02-01T14:25:43+00:00\",\"dateModified\":\"2025-02-07T16:14:12+00:00\",\"breadcrumb\":{\"@id\":\"https:\\\/\\\/vapaa-ajattelijat.fi\\\/kotka\\\/hyppaa-kyytiin\\\/#breadcrumb\"},\"inLanguage\":\"fi\",\"potentialAction\":[{\"@type\":\"ReadAction\",\"target\":[\"https:\\\/\\\/vapaa-ajattelijat.fi\\\/kotka\\\/hyppaa-kyytiin\\\/\"]}]},{\"@type\":\"ImageObject\",\"inLanguage\":\"fi\",\"@id\":\"https:\\\/\\\/vapaa-ajattelijat.fi\\\/kotka\\\/hyppaa-kyytiin\\\/#primaryimage\",\"url\":\"https:\\\/\\\/vapaa-ajattelijat.fi\\\/kotka\\\/wp-content\\\/uploads\\\/sites\\\/18\\\/2022\\\/04\\\/Liikennetta-saareen.jpg\",\"contentUrl\":\"https:\\\/\\\/vapaa-ajattelijat.fi\\\/kotka\\\/wp-content\\\/uploads\\\/sites\\\/18\\\/2022\\\/04\\\/Liikennetta-saareen.jpg\",\"width\":1600,\"height\":1066},{\"@type\":\"BreadcrumbList\",\"@id\":\"https:\\\/\\\/vapaa-ajattelijat.fi\\\/kotka\\\/hyppaa-kyytiin\\\/#breadcrumb\",\"itemListElement\":[{\"@type\":\"ListItem\",\"position\":1,\"name\":\"Home\",\"item\":\"https:\\\/\\\/vapaa-ajattelijat.fi\\\/kotka\\\/\"},{\"@type\":\"ListItem\",\"position\":2,\"name\":\"Hypp\u00e4\u00e4 kyytiin\"}]},{\"@type\":\"WebSite\",\"@id\":\"https:\\\/\\\/vapaa-ajattelijat.fi\\\/kotka\\\/#website\",\"url\":\"https:\\\/\\\/vapaa-ajattelijat.fi\\\/kotka\\\/\",\"name\":\"Kotkan Vapaa-ajattelijat ry\",\"description\":\"\",\"publisher\":{\"@id\":\"https:\\\/\\\/vapaa-ajattelijat.fi\\\/kotka\\\/#organization\"},\"potentialAction\":[{\"@type\":\"SearchAction\",\"target\":{\"@type\":\"EntryPoint\",\"urlTemplate\":\"https:\\\/\\\/vapaa-ajattelijat.fi\\\/kotka\\\/?s={search_term_string}\"},\"query-input\":{\"@type\":\"PropertyValueSpecification\",\"valueRequired\":true,\"valueName\":\"search_term_string\"}}],\"inLanguage\":\"fi\"},{\"@type\":\"Organization\",\"@id\":\"https:\\\/\\\/vapaa-ajattelijat.fi\\\/kotka\\\/#organization\",\"name\":\"Kotkan Vapaa-ajattelijat ry\",\"url\":\"https:\\\/\\\/vapaa-ajattelijat.fi\\\/kotka\\\/\",\"logo\":{\"@type\":\"ImageObject\",\"inLanguage\":\"fi\",\"@id\":\"https:\\\/\\\/vapaa-ajattelijat.fi\\\/kotka\\\/#\\\/schema\\\/logo\\\/image\\\/\",\"url\":\"https:\\\/\\\/vapaa-ajattelijat.fi\\\/kotka\\\/wp-content\\\/uploads\\\/sites\\\/18\\\/2021\\\/01\\\/cropped-vaball-300x300-1-e1610285562722.png\",\"contentUrl\":\"https:\\\/\\\/vapaa-ajattelijat.fi\\\/kotka\\\/wp-content\\\/uploads\\\/sites\\\/18\\\/2021\\\/01\\\/cropped-vaball-300x300-1-e1610285562722.png\",\"width\":75,\"height\":75,\"caption\":\"Kotkan Vapaa-ajattelijat ry\"},\"image\":{\"@id\":\"https:\\\/\\\/vapaa-ajattelijat.fi\\\/kotka\\\/#\\\/schema\\\/logo\\\/image\\\/\"}}]}<\/script>\n<!-- \/ Yoast SEO plugin. -->","yoast_head_json":{"title":"Hypp\u00e4\u00e4 kyytiin - Kotkan Vapaa-ajattelijat ry","robots":{"index":"index","follow":"follow","max-snippet":"max-snippet:-1","max-image-preview":"max-image-preview:large","max-video-preview":"max-video-preview:-1"},"canonical":"https:\/\/vapaa-ajattelijat.fi\/kotka\/hyppaa-kyytiin\/","og_locale":"fi_FI","og_type":"article","og_title":"Hypp\u00e4\u00e4 kyytiin - Kotkan Vapaa-ajattelijat ry","og_description":"Kaikilla yhdistyksen j\u00e4senill\u00e4 ei ole omaa venett\u00e4. Alla yhdistyksen j\u00e4seni\u00e4, jotka ovat valmiita mahdollisuuksien ja aikataulujen salliessa kyyditsem\u00e4\u00e4n halukkaita: Pekka Aalto (puh. 0400 912 559): &#8221;Olen valmis auttamaan saareen kuljetuksessa ... Lue lis\u00e4\u00e4","og_url":"https:\/\/vapaa-ajattelijat.fi\/kotka\/hyppaa-kyytiin\/","og_site_name":"Kotkan Vapaa-ajattelijat ry","article_modified_time":"2025-02-07T16:14:12+00:00","og_image":[{"width":1600,"height":1066,"url":"https:\/\/vapaa-ajattelijat.fi\/kotka\/wp-content\/uploads\/sites\/18\/2022\/04\/Liikennetta-saareen.jpg","type":"image\/jpeg"}],"twitter_card":"summary_large_image","twitter_misc":{"Arvioitu lukuaika":"1 minuutti"},"schema":{"@context":"https:\/\/schema.org","@graph":[{"@type":"WebPage","@id":"https:\/\/vapaa-ajattelijat.fi\/kotka\/hyppaa-kyytiin\/","url":"https:\/\/vapaa-ajattelijat.fi\/kotka\/hyppaa-kyytiin\/","name":"Hypp\u00e4\u00e4 kyytiin - Kotkan Vapaa-ajattelijat ry","isPartOf":{"@id":"https:\/\/vapaa-ajattelijat.fi\/kotka\/#website"},"primaryImageOfPage":{"@id":"https:\/\/vapaa-ajattelijat.fi\/kotka\/hyppaa-kyytiin\/#primaryimage"},"image":{"@id":"https:\/\/vapaa-ajattelijat.fi\/kotka\/hyppaa-kyytiin\/#primaryimage"},"thumbnailUrl":"http:\/\/vapaa-ajattelijat.fi\/kotka\/wp-content\/uploads\/sites\/18\/2022\/04\/Liikennetta-saareen.jpg","datePublished":"2021-02-01T14:25:43+00:00","dateModified":"2025-02-07T16:14:12+00:00","breadcrumb":{"@id":"https:\/\/vapaa-ajattelijat.fi\/kotka\/hyppaa-kyytiin\/#breadcrumb"},"inLanguage":"fi","potentialAction":[{"@type":"ReadAction","target":["https:\/\/vapaa-ajattelijat.fi\/kotka\/hyppaa-kyytiin\/"]}]},{"@type":"ImageObject","inLanguage":"fi","@id":"https:\/\/vapaa-ajattelijat.fi\/kotka\/hyppaa-kyytiin\/#primaryimage","url":"https:\/\/vapaa-ajattelijat.fi\/kotka\/wp-content\/uploads\/sites\/18\/2022\/04\/Liikennetta-saareen.jpg","contentUrl":"https:\/\/vapaa-ajattelijat.fi\/kotka\/wp-content\/uploads\/sites\/18\/2022\/04\/Liikennetta-saareen.jpg","width":1600,"height":1066},{"@type":"BreadcrumbList","@id":"https:\/\/vapaa-ajattelijat.fi\/kotka\/hyppaa-kyytiin\/#breadcrumb","itemListElement":[{"@type":"ListItem","position":1,"name":"Home","item":"https:\/\/vapaa-ajattelijat.fi\/kotka\/"},{"@type":"ListItem","position":2,"name":"Hypp\u00e4\u00e4 kyytiin"}]},{"@type":"WebSite","@id":"https:\/\/vapaa-ajattelijat.fi\/kotka\/#website","url":"https:\/\/vapaa-ajattelijat.fi\/kotka\/","name":"Kotkan Vapaa-ajattelijat ry","description":"","publisher":{"@id":"https:\/\/vapaa-ajattelijat.fi\/kotka\/#organization"},"potentialAction":[{"@type":"SearchAction","target":{"@type":"EntryPoint","urlTemplate":"https:\/\/vapaa-ajattelijat.fi\/kotka\/?s={search_term_string}"},"query-input":{"@type":"PropertyValueSpecification","valueRequired":true,"valueName":"search_term_string"}}],"inLanguage":"fi"},{"@type":"Organization","@id":"https:\/\/vapaa-ajattelijat.fi\/kotka\/#organization","name":"Kotkan Vapaa-ajattelijat ry","url":"https:\/\/vapaa-ajattelijat.fi\/kotka\/","logo":{"@type":"ImageObject","inLanguage":"fi","@id":"https:\/\/vapaa-ajattelijat.fi\/kotka\/#\/schema\/logo\/image\/","url":"https:\/\/vapaa-ajattelijat.fi\/kotka\/wp-content\/uploads\/sites\/18\/2021\/01\/cropped-vaball-300x300-1-e1610285562722.png","contentUrl":"https:\/\/vapaa-ajattelijat.fi\/kotka\/wp-content\/uploads\/sites\/18\/2021\/01\/cropped-vaball-300x300-1-e1610285562722.png","width":75,"height":75,"caption":"Kotkan Vapaa-ajattelijat ry"},"image":{"@id":"https:\/\/vapaa-ajattelijat.fi\/kotka\/#\/schema\/logo\/image\/"}}]}},"_links":{"self":[{"href":"https:\/\/vapaa-ajattelijat.fi\/kotka\/wp-json\/wp\/v2\/pages\/318","targetHints":{"allow":["GET"]}}],"collection":[{"href":"https:\/\/vapaa-ajattelijat.fi\/kotka\/wp-json\/wp\/v2\/pages"}],"about":[{"href":"https:\/\/vapaa-ajattelijat.fi\/kotka\/wp-json\/wp\/v2\/types\/page"}],"author":[{"embeddable":true,"href":"https:\/\/vapaa-ajattelijat.fi\/kotka\/wp-json\/wp\/v2\/users\/37"}],"replies":[{"embeddable":true,"href":"https:\/\/vapaa-ajattelijat.fi\/kotka\/wp-json\/wp\/v2\/comments?post=318"}],"version-history":[{"count":5,"href":"https:\/\/vapaa-ajattelijat.fi\/kotka\/wp-json\/wp\/v2\/pages\/318\/revisions"}],"predecessor-version":[{"id":601,"href":"https:\/\/vapaa-ajattelijat.fi\/kotka\/wp-json\/wp\/v2\/pages\/318\/revisions\/601"}],"wp:attachment":[{"href":"https:\/\/vapaa-ajattelijat.fi\/kotka\/wp-json\/wp\/v2\/media?parent=318"}],"curies":[{"name":"wp","href":"https:\/\/api.w.org\/{rel}","templated":true}]}}