{"id":314,"date":"2021-02-01T16:07:27","date_gmt":"2021-02-01T14:07:27","guid":{"rendered":"https:\/\/vapaa-ajattelijat.fi\/kotka0tilap\/?page_id=314"},"modified":"2025-11-01T19:25:48","modified_gmt":"2025-11-01T17:25:48","slug":"yleiskuvaus","status":"publish","type":"page","link":"https:\/\/vapaa-ajattelijat.fi\/kotka\/yleiskuvaus\/","title":{"rendered":"Yleiskuvaus"},"content":{"rendered":"<p>Vapaaranta on Kotkan Vapaa-ajattelijoiden kes\u00e4paikka, jossa kalastuksen perinteet ja nykyajan kiireet\u00f6n virkistyminen ly\u00f6v\u00e4t sovussa k\u00e4tt\u00e4 toisilleen.<\/p>\n<p>Kotkan Vapaa-ajattelijoiden vanhaa Vapaaranta-blogia voit katsoa <a href=\"http:\/\/vapaaranta.blogspot.com\" target=\"_blank\" rel=\"noopener\">t\u00e4st\u00e4<\/a>.<\/p>\n<p>Vapaarannassa y\u00f6pyminen maksaa 5 euroa henkil\u00f6lt\u00e4\/y\u00f6. Koko kes\u00e4kauden maksu on 70 euroa perheelt\u00e4, pankkitilillemme suoritettuna.<\/p>\n<p>Vanhat rakennukset vaativat jatkuvaa kunnostusta ja yll\u00e4pitoa. V. 2023 suoritettu kuntotarkastus antoi hyvi\u00e4 ohjeita ja kiireellisyysj\u00e4rjestyksen t\u00f6ist\u00e4. Piha-aluekin vaatii kunnostusta ja perinnemaiseman ennallistamista. Kaikki ty\u00f6 on tehty talkooty\u00f6n\u00e4, voimavarojen ja k\u00e4ytett\u00e4viss\u00e4 olevien rahavarojen mukaan. Yhdess\u00e4 tekeminen on mukavaa. Kaikki Vapaarannasta kiinnostuneet ovat tervetulleita tutustumaan ja halutessaan osallistumaan kunnostust\u00f6ihin.<\/p>\n<p>Saareen p\u00e4\u00e4see vain yksityisell\u00e4 veneell\u00e4, julkinen yhteysalus ei saareen kulje. Mahdollisuutta venekyytiin voi tiedustella Pekka Aallolta, puh. 040 091 2559. Saaressa ei ole s\u00e4hk\u00f6\u00e4, vesijohtoa eik\u00e4 kaivoa, mik\u00e4 on hyv\u00e4 huomioida. Y\u00f6pymist\u00e4 varten oma makuupussi on tarpeen.<\/p>\n<p><img fetchpriority=\"high\" decoding=\"async\" class=\"alignnone size-full wp-image-514\" src=\"http:\/\/vapaa-ajattelijat.fi\/kotka\/wp-content\/uploads\/sites\/18\/2022\/05\/Vapaaranta-2.jpg\" alt=\"\" width=\"945\" height=\"909\" \/><\/p>\n<p>Vapaaranta soveltuu my\u00f6s kotitarvekalastajien etappipaikaksi yht\u00e4 hyvin kuin Prometheus-nuorten ja ty\u00f6tt\u00f6mien virkistyspaikaksi.<\/p>\n<p>Toimintaperiaatteena on, ett\u00e4 k\u00e4ytt\u00e4jien keskuudesta ker\u00e4t\u00e4\u00e4n &#8221;varusteluraha&#8221;, mill\u00e4 k\u00e4yt\u00f6n ja kunnostuksen kustannukset korvataan.<\/p>\n<p class=\"hide-if-no-js\"><img decoding=\"async\" class=\"alignnone size-full wp-image-506\" src=\"http:\/\/vapaa-ajattelijat.fi\/kotka\/wp-content\/uploads\/sites\/18\/2022\/04\/ikkunoiden-kittaus.jpg\" alt=\"\" width=\"960\" height=\"640\" \/><\/p>\n<p class=\"hide-if-no-js\">Vapaaranta on oiva paikka seurata lintujen muuttoa.<\/p>\n<p class=\"hide-if-no-js\"><img decoding=\"async\" class=\"alignnone size-full wp-image-508\" src=\"http:\/\/vapaa-ajattelijat.fi\/kotka\/wp-content\/uploads\/sites\/18\/2022\/04\/lintujen-muutto.jpg\" alt=\"\" width=\"960\" height=\"640\" \/><\/p>\n<p>Perinnemaisemassa ihmisen ei tarvitse itsens\u00e4 kanssa hienostella.<\/p>\n<p><a href=\"https:\/\/vapaa-ajattelijat.fi\/kotka\/wp-content\/uploads\/sites\/6\/2015\/02\/Iltapala.jpg\"><img loading=\"lazy\" decoding=\"async\" class=\"alignnone size-full wp-image-510\" src=\"http:\/\/vapaa-ajattelijat.fi\/kotka\/wp-content\/uploads\/sites\/18\/2022\/04\/iltapala.jpg\" alt=\"\" width=\"960\" height=\"640\" \/><\/a><\/p>\n<p><img loading=\"lazy\" decoding=\"async\" class=\"alignnone size-full wp-image-529\" src=\"http:\/\/vapaa-ajattelijat.fi\/kotka\/wp-content\/uploads\/sites\/18\/2022\/05\/facebook_1652114062643_6929468621405832520.jpg\" alt=\"\" width=\"720\" height=\"480\" \/> <img loading=\"lazy\" decoding=\"async\" class=\"alignnone size-medium wp-image-530\" src=\"http:\/\/vapaa-ajattelijat.fi\/kotka\/wp-content\/uploads\/sites\/18\/2022\/05\/facebook_1652113299420_6929465420211733689.jpg\" alt=\"\" width=\"300\" height=\"200\" \/> <img loading=\"lazy\" decoding=\"async\" class=\"alignnone size-medium wp-image-531\" src=\"http:\/\/vapaa-ajattelijat.fi\/kotka\/wp-content\/uploads\/sites\/18\/2022\/05\/facebook_1652113230455_6929465130953475042.jpg\" alt=\"\" width=\"300\" height=\"200\" \/> <img loading=\"lazy\" decoding=\"async\" class=\"alignnone size-medium wp-image-532\" src=\"http:\/\/vapaa-ajattelijat.fi\/kotka\/wp-content\/uploads\/sites\/18\/2022\/05\/facebook_1652113162898_6929464847596034616.jpg\" alt=\"\" width=\"300\" height=\"200\" \/> <img loading=\"lazy\" decoding=\"async\" class=\"alignnone size-medium wp-image-533\" src=\"http:\/\/vapaa-ajattelijat.fi\/kotka\/wp-content\/uploads\/sites\/18\/2022\/05\/facebook_1652112226477_6929460919962448451.jpg\" alt=\"\" width=\"300\" height=\"200\" \/> <img loading=\"lazy\" decoding=\"async\" class=\"alignnone size-medium wp-image-534\" src=\"http:\/\/vapaa-ajattelijat.fi\/kotka\/wp-content\/uploads\/sites\/18\/2022\/05\/facebook_1652112135639_6929460538963266284.jpg\" alt=\"\" width=\"200\" height=\"300\" \/> <img loading=\"lazy\" decoding=\"async\" class=\"alignnone size-medium wp-image-535\" src=\"http:\/\/vapaa-ajattelijat.fi\/kotka\/wp-content\/uploads\/sites\/18\/2022\/05\/facebook_1652111114359_6929456255404505493.jpg\" alt=\"\" width=\"225\" height=\"300\" \/> <img loading=\"lazy\" decoding=\"async\" class=\"alignnone size-medium wp-image-536\" src=\"http:\/\/vapaa-ajattelijat.fi\/kotka\/wp-content\/uploads\/sites\/18\/2022\/05\/facebook_1652112016391_6929460038798670372.jpg\" alt=\"\" width=\"300\" height=\"225\" \/><\/p>\n","protected":false},"excerpt":{"rendered":"<p>Vapaaranta on Kotkan Vapaa-ajattelijoiden kes\u00e4paikka, jossa kalastuksen perinteet ja nykyajan kiireet\u00f6n virkistyminen ly\u00f6v\u00e4t sovussa k\u00e4tt\u00e4 toisilleen. Kotkan Vapaa-ajattelijoiden vanhaa Vapaaranta-blogia voit katsoa t\u00e4st\u00e4. Vapaarannassa y\u00f6pyminen maksaa 5 euroa henkil\u00f6lt\u00e4\/y\u00f6. Koko &#8230; <a title=\"Yleiskuvaus\" class=\"read-more\" href=\"https:\/\/vapaa-ajattelijat.fi\/kotka\/yleiskuvaus\/\" aria-label=\"Lue lis\u00e4\u00e4 aiheesta Yleiskuvaus\">Lue lis\u00e4\u00e4<\/a><\/p>\n","protected":false},"author":37,"featured_media":0,"parent":0,"menu_order":2,"comment_status":"closed","ping_status":"closed","template":"","meta":{"footnotes":""},"class_list":["post-314","page","type-page","status-publish"],"yoast_head":"<!-- This site is optimized with the Yoast SEO plugin v27.4 - https:\/\/yoast.com\/product\/yoast-seo-wordpress\/ -->\n<title>Yleiskuvaus - Kotkan Vapaa-ajattelijat ry<\/title>\n<meta name=\"robots\" content=\"index, follow, max-snippet:-1, max-image-preview:large, max-video-preview:-1\" \/>\n<link rel=\"canonical\" href=\"https:\/\/vapaa-ajattelijat.fi\/kotka\/yleiskuvaus\/\" \/>\n<meta property=\"og:locale\" content=\"fi_FI\" \/>\n<meta property=\"og:type\" content=\"article\" \/>\n<meta property=\"og:title\" content=\"Yleiskuvaus - Kotkan Vapaa-ajattelijat ry\" \/>\n<meta property=\"og:description\" content=\"Vapaaranta on Kotkan Vapaa-ajattelijoiden kes\u00e4paikka, jossa kalastuksen perinteet ja nykyajan kiireet\u00f6n virkistyminen ly\u00f6v\u00e4t sovussa k\u00e4tt\u00e4 toisilleen. Kotkan Vapaa-ajattelijoiden vanhaa Vapaaranta-blogia voit katsoa t\u00e4st\u00e4. Vapaarannassa y\u00f6pyminen maksaa 5 euroa henkil\u00f6lt\u00e4\/y\u00f6. Koko ... Lue lis\u00e4\u00e4\" \/>\n<meta property=\"og:url\" content=\"https:\/\/vapaa-ajattelijat.fi\/kotka\/yleiskuvaus\/\" \/>\n<meta property=\"og:site_name\" content=\"Kotkan Vapaa-ajattelijat ry\" \/>\n<meta property=\"article:modified_time\" content=\"2025-11-01T17:25:48+00:00\" \/>\n<meta property=\"og:image\" content=\"https:\/\/vapaa-ajattelijat.fi\/kotka\/wp-content\/uploads\/sites\/18\/2022\/05\/Vapaaranta-2.jpg\" \/>\n\t<meta property=\"og:image:width\" content=\"945\" \/>\n\t<meta property=\"og:image:height\" content=\"909\" \/>\n\t<meta property=\"og:image:type\" content=\"image\/jpeg\" \/>\n<meta name=\"twitter:card\" content=\"summary_large_image\" \/>\n<meta name=\"twitter:label1\" content=\"Arvioitu lukuaika\" \/>\n\t<meta name=\"twitter:data1\" content=\"4 minuuttia\" \/>\n<script type=\"application\/ld+json\" class=\"yoast-schema-graph\">{\"@context\":\"https:\\\/\\\/schema.org\",\"@graph\":[{\"@type\":\"WebPage\",\"@id\":\"https:\\\/\\\/vapaa-ajattelijat.fi\\\/kotka\\\/yleiskuvaus\\\/\",\"url\":\"https:\\\/\\\/vapaa-ajattelijat.fi\\\/kotka\\\/yleiskuvaus\\\/\",\"name\":\"Yleiskuvaus - Kotkan Vapaa-ajattelijat ry\",\"isPartOf\":{\"@id\":\"https:\\\/\\\/vapaa-ajattelijat.fi\\\/kotka\\\/#website\"},\"primaryImageOfPage\":{\"@id\":\"https:\\\/\\\/vapaa-ajattelijat.fi\\\/kotka\\\/yleiskuvaus\\\/#primaryimage\"},\"image\":{\"@id\":\"https:\\\/\\\/vapaa-ajattelijat.fi\\\/kotka\\\/yleiskuvaus\\\/#primaryimage\"},\"thumbnailUrl\":\"http:\\\/\\\/vapaa-ajattelijat.fi\\\/kotka\\\/wp-content\\\/uploads\\\/sites\\\/18\\\/2022\\\/05\\\/Vapaaranta-2.jpg\",\"datePublished\":\"2021-02-01T14:07:27+00:00\",\"dateModified\":\"2025-11-01T17:25:48+00:00\",\"breadcrumb\":{\"@id\":\"https:\\\/\\\/vapaa-ajattelijat.fi\\\/kotka\\\/yleiskuvaus\\\/#breadcrumb\"},\"inLanguage\":\"fi\",\"potentialAction\":[{\"@type\":\"ReadAction\",\"target\":[\"https:\\\/\\\/vapaa-ajattelijat.fi\\\/kotka\\\/yleiskuvaus\\\/\"]}]},{\"@type\":\"ImageObject\",\"inLanguage\":\"fi\",\"@id\":\"https:\\\/\\\/vapaa-ajattelijat.fi\\\/kotka\\\/yleiskuvaus\\\/#primaryimage\",\"url\":\"https:\\\/\\\/vapaa-ajattelijat.fi\\\/kotka\\\/wp-content\\\/uploads\\\/sites\\\/18\\\/2022\\\/05\\\/Vapaaranta-2.jpg\",\"contentUrl\":\"https:\\\/\\\/vapaa-ajattelijat.fi\\\/kotka\\\/wp-content\\\/uploads\\\/sites\\\/18\\\/2022\\\/05\\\/Vapaaranta-2.jpg\",\"width\":945,\"height\":909},{\"@type\":\"BreadcrumbList\",\"@id\":\"https:\\\/\\\/vapaa-ajattelijat.fi\\\/kotka\\\/yleiskuvaus\\\/#breadcrumb\",\"itemListElement\":[{\"@type\":\"ListItem\",\"position\":1,\"name\":\"Home\",\"item\":\"https:\\\/\\\/vapaa-ajattelijat.fi\\\/kotka\\\/\"},{\"@type\":\"ListItem\",\"position\":2,\"name\":\"Yleiskuvaus\"}]},{\"@type\":\"WebSite\",\"@id\":\"https:\\\/\\\/vapaa-ajattelijat.fi\\\/kotka\\\/#website\",\"url\":\"https:\\\/\\\/vapaa-ajattelijat.fi\\\/kotka\\\/\",\"name\":\"Kotkan Vapaa-ajattelijat ry\",\"description\":\"\",\"publisher\":{\"@id\":\"https:\\\/\\\/vapaa-ajattelijat.fi\\\/kotka\\\/#organization\"},\"potentialAction\":[{\"@type\":\"SearchAction\",\"target\":{\"@type\":\"EntryPoint\",\"urlTemplate\":\"https:\\\/\\\/vapaa-ajattelijat.fi\\\/kotka\\\/?s={search_term_string}\"},\"query-input\":{\"@type\":\"PropertyValueSpecification\",\"valueRequired\":true,\"valueName\":\"search_term_string\"}}],\"inLanguage\":\"fi\"},{\"@type\":\"Organization\",\"@id\":\"https:\\\/\\\/vapaa-ajattelijat.fi\\\/kotka\\\/#organization\",\"name\":\"Kotkan Vapaa-ajattelijat ry\",\"url\":\"https:\\\/\\\/vapaa-ajattelijat.fi\\\/kotka\\\/\",\"logo\":{\"@type\":\"ImageObject\",\"inLanguage\":\"fi\",\"@id\":\"https:\\\/\\\/vapaa-ajattelijat.fi\\\/kotka\\\/#\\\/schema\\\/logo\\\/image\\\/\",\"url\":\"https:\\\/\\\/vapaa-ajattelijat.fi\\\/kotka\\\/wp-content\\\/uploads\\\/sites\\\/18\\\/2021\\\/01\\\/cropped-vaball-300x300-1-e1610285562722.png\",\"contentUrl\":\"https:\\\/\\\/vapaa-ajattelijat.fi\\\/kotka\\\/wp-content\\\/uploads\\\/sites\\\/18\\\/2021\\\/01\\\/cropped-vaball-300x300-1-e1610285562722.png\",\"width\":75,\"height\":75,\"caption\":\"Kotkan Vapaa-ajattelijat ry\"},\"image\":{\"@id\":\"https:\\\/\\\/vapaa-ajattelijat.fi\\\/kotka\\\/#\\\/schema\\\/logo\\\/image\\\/\"}}]}<\/script>\n<!-- \/ Yoast SEO plugin. -->","yoast_head_json":{"title":"Yleiskuvaus - Kotkan Vapaa-ajattelijat ry","robots":{"index":"index","follow":"follow","max-snippet":"max-snippet:-1","max-image-preview":"max-image-preview:large","max-video-preview":"max-video-preview:-1"},"canonical":"https:\/\/vapaa-ajattelijat.fi\/kotka\/yleiskuvaus\/","og_locale":"fi_FI","og_type":"article","og_title":"Yleiskuvaus - Kotkan Vapaa-ajattelijat ry","og_description":"Vapaaranta on Kotkan Vapaa-ajattelijoiden kes\u00e4paikka, jossa kalastuksen perinteet ja nykyajan kiireet\u00f6n virkistyminen ly\u00f6v\u00e4t sovussa k\u00e4tt\u00e4 toisilleen. Kotkan Vapaa-ajattelijoiden vanhaa Vapaaranta-blogia voit katsoa t\u00e4st\u00e4. Vapaarannassa y\u00f6pyminen maksaa 5 euroa henkil\u00f6lt\u00e4\/y\u00f6. Koko ... Lue lis\u00e4\u00e4","og_url":"https:\/\/vapaa-ajattelijat.fi\/kotka\/yleiskuvaus\/","og_site_name":"Kotkan Vapaa-ajattelijat ry","article_modified_time":"2025-11-01T17:25:48+00:00","og_image":[{"width":945,"height":909,"url":"https:\/\/vapaa-ajattelijat.fi\/kotka\/wp-content\/uploads\/sites\/18\/2022\/05\/Vapaaranta-2.jpg","type":"image\/jpeg"}],"twitter_card":"summary_large_image","twitter_misc":{"Arvioitu lukuaika":"4 minuuttia"},"schema":{"@context":"https:\/\/schema.org","@graph":[{"@type":"WebPage","@id":"https:\/\/vapaa-ajattelijat.fi\/kotka\/yleiskuvaus\/","url":"https:\/\/vapaa-ajattelijat.fi\/kotka\/yleiskuvaus\/","name":"Yleiskuvaus - Kotkan Vapaa-ajattelijat ry","isPartOf":{"@id":"https:\/\/vapaa-ajattelijat.fi\/kotka\/#website"},"primaryImageOfPage":{"@id":"https:\/\/vapaa-ajattelijat.fi\/kotka\/yleiskuvaus\/#primaryimage"},"image":{"@id":"https:\/\/vapaa-ajattelijat.fi\/kotka\/yleiskuvaus\/#primaryimage"},"thumbnailUrl":"http:\/\/vapaa-ajattelijat.fi\/kotka\/wp-content\/uploads\/sites\/18\/2022\/05\/Vapaaranta-2.jpg","datePublished":"2021-02-01T14:07:27+00:00","dateModified":"2025-11-01T17:25:48+00:00","breadcrumb":{"@id":"https:\/\/vapaa-ajattelijat.fi\/kotka\/yleiskuvaus\/#breadcrumb"},"inLanguage":"fi","potentialAction":[{"@type":"ReadAction","target":["https:\/\/vapaa-ajattelijat.fi\/kotka\/yleiskuvaus\/"]}]},{"@type":"ImageObject","inLanguage":"fi","@id":"https:\/\/vapaa-ajattelijat.fi\/kotka\/yleiskuvaus\/#primaryimage","url":"https:\/\/vapaa-ajattelijat.fi\/kotka\/wp-content\/uploads\/sites\/18\/2022\/05\/Vapaaranta-2.jpg","contentUrl":"https:\/\/vapaa-ajattelijat.fi\/kotka\/wp-content\/uploads\/sites\/18\/2022\/05\/Vapaaranta-2.jpg","width":945,"height":909},{"@type":"BreadcrumbList","@id":"https:\/\/vapaa-ajattelijat.fi\/kotka\/yleiskuvaus\/#breadcrumb","itemListElement":[{"@type":"ListItem","position":1,"name":"Home","item":"https:\/\/vapaa-ajattelijat.fi\/kotka\/"},{"@type":"ListItem","position":2,"name":"Yleiskuvaus"}]},{"@type":"WebSite","@id":"https:\/\/vapaa-ajattelijat.fi\/kotka\/#website","url":"https:\/\/vapaa-ajattelijat.fi\/kotka\/","name":"Kotkan Vapaa-ajattelijat ry","description":"","publisher":{"@id":"https:\/\/vapaa-ajattelijat.fi\/kotka\/#organization"},"potentialAction":[{"@type":"SearchAction","target":{"@type":"EntryPoint","urlTemplate":"https:\/\/vapaa-ajattelijat.fi\/kotka\/?s={search_term_string}"},"query-input":{"@type":"PropertyValueSpecification","valueRequired":true,"valueName":"search_term_string"}}],"inLanguage":"fi"},{"@type":"Organization","@id":"https:\/\/vapaa-ajattelijat.fi\/kotka\/#organization","name":"Kotkan Vapaa-ajattelijat ry","url":"https:\/\/vapaa-ajattelijat.fi\/kotka\/","logo":{"@type":"ImageObject","inLanguage":"fi","@id":"https:\/\/vapaa-ajattelijat.fi\/kotka\/#\/schema\/logo\/image\/","url":"https:\/\/vapaa-ajattelijat.fi\/kotka\/wp-content\/uploads\/sites\/18\/2021\/01\/cropped-vaball-300x300-1-e1610285562722.png","contentUrl":"https:\/\/vapaa-ajattelijat.fi\/kotka\/wp-content\/uploads\/sites\/18\/2021\/01\/cropped-vaball-300x300-1-e1610285562722.png","width":75,"height":75,"caption":"Kotkan Vapaa-ajattelijat ry"},"image":{"@id":"https:\/\/vapaa-ajattelijat.fi\/kotka\/#\/schema\/logo\/image\/"}}]}},"_links":{"self":[{"href":"https:\/\/vapaa-ajattelijat.fi\/kotka\/wp-json\/wp\/v2\/pages\/314","targetHints":{"allow":["GET"]}}],"collection":[{"href":"https:\/\/vapaa-ajattelijat.fi\/kotka\/wp-json\/wp\/v2\/pages"}],"about":[{"href":"https:\/\/vapaa-ajattelijat.fi\/kotka\/wp-json\/wp\/v2\/types\/page"}],"author":[{"embeddable":true,"href":"https:\/\/vapaa-ajattelijat.fi\/kotka\/wp-json\/wp\/v2\/users\/37"}],"replies":[{"embeddable":true,"href":"https:\/\/vapaa-ajattelijat.fi\/kotka\/wp-json\/wp\/v2\/comments?post=314"}],"version-history":[{"count":12,"href":"https:\/\/vapaa-ajattelijat.fi\/kotka\/wp-json\/wp\/v2\/pages\/314\/revisions"}],"predecessor-version":[{"id":648,"href":"https:\/\/vapaa-ajattelijat.fi\/kotka\/wp-json\/wp\/v2\/pages\/314\/revisions\/648"}],"wp:attachment":[{"href":"https:\/\/vapaa-ajattelijat.fi\/kotka\/wp-json\/wp\/v2\/media?parent=314"}],"curies":[{"name":"wp","href":"https:\/\/api.w.org\/{rel}","templated":true}]}}