{"id":2,"date":"2020-11-06T12:20:45","date_gmt":"2020-11-06T10:20:45","guid":{"rendered":"https:\/\/vapaa-ajattelijat.fi\/kotka0tilap\/?page_id=2"},"modified":"2026-03-29T19:09:32","modified_gmt":"2026-03-29T16:09:32","slug":"etusivu","status":"publish","type":"page","link":"https:\/\/vapaa-ajattelijat.fi\/kotka\/","title":{"rendered":"Etusivu"},"content":{"rendered":"<p><img fetchpriority=\"high\" decoding=\"async\" class=\"alignnone size-medium wp-image-178\" src=\"https:\/\/vapaa-ajattelijat.fi\/kotka\/wp-content\/uploads\/sites\/18\/2021\/01\/Kotka_purjehdus_800x263-300x99.jpg\" alt=\"\" width=\"800\" height=\"263\" srcset=\"https:\/\/vapaa-ajattelijat.fi\/kotka\/wp-content\/uploads\/sites\/18\/2021\/01\/Kotka_purjehdus_800x263-300x99.jpg 300w, https:\/\/vapaa-ajattelijat.fi\/kotka\/wp-content\/uploads\/sites\/18\/2021\/01\/Kotka_purjehdus_800x263-768x252.jpg 768w, https:\/\/vapaa-ajattelijat.fi\/kotka\/wp-content\/uploads\/sites\/18\/2021\/01\/Kotka_purjehdus_800x263.jpg 800w\" sizes=\"(max-width: 800px) 100vw, 800px\" \/><\/p>\n<p>Kotkan Vapaa-ajattelijoiden toiminnan p\u00e4\u00e4tavoite on valtion ja kirkon erottaminen toisistaan lopullisesti. J\u00e4rjest\u00f6n tarkoituksena on koota vapaa-ajatuksellisen maailmankatsomuksen omaavat henkil\u00f6t yhdistyksen j\u00e4senyyteen. Yhdistys on poliittisesti sitoutumaton, ajaa uskonnottomien asioita, etuja, oikeuksia ja oikeusturvaa, sek\u00e4 edist\u00e4\u00e4 uskonnottoman todellisuusk\u00e4sityksen levi\u00e4mist\u00e4. Lue lis\u00e4\u00e4 j\u00e4seneksi liittymisest\u00e4 <a href=\"\/kotka\/jasenyys\/\">t\u00e4st\u00e4<\/a>.<\/p>\n<p>Ajankohtaista:<\/p>\n<p>Kotkan Vapaa-ajattelijat ry:n vuosikokous pidettiin sunnuntaina 22.3.2026 klo 15.00\u00a0 yhdistyksen toimistolla, Munsaarentie 70. S\u00e4\u00e4nt\u00f6m\u00e4\u00e4r\u00e4isten asioiden lis\u00e4ksi kokouksen alussa v\u00e4it\u00f6skirjatutkija Helena Krohn kertoi tutkimushankkeesta Merkitykselliset kuolemantilat ja omasta haastattelututkimuksestaan hautausmaahamme liittyen. K\u00e4vimme vilkasta ja monipuolista keskustelua aiheesta. Tavoitteena on j\u00e4rjest\u00e4\u00e4 syksyll\u00e4 yleis\u00f6tilaisuus aiheesta.<\/p>\n<p>Kokous valitsi puheenjohtajaksi edelleen Liisa Taskisen. Muiksi hallituksen j\u00e4seniksi valittiin Jorma Laine, Timo Jalkanen, Ulla Jalkanen ja uutena Lea Helttunen. Hallitus piti my\u00f6s j\u00e4rjest\u00e4ytymiskokouksen ja valitsi sihteeriksi Ulla Jalkasen, varapuheenjohtajaksi Lea Helttusen. Hallituksen ulkopuolisena taloudenhoitajana, toiminnanjohtajana ja hautausmaavastaavana jatkaa Ume Eerola.<\/p>\n<p>Yhdistyksemme perustettiin lokakuussa 1929 ja hautausmaan perustamissanat lausuttiin helmikuussa 1930. Yhdistys on siis jo 97-vuotias, ja ensimm\u00e4isest\u00e4 hautauksesta tulee nyt toukokuussa 95 vuotta. Osalle haudoista ei ole en\u00e4\u00e4 elossa olevia omaisiakaan huolehtimassa niist\u00e4. Osassa hautakivi oli kallistunut, jopa kaatunut. Hautakivet on nostettu ja oikaistu yhdistyksen varoin. Koska ty\u00f6 on vaativaa, se tilattiin asiaan perehtyneelt\u00e4 yritykselt\u00e4. T\u00e4m\u00e4n takia toivomme lahjoituksia hautausmaarahastoon:<\/p>\n<div><\/div>\n<p>Pankkiyhteys<br aria-hidden=\"true\" \/>Tilinumero: FI05 5172 0220 1251 58<br aria-hidden=\"true\" \/>Pankin tunniste (BIC): OKOYFIHH<br aria-hidden=\"true\" \/><br aria-hidden=\"true\" \/><\/p>\n","protected":false},"excerpt":{"rendered":"<p>Kotkan Vapaa-ajattelijoiden toiminnan p\u00e4\u00e4tavoite on valtion ja kirkon erottaminen toisistaan lopullisesti. J\u00e4rjest\u00f6n tarkoituksena on koota vapaa-ajatuksellisen maailmankatsomuksen omaavat henkil\u00f6t yhdistyksen j\u00e4senyyteen. Yhdistys on poliittisesti sitoutumaton, ajaa uskonnottomien asioita, etuja, oikeuksia &#8230; <a title=\"Etusivu\" class=\"read-more\" href=\"https:\/\/vapaa-ajattelijat.fi\/kotka\/\" aria-label=\"Lue lis\u00e4\u00e4 aiheesta Etusivu\">Lue lis\u00e4\u00e4<\/a><\/p>\n","protected":false},"author":37,"featured_media":0,"parent":0,"menu_order":1,"comment_status":"closed","ping_status":"closed","template":"","meta":{"footnotes":""},"class_list":["post-2","page","type-page","status-publish"],"yoast_head":"<!-- This site is optimized with the Yoast SEO plugin v27.4 - https:\/\/yoast.com\/product\/yoast-seo-wordpress\/ -->\n<title>Kotkan Vapaa-ajattelijat ry<\/title>\n<meta name=\"description\" content=\"Kotkan Vapaa-ajattelijat ry on poliittisesti sitoutumaton, ajaa uskonnottomien asioita, etuja, oikeuksia ja oikeusturvaa, sek\u00e4 edist\u00e4\u00e4 uskonnottoman todellisuusk\u00e4sityksen levi\u00e4mist\u00e4.\" \/>\n<meta name=\"robots\" content=\"index, follow, max-snippet:-1, max-image-preview:large, max-video-preview:-1\" \/>\n<link rel=\"canonical\" href=\"https:\/\/vapaa-ajattelijat.fi\/kotka\/\" \/>\n<meta property=\"og:locale\" content=\"fi_FI\" \/>\n<meta property=\"og:type\" content=\"article\" \/>\n<meta property=\"og:title\" content=\"Kotkan Vapaa-ajattelijat ry\" \/>\n<meta property=\"og:description\" content=\"Kotkan Vapaa-ajattelijat ry on poliittisesti sitoutumaton, ajaa uskonnottomien asioita, etuja, oikeuksia ja oikeusturvaa, sek\u00e4 edist\u00e4\u00e4 uskonnottoman todellisuusk\u00e4sityksen levi\u00e4mist\u00e4.\" \/>\n<meta property=\"og:url\" content=\"https:\/\/vapaa-ajattelijat.fi\/kotka\/\" \/>\n<meta property=\"og:site_name\" content=\"Kotkan Vapaa-ajattelijat ry\" \/>\n<meta property=\"article:modified_time\" content=\"2026-03-29T16:09:32+00:00\" \/>\n<meta property=\"og:image\" content=\"https:\/\/vapaa-ajattelijat.fi\/kotka\/wp-content\/uploads\/sites\/18\/2021\/01\/Kotka_purjehdus_800x263.jpg\" \/>\n\t<meta property=\"og:image:width\" content=\"800\" \/>\n\t<meta property=\"og:image:height\" content=\"263\" \/>\n\t<meta property=\"og:image:type\" content=\"image\/jpeg\" \/>\n<meta name=\"twitter:card\" content=\"summary_large_image\" \/>\n<meta name=\"twitter:title\" content=\"Kotkan Vapaa-ajattelijat ry\" \/>\n<meta name=\"twitter:description\" content=\"Kotkan Vapaa-ajattelijat ry on poliittisesti sitoutumaton, ajaa uskonnottomien asioita, etuja, oikeuksia ja oikeusturvaa, sek\u00e4 edist\u00e4\u00e4 uskonnottoman todellisuusk\u00e4sityksen levi\u00e4mist\u00e4.\" \/>\n<meta name=\"twitter:label1\" content=\"Arvioitu lukuaika\" \/>\n\t<meta name=\"twitter:data1\" content=\"2 minuuttia\" \/>\n<script type=\"application\/ld+json\" class=\"yoast-schema-graph\">{\"@context\":\"https:\\\/\\\/schema.org\",\"@graph\":[{\"@type\":\"WebPage\",\"@id\":\"https:\\\/\\\/vapaa-ajattelijat.fi\\\/kotka\\\/\",\"url\":\"https:\\\/\\\/vapaa-ajattelijat.fi\\\/kotka\\\/\",\"name\":\"Kotkan Vapaa-ajattelijat ry\",\"isPartOf\":{\"@id\":\"https:\\\/\\\/vapaa-ajattelijat.fi\\\/kotka\\\/#website\"},\"primaryImageOfPage\":{\"@id\":\"https:\\\/\\\/vapaa-ajattelijat.fi\\\/kotka\\\/#primaryimage\"},\"image\":{\"@id\":\"https:\\\/\\\/vapaa-ajattelijat.fi\\\/kotka\\\/#primaryimage\"},\"thumbnailUrl\":\"https:\\\/\\\/vapaa-ajattelijat.fi\\\/kotka\\\/wp-content\\\/uploads\\\/sites\\\/18\\\/2021\\\/01\\\/Kotka_purjehdus_800x263-300x99.jpg\",\"datePublished\":\"2020-11-06T10:20:45+00:00\",\"dateModified\":\"2026-03-29T16:09:32+00:00\",\"description\":\"Kotkan Vapaa-ajattelijat ry on poliittisesti sitoutumaton, ajaa uskonnottomien asioita, etuja, oikeuksia ja oikeusturvaa, sek\u00e4 edist\u00e4\u00e4 uskonnottoman todellisuusk\u00e4sityksen levi\u00e4mist\u00e4.\",\"breadcrumb\":{\"@id\":\"https:\\\/\\\/vapaa-ajattelijat.fi\\\/kotka\\\/#breadcrumb\"},\"inLanguage\":\"fi\",\"potentialAction\":[{\"@type\":\"ReadAction\",\"target\":[\"https:\\\/\\\/vapaa-ajattelijat.fi\\\/kotka\\\/\"]}]},{\"@type\":\"ImageObject\",\"inLanguage\":\"fi\",\"@id\":\"https:\\\/\\\/vapaa-ajattelijat.fi\\\/kotka\\\/#primaryimage\",\"url\":\"https:\\\/\\\/vapaa-ajattelijat.fi\\\/kotka\\\/wp-content\\\/uploads\\\/sites\\\/18\\\/2021\\\/01\\\/Kotka_purjehdus_800x263.jpg\",\"contentUrl\":\"https:\\\/\\\/vapaa-ajattelijat.fi\\\/kotka\\\/wp-content\\\/uploads\\\/sites\\\/18\\\/2021\\\/01\\\/Kotka_purjehdus_800x263.jpg\",\"width\":800,\"height\":263},{\"@type\":\"BreadcrumbList\",\"@id\":\"https:\\\/\\\/vapaa-ajattelijat.fi\\\/kotka\\\/#breadcrumb\",\"itemListElement\":[{\"@type\":\"ListItem\",\"position\":1,\"name\":\"Home\",\"item\":\"https:\\\/\\\/vapaa-ajattelijat.fi\\\/kotka\\\/\"},{\"@type\":\"ListItem\",\"position\":2,\"name\":\"Etusivu\"}]},{\"@type\":\"WebSite\",\"@id\":\"https:\\\/\\\/vapaa-ajattelijat.fi\\\/kotka\\\/#website\",\"url\":\"https:\\\/\\\/vapaa-ajattelijat.fi\\\/kotka\\\/\",\"name\":\"Kotkan Vapaa-ajattelijat ry\",\"description\":\"\",\"publisher\":{\"@id\":\"https:\\\/\\\/vapaa-ajattelijat.fi\\\/kotka\\\/#organization\"},\"potentialAction\":[{\"@type\":\"SearchAction\",\"target\":{\"@type\":\"EntryPoint\",\"urlTemplate\":\"https:\\\/\\\/vapaa-ajattelijat.fi\\\/kotka\\\/?s={search_term_string}\"},\"query-input\":{\"@type\":\"PropertyValueSpecification\",\"valueRequired\":true,\"valueName\":\"search_term_string\"}}],\"inLanguage\":\"fi\"},{\"@type\":\"Organization\",\"@id\":\"https:\\\/\\\/vapaa-ajattelijat.fi\\\/kotka\\\/#organization\",\"name\":\"Kotkan Vapaa-ajattelijat ry\",\"url\":\"https:\\\/\\\/vapaa-ajattelijat.fi\\\/kotka\\\/\",\"logo\":{\"@type\":\"ImageObject\",\"inLanguage\":\"fi\",\"@id\":\"https:\\\/\\\/vapaa-ajattelijat.fi\\\/kotka\\\/#\\\/schema\\\/logo\\\/image\\\/\",\"url\":\"https:\\\/\\\/vapaa-ajattelijat.fi\\\/kotka\\\/wp-content\\\/uploads\\\/sites\\\/18\\\/2021\\\/01\\\/cropped-vaball-300x300-1-e1610285562722.png\",\"contentUrl\":\"https:\\\/\\\/vapaa-ajattelijat.fi\\\/kotka\\\/wp-content\\\/uploads\\\/sites\\\/18\\\/2021\\\/01\\\/cropped-vaball-300x300-1-e1610285562722.png\",\"width\":75,\"height\":75,\"caption\":\"Kotkan Vapaa-ajattelijat ry\"},\"image\":{\"@id\":\"https:\\\/\\\/vapaa-ajattelijat.fi\\\/kotka\\\/#\\\/schema\\\/logo\\\/image\\\/\"}}]}<\/script>\n<!-- \/ Yoast SEO plugin. -->","yoast_head_json":{"title":"Kotkan Vapaa-ajattelijat ry","description":"Kotkan Vapaa-ajattelijat ry on poliittisesti sitoutumaton, ajaa uskonnottomien asioita, etuja, oikeuksia ja oikeusturvaa, sek\u00e4 edist\u00e4\u00e4 uskonnottoman todellisuusk\u00e4sityksen levi\u00e4mist\u00e4.","robots":{"index":"index","follow":"follow","max-snippet":"max-snippet:-1","max-image-preview":"max-image-preview:large","max-video-preview":"max-video-preview:-1"},"canonical":"https:\/\/vapaa-ajattelijat.fi\/kotka\/","og_locale":"fi_FI","og_type":"article","og_title":"Kotkan Vapaa-ajattelijat ry","og_description":"Kotkan Vapaa-ajattelijat ry on poliittisesti sitoutumaton, ajaa uskonnottomien asioita, etuja, oikeuksia ja oikeusturvaa, sek\u00e4 edist\u00e4\u00e4 uskonnottoman todellisuusk\u00e4sityksen levi\u00e4mist\u00e4.","og_url":"https:\/\/vapaa-ajattelijat.fi\/kotka\/","og_site_name":"Kotkan Vapaa-ajattelijat ry","article_modified_time":"2026-03-29T16:09:32+00:00","og_image":[{"width":800,"height":263,"url":"https:\/\/vapaa-ajattelijat.fi\/kotka\/wp-content\/uploads\/sites\/18\/2021\/01\/Kotka_purjehdus_800x263.jpg","type":"image\/jpeg"}],"twitter_card":"summary_large_image","twitter_title":"Kotkan Vapaa-ajattelijat ry","twitter_description":"Kotkan Vapaa-ajattelijat ry on poliittisesti sitoutumaton, ajaa uskonnottomien asioita, etuja, oikeuksia ja oikeusturvaa, sek\u00e4 edist\u00e4\u00e4 uskonnottoman todellisuusk\u00e4sityksen levi\u00e4mist\u00e4.","twitter_misc":{"Arvioitu lukuaika":"2 minuuttia"},"schema":{"@context":"https:\/\/schema.org","@graph":[{"@type":"WebPage","@id":"https:\/\/vapaa-ajattelijat.fi\/kotka\/","url":"https:\/\/vapaa-ajattelijat.fi\/kotka\/","name":"Kotkan Vapaa-ajattelijat ry","isPartOf":{"@id":"https:\/\/vapaa-ajattelijat.fi\/kotka\/#website"},"primaryImageOfPage":{"@id":"https:\/\/vapaa-ajattelijat.fi\/kotka\/#primaryimage"},"image":{"@id":"https:\/\/vapaa-ajattelijat.fi\/kotka\/#primaryimage"},"thumbnailUrl":"https:\/\/vapaa-ajattelijat.fi\/kotka\/wp-content\/uploads\/sites\/18\/2021\/01\/Kotka_purjehdus_800x263-300x99.jpg","datePublished":"2020-11-06T10:20:45+00:00","dateModified":"2026-03-29T16:09:32+00:00","description":"Kotkan Vapaa-ajattelijat ry on poliittisesti sitoutumaton, ajaa uskonnottomien asioita, etuja, oikeuksia ja oikeusturvaa, sek\u00e4 edist\u00e4\u00e4 uskonnottoman todellisuusk\u00e4sityksen levi\u00e4mist\u00e4.","breadcrumb":{"@id":"https:\/\/vapaa-ajattelijat.fi\/kotka\/#breadcrumb"},"inLanguage":"fi","potentialAction":[{"@type":"ReadAction","target":["https:\/\/vapaa-ajattelijat.fi\/kotka\/"]}]},{"@type":"ImageObject","inLanguage":"fi","@id":"https:\/\/vapaa-ajattelijat.fi\/kotka\/#primaryimage","url":"https:\/\/vapaa-ajattelijat.fi\/kotka\/wp-content\/uploads\/sites\/18\/2021\/01\/Kotka_purjehdus_800x263.jpg","contentUrl":"https:\/\/vapaa-ajattelijat.fi\/kotka\/wp-content\/uploads\/sites\/18\/2021\/01\/Kotka_purjehdus_800x263.jpg","width":800,"height":263},{"@type":"BreadcrumbList","@id":"https:\/\/vapaa-ajattelijat.fi\/kotka\/#breadcrumb","itemListElement":[{"@type":"ListItem","position":1,"name":"Home","item":"https:\/\/vapaa-ajattelijat.fi\/kotka\/"},{"@type":"ListItem","position":2,"name":"Etusivu"}]},{"@type":"WebSite","@id":"https:\/\/vapaa-ajattelijat.fi\/kotka\/#website","url":"https:\/\/vapaa-ajattelijat.fi\/kotka\/","name":"Kotkan Vapaa-ajattelijat ry","description":"","publisher":{"@id":"https:\/\/vapaa-ajattelijat.fi\/kotka\/#organization"},"potentialAction":[{"@type":"SearchAction","target":{"@type":"EntryPoint","urlTemplate":"https:\/\/vapaa-ajattelijat.fi\/kotka\/?s={search_term_string}"},"query-input":{"@type":"PropertyValueSpecification","valueRequired":true,"valueName":"search_term_string"}}],"inLanguage":"fi"},{"@type":"Organization","@id":"https:\/\/vapaa-ajattelijat.fi\/kotka\/#organization","name":"Kotkan Vapaa-ajattelijat ry","url":"https:\/\/vapaa-ajattelijat.fi\/kotka\/","logo":{"@type":"ImageObject","inLanguage":"fi","@id":"https:\/\/vapaa-ajattelijat.fi\/kotka\/#\/schema\/logo\/image\/","url":"https:\/\/vapaa-ajattelijat.fi\/kotka\/wp-content\/uploads\/sites\/18\/2021\/01\/cropped-vaball-300x300-1-e1610285562722.png","contentUrl":"https:\/\/vapaa-ajattelijat.fi\/kotka\/wp-content\/uploads\/sites\/18\/2021\/01\/cropped-vaball-300x300-1-e1610285562722.png","width":75,"height":75,"caption":"Kotkan Vapaa-ajattelijat ry"},"image":{"@id":"https:\/\/vapaa-ajattelijat.fi\/kotka\/#\/schema\/logo\/image\/"}}]}},"_links":{"self":[{"href":"https:\/\/vapaa-ajattelijat.fi\/kotka\/wp-json\/wp\/v2\/pages\/2","targetHints":{"allow":["GET"]}}],"collection":[{"href":"https:\/\/vapaa-ajattelijat.fi\/kotka\/wp-json\/wp\/v2\/pages"}],"about":[{"href":"https:\/\/vapaa-ajattelijat.fi\/kotka\/wp-json\/wp\/v2\/types\/page"}],"author":[{"embeddable":true,"href":"https:\/\/vapaa-ajattelijat.fi\/kotka\/wp-json\/wp\/v2\/users\/37"}],"replies":[{"embeddable":true,"href":"https:\/\/vapaa-ajattelijat.fi\/kotka\/wp-json\/wp\/v2\/comments?post=2"}],"version-history":[{"count":57,"href":"https:\/\/vapaa-ajattelijat.fi\/kotka\/wp-json\/wp\/v2\/pages\/2\/revisions"}],"predecessor-version":[{"id":674,"href":"https:\/\/vapaa-ajattelijat.fi\/kotka\/wp-json\/wp\/v2\/pages\/2\/revisions\/674"}],"wp:attachment":[{"href":"https:\/\/vapaa-ajattelijat.fi\/kotka\/wp-json\/wp\/v2\/media?parent=2"}],"curies":[{"name":"wp","href":"https:\/\/api.w.org\/{rel}","templated":true}]}}