{"id":92,"date":"2021-12-14T21:21:25","date_gmt":"2021-12-14T19:21:25","guid":{"rendered":"https:\/\/vapaa-ajattelijat.fi\/keski-uusimaa\/?page_id=92"},"modified":"2025-10-02T16:32:04","modified_gmt":"2025-10-02T13:32:04","slug":"yhteystiedot","status":"publish","type":"page","link":"https:\/\/vapaa-ajattelijat.fi\/keski-uusimaa\/yhteystiedot\/","title":{"rendered":"Yhteystiedot"},"content":{"rendered":"<p>Puheenjohtaja Kari Ranta, Tuusula<\/p>\n<p>Varapuheenjohtaja x<\/p>\n<p>Susanna Anjala, Hyvink\u00e4\u00e4<\/p>\n<p>Rahastonhoitaja, sihteeri Lauri Gr\u00f6nlund, H\u00e4meenlinna<\/p>\n<p>J\u00e4sen Veikko Laine, J\u00e4rvenp\u00e4\u00e4<\/p>\n","protected":false},"excerpt":{"rendered":"<p>Puheenjohtaja Kari Ranta, Tuusula Varapuheenjohtaja x Susanna Anjala, Hyvink\u00e4\u00e4 Rahastonhoitaja, sihteeri Lauri Gr\u00f6nlund, H\u00e4meenlinna J\u00e4sen Veikko Laine, J\u00e4rvenp\u00e4\u00e4<\/p>\n","protected":false},"author":36,"featured_media":0,"parent":0,"menu_order":0,"comment_status":"closed","ping_status":"closed","template":"","meta":{"footnotes":""},"class_list":["post-92","page","type-page","status-publish"],"_links":{"self":[{"href":"https:\/\/vapaa-ajattelijat.fi\/keski-uusimaa\/wp-json\/wp\/v2\/pages\/92","targetHints":{"allow":["GET"]}}],"collection":[{"href":"https:\/\/vapaa-ajattelijat.fi\/keski-uusimaa\/wp-json\/wp\/v2\/pages"}],"about":[{"href":"https:\/\/vapaa-ajattelijat.fi\/keski-uusimaa\/wp-json\/wp\/v2\/types\/page"}],"author":[{"embeddable":true,"href":"https:\/\/vapaa-ajattelijat.fi\/keski-uusimaa\/wp-json\/wp\/v2\/users\/36"}],"replies":[{"embeddable":true,"href":"https:\/\/vapaa-ajattelijat.fi\/keski-uusimaa\/wp-json\/wp\/v2\/comments?post=92"}],"version-history":[{"count":7,"href":"https:\/\/vapaa-ajattelijat.fi\/keski-uusimaa\/wp-json\/wp\/v2\/pages\/92\/revisions"}],"predecessor-version":[{"id":316,"href":"https:\/\/vapaa-ajattelijat.fi\/keski-uusimaa\/wp-json\/wp\/v2\/pages\/92\/revisions\/316"}],"wp:attachment":[{"href":"https:\/\/vapaa-ajattelijat.fi\/keski-uusimaa\/wp-json\/wp\/v2\/media?parent=92"}],"curies":[{"name":"wp","href":"https:\/\/api.w.org\/{rel}","templated":true}]}}