{"id":59,"date":"2021-12-13T19:24:50","date_gmt":"2021-12-13T17:24:50","guid":{"rendered":"https:\/\/vapaa-ajattelijat.fi\/keski-uusimaa\/?page_id=59"},"modified":"2021-12-15T09:20:55","modified_gmt":"2021-12-15T07:20:55","slug":"saannot","status":"publish","type":"page","link":"https:\/\/vapaa-ajattelijat.fi\/keski-uusimaa\/saannot\/","title":{"rendered":"S\u00e4\u00e4nn\u00f6t"},"content":{"rendered":"<p><strong>1 \u00a7 Yhdistyksen nimi ja kotipaikka<\/strong><\/p>\n<p>Yhdistyksen nimi on\u00a0<strong>Keski-Uudenmaan Vapaa-ajattelijat ry<\/strong>\u00a0ja kotipaikka J\u00e4rvenp\u00e4\u00e4n kaupunki. Yhdistyst\u00e4 kutsutaan j\u00e4ljemp\u00e4n\u00e4 yhdistykseksi.<\/p>\n<p><strong>2 \u00a7 Yhdistyksen tarkoitus<\/strong><\/p>\n<p>Yhdistyksen tarkoituksena on<\/p>\n<ol>\n<li>a) toimia Keski-Uudenmaan alueella asuvien vapaa-ajatuksellisen maailmankatsomuksen omaavien henkil\u00f6iden yhdyssiteen\u00e4,<\/li>\n<li>b) toimia j\u00e4sentens\u00e4 yhteiskunnallisen ja oikeudellisen aseman parantamiseksi,<\/li>\n<li>c) levitt\u00e4\u00e4 tieteellist\u00e4 maailmankatsomusta ja kehitt\u00e4\u00e4 uskonnotonta kulttuuria,<\/li>\n<li>d) jakaa tietoa uskontokuntiin kuulumattomien henkil\u00f6iden oikeuksista ja velvollisuuksista,<\/li>\n<li>e) opastaa uskontokuntiin kuulumattomia henkil\u00f6it\u00e4 nimijuhlien j\u00e4rjest\u00e4misess\u00e4, aikuistumisleirille osallistumisessa, avioliiton solmimisessa, hautausmenojen suorittamisessa sek\u00e4 muissa samanlaisissa yhdistyksen toimintamuotoihin soveltuvissa kysymyksiss\u00e4.<\/li>\n<li>f) saada eri maailmankatsomuksen omaavat tasa-arvoisiksi valtioon n\u00e4hden ja my\u00f6t\u00e4vaikuttaa siihen, ett\u00e4 maailmaan luodaan kaikkien hyv\u00e4ksym\u00e4 yhteinen, uskonnoista riippumaton kattava moraalis\u00e4\u00e4nn\u00f6st\u00f6, maailmanetiikka.<\/li>\n<\/ol>\n<p><strong>3 \u00a7 Toiminnan laatu<\/strong><\/p>\n<p>Tarkoituksensa toteuttamiseksi yhdistys<\/p>\n<p>1) j\u00e4rjest\u00e4\u00e4 kokouksia ja neuvotteluja, juhlia, esitelm\u00e4- ja muita toimintaansa liittyvi\u00e4 vastaavia tilaisuuksia,<\/p>\n<p>2) harjoittaa tarkoitustaan ja toimintaansa edist\u00e4v\u00e4\u00e4 julkaisu-, tiedotustoimintaa sek\u00e4 levitt\u00e4\u00e4 tarkoitustaan edist\u00e4vi\u00e4 julkaisuja,<\/p>\n<p>3) tekee alueellaan yksil\u00f6llist\u00e4 yhdistyksen tarkoitusperi\u00e4 palvelevaa valistus-, neuvonta- ja kasvatusty\u00f6t\u00e4.<\/p>\n<p>Yhdistys voi tarkoitustaan varten: omistaa kiinte\u00e4t\u00e4 ja irtainta omaisuutta, harjoittaa teatteri-, elokuva-, sek\u00e4 ravintolaliikett\u00e4, vastaanottaa lahjoituksia ja testamentteja, perustaa rahastoja, toimeenpanna arpajaisia ja myyj\u00e4isi\u00e4 sek\u00e4 omistaa ja hoitaa hautausmaata.<\/p>\n<p><strong>4 \u00a7 J\u00e4senet<\/strong><\/p>\n<p><em>J\u00e4seneksi hyv\u00e4ksyminen<\/em><\/p>\n<p>Yhdistyksen varsinaiseksi j\u00e4seneksi hallitus voi hyv\u00e4ksy\u00e4 henkil\u00f6n, joka sitoutuu noudattamaan yhdistyksen s\u00e4\u00e4nt\u00f6j\u00e4, p\u00e4\u00e4t\u00f6ksi\u00e4 ja toimintaohjeita.<\/p>\n<p><em>Maksut<\/em><\/p>\n<p>Varsinaiseksi j\u00e4seneksi hyv\u00e4ksytyt maksavat yhdistykselle j\u00e4senmaksun, jonka suuruuden p\u00e4\u00e4tt\u00e4\u00e4 yhdistyksen vuosikokous.<\/p>\n<p>Yhdistyksen hallitus voi kunakin maksukautena erikseen tekem\u00e4ll\u00e4\u00e4n p\u00e4\u00e4t\u00f6ksell\u00e4 vapauttaa j\u00e4senen j\u00e4senmaksunsa suorittamisesta esimerkiksi sairauden, ty\u00f6tt\u00f6myyden, korkean i\u00e4n tai muun vastaavan, maksukykyyn vaikuttavan syyn perusteella.<\/p>\n<p><em>J\u00e4senen eroaminen ja erottaminen<\/em><\/p>\n<p>Yhdistyksest\u00e4 erotaan ilmoittamalla siit\u00e4 kirjallisesti yhdistyksen hallitukselle tai sen puheenjohtajalle tai ilmoittamalla erosta yhdistyksen kokouksessa p\u00f6yt\u00e4kirjaan merkitt\u00e4v\u00e4ksi.<\/p>\n<p>J\u00e4sen voidaan erottaa yhdistyksest\u00e4,<\/p>\n<ol>\n<li>a) jos h\u00e4n on j\u00e4tt\u00e4nyt useamman kuin yhden vuoden j\u00e4senmaksun maksamatta,<\/li>\n<li>b) jos h\u00e4n tahallisesti rikkoo yhdistyksen s\u00e4\u00e4nt\u00f6j\u00e4 tai muutoin toimii yhdistyksess\u00e4 tai sen ulkopuolella tavalla, joka huomattavasti vahingoittaa yhdistyst\u00e4.<\/li>\n<\/ol>\n<p>P\u00e4\u00e4t\u00f6ksen j\u00e4senen erottamisesta tekee yhdistyksen kokous muissa kuin kohdassa a) mainitussa tapauksessa, jolloin erottamisoikeus on hallituksella. Eronneella tai erotetulla j\u00e4senell\u00e4 ei ole oikeutta saada yhdistykselle suorittamiaan maksuja takaisin.<\/p>\n<p><em>Kunniaj\u00e4senyys<\/em><\/p>\n<p>Hallituksen esityksest\u00e4 vuosikokous voi kutsua yhdistyksen kunniaj\u00e4seneksi henkil\u00f6n, joka on erityisen ansioitunut yhdistyksen toiminnassa tai muutoin toiminut ansiokkaasti yhdistyksen tarkoitusperien hyv\u00e4ksi. Kunniaj\u00e4senelt\u00e4 ei perit\u00e4 j\u00e4senmaksua.<\/p>\n<p><strong>5 \u00a7 Hallitus<\/strong><\/p>\n<p><em>Valinta, kokoonpano ja toimikausi<\/em><\/p>\n<p>Yhdistyksen asioita hoitaa vuosikokouksen joka toinen vuosi valitsema hallitus. Hallitukseen kuuluu puheenjohtaja ja v\u00e4hint\u00e4\u00e4n kolme (3) ja enint\u00e4\u00e4n kuusi (6) muuta varsinaista j\u00e4sent\u00e4 sek\u00e4 enint\u00e4\u00e4n kolme (3) tai ei lainkaan varaj\u00e4sent\u00e4. Toimintakausi alkaa valintakokouksesta.<\/p>\n<p><em>Toimihenkil\u00f6t<\/em><\/p>\n<p>Hallitus valitsee keskuudestaan varapuheenjohtajan sek\u00e4 nime\u00e4\u00e4 sihteerin, taloudenhoitajan ja muut toimihenkil\u00f6t, jotka voivat olla my\u00f6s yhdistyksen ulkopuolelta, ja m\u00e4\u00e4r\u00e4\u00e4 tarvittavat ty\u00f6ryhm\u00e4t ja niiden teht\u00e4v\u00e4ksi annon.<\/p>\n<p><em>P\u00e4\u00e4t\u00f6svaltaisuus<\/em><\/p>\n<p>Hallitus on p\u00e4\u00e4t\u00f6svaltainen, kun puheenjohtaja tai varapuheenjohtaja ja v\u00e4hint\u00e4\u00e4n puolet (1\/2) sen j\u00e4senist\u00e4 puheenjohtaja mukaan lukien on saapuvilla. \u00c4\u00e4nten menness\u00e4 tasan voittaa se mielipide, johon kokouksen puheenjohtaja on yhtynyt<em>.<\/em><\/p>\n<p><em>Teht\u00e4v\u00e4t ja nimenkirjoitus<\/em><\/p>\n<p>Hallituksen teht\u00e4v\u00e4n\u00e4 on s\u00e4\u00e4nt\u00f6jen edellytt\u00e4mien ja yhdistyksen kokousten p\u00e4\u00e4tt\u00e4mien asioiden hoitamisen lis\u00e4ksi<\/p>\n<ol>\n<li>a) kokoontua puheenjohtajan, tai h\u00e4nen ollessaan estyneen\u00e4, varapuheenjohtajan kutsusta k\u00e4sittelem\u00e4\u00e4n yhdistyksen kokoukselle esitett\u00e4vi\u00e4 ja muita toimintaa koskevia asioita, sek\u00e4 kutsua yhdistyksen kokoukset koolle,<\/li>\n<li>b) pit\u00e4\u00e4 j\u00e4senluetteloa, p\u00e4\u00e4tt\u00e4\u00e4 uusien j\u00e4senten hyv\u00e4ksymisest\u00e4 ja erottaa j\u00e4senet, jos erottamisperuste on j\u00e4senmaksujen laiminly\u00f6nti,<\/li>\n<li>c) valvoa yhdistyksen virkailijoiden ja toimikuntien toimintaa,<\/li>\n<li>d) huolehtia yhdistyksen raha-asioista, taloudenhoidosta ja omaisuudesta,<\/li>\n<li>e) laatia toimintakertomus ja tilinp\u00e4\u00e4t\u00f6s sek\u00e4 toimintasuunnitelma ja tulo- ja menoarvio yhdistyksen kokouksen hyv\u00e4ksytt\u00e4viksi,<\/li>\n<li>f) edustaa yhdistyst\u00e4 ulosp\u00e4in,<\/li>\n<li>g) suorittaa kaikki muutkin teht\u00e4v\u00e4t, jotka sille on laeissa s\u00e4\u00e4detty ja n\u00e4iss\u00e4 s\u00e4\u00e4nn\u00f6iss\u00e4 m\u00e4\u00e4r\u00e4tty.<\/li>\n<\/ol>\n<p>Yhdistyksen nimen kirjoittavat puheenjohtaja tai varapuheenjohtaja, jompikumpi yhdess\u00e4 sihteerin tai taloudenhoitajan kanssa.<\/p>\n<p><strong>6 \u00a7 Tili- ja toimintakausi, tilintarkastus<\/strong><\/p>\n<p>Yhdistyksen tili- ja toimintakausi on kalenterivuosi. Tilinp\u00e4\u00e4t\u00f6s laaditaan ja annetaan tilintarkastajien tarkastettavaksi helmikuun loppuun menness\u00e4. Tilintarkastajat palauttavat tilit tarkastuslausuntoineen hallitukselle maaliskuun loppuun menness\u00e4. Tilintarkastajilla on koska hyv\u00e4ns\u00e4 ilman edell\u00e4 k\u00e4yp\u00e4\u00e4 ilmoitusta oikeus toimittaa yhdistyksen tilien tarkastus.<\/p>\n<p><strong>7 \u00a7 Kokoukset<\/strong><\/p>\n<p><em>Kokouksen aika<\/em><\/p>\n<p>Yhdistyksen vuosikokous pidet\u00e4\u00e4n vuosittain huhtikuun ensimm\u00e4isen ja lokakuun viimeisen p\u00e4iv\u00e4n v\u00e4lisen\u00e4 aikana. Ylim\u00e4\u00e4r\u00e4inen kokous pidet\u00e4\u00e4n, kun hallitus katsoo siihen olevan aihetta, kun s\u00e4\u00e4nn\u00f6t sit\u00e4 edellytt\u00e4v\u00e4t tai kun v\u00e4hint\u00e4\u00e4n kymmenesosa \u00e4\u00e4nioikeutetuista j\u00e4senist\u00e4 sit\u00e4 hallitukselta erityisesti ilmoitettua asiaa varten kirjallisesti vaatii.<\/p>\n<p><em>Kokouskutsut<\/em><\/p>\n<p>Kokoukset kutsutaan koolle kirjallisesti tai j\u00e4senen niin halutessa s\u00e4hk\u00f6postitse j\u00e4senen ilmoittamaan osoitteeseen v\u00e4hint\u00e4\u00e4n nelj\u00e4toista (14) p\u00e4iv\u00e4\u00e4 (kutsun postiin j\u00e4tt\u00f6p\u00e4iv\u00e4) ennen kokousta. Kokouskutsussa on mainittava k\u00e4sitelt\u00e4v\u00e4ksi tulevat asiat.<\/p>\n<p><em>Vuosikokouksessa k\u00e4sitelt\u00e4v\u00e4t asiat<\/em><\/p>\n<p>1)\u00a0Avataan kokous.<\/p>\n<p>2)\u00a0Valitaan kokoukselle puheenjohtaja, sihteeri, kaksi p\u00f6yt\u00e4kirjantarkastajaa ja tarvittaessa kaksi \u00e4\u00e4ntenlaskijaa.<\/p>\n<p>3)\u00a0Todetaan kokouksen laillisuus ja p\u00e4\u00e4t\u00f6svaltaisuus.<\/p>\n<p>4)\u00a0Hyv\u00e4ksyt\u00e4\u00e4n kokoukselle ty\u00f6j\u00e4rjestys.<\/p>\n<p>5)\u00a0P\u00e4\u00e4tet\u00e4\u00e4n toimintakertomuksesta.<\/p>\n<p>6)\u00a0Esitet\u00e4\u00e4n p\u00e4\u00e4ttyneen kauden tilinp\u00e4\u00e4t\u00f6s ja tilintarkastajien lausunto.<\/p>\n<p>7)\u00a0P\u00e4\u00e4tet\u00e4\u00e4n tilinp\u00e4\u00e4t\u00f6ksen vahvistamisesta ja vastuuvapauden my\u00f6nt\u00e4misest\u00e4 hallitukselle ja muille tilivelvollisille.<\/p>\n<p>8)\u00a0P\u00e4\u00e4tet\u00e4\u00e4n toimintasuunnitelman hyv\u00e4ksymisest\u00e4.<\/p>\n<p>9)\u00a0P\u00e4\u00e4tet\u00e4\u00e4n j\u00e4senmaksujen suuruudesta.<\/p>\n<p>10)\u00a0P\u00e4\u00e4tet\u00e4\u00e4n tulo- ja menoarviosta.<\/p>\n<p>11)\u00a0Valitaan joka toinen vuosi hallitukselle puheenjohtaja.<\/p>\n<p>12)\u00a0Valitaan joka toinen vuosi hallituksen muut j\u00e4senet ja mahdolliset varaj\u00e4senet.<\/p>\n<p>13)\u00a0Valitaan joka toinen vuosi kaksi tilintarkastajaa ja yksi varamies.<\/p>\n<p>14)\u00a0Valitaan mahdolliset toimikunnat.<\/p>\n<p>15)\u00a0K\u00e4sitell\u00e4\u00e4n muut asiat ottaen huomioon yhdistyslain 24 \u00a7:n m\u00e4\u00e4r\u00e4ykset.<\/p>\n<p>16)\u00a0P\u00e4\u00e4tet\u00e4\u00e4n kokous.<\/p>\n<p><strong>8 \u00a7 S\u00e4\u00e4nt\u00f6jen muutokset<\/strong><\/p>\n<p>N\u00e4ihin s\u00e4\u00e4nt\u00f6ihin voidaan hallituksen esityksest\u00e4 tehd\u00e4 muutoksia yhdistyksen kokouksessa, jos v\u00e4hint\u00e4\u00e4n kolme nelj\u00e4tt\u00e4 osaa (3\/4) annetuista \u00e4\u00e4nist\u00e4 sit\u00e4 puoltaa.<\/p>\n<p><strong>9 \u00a7 Yhdistyksen purkaminen<\/strong><\/p>\n<p>P\u00e4\u00e4t\u00f6s yhdistyksen purkamisesta on teht\u00e4v\u00e4 kahdessa v\u00e4hint\u00e4\u00e4n kahden viikon v\u00e4lein pidett\u00e4v\u00e4ss\u00e4 kokouksessa v\u00e4hint\u00e4\u00e4n kolmen nelj\u00e4sosan (3\/4) enemmist\u00f6ll\u00e4 annetuista \u00e4\u00e4nist\u00e4. Jos yhdistys on sanotulla tavalla p\u00e4\u00e4tetty purkaa, sen omaisuus luovutetaan purkamisesta p\u00e4\u00e4tt\u00e4neen kokouksen m\u00e4\u00e4r\u00e4\u00e4m\u00e4ll\u00e4 tavalla yhdistyksen tarkoitusperi\u00e4 toteuttavalle oikeustoimikelpoiselle yhteis\u00f6lle k\u00e4ytett\u00e4v\u00e4ksi n\u00e4iden s\u00e4\u00e4nt\u00f6jen 2 \u00a7:ss\u00e4 mainitun tarkoituksen edist\u00e4miseksi.<\/p>\n<p>Jos yhdistyksen kotipaikan alioikeus on julistanut yhdistyksen lakkautetuksi, menetelt\u00e4k\u00f6\u00f6n soveltuvin osin kuten yhdistyst\u00e4 purettaessa.<\/p>\n<p><strong>10 \u00a7 Aikaisemmin saavutetut j\u00e4senedut<\/strong><\/p>\n<p>Aikaisemmin saavutetut j\u00e4senedut s\u00e4ilyv\u00e4t.<\/p>\n","protected":false},"excerpt":{"rendered":"<p>1 \u00a7 Yhdistyksen nimi ja kotipaikka Yhdistyksen nimi on\u00a0Keski-Uudenmaan Vapaa-ajattelijat ry\u00a0ja kotipaikka J\u00e4rvenp\u00e4\u00e4n kaupunki. Yhdistyst\u00e4 kutsutaan j\u00e4ljemp\u00e4n\u00e4 yhdistykseksi. 2 \u00a7 Yhdistyksen tarkoitus Yhdistyksen tarkoituksena on a) toimia Keski-Uudenmaan alueella asuvien &#8230; <a title=\"S\u00e4\u00e4nn\u00f6t\" class=\"read-more\" href=\"https:\/\/vapaa-ajattelijat.fi\/keski-uusimaa\/saannot\/\" aria-label=\"Lue lis\u00e4\u00e4 aiheesta S\u00e4\u00e4nn\u00f6t\">Lue lis\u00e4\u00e4<\/a><\/p>\n","protected":false},"author":36,"featured_media":0,"parent":0,"menu_order":0,"comment_status":"closed","ping_status":"closed","template":"","meta":{"footnotes":""},"class_list":["post-59","page","type-page","status-publish"],"_links":{"self":[{"href":"https:\/\/vapaa-ajattelijat.fi\/keski-uusimaa\/wp-json\/wp\/v2\/pages\/59","targetHints":{"allow":["GET"]}}],"collection":[{"href":"https:\/\/vapaa-ajattelijat.fi\/keski-uusimaa\/wp-json\/wp\/v2\/pages"}],"about":[{"href":"https:\/\/vapaa-ajattelijat.fi\/keski-uusimaa\/wp-json\/wp\/v2\/types\/page"}],"author":[{"embeddable":true,"href":"https:\/\/vapaa-ajattelijat.fi\/keski-uusimaa\/wp-json\/wp\/v2\/users\/36"}],"replies":[{"embeddable":true,"href":"https:\/\/vapaa-ajattelijat.fi\/keski-uusimaa\/wp-json\/wp\/v2\/comments?post=59"}],"version-history":[{"count":5,"href":"https:\/\/vapaa-ajattelijat.fi\/keski-uusimaa\/wp-json\/wp\/v2\/pages\/59\/revisions"}],"predecessor-version":[{"id":104,"href":"https:\/\/vapaa-ajattelijat.fi\/keski-uusimaa\/wp-json\/wp\/v2\/pages\/59\/revisions\/104"}],"wp:attachment":[{"href":"https:\/\/vapaa-ajattelijat.fi\/keski-uusimaa\/wp-json\/wp\/v2\/media?parent=59"}],"curies":[{"name":"wp","href":"https:\/\/api.w.org\/{rel}","templated":true}]}}