{"id":5,"date":"2020-10-31T09:09:11","date_gmt":"2020-10-31T07:09:11","guid":{"rendered":"https:\/\/vapaa-ajattelijat.fi\/keski-uusimaa\/?page_id=5"},"modified":"2026-01-22T14:45:21","modified_gmt":"2026-01-22T12:45:21","slug":"yleista","status":"publish","type":"page","link":"https:\/\/vapaa-ajattelijat.fi\/keski-uusimaa\/","title":{"rendered":"Yleist\u00e4"},"content":{"rendered":"<h2>40% Keski-Uudenmaan v\u00e4est\u00f6st\u00e4 on irrottautunut evankelis-luterilaisen kirkon holhouksesta.<\/h2>\n<p>Uusimpien tilastojen (2025 loppu) mukaan ev.lut. kirkkoon kuulutaan seuraavasti: Hyvink\u00e4\u00e4 60,6%, J\u00e4rvenp\u00e4\u00e4 57,3%, Kerava 51,2%, M\u00e4nts\u00e4l\u00e4 66,4%, Nurmij\u00e4rvi 61,9%, Pornainen 65,2%, Sipoo 62,6% ja Tuusula 60,0%.<\/p>\n<p>Liki 40% el\u00e4\u00e4 nyky\u00e4\u00e4n vapaana ja itsen\u00e4isen\u00e4, irti kaikista uskonnollisista yhteis\u00f6ist\u00e4.\u00a0 T\u00e4m\u00e4 vapaus n\u00e4kyy toisaalta vapautuksena kirkollisverosta, ja vapautena menn\u00e4 nimisiin ilman rippikoulujen k\u00e4ymist\u00e4 oman itsen\u00e4isen harkintansa mukaan. \u00a0Samoin k\u00e4ytet\u00e4\u00e4n paljon hyv\u00e4ksi vapautta muodostaa parisuhde ilman avioliittoa.<\/p>\n<p>Vanhempien vapaus periytyy my\u00f6s lapsille, eli he voivat valita koulussa itsen\u00e4iseen ajatteluun valmentavan El\u00e4m\u00e4nkatsomus-aineen uskonnon sijasta.<\/p>\n<p>Keski-Uudenmaan Vapaa-ajattelijat yhdistys on maallistuneita varten.\u00a0 Yhdistys toisaalta kuuluu valtakunnalliseen\u00a0 <a href=\"https:\/\/vapaa-ajattelijat.fi\">Vapaa-ajattelijain liittoon.<\/a>\u00a0 Toiminta-alueemme on Hyvink\u00e4\u00e4, J\u00e4rvenp\u00e4\u00e4, Kerava, M\u00e4nts\u00e4l\u00e4, Nurmij\u00e4rvi, Pornainen,\u00a0 Sipoo ja Tuusula.<\/p>\n<p>Liittym\u00e4ll\u00e4 Vapaa-ajattelijoihin tuet siirtym\u00e4\u00e4 normaaliin ja liberaaliin yhteiskuntamalliin.<\/p>\n<p>Lis\u00e4tietoja voit kysy\u00e4 osoitteesta <a href=\"mailto:keski-uusimaa@vapaa-ajattelijat.fi\">keski-uusimaa@vapaa-ajattelijat.fi<\/a>.<\/p>\n<p>J\u00e4seneksi liittyminen onnistuu helpoiten <a href=\"https:\/\/vapaa-ajattelijat.fi\/liity-jaseneksi\/\">lomakkeella<\/a>.<\/p>\n","protected":false},"excerpt":{"rendered":"<p>40% Keski-Uudenmaan v\u00e4est\u00f6st\u00e4 on irrottautunut evankelis-luterilaisen kirkon holhouksesta. Uusimpien tilastojen (2025 loppu) mukaan ev.lut. kirkkoon kuulutaan seuraavasti: Hyvink\u00e4\u00e4 60,6%, J\u00e4rvenp\u00e4\u00e4 57,3%, Kerava 51,2%, M\u00e4nts\u00e4l\u00e4 66,4%, Nurmij\u00e4rvi 61,9%, Pornainen 65,2%, Sipoo &#8230; <a title=\"Yleist\u00e4\" class=\"read-more\" href=\"https:\/\/vapaa-ajattelijat.fi\/keski-uusimaa\/\" aria-label=\"Lue lis\u00e4\u00e4 aiheesta Yleist\u00e4\">Lue lis\u00e4\u00e4<\/a><\/p>\n","protected":false},"author":13,"featured_media":0,"parent":0,"menu_order":0,"comment_status":"closed","ping_status":"closed","template":"","meta":{"footnotes":""},"class_list":["post-5","page","type-page","status-publish"],"_links":{"self":[{"href":"https:\/\/vapaa-ajattelijat.fi\/keski-uusimaa\/wp-json\/wp\/v2\/pages\/5","targetHints":{"allow":["GET"]}}],"collection":[{"href":"https:\/\/vapaa-ajattelijat.fi\/keski-uusimaa\/wp-json\/wp\/v2\/pages"}],"about":[{"href":"https:\/\/vapaa-ajattelijat.fi\/keski-uusimaa\/wp-json\/wp\/v2\/types\/page"}],"author":[{"embeddable":true,"href":"https:\/\/vapaa-ajattelijat.fi\/keski-uusimaa\/wp-json\/wp\/v2\/users\/13"}],"replies":[{"embeddable":true,"href":"https:\/\/vapaa-ajattelijat.fi\/keski-uusimaa\/wp-json\/wp\/v2\/comments?post=5"}],"version-history":[{"count":14,"href":"https:\/\/vapaa-ajattelijat.fi\/keski-uusimaa\/wp-json\/wp\/v2\/pages\/5\/revisions"}],"predecessor-version":[{"id":324,"href":"https:\/\/vapaa-ajattelijat.fi\/keski-uusimaa\/wp-json\/wp\/v2\/pages\/5\/revisions\/324"}],"wp:attachment":[{"href":"https:\/\/vapaa-ajattelijat.fi\/keski-uusimaa\/wp-json\/wp\/v2\/media?parent=5"}],"curies":[{"name":"wp","href":"https:\/\/api.w.org\/{rel}","templated":true}]}}