{"id":235,"date":"2024-04-14T18:38:44","date_gmt":"2024-04-14T15:38:44","guid":{"rendered":"https:\/\/vapaa-ajattelijat.fi\/keski-uusimaa\/?page_id=235"},"modified":"2024-04-14T18:38:44","modified_gmt":"2024-04-14T15:38:44","slug":"motivointi-historian-kautta","status":"publish","type":"page","link":"https:\/\/vapaa-ajattelijat.fi\/keski-uusimaa\/motivointi-historian-kautta\/","title":{"rendered":"Motivointi historian kautta"},"content":{"rendered":"<p>Keski-Uudenmaan Vapaa-ajattelijat yhdistys on perustettu jo vuonna 1945.\u00a0 Yhdistys kuuluu valtakunnalliseen\u00a0 <a href=\"https:\/\/vapaa-ajattelijat.fi\">Vapaa-ajattelijain liittoon.<\/a>\u00a0 Toiminta-alueemme on Hyvink\u00e4\u00e4, J\u00e4rvenp\u00e4\u00e4, Kerava, M\u00e4nts\u00e4l\u00e4, Nurmij\u00e4rvi, Pornainen,\u00a0 Sipoo ja Tuusula.<\/p>\n<p>Yhdistys joutuu puolustamaan maallistuneiden ja uskonnottomien oikeuksia Suomessa, koska historiallisista syist\u00e4 yhteiskunta on nojautunut uskonnolliseen retoriikkaan ja etuoikeuksiin, eik\u00e4 tahdo p\u00e4\u00e4st\u00e4 niist\u00e4 eroon vaikka Eurooppalaisesta valistuksestakin on paljon aikaa.\u00a0 Osittain uskontojen asema on vahva, koska kuningasvalta nojautui kirkkolaitokseen lains\u00e4\u00e4d\u00e4nn\u00f6n toimeenpanossa ja lahjoitti niille laajoja maita, joka vaikuttaa viel\u00e4kin.\u00a0 Pappiss\u00e4\u00e4dyn valta oli iso s\u00e4\u00e4tyvaltiop\u00e4ivill\u00e4.<\/p>\n<p>Sittemmin Suomen tasavalta on taipunut kunnioittamaan maallistuneita kansalaisiaan, eik\u00e4 pakota uskomaan tuonpuoleiseen, sielunvaellukseen eik\u00e4 jumaluuksiin.\u00a0 Kaste, rippikoulu, kirkkovihkiminen ja kirkolliset hautajaiset eiv\u00e4t ole pakollisia en\u00e4\u00e4 ja kirkkolaitoksen j\u00e4senyydest\u00e4 on voinut erota.\u00a0 Kouluissa ei ole aivan pakko opiskella uskontokertomuksia, vaikka se oli normina 1970-luvulle asti.\u00a0 Uskonnolliset valat ovat poistuneet tai poistumassa jne.\u00a0 \u00a0Maallistuneen ihmisen el\u00e4m\u00e4nkaaren etappeja ovat : nimi\u00e4iset, aikuistumisleirit, valmistujaiset, siviilivihkiminen ja siviilihautajaiset.<\/p>\n<p>Mutta viel\u00e4k\u00e4\u00e4n kansalaiset eiv\u00e4t ole t\u00e4ysin yhdenvertaisia, vaan esim. kansalliset vapaa- ja pyh\u00e4p\u00e4iv\u00e4t on viel\u00e4 nimetty uskontojen mukaan.\u00a0 Verottaja katsoo seurakuntiin kuulumattomia yleislinjasta poikkeavina.\u00a0 \u00a0Ja Suomen tasavalta subventoi seurakuntien toimintaa.<\/p>\n","protected":false},"excerpt":{"rendered":"<p>Keski-Uudenmaan Vapaa-ajattelijat yhdistys on perustettu jo vuonna 1945.\u00a0 Yhdistys kuuluu valtakunnalliseen\u00a0 Vapaa-ajattelijain liittoon.\u00a0 Toiminta-alueemme on Hyvink\u00e4\u00e4, J\u00e4rvenp\u00e4\u00e4, Kerava, M\u00e4nts\u00e4l\u00e4, Nurmij\u00e4rvi, Pornainen,\u00a0 Sipoo ja Tuusula. Yhdistys joutuu puolustamaan maallistuneiden ja uskonnottomien &#8230; <a title=\"Motivointi historian kautta\" class=\"read-more\" href=\"https:\/\/vapaa-ajattelijat.fi\/keski-uusimaa\/motivointi-historian-kautta\/\" aria-label=\"Lue lis\u00e4\u00e4 aiheesta Motivointi historian kautta\">Lue lis\u00e4\u00e4<\/a><\/p>\n","protected":false},"author":36,"featured_media":0,"parent":0,"menu_order":0,"comment_status":"closed","ping_status":"closed","template":"","meta":{"footnotes":""},"class_list":["post-235","page","type-page","status-publish"],"_links":{"self":[{"href":"https:\/\/vapaa-ajattelijat.fi\/keski-uusimaa\/wp-json\/wp\/v2\/pages\/235","targetHints":{"allow":["GET"]}}],"collection":[{"href":"https:\/\/vapaa-ajattelijat.fi\/keski-uusimaa\/wp-json\/wp\/v2\/pages"}],"about":[{"href":"https:\/\/vapaa-ajattelijat.fi\/keski-uusimaa\/wp-json\/wp\/v2\/types\/page"}],"author":[{"embeddable":true,"href":"https:\/\/vapaa-ajattelijat.fi\/keski-uusimaa\/wp-json\/wp\/v2\/users\/36"}],"replies":[{"embeddable":true,"href":"https:\/\/vapaa-ajattelijat.fi\/keski-uusimaa\/wp-json\/wp\/v2\/comments?post=235"}],"version-history":[{"count":1,"href":"https:\/\/vapaa-ajattelijat.fi\/keski-uusimaa\/wp-json\/wp\/v2\/pages\/235\/revisions"}],"predecessor-version":[{"id":237,"href":"https:\/\/vapaa-ajattelijat.fi\/keski-uusimaa\/wp-json\/wp\/v2\/pages\/235\/revisions\/237"}],"wp:attachment":[{"href":"https:\/\/vapaa-ajattelijat.fi\/keski-uusimaa\/wp-json\/wp\/v2\/media?parent=235"}],"curies":[{"name":"wp","href":"https:\/\/api.w.org\/{rel}","templated":true}]}}