{"id":216,"date":"2024-03-25T20:34:32","date_gmt":"2024-03-25T18:34:32","guid":{"rendered":"https:\/\/vapaa-ajattelijat.fi\/keski-uusimaa\/?page_id=216"},"modified":"2024-03-25T20:52:04","modified_gmt":"2024-03-25T18:52:04","slug":"uskonnoton-tapakulttuuri","status":"publish","type":"page","link":"https:\/\/vapaa-ajattelijat.fi\/keski-uusimaa\/uskonnoton-tapakulttuuri\/","title":{"rendered":"Uskonnoton tapakulttuuri"},"content":{"rendered":"<p>Vuodenkierron ja el\u00e4m\u00e4n k\u00e4\u00e4nnekohtien juhlat selitettyn\u00e4<\/p>\n<p><a href=\"https:\/\/vapaa-ajattelijat.fi\/wp-content\/uploads\/2024\/01\/Uskonnoton-tapakulttuuri-suomessa-web.pdf\">Uskonnoton tapakulttuuri Suomessa linkki<\/a><\/p>\n<p>Katso my\u00f6s kirja Anneli Auresj\u00e4rvi-Karjalainen: Perheen omat juhlat.<\/p>\n<p><a href=\"https:\/\/www.finlandiakirja.fi\/fi\/anneli-aurejarvi-karjalainen-perheen-omat-juhlat-1407208\">Kirja linkki<\/a><\/p>\n","protected":false},"excerpt":{"rendered":"<p>Vuodenkierron ja el\u00e4m\u00e4n k\u00e4\u00e4nnekohtien juhlat selitettyn\u00e4 Uskonnoton tapakulttuuri Suomessa linkki Katso my\u00f6s kirja Anneli Auresj\u00e4rvi-Karjalainen: Perheen omat juhlat. Kirja linkki<\/p>\n","protected":false},"author":36,"featured_media":0,"parent":0,"menu_order":0,"comment_status":"closed","ping_status":"closed","template":"","meta":{"footnotes":""},"class_list":["post-216","page","type-page","status-publish"],"_links":{"self":[{"href":"https:\/\/vapaa-ajattelijat.fi\/keski-uusimaa\/wp-json\/wp\/v2\/pages\/216","targetHints":{"allow":["GET"]}}],"collection":[{"href":"https:\/\/vapaa-ajattelijat.fi\/keski-uusimaa\/wp-json\/wp\/v2\/pages"}],"about":[{"href":"https:\/\/vapaa-ajattelijat.fi\/keski-uusimaa\/wp-json\/wp\/v2\/types\/page"}],"author":[{"embeddable":true,"href":"https:\/\/vapaa-ajattelijat.fi\/keski-uusimaa\/wp-json\/wp\/v2\/users\/36"}],"replies":[{"embeddable":true,"href":"https:\/\/vapaa-ajattelijat.fi\/keski-uusimaa\/wp-json\/wp\/v2\/comments?post=216"}],"version-history":[{"count":6,"href":"https:\/\/vapaa-ajattelijat.fi\/keski-uusimaa\/wp-json\/wp\/v2\/pages\/216\/revisions"}],"predecessor-version":[{"id":225,"href":"https:\/\/vapaa-ajattelijat.fi\/keski-uusimaa\/wp-json\/wp\/v2\/pages\/216\/revisions\/225"}],"wp:attachment":[{"href":"https:\/\/vapaa-ajattelijat.fi\/keski-uusimaa\/wp-json\/wp\/v2\/media?parent=216"}],"curies":[{"name":"wp","href":"https:\/\/api.w.org\/{rel}","templated":true}]}}