{"id":186,"date":"2023-03-17T14:07:00","date_gmt":"2023-03-17T12:07:00","guid":{"rendered":"https:\/\/vapaa-ajattelijat.fi\/keski-uusimaa\/?page_id=186"},"modified":"2025-06-11T09:27:14","modified_gmt":"2025-06-11T06:27:14","slug":"suunnitelmat","status":"publish","type":"page","link":"https:\/\/vapaa-ajattelijat.fi\/keski-uusimaa\/suunnitelmat\/","title":{"rendered":"Suunnitelmat"},"content":{"rendered":"<h2>Toimintasuunnitelma 2025<\/h2>\n<p>Yhdistyksen tarkoitus ja s\u00e4\u00e4nn\u00f6t antavat puitteet <a href=\"https:\/\/vapaa-ajattelijat.fi\/keski-uusimaa\/saannot\/\">https:\/\/vapaa-ajattelijat.fi\/keski-uusimaa\/saannot\/<\/a> toiminnalle.\u00a0 Lis\u00e4ksi yhdistys on j\u00e4senen\u00e4 valtakunnallisessa liitossa <a href=\"https:\/\/vapaa-ajattelijat.fi\/\">https:\/\/vapaa-ajattelijat.fi\/<\/a>.\u00a0\u00a0 Yhdistyksen web sivut ovat <a href=\"https:\/\/vapaa-ajattelijat.fi\/keski-uusimaa\/\">https:\/\/vapaa-ajattelijat.fi\/keski-uusimaa\/<\/a>\u00a0 Hallitus voi kokoontua my\u00f6s et\u00e4n\u00e4.<\/p>\n<p>Toiminta-alueemme laajuuden vuoksi j\u00e4senten yhteistapaamiset ovat pakosti harvakseltaan ja sen korvaamiseksi pyrit\u00e4\u00e4n j\u00e4senist\u00f6\u00e4 kutsumaan kunta\/kaupunkikohtaisiin tapaamisiin.\u00a0 Tarkoitus on antaa j\u00e4senist\u00f6lle mahdollisuus tuntea omalla paikkakunnallaan muita aktiiveja.\u00a0 Toisaalta yhteydenpitoon k\u00e4ytet\u00e4\u00e4n nyky\u00e4\u00e4n puhelimia ja tietokoneita.<\/p>\n<p>J\u00e4senmaksu on ollut 25\u20ac\/vuosi, josta liitolle on maksettu 13\u20ac\/vuosi.\u00a0 J\u00e4seneksi ilmoittautumisen t\u00e4rkein muoto on liiton sivustolla oleva <a href=\"https:\/\/vapaa-ajattelijat.fi\/liity-jaseneksi\/\">ilmoittautumislomake<\/a>. \u00a0Linkki on my\u00f6s omien Web sivujen Yleist\u00e4 osassa.<\/p>\n<p><strong>Varsinainen toiminta<\/strong><\/p>\n<p>Kuntalaisaloitte Tuusulassa, jotta koulut eiv\u00e4t j\u00e4rjest\u00e4isi uskonnollisia tilaisuuksia lainkaan, sai virheellisen vastauksen.\u00a0\u00a0 Emme pyyt\u00e4neet kaiken yhteisty\u00f6n katkaisemista seurakuntaan.\u00a0 Seurataan Jokelan KotiKirkko kaavoitushanketta, jossa kaavoitetaan vanha liikekiinteist\u00f6 siten, ett\u00e4 \u201dKorttelialueella sallitaan kirkollinen toiminta.\u201d Aiheeseen liittyv\u00e4 lains\u00e4\u00e4d\u00e4nt\u00f6 kiinnostaa.<\/p>\n<p>Seurataan uskonnonvapauden toteutumista alueella yleisesti ja erityisesti kouluissa ja p\u00e4iv\u00e4kodeissa, ja tarvittaessa puututaan asiaan.\u00a0 Seurataan El\u00e4m\u00e4nkatsomustiedon yleistymist\u00e4 ja kirkosta eroamisia.\u00a0 T\u00e4t\u00e4 varten laitetaan numerot n\u00e4kyviin.\u00a0 Jaetaan kolme stipendi\u00e4 ET opiskelijoille 70\u20ac.<\/p>\n<p>V\u00e4litet\u00e4\u00e4n tietoa uskonnottomien juhlien j\u00e4rjest\u00e4misest\u00e4. T\u00e4rkein kanava t\u00e4ss\u00e4 on liiton lehti ja ProSeremoniat-yhdistys.\u00a0 Reagoidaan lehdist\u00f6ss\u00e4 esiintyviin katsomuksia koskeviin kirjoituksiin.\u00a0 Kunta ja sote vaalit tarjoavat mahdollisuuden vaikuttaa, vuoden lopussa voisi kehotella eroamaan kirkosta.\u00a0 Tieteellisen maailmankuvan edist\u00e4miseksi muistutetaan luonnontieteiden ensisijaisuudesta eli fysiikka, kemia, geologia, t\u00e4htitiede, biologia ovat maailmankuvamme perusta ja uskontojen sadut ovat satuja.\u00a0 Kuolleet eiv\u00e4t nouse kuolleista eik\u00e4 enkelit ilmesty ihmisille.<\/p>\n<p>Varsinaisia vuosikokouksia pidet\u00e4\u00e4n yksi vuodessa.\u00a0 Muita tilaisuuksia pyrit\u00e4\u00e4n pit\u00e4m\u00e4\u00e4n eri puolilla aluetta.\u00a0 J\u00e4rjestet\u00e4\u00e4n koulutusta, kun tarvetta ilmenee. Osallistutaan liiton ja Helsingin Vapaa-ajattelijoiden tilaisuuksiin.\u00a0 Ollaan valmiita Liiton luottamustoimiin.<\/p>\n<p>Yhdistys t\u00e4ytt\u00e4\u00e4 80 vuotta, jota t\u00e4ytyy jotenkin huomioida.\u00a0\u00a0 Kiitos hautajaiset Oy:n niemell\u00e4 voisi vierailla porukalla.<\/p>\n<p><strong>Tiedotus<\/strong><\/p>\n<p>Sis\u00e4inen j\u00e4sentiedotus hoidetaan l\u00e4hinn\u00e4 kirjeitse ja s\u00e4hk\u00f6postilla ja verkkosivuston kohdan\u00a0<a href=\"https:\/\/vapaa-ajattelijat.fi\/keski-uusimaa\/tapahtumat\/\">tapahtumat<\/a>\u00a0kautta\u00a0 <a href=\"https:\/\/vapaa-ajattelijat.fi\/keski-uusimaa\/\">https:\/\/vapaa-ajattelijat.fi\/keski-uusimaa\/<\/a>.\u00a0 Yleis\u00f6lle yhdistys tiedottaa lehdist\u00f6tiedotteilla ja toisaalta yksityiset kirjoittavat mielipidekirjoituksia erilaisissa julkaisuissa ja verkkosivustolla.<\/p>\n<h2>Toimintasuunnitelma 2024<\/h2>\n<p>Yhdistyksen tarkoitus ja s\u00e4\u00e4nn\u00f6t antavat puitteet <a href=\"https:\/\/vapaa-ajattelijat.fi\/keski-uusimaa\/saannot\/\">https:\/\/vapaa-ajattelijat.fi\/keski-uusimaa\/saannot\/<\/a> toiminnalle.\u00a0 Lis\u00e4ksi yhdistys on j\u00e4senen\u00e4 valtakunnallisessa liitossa <a href=\"https:\/\/vapaa-ajattelijat.fi\/\">https:\/\/vapaa-ajattelijat.fi\/<\/a><u>.\u00a0\u00a0 <\/u>Yhdistyksen web sivut ovat <a href=\"https:\/\/vapaa-ajattelijat.fi\/keski-uusimaa\/\">https:\/\/vapaa-ajattelijat.fi\/keski-uusimaa\/ <\/a><\/p>\n<p>Asioista p\u00e4\u00e4tet\u00e4\u00e4n vuosikokouksessa ja hallituksen kokouksissa.\u00a0 Hallitus voi kokoontua my\u00f6s et\u00e4n\u00e4.\u00a0\u00a0Toiminta-alueemme laajuuden vuoksi j\u00e4senten yhteistapaamiset ovat pakosti harvakseltaan ja sen korvaamiseksi pyrit\u00e4\u00e4n j\u00e4senist\u00f6\u00e4 kutsumaan kunta\/kaupunkikohtaisiin tapaamisiin.\u00a0 Tarkoitus on antaa j\u00e4senist\u00f6lle mahdollisuus tuntea omalla paikkakunnallaan muita aktiiveja.\u00a0 Toisaalta yhteydenpitoon k\u00e4ytet\u00e4\u00e4n nyky\u00e4\u00e4n puhelimia ja tietokoneita.\u00a0 WhatsApp ryhmi\u00e4 on kevyt perustaa.<\/p>\n<p>J\u00e4senmaksu on\u00a0 25\u20ac\/vuosi, josta liitolle on maksetaan 12\u20ac\/vuosi.\u00a0 J\u00e4seneksi ilmoittautumisen t\u00e4rkein muoto on liiton sivustolla oleva <a href=\"https:\/\/vapaa-ajattelijat.fi\/liity-jaseneksi\/\">ilmoittautumislomake<\/a>.\u00a0 Linkki on my\u00f6s omien Web sivujen Yleist\u00e4 osassa.\u00a0 Hallitus selvitt\u00e4\u00e4 mahdollisuuksia alentaa opiskelijoiden vuosimaksua.<\/p>\n<p><strong>Varsinainen toiminta<\/strong><\/p>\n<p>Seurataan uskonnonvapauden toteutumista alueella yleisesti ja erityisesti kouluissa ja p\u00e4iv\u00e4kodeissa, ja tarvittaessa puututaan asiaan.\u00a0 Seurataan El\u00e4m\u00e4nkatsomustiedon yleistymist\u00e4 ja kirkosta eroamisia.\u00a0 T\u00e4t\u00e4 varten laitetaan numerotiedot yl\u00f6s ja n\u00e4kyviin.\u00a0 Pyrit\u00e4\u00e4n jakamaan ainakin pari stipendi\u00e4 opiskelijoille 50\u2026100\u20ac.<\/p>\n<p>V\u00e4litet\u00e4\u00e4n tietoa uskonnottomien juhlien j\u00e4rjest\u00e4misest\u00e4. T\u00e4rkein kanava t\u00e4ss\u00e4 on liiton lehti ja Pro Seremoniat-yhdistys.\u00a0\u00a0Reagoidaan lehdist\u00f6ss\u00e4 esiintyviin katsomuksia koskeviin kirjoituksiin.\u00a0 EU vaalit 6\u20149.6. tarjoavat mahdollisuuden vaikuttaa, vuoden lopussa voisi kehotella eroamaan kirkosta, paikallislehtien p\u00e4\u00e4toimittajiinkin voisi olla yhteydess\u00e4.<\/p>\n<p>Markkinoidaan aitoa tasavertaista kohtelua edesauttavaa humanismia ja kehitet\u00e4\u00e4n uskomusoppien tilalle universaalia etiikkaa.\u00a0 Osallistutaan tilaisuuksiin, joihin meit\u00e4 kysell\u00e4\u00e4n, mahdollisuuksien mukaan. ( Esim. kouluille )\u00a0 Uskonnoton tapakulttuuri suomessa tiedotetta levitet\u00e4\u00e4n, ja muitakin Vapaa-Ajattelijoiden lehtisi\u00e4.<\/p>\n<p><strong>Tilaisuudet, kokoukset ja koulutus<\/strong><\/p>\n<p>Varsinaisia vuosikokouksia pidet\u00e4\u00e4n yksi vuodessa.\u00a0 Muita tilaisuuksia pyrit\u00e4\u00e4n pit\u00e4m\u00e4\u00e4n eri puolilla aluetta.\u00a0 J\u00e4rjestet\u00e4\u00e4n koulutusta, kun tarvetta ilmenee. Osallistutaan liiton ja Helsingin Vapaa-ajattelijoiden tilaisuuksiin.<\/p>\n<p><strong>\u00a0<\/strong><strong>Tiedotus<\/strong><\/p>\n<p>Sis\u00e4inen j\u00e4sentiedotus hoidetaan l\u00e4hinn\u00e4 kirjeitse ja s\u00e4hk\u00f6postilla ja verkkosivuston kohdan\u00a0<a href=\"https:\/\/vapaa-ajattelijat.fi\/keski-uusimaa\/tapahtumat\/\">tapahtumat<\/a>\u00a0kautta\u00a0 <a href=\"https:\/\/vapaa-ajattelijat.fi\/keski-uusimaa\/\">https:\/\/vapaa-ajattelijat.fi\/keski-uusimaa\/<\/a>.<\/p>\n<p>Webbi sivuja uudistetaan ja tehd\u00e4\u00e4n oma kohta uskonnoton tapakulttuuri asialle.\u00a0 \u00a0Etusivua uudistetaan meid\u00e4n liittokokoualoitteiden suuntaan.<\/p>\n<p>Yleis\u00f6lle yhdistys tiedottaa lehdist\u00f6tiedotteilla ja toisaalta yksityiset kirjoittavat mielipidekirjoituksia erilaisissa julkaisuissa ja verkkosivustolla.<\/p>\n","protected":false},"excerpt":{"rendered":"<p>Toimintasuunnitelma 2025 Yhdistyksen tarkoitus ja s\u00e4\u00e4nn\u00f6t antavat puitteet https:\/\/vapaa-ajattelijat.fi\/keski-uusimaa\/saannot\/ toiminnalle.\u00a0 Lis\u00e4ksi yhdistys on j\u00e4senen\u00e4 valtakunnallisessa liitossa https:\/\/vapaa-ajattelijat.fi\/.\u00a0\u00a0 Yhdistyksen web sivut ovat https:\/\/vapaa-ajattelijat.fi\/keski-uusimaa\/\u00a0 Hallitus voi kokoontua my\u00f6s et\u00e4n\u00e4. Toiminta-alueemme laajuuden vuoksi &#8230; <a title=\"Suunnitelmat\" class=\"read-more\" href=\"https:\/\/vapaa-ajattelijat.fi\/keski-uusimaa\/suunnitelmat\/\" aria-label=\"Lue lis\u00e4\u00e4 aiheesta Suunnitelmat\">Lue lis\u00e4\u00e4<\/a><\/p>\n","protected":false},"author":36,"featured_media":0,"parent":0,"menu_order":0,"comment_status":"closed","ping_status":"closed","template":"","meta":{"footnotes":""},"class_list":["post-186","page","type-page","status-publish"],"_links":{"self":[{"href":"https:\/\/vapaa-ajattelijat.fi\/keski-uusimaa\/wp-json\/wp\/v2\/pages\/186","targetHints":{"allow":["GET"]}}],"collection":[{"href":"https:\/\/vapaa-ajattelijat.fi\/keski-uusimaa\/wp-json\/wp\/v2\/pages"}],"about":[{"href":"https:\/\/vapaa-ajattelijat.fi\/keski-uusimaa\/wp-json\/wp\/v2\/types\/page"}],"author":[{"embeddable":true,"href":"https:\/\/vapaa-ajattelijat.fi\/keski-uusimaa\/wp-json\/wp\/v2\/users\/36"}],"replies":[{"embeddable":true,"href":"https:\/\/vapaa-ajattelijat.fi\/keski-uusimaa\/wp-json\/wp\/v2\/comments?post=186"}],"version-history":[{"count":10,"href":"https:\/\/vapaa-ajattelijat.fi\/keski-uusimaa\/wp-json\/wp\/v2\/pages\/186\/revisions"}],"predecessor-version":[{"id":289,"href":"https:\/\/vapaa-ajattelijat.fi\/keski-uusimaa\/wp-json\/wp\/v2\/pages\/186\/revisions\/289"}],"wp:attachment":[{"href":"https:\/\/vapaa-ajattelijat.fi\/keski-uusimaa\/wp-json\/wp\/v2\/media?parent=186"}],"curies":[{"name":"wp","href":"https:\/\/api.w.org\/{rel}","templated":true}]}}