{"id":171,"date":"2023-03-17T07:45:37","date_gmt":"2023-03-17T05:45:37","guid":{"rendered":"https:\/\/vapaa-ajattelijat.fi\/keski-uusimaa\/?page_id=171"},"modified":"2026-03-28T20:10:40","modified_gmt":"2026-03-28T18:10:40","slug":"kertomukset","status":"publish","type":"page","link":"https:\/\/vapaa-ajattelijat.fi\/keski-uusimaa\/kertomukset\/","title":{"rendered":"Kertomukset"},"content":{"rendered":"<p><strong>Aineistoa toimintakertomukseen 2025<\/strong><\/p>\n<p>Keski-Uudenmaan Vapaa-ajattelijoiden keskeinen toimialue laajeni v\u00e4est\u00f6lt\u00e4\u00e4n py\u00f6re\u00e4sti 490 ihmisell\u00e4 vuodessa.\u00a0 (Hyvink\u00e4\u00e4, J\u00e4rvenp\u00e4\u00e4, Kerava, M\u00e4nts\u00e4l\u00e4, Nurmij\u00e4rvi, Pornainen, Riihim\u00e4ki, Sipoo ja Tuusula).\u00a0 l\u00e4hde: Tilastokeskus 22.1.2026<\/p>\n<p>Noiden kuntien ev.lut. seurakuntalaiset v\u00e4heniv\u00e4t kuitenkin 2200 ihmisell\u00e4 ja siis alueellamme 59,9% v\u00e4est\u00f6st\u00e4 jaksaa viel\u00e4 olla j\u00e4senin\u00e4.\u00a0 Vuosimuutos on -1,5%.\u00a0 Toisaalta siis 40,1% on vapautettu ev.lut. kirkollisveron maksusta.<\/p>\n<p>Kun tarkastelu kohdistetaan kuntiin Hyvink\u00e4\u00e4, J\u00e4rvenp\u00e4\u00e4, Kerava, Nurmij\u00e4rvi, Riihim\u00e4ki ja Tuusula vastaavat prosenttiluvut ovat 59% ja 41%.\u00a0 Vuosimuutos -1,5%.<\/p>\n<p>Keski-Uudenmaan Vapaa-ajattelijat r.y. t\u00e4ytti 80 vuotta 5.10.2025. \u00a0Merkkip\u00e4iv\u00e4\u00e4 ei muisteltu kakkukahveilla, mutta laadittiin kirje j\u00e4senille, jossa mm. Veikko Laine muisteli menneit\u00e4.\u00a0 Veikko Laineen toimesta on kirjoitettu erinomaiset tiivistelm\u00e4t vuosien 1945-1995 toiminnasta ja erikseen 1995-2005 toiminnasta. Sen sijaan yhdistyksen p\u00f6yt\u00e4kirjat ja kirjanpidot 1945-20007 on viety Kansan Arkistoon tutkijoiden ja muidenkin tutkittavaksi. Yhdistyksen 80 vuotisp\u00e4iv\u00e4n\u00e4 on helppo ennustaa, ett\u00e4 yhdistyst\u00e4 tarvitaan viel\u00e4 ainakin parinkymmenen vuoden ajan.<\/p>\n<p>ET opiskelijat, 2025 syksy Keski-Uudellamaalla perusopetuksessa, kasvua noin 1% yksikk\u00f6<\/p>\n<p>Hyvink\u00e4\u00e4 \u00a0\u00a0\u00a0\u00a0\u00a0\u00a0\u00a0\u00a0 17,8%<\/p>\n<p>J\u00e4rvenp\u00e4\u00e4 \u00a0\u00a0\u00a0\u00a0\u00a0\u00a0\u00a0 19,8<\/p>\n<p>Kerava \u00a0\u00a0\u00a0\u00a0\u00a0\u00a0\u00a0\u00a0\u00a0\u00a0\u00a0\u00a0\u00a0 20,7%<\/p>\n<p>Tuusula\u00a0\u00a0\u00a0\u00a0\u00a0\u00a0\u00a0\u00a0\u00a0\u00a0\u00a0\u00a0 16,2%<\/p>\n<p>Lukioissa:<\/p>\n<p>Hyvink\u00e4\u00e4\u00a0\u00a0\u00a0\u00a0\u00a0\u00a0\u00a0\u00a0\u00a0\u00a0 6,0%<\/p>\n<p>J\u00e4rvenp\u00e4\u00e4\u00a0\u00a0\u00a0\u00a0\u00a0\u00a0\u00a0\u00a0 9,5%<\/p>\n<p>Kerava\u00a0\u00a0\u00a0\u00a0\u00a0\u00a0\u00a0\u00a0\u00a0\u00a0\u00a0\u00a0\u00a0\u00a0 15%<\/p>\n<p>Tuusula\u00a0\u00a0\u00a0\u00a0\u00a0\u00a0\u00a0\u00a0\u00a0\u00a0\u00a0\u00a0 5%<\/p>\n<p>Vapaa-ajattelijoiden liiton pj l\u00e4hetti lehdist\u00f6tiedotteen, ett\u00e4 Uudenmaan alueella vain puolet asukkaista on ev.lut. seurakuntien j\u00e4seni\u00e4.<\/p>\n<p>Elokuun puolella lehdess\u00e4 oli pieni mielipidekirjoitus, kuinka Jeesuksen yl\u00f6snousemus ja enkelin suorittama hautakiven siirto ovat luonnontieteen vastaisia ja tosikertomuksena mahdottomia. \u00a0Eli se siit\u00e4 Uudesta testamentista.<\/p>\n<p>26.7. Keski-Uusimaa lehdess\u00e4 oli pj nimiss\u00e4 juttu otsikolla: Siviilivihkimispaikka suljetiin Hyvink\u00e4\u00e4ll\u00e4 olemattomien s\u00e4\u00e4st\u00f6jen takia.\u00a0 \u00a0Siin\u00e4 tekstin\u00e4 oli mm.\u00a0\u00a0Rakkausvirastoksi itse\u00e4\u00e4n lanseeranneelle DVV:lle itselleen ja vihkipareille t\u00e4m\u00e4 on hyvin ik\u00e4v\u00e4 s\u00e4\u00e4st\u00f6toimi. Virallisen siviilivihkimisen voi hoitaa my\u00f6s k\u00e4r\u00e4j\u00e4oikeudessa, joita on 20 eri puolilla maata, mutta ne ovat samalla paikkakunnalla kuin DVV:n vihkitila. Lis\u00e4paikkakuntina ovat vain Espoo ja Vantaa. My\u00f6s k\u00e4r\u00e4j\u00e4oikeuksien m\u00e4\u00e4r\u00e4\u00e4 on supistettu.\u00a0\u00a0N\u00e4in ankara siviilivihkimispaikkojen karsiminen rikkoo erityisesti uskontokuntiin kuulumattomien alueellista tasavertaisuutta palvelujen saatavuudessa. Siviilivihkimisen valitsevat my\u00f6s monet eri uskontokuntien j\u00e4senet.<\/p>\n<p>Tuusulaan j\u00e4tettyyn kuntalaisaloitteeseen, ett\u00e4 koulut eiv\u00e4t j\u00e4rjest\u00e4isi uskonnollisia tilaisuuksia lainkaan, saatiin vastaus \u2013 tosin virheellinen. Toisaalta ei tiedet\u00e4 varmasti kuka sen laati. Emme pyyt\u00e4neet kaiken yhteisty\u00f6n katkaisemista seurakuntaan.<\/p>\n<p>Hallitus 21.5..2025 valmisteltiin vuosikokousasiat.<\/p>\n<p>Vuosikokous 10.6.2025 Tilaustilassa.\u00a0 K\u00e4siteltiin edellinen vuosi ja toimintakertomus.\u00a0 Rahaakin on.\u00a0 Vapaa-ajattelijain Liiton pj. piti esitelm\u00e4n uskonnonvapauden periaatteista ja logiikasta.\u00a0 T\u00e4ss\u00e4 lienee helpointa viitata Uskonnonvapaus.fi sivustoon.<\/p>\n<p>Jokelan KotiKirkon kaavamuutos vahvistettiin valtuustossa.\u00a0 Mielenkiintoinen juttu, ett\u00e4 vasta kun kunta on tehnyt kaavamerkinn\u00e4n: \u201dKorttelialuueella sallitaan kirkollinen toiminta\u201d,\u00a0 seurakunta voi toimittaa korttelissa kaikkia kirkollisia toimituksia.\u00a0 Mit\u00e4, liittyyk\u00f6 kaavoitus ja kirkollinen toiminta toisiinsa?\u00a0 Asia ei kuulemma liity kiinteist\u00f6veroon. 13.8.2025 kaava asia lainvoiman.\u00a0 Hyvinvoinnin ja terveyden edist\u00e4misen lautakunta kiitt\u00e4\u00e4 kaavaehdotukseen kirjattua esimerkiksi hautauskuljetuksiin, liittyvien ajoj\u00e4rjestelyjen tarkkaa suunnittelua. On t\u00e4rke\u00e4\u00e4, ett\u00e4 arvokkaissa ja hartaissa tilaisuuksissa voidaan huomioida riitt\u00e4v\u00e4 yksityisyyden taso.<\/p>\n<p>1.6. J\u00e4rvenp\u00e4\u00e4n lukiossa kaksi nuorta ylioppilasta ja Riihim\u00e4ell\u00e4 yksi saivat meid\u00e4n ET stipendin 70\u20ac.<\/p>\n<p>Tuusulan Onnelassa\/Krapi on avautunut uudenlainen hautaustoimisto, jonka avajaisissa tuli vierailtua.\u00a0 Kiitos hautajaiset Oy\/Juha Helasto.\u00a0 \u00a0Heid\u00e4n hautaustoimisto siis tarjoaa hautaustoimistopalveluita ja sen lis\u00e4ksi hautaukseen liittyvi\u00e4 ohjelmapalveluita Keski-Uudellamaalla ja p\u00e4\u00e4kaupunkiseudulla.\u00a0 Paikkana on Tuusulanj\u00e4rven rantamaisemat.\u00a0\u00a0Vainaja siis haetaan sairaalasta ja annetaan tila tai ulkotila kiitostilaisuutta (saattotilaisuutta) varten ja kukitetaan.\u00a0 Puhujana voi olla Pro-Seremonia puhuja.\u00a0 My\u00f6s ohjelmapalvelut eli vaikka viulunsoittajat hoituvat.\u00a0 Koska hautaustoimisto on kauniilla paikalla, heill\u00e4 on ajatus my\u00f6s ulkotiloissa tapahtuvista tilaisuuksista (heill\u00e4 on joku yksityisoikeudellinen lupa moiseen).\u00a0 Jos kyseess\u00e4 on arkkuhautaus, niin lopuksi vainaja vied\u00e4\u00e4n autolla tunnustuksettomalle hautausmaalle ja lasketaan hienosti hautaan. \u00a0\u00a0Kukat vied\u00e4\u00e4n haudalle. \u00a0\u00a0Melko yksinkertaista.\u00a0 Tuhkausj\u00e4rjestelyt ovat v\u00e4h\u00e4n mutkikkaammat.<\/p>\n<p>Keski-Uudenmaan Vapaa-ajattelijat vei vuosien 1945-2007 kirjanpidon p\u00e4\u00e4kirjat ja tallessa olleet hallitus- ja vuosikokousp\u00f6yt\u00e4kirjat, muutamia julkaisuja ja valokuvia Kansan Arkistoon.<\/p>\n<p>Kirjanpidon yksinkertaistamiseksi p\u00e4\u00e4timme purkaa stipendirahaston. Oikeastaan meill\u00e4 ei ole kirjanpidossa en\u00e4\u00e4 kuin pankkitili (k\u00e4teistilej\u00e4 ei ole ollut v\u00e4h\u00e4\u00e4n aikaan).<\/p>\n<p>Alkuvuonna saatu monia uusia, hyvi\u00e4 j\u00e4seni\u00e4.<\/p>\n<p>Hallituksessa vuodesta 2022 l\u00e4htien olleet Kari Ranta pj, Jussi J\u00e4nnti vpj, joka luopui paikasta lokakuun alussa, Lauri Gr\u00f6nlund, Susanna Anjala ja Veikko Laine.<\/p>\n<p><strong>Toimintakertomus 2024<\/strong><\/p>\n<p>PJ ollut kirjeenvaihdossa Keski-Uusimaan lehden p\u00e4\u00e4toimittajaan (Joonas Romppanen) kristillisest\u00e4 materiaalista lehdess\u00e4 ja saatu lohdullinen tieto, ett\u00e4 digilehdess\u00e4 materiaalia on v\u00e4hemm\u00e4n.\u00a0 Ei ole P\u00e4iv\u00e4n sanaa eik\u00e4 sunnuntain teksti\u00e4.<\/p>\n<p>Hallitus 19.3.2024 valmisteltiin vuosikokousasiat.\u00a0 Ajatus toteuttaa niit\u00e4 asioita joita esitimme liittokokouksessa (tilastoja) ja muokata WEB sivuja.<\/p>\n<p>Vuosikokous 19.4.2024 Tilaustilassa.\u00a0 Entinen hallitus jatkaa.<\/p>\n<p>Kutsuttuna k\u00e4yty Karkkilassa hautausmaatapahtumassa 11.5.<\/p>\n<p>1.6. J\u00e4rvenp\u00e4\u00e4n lukiossa nuori naishenkil\u00f6 sai meid\u00e4n ET stipendin 70\u20ac.<\/p>\n<p>Hallitus sai Henrik Sawelan \/Pro-Seremoniat\/Tuusula vierailulle ja selitt\u00e4m\u00e4\u00e4n\u00a0 Pro-Seremonia aiheita ja my\u00f6s Humanistiliiton taustaa.\u00a0 \u00a0Samalla keskusteltiin vapareiden tavoitteista:\u00a0 &#8221;Vapaa-ajattelijain liitto on uskonnottomien edunvalvonta-, ihmisoikeus- ja kulttuurij\u00e4rjest\u00f6, joka perustaa <strong>toimintansa tiedepohjaiseen todellisuusk\u00e4sitykseen ja rationaaliseen ajatteluun<\/strong> <strong>sek\u00e4 humanistisiin<\/strong> arvoihin.&#8221;\u00a0 \u00a0\u00a0Uusi ajatus on, ett\u00e4 tuo lihavoitu ajatus konkretisoituu riitt\u00e4v\u00e4ss\u00e4 m\u00e4\u00e4rin (ainakin nykyisess\u00e4) suomalaisessa kouluopetuksessa, uskontoa lukuun ottamatta. \u00a0Eli taktisista ja vilpitt\u00f6mist\u00e4 syist\u00e4 ilmoitamme olevamme kouluopetuksen takana. \u00a0Ev.lut. papisto voi sitten ilmoittaa, milt\u00e4 osin he ovat kouluopetuksen takana ja miss\u00e4 tekev\u00e4t varaumia.<\/p>\n<p>S\u00e4hk\u00f6postilaskutus aiheuttaa\u00a0 muistuttamisen tarpeen, kun osa meneen roskapostiin yms.\u00a0 Tilattiin muutama Risto Puumalaisen kirja.<\/p>\n<p>Keski-Uusimaa lehdess\u00e4 ja FB:ss\u00e4 kehotus erota kirkosta, kun vuoden 2025 verokortit tulivat.<\/p>\n<p>Saatu muutama uusi j\u00e4sen.<\/p>\n<p>Tilastoa ET-opiskelijoista Keski-Uudellamaalla perusopetuksessa<\/p>\n<p>Hyvink\u00e4\u00e4 16,4%<br \/>\nJ\u00e4rvenp\u00e4\u00e4 18%<br \/>\nKerava 20,7%<br \/>\nRiihim\u00e4ki n. 13,8%<br \/>\nTuusula 14,5%<br \/>\nTilastoa ET-opiskelijoista lukioissa<br \/>\nHyvink\u00e4\u00e4 6,5%<br \/>\nJ\u00e4rvenp\u00e4\u00e4 10%<br \/>\nKerava 15%<br \/>\nRiihim\u00e4ki &#8211;<br \/>\nTuusula &#8211;<\/p>\n<p>Puheenjohtaja teki kuntalaisaloitteen Tuusulaan kaikenlaisten uskonnollisten tilaisuuksien v\u00e4ltt\u00e4misest\u00e4 koulutoimessa.\u00a0 Otsikko:\u00a0 Uskonnollisen ja katsomuksellisen sitouttamattomuuden toteuttaminen perusopetuksessa ja varhaiskasvatuksessa Opetushallituksen ohjetta noudattaen.<\/p>\n<p>Ainakin osa yhdistyksen historiallisista materiaaleista haettu talteen.\u00a0 Tavoite vied\u00e4 ne Kansan Arkistoon, kunhan p\u00e4\u00e4t\u00f6s on tehty.<\/p>\n<p><strong>2023 Toimintakertomus<\/strong><\/p>\n<p>PRH:ssa yhdistyksen tiedot kunnossa 17.11.2022.<\/p>\n<p>Hyvink\u00e4\u00e4l\u00e4isten j\u00e4senilta 1.3. Harlekiinissa.\u00a0 6 j\u00e4sent\u00e4. Teemana vaikuttaminen vaalien alla.\u00a0 Esill\u00e4 olleita papereita \u00a0\u201dArvoisa puolue\u201d ja Tavoitepaperi lis\u00e4ksi asiana Vaalikone.\u00a0\u00a0 Kutsut l\u00e4htiv\u00e4t s\u00e4hk\u00f6postilla.<\/p>\n<p>Hallitus kokoontui 15.3. kutsuakseen vuosikokouksen koolle.\u00a0 Toimintakertomus saatettiin valmiiksi mm. tilintarkastusta varten.<\/p>\n<p>Vuosikokouksessa 26.4. t\u00e4ydennetty hallitusta Susanna Anjala.\u00a0Noteerattiin, ett\u00e4 Keski-Uusimaa lehdess\u00e4 hieno kirjoitus ET opiskelusta ja v\u00e4h\u00e4n my\u00f6hemmin Nurmij\u00e4rven sanomissa.\u00a0 P\u00e4\u00e4tettiin kolmesta Liittokokousaloitteesta. Kutsu l\u00e4hti osin postilla osin s\u00e4hk\u00f6postilla.<\/p>\n<p>Laskut l\u00e4hetetty, er\u00e4p\u00e4iv\u00e4 29.5.2023.\u00a0\u00a0Uusia j\u00e4seni\u00e4 1 kpl.\u00a0 Yksi kuollut. J\u00e4senmaksun maksaneita j\u00e4seni\u00e4 36.<\/p>\n<p>Puhelimella oltu yhteydess\u00e4 Karkkilan puheenjohtajaan ja saatiin sielt\u00e4 kutsu 13.5. tilaisuuteen hautausmaalla.\u00a0 K\u00e4ytiin kahden miehen voimin tapaamassa Karkkilalaisia.\u00a0 Juttu ja kuva FB:ss\u00e4.\u00a0<a href=\"https:\/\/www.facebook.com\/photo?fbid=6491110600901848&amp;set=pcb.6512832808760789\">Facebook<\/a><\/p>\n<p>Kiva juttu paikallislehdiss\u00e4 KU ja Aamuposti 6.5.\u00a0 \u201d Luonto voi olla hautajaisissa uskontoa t\u00e4rke\u00e4mpi \u2013 uskonnottomien hautajaisten suosio kasvaa Suomessa\u201d<\/p>\n<p>24.5. El\u00e4m\u00e4nkatsomus stipendi-kirjeet viety. J\u00e4rvenp\u00e4\u00e4ss\u00e4 oli siis kaksi tasavahvaa ET kirjoittajaa ja rehtori Marja-Liisa Lehtiniemi oli kovin hyvill\u00e4\u00e4n saadessaan kirjekuoret.\u00a0 Ne jaettiin juhlassa 3.6.<\/p>\n<p>24.10. \u00a0Uskonnottomien oikeudet ja palvelut kehdosta hautaan? Tiistaina 24.10. klo 17.30 J\u00e4rvenp\u00e4\u00e4ss\u00e4, Tilaustila, J\u00e4rnefeltinkatu 9 Miten yhdenvertaisuuden pit\u00e4isi toteutua p\u00e4iv\u00e4hoidossa, kouluissa ja hautaustoimessa? Alustaja p\u00e4\u00e4toimittaja Esa Ylikoski.\u00a0 Maksulliset kahden palstan ilmoitukset Aamupostissa ja Keski-Uusimaassa.\u00a0 Tapahtumailmoitukset ko lehdiss\u00e4 ja niiden viikkolehdiss\u00e4.\u00a0 \u00a0Posti j\u00e4senist\u00f6lle.\u00a0 \u00a0 Muuten hyv\u00e4 keskustelutilaisuus, mutta v\u00e4h\u00e4n v\u00e4ke\u00e4.\u00a0 Hallituksen kokous ennen.<\/p>\n<p>26.10.\u00a0Kirjelm\u00e4 aiheesta tunnustuksettomien hautajaisista ja mm. seremoniatilaongelmista. Lyhennetty Liiton mallista kahden sivun mittaiseksi viralliseksi lausunnoksi KEUSOTElle, joka kyseli lausuntoja verkostosuunnitelma luonnokseensa.\u00a0 Lausuntomme oli asian vierest\u00e4 otsikolla Tunnustuksettomia seremoniatiloja hautajaistilaisuuksiin.<\/p>\n<p>4.11.2023 Osallistuttu Liittokokoukseen. Tehtiin kolme aloitetta: 1. Selvitet\u00e4\u00e4n kirkkolaitoksen julkisoikeudellisen aseman purkamista ja miten se on mahdollista toteuttaa. 2. P\u00e4\u00e4si\u00e4isen nime\u00e4minen uudelleen, ja tiedottaminen julkisuuteen. 3. Tarkkoja absoluuttisia sek\u00e4 koko v\u00e4est\u00f6\u00f6n suhteutettuja tilastoja kirkon j\u00e4senkadosta ja arvioita t\u00e4ysi-ik\u00e4isist\u00e4 seurakuntalaisten m\u00e4\u00e4r\u00e4st\u00e4. Lis\u00e4ksi El\u00e4m\u00e4nkatsomustiedon opiskelijoiden m\u00e4\u00e4r\u00e4st\u00e4.\u00a0 Ainakin tehdyt aloitteet ja vastaukset niihin on syyt\u00e4 s\u00e4ilytt\u00e4\u00e4.\u00a0 Meill\u00e4 edustus valtuustossa.\u00a0 Osin meid\u00e4n aloitteellisuuden johdosta liitto teki vihkosen :\u00a0<a href=\"https:\/\/vapaa-ajattelijat.fi\/wp-content\/uploads\/2024\/01\/Uskonnoton-tapakulttuuri-suomessa-web.pdf\">Uskonnoton tapakulttuuri Suomessa<\/a>.<\/p>\n<p>01.12.2023\u00a0\u00a0ET-opiskelijat Keski-Uudellamaalla perusopetuksessa kuntien ilmoituksen mukaan<\/p>\n<p>Hyvink\u00e4\u00e4 14,5%<br \/>\nJ\u00e4rvenp\u00e4\u00e4 16%<br \/>\nKerava 19,4%<br \/>\nRiihim\u00e4ki 12,5%<br \/>\nTuusula 16,5%,<\/p>\n<p>My\u00f6hemmin 22.2.2024 t\u00e4st\u00e4 kirjoitus Keski-Uusimaa lehdess\u00e4.\u00a0 Siin\u00e4 oli 19.2. iso valtakunnallinen kirjoitus.<\/p>\n<p>31.12.2023\u00a0 K\u00e4yty Rauhanummen hautausmaalla kuvaamassa opastintaulu tunnustuksettomalle alueelle. Lis\u00e4tty Web sivulle.<\/p>\n<p><strong>2022 Toimintakertomus<\/strong><\/p>\n<p>Hallitus kokoontui ensin vpj:n kutsusta ja keskusteltiin yhdistyksen jatkosta.\u00a0 Kokouksen edell\u00e4 soiteltiin j\u00e4senille, jotka olivat antaneet puhelinnumeronsa ja aktiivisesti kysyttiin mahdollisuudesta yhdistyksen toimihenkil\u00f6ksi.\u00a0 Mm. Hyvink\u00e4\u00e4ll\u00e4 on paljon nuorempia j\u00e4seni\u00e4.\u00a0 Toisen kokouksen 31.8. ajatuksena oli suunnitella tulevaa vaikuttamista alueella.\u00a0 P\u00e4\u00e4tettiin kysy\u00e4 j\u00e4senten s\u00e4hk\u00f6postiosoitteita, tiedustella kouluista ET-oppilaiden m\u00e4\u00e4ri\u00e4 ja ylioppilaista mahdollisia ET-oppilaita stipendin jako mieless\u00e4.\u00a0 Perustettiin viel\u00e4 hallitukselle WhatsApp ryhm\u00e4 ja p\u00e4ivitetty ku@vapaa-ajattelijat.fi. \u00a0Yhdistysrekisteriin tehty p\u00e4ivitys.<\/p>\n<p>Web sivuilla ollut pient\u00e4 p\u00e4ivitett\u00e4v\u00e4\u00e4 mm. Henrik Sawelan aloitteesta.\u00a0 Samoin lis\u00e4tty Humanismi-kohta, jossa kansainv\u00e4lisen julistuksen k\u00e4\u00e4nn\u00f6s.\u00a0 Vuosikokouksessa 10.8. valittu uusi hallitus.\u00a0 Kukitettiin ja kiiteltiin ansioitunut sihteeri, joka aikoo muuttaa Helsinkiin. \u00a0J\u00e4senmaksun maksaneita 35. Osallistuttu Uskomattomille kes\u00e4p\u00e4iville 13.-14.8. Ensil\u00e4ss\u00e4, Tampereella.\u00a0 Osallistuttu Liiton toimintaseminaariin 5.-6.11. H\u00e4meenlinnassa kahden miehen voimin.<\/p>\n<p>Vain yksi mielipidekirjoitus KU-lehdess\u00e4.<\/p>\n<p>S\u00e4hk\u00f6postiosoitteet on nyt 28:lla j\u00e4senell\u00e4 ja heille l\u00e4hetettiin postia 27.10. 2022, kertoen, ett\u00e4 j\u00e4senist\u00f6n valtaosan yhteydenpitoon s\u00e4hk\u00f6posti on tullut j\u00e4\u00e4d\u00e4kseen. \u00a0L\u00e4hetys tehtiin siten, ett\u00e4 s\u00e4hk\u00f6postiosoitteet eiv\u00e4t tulleet ilmi.\u00a0 Sis\u00e4lt\u00f6n\u00e4 oli: Nyt on erityisen hyv\u00e4 aika mainostaa kirkosta eroamista jne\u2026\u00a0 Mik\u00e4li olet Facebook k\u00e4ytt\u00e4j\u00e4 liity Vapaa-ajattelijoiden ryhm\u00e4\u00e4.\u00a0 Tiedoksi, ett\u00e4 vapaa-ajattelijoilla on my\u00f6s Discord niminen keskustelusysteemi.<\/p>\n<p>Ev.lut seurakuntien j\u00e4senyysprosentit ovat 56, 62, 63 ja 64% Keravalla, J\u00e4rvenp\u00e4\u00e4ss\u00e4, Hyvink\u00e4\u00e4ll\u00e4 ja Tuusulassa.\u00a0 Luvut ovat siis alhaisia.<\/p>\n<p>ET-opiskelijat tilasto:<\/p>\n<p>Tuusula Markus Torvinen: perusopetus ja lukio yhteens\u00e4 ET 10.1%<\/p>\n<p>Kerava Tiina Larsson: Perusopetus, et: 18%, Lukiokoulutus: et:\u00a08 %<\/p>\n<p>J\u00e4rvenp\u00e4\u00e4, Merja Narvo-Akkola (v21) Perusopetus et: 12,4%<\/p>\n<p>Riihim\u00e4ki: yhteens\u00e4 11%<\/p>\n<p>Hyvink\u00e4\u00e4: Perusopetus ET 14%, Lukio 10%<\/p>\n<p>ET oppilaita yhteens\u00e4 n\u00e4iss\u00e4 noin 3000 kpl.<\/p>\n<p>ET-kirjoittajia ei ollut syksyll\u00e4 J\u00e4rvenp\u00e4\u00e4ss\u00e4, Keravalla, Hyvink\u00e4\u00e4ll\u00e4 eik\u00e4 Tuusulassa.\u00a0 Rehtorit:\u00a0Marja-Liisa Lehtiniemi, Pertti Tuomi, Kirsi Silvennoinen, Seppo K\u00e4rp\u00e4nen.<\/p>\n","protected":false},"excerpt":{"rendered":"<p>Aineistoa toimintakertomukseen 2025 Keski-Uudenmaan Vapaa-ajattelijoiden keskeinen toimialue laajeni v\u00e4est\u00f6lt\u00e4\u00e4n py\u00f6re\u00e4sti 490 ihmisell\u00e4 vuodessa.\u00a0 (Hyvink\u00e4\u00e4, J\u00e4rvenp\u00e4\u00e4, Kerava, M\u00e4nts\u00e4l\u00e4, Nurmij\u00e4rvi, Pornainen, Riihim\u00e4ki, Sipoo ja Tuusula).\u00a0 l\u00e4hde: Tilastokeskus 22.1.2026 Noiden kuntien ev.lut. seurakuntalaiset &#8230; <a title=\"Kertomukset\" class=\"read-more\" href=\"https:\/\/vapaa-ajattelijat.fi\/keski-uusimaa\/kertomukset\/\" aria-label=\"Lue lis\u00e4\u00e4 aiheesta Kertomukset\">Lue lis\u00e4\u00e4<\/a><\/p>\n","protected":false},"author":36,"featured_media":0,"parent":0,"menu_order":0,"comment_status":"closed","ping_status":"closed","template":"","meta":{"footnotes":""},"class_list":["post-171","page","type-page","status-publish"],"_links":{"self":[{"href":"https:\/\/vapaa-ajattelijat.fi\/keski-uusimaa\/wp-json\/wp\/v2\/pages\/171","targetHints":{"allow":["GET"]}}],"collection":[{"href":"https:\/\/vapaa-ajattelijat.fi\/keski-uusimaa\/wp-json\/wp\/v2\/pages"}],"about":[{"href":"https:\/\/vapaa-ajattelijat.fi\/keski-uusimaa\/wp-json\/wp\/v2\/types\/page"}],"author":[{"embeddable":true,"href":"https:\/\/vapaa-ajattelijat.fi\/keski-uusimaa\/wp-json\/wp\/v2\/users\/36"}],"replies":[{"embeddable":true,"href":"https:\/\/vapaa-ajattelijat.fi\/keski-uusimaa\/wp-json\/wp\/v2\/comments?post=171"}],"version-history":[{"count":37,"href":"https:\/\/vapaa-ajattelijat.fi\/keski-uusimaa\/wp-json\/wp\/v2\/pages\/171\/revisions"}],"predecessor-version":[{"id":327,"href":"https:\/\/vapaa-ajattelijat.fi\/keski-uusimaa\/wp-json\/wp\/v2\/pages\/171\/revisions\/327"}],"wp:attachment":[{"href":"https:\/\/vapaa-ajattelijat.fi\/keski-uusimaa\/wp-json\/wp\/v2\/media?parent=171"}],"curies":[{"name":"wp","href":"https:\/\/api.w.org\/{rel}","templated":true}]}}