{"id":145,"date":"2022-11-26T19:53:31","date_gmt":"2022-11-26T17:53:31","guid":{"rendered":"https:\/\/vapaa-ajattelijat.fi\/keski-uusimaa\/?page_id=145"},"modified":"2023-01-28T19:28:41","modified_gmt":"2023-01-28T17:28:41","slug":"humanismi","status":"publish","type":"page","link":"https:\/\/vapaa-ajattelijat.fi\/keski-uusimaa\/humanismi\/","title":{"rendered":"Humanismi"},"content":{"rendered":"<p>Kansainv\u00e4lisen humanistiliiton julistus (Humanists International) Glasgow 2022 ns,\u00a0 <strong>Modernin humanismin julistus<\/strong><\/p>\n<p>Humanistiset k\u00e4sitykset ja arvot ovat yht\u00e4 vanhoja kuin ihmiskunta, ja ne kuuluvat useimpien yhteiskuntien historiaan ymp\u00e4ri maailman. Moderni humanismi on merkityst\u00e4 ja etiikkaa koskevan pohdinnan pitkien perinteiden kulminaatio, innoituksen l\u00e4hde monille maailman suurille ajattelijoille, taiteilijoille ja humanitaarisille toimijoille, ja se on kietoutunut yhteen modernin tieteen kehityksen kanssa.<\/p>\n<p>Maailmanlaajuisena humanistiliikkeen\u00e4 pyrimme saamaan kaikki ihmiset tietoisiksi seuraavista humanistisen maailmankatsomuksen ydinkohdista:<\/p>\n<ol>\n<li>Humanistit pyrkiv\u00e4t eettisyyteen<\/li>\n<\/ol>\n<p>Hyv\u00e4ksymme, ett\u00e4 moraalisuus on erottamaton osa ihmisyytt\u00e4 ja perustuu el\u00e4vien olentojen kykyyn k\u00e4rsi\u00e4 ja kukoistaa. Moraalisuutta motivoivat vahingoittamisen sijaan huolenpidon hy\u00f6dyt, sen mahdollistajina ovat terve j\u00e4rki ja my\u00f6t\u00e4tunto, eik\u00e4 se ei edellyt\u00e4 muuta l\u00e4hdett\u00e4 ihmisyyden ulkopuolelta.<\/p>\n<p>Vahvistamme yksil\u00f6n arvon ja arvokkuuden ja jokaisen ihmisen oikeuden suurimpaan mahdolliseen vapauteen ja kehitykseen, jotka eiv\u00e4t ole ristiriidassa toisten oikeuksien kanssa. N\u00e4in ollen tuemme rauhaa, demokratiaa, oikeusvaltioperiaatetta ja yleismaailmallisia lakiperusteisia ihmisoikeuksia.<\/p>\n<p>Torjumme rasismin ja ennakkoluulot kaikissa muodoissaan sek\u00e4 niist\u00e4 aiheutuvat ep\u00e4oikeudenmukaisuudet. Niiden sijaan pyrimme edist\u00e4m\u00e4\u00e4n ihmisyyden kukoistusta ja yhteenkuuluvuutta kaikessa monimuotoisuudessaan ja yksil\u00f6llisyydess\u00e4\u00e4n.<\/p>\n<p>Katsomme, ett\u00e4 henkil\u00f6kohtaiseen vapauteen on liitytt\u00e4v\u00e4 vastuu yhteiskuntaa kohtaan. Vapaalla ihmisell\u00e4 on velvollisuuksia muita kohtaan, ja koemme velvollisuudeksemme kantaa vastuumme koko ihmiskuntaa, my\u00f6s tulevia sukupolvia, ja lis\u00e4ksi kaikkia muita tiedostavia olentoja kohtaan.<\/p>\n<p>Tunnistamme, ett\u00e4 olemme osa luontoa ja ett\u00e4 meill\u00e4 on vastuu vaikutuksista, jotka meill\u00e4 on muuta luontoa kohtaan.<\/p>\n<ol start=\"2\">\n<li>Humanistit pyrkiv\u00e4t j\u00e4rkiper\u00e4isyyteen<\/li>\n<\/ol>\n<p>Olemme vakuuttuneet, ett\u00e4 maailman ongelmien ratkaisut l\u00f6ytyv\u00e4t ihmisen j\u00e4rjenk\u00e4yt\u00f6st\u00e4 ja toiminnasta. Puollamme tieteen ja vapaan tutkimuksen k\u00e4ytt\u00f6\u00e4 n\u00e4iden ongelmien ratkaisemiseksi, muistaen kuitenkin, ett\u00e4 vaikka tiede tarjoaa keinot, inhimillisten arvojen on m\u00e4\u00e4ritelt\u00e4v\u00e4 p\u00e4\u00e4m\u00e4\u00e4r\u00e4t. Pyrimme k\u00e4ytt\u00e4m\u00e4\u00e4n tiedett\u00e4 ja teknologiaa ihmisten hyvinvoinnin edist\u00e4miseen, emmek\u00e4 koskaan v\u00e4linpit\u00e4m\u00e4tt\u00f6m\u00e4sti tai tuhoavasti.<\/p>\n<ol start=\"3\">\n<li>Humanistit pyrkiv\u00e4t el\u00e4m\u00e4\u00e4n t\u00e4ytt\u00e4 el\u00e4m\u00e4\u00e4<\/li>\n<\/ol>\n<p>Arvostamme kaikkia henkil\u00f6kohtaisen ilon ja t\u00e4yttymyksen l\u00e4hteit\u00e4, jotka eiv\u00e4t ole vahingoksi muille, ja uskomme, ett\u00e4 henkil\u00f6kohtainen kehitys, joka tapahtuu luovan ja eettisen el\u00e4m\u00e4ntavan vaalimisen kautta, on elinik\u00e4inen pyrkimys.<\/p>\n<p>Siksi vaalimme taiteellista luovuutta ja mielikuvituksen k\u00e4ytt\u00f6\u00e4 ja tunnustamme kirjallisuuteen, musiikkiin sek\u00e4 visuaalisiin ja esitt\u00e4viin taiteisiin liittyv\u00e4n muutosvoiman. Kunnioitamme luonnon rauhaa ja kauneutta, ja sen loputonta kyky\u00e4 her\u00e4tt\u00e4\u00e4 ihmetyst\u00e4 ja kunnioitusta. Arvostamme omaehtoista ja yhteis\u00f6llist\u00e4 liikuntaa ja sen avaamia mahdollisuuksia toveruuteen ja saavutuksiin. Kunnioitamme kilvoittelua tiedon saralla ja sen tuomaa n\u00f6yryytt\u00e4, viisautta ja n\u00e4kemyst\u00e4.<\/p>\n<ol start=\"4\">\n<li>Humanismi tarjoaa merkityksen ja tarkoituksen l\u00e4hteen, jolle on laaja tarve vaihtoehtona dogmaattiselle uskonnolle, autoritaariselle nationalismille, nurkkakuntaisuudelle ja itsekk\u00e4\u00e4lle nihilismille<\/li>\n<\/ol>\n<p>Vaikka uskomme, ett\u00e4 sitoutuminen inhimilliseen hyvinvointiin on ajaton pyrkimys, n\u00e4kemyksemme eiv\u00e4t perustu ikuiseksi julistettuun ilmoitukseen. Humanistit tunnustavat, ett\u00e4 kukaan ei ole erehtym\u00e4t\u00f6n tai kaikkitiet\u00e4v\u00e4 ja ett\u00e4 luotettava tieto todellisuudesta ja ihmisist\u00e4 syntyy vain jatkuvassa havainnoinnin, oppimisen ja uusiksi ajattelun prosessissa.<\/p>\n<p>N\u00e4ist\u00e4 syist\u00e4 emme pyri v\u00e4ltt\u00e4m\u00e4\u00e4n kriittist\u00e4 arviointia emmek\u00e4 pakottamaan n\u00e4kemyst\u00e4mme kaikelle ihmiskunnalle. P\u00e4in vastoin, sitoudumme ajatusten vapaaseen ilmaisuun ja vaihtoon pyrkien tekem\u00e4\u00e4n yhteisty\u00f6t\u00e4 eri katsantokantoja edustavien, arvomme jakavien ihmisten kanssa, rakentaaksemme yhdess\u00e4 parempaa maailmaa.<\/p>\n<p>Olemme vakuuttuneet, ett\u00e4 ihmiskunnalla on kyky ratkaista eteemme tulevat ongelmat vapaan tutkimuksen, tieteen, sympatian ja mielikuvituksen keinoin edist\u00e4\u00e4kseen rauhaa ja inhimillist\u00e4 kukoistusta.<\/p>\n<p>Kutsumme kaikki t\u00e4m\u00e4n vakaumuksen jakavat liittym\u00e4\u00e4n kanssamme t\u00e4h\u00e4n innostavaan pyrkimykseen.<\/p>\n<p>K\u00e4\u00e4nn\u00f6s: VK Global Oy ja Antti V\u00e4rri.<\/p>\n<p>Suomalaisina j\u00e4senj\u00e4rjest\u00f6in\u00e4 julistuksen allekirjoittajina ovat Suomen Humanistiliitto ja Vapaa-ajattelijain liitto.<\/p>\n","protected":false},"excerpt":{"rendered":"<p>Kansainv\u00e4lisen humanistiliiton julistus (Humanists International) Glasgow 2022 ns,\u00a0 Modernin humanismin julistus Humanistiset k\u00e4sitykset ja arvot ovat yht\u00e4 vanhoja kuin ihmiskunta, ja ne kuuluvat useimpien yhteiskuntien historiaan ymp\u00e4ri maailman. Moderni humanismi &#8230; <a title=\"Humanismi\" class=\"read-more\" href=\"https:\/\/vapaa-ajattelijat.fi\/keski-uusimaa\/humanismi\/\" aria-label=\"Lue lis\u00e4\u00e4 aiheesta Humanismi\">Lue lis\u00e4\u00e4<\/a><\/p>\n","protected":false},"author":36,"featured_media":0,"parent":0,"menu_order":0,"comment_status":"closed","ping_status":"closed","template":"","meta":{"footnotes":""},"class_list":["post-145","page","type-page","status-publish"],"_links":{"self":[{"href":"https:\/\/vapaa-ajattelijat.fi\/keski-uusimaa\/wp-json\/wp\/v2\/pages\/145","targetHints":{"allow":["GET"]}}],"collection":[{"href":"https:\/\/vapaa-ajattelijat.fi\/keski-uusimaa\/wp-json\/wp\/v2\/pages"}],"about":[{"href":"https:\/\/vapaa-ajattelijat.fi\/keski-uusimaa\/wp-json\/wp\/v2\/types\/page"}],"author":[{"embeddable":true,"href":"https:\/\/vapaa-ajattelijat.fi\/keski-uusimaa\/wp-json\/wp\/v2\/users\/36"}],"replies":[{"embeddable":true,"href":"https:\/\/vapaa-ajattelijat.fi\/keski-uusimaa\/wp-json\/wp\/v2\/comments?post=145"}],"version-history":[{"count":5,"href":"https:\/\/vapaa-ajattelijat.fi\/keski-uusimaa\/wp-json\/wp\/v2\/pages\/145\/revisions"}],"predecessor-version":[{"id":153,"href":"https:\/\/vapaa-ajattelijat.fi\/keski-uusimaa\/wp-json\/wp\/v2\/pages\/145\/revisions\/153"}],"wp:attachment":[{"href":"https:\/\/vapaa-ajattelijat.fi\/keski-uusimaa\/wp-json\/wp\/v2\/media?parent=145"}],"curies":[{"name":"wp","href":"https:\/\/api.w.org\/{rel}","templated":true}]}}