{"id":2450,"date":"2023-10-19T17:53:00","date_gmt":"2023-10-19T14:53:00","guid":{"rendered":"https:\/\/vapaa-ajattelijat.fi\/helsinki\/?page_id=2450"},"modified":"2023-10-19T18:39:52","modified_gmt":"2023-10-19T15:39:52","slug":"saannot","status":"publish","type":"page","link":"https:\/\/vapaa-ajattelijat.fi\/helsinki\/yhdistyksemme\/saannot\/","title":{"rendered":"S\u00e4\u00e4nn\u00f6t"},"content":{"rendered":"<p>HELSINGIN SEUDUN VAPAA-AJATTELIJAT RY:N S\u00c4\u00c4NN\u00d6T 5.12.2015<\/p>\n<p><strong>1 \u00a7 Yhdistyksen nimi ja kotipaikka<\/strong><\/p>\n<p>Yhdistyksen nimi on Helsingin seudun vapaa-ajattelijat ry ja kotipaikka Helsinki<\/p>\n<p><strong>2 \u00a7 Tarkoitus ja toiminnan laatu<\/strong><\/p>\n<p>Yhdistyksen tarkoituksena on edist\u00e4\u00e4 ihmisten yhdenvertaista kohtelua lains\u00e4\u00e4d\u00e4nn\u00f6ss\u00e4 ja yhteiskunnassa riippumatta heid\u00e4n maailmankatsomuksestaan niin, ett\u00e4 heid\u00e4n uskonnon- ja omantunnonvapautensa toteutuu. Yhdistys ajaa tunnustuksetonta julkista valtaa ja sekulaaria eli maallista yhteiskuntaa.<\/p>\n<p>Yhdistys haluaa edist\u00e4\u00e4 ihmisten yksil\u00f6n ja ajatuksen vapautta, suvaitsevaisuutta sek\u00e4 vastuuta muista ihmisist\u00e4, luonnosta ja ymp\u00e4rist\u00f6st\u00e4. Yhdistys tavoittelee uskontoihin sitoutumattoman etiikan muotoutumista ja omaksumista maailmanlaajuisesti. Yhdistyksen aatteellisena tavoitteena on my\u00f6s kriittisyyden lis\u00e4\u00e4minen uskontoja kohtaan.<\/p>\n<p>Tarkoituksensa toteuttamiseksi yhdistys<\/p>\n<ul>\n<li>toimii alueensa uskonnottomien ihmisten yhdyssiteen\u00e4<\/li>\n<li>neuvoo, opastaa ja tukee j\u00e4seni\u00e4\u00e4n ja muita henkil\u00f6it\u00e4 tilanteissa, joissa heit\u00e4 ei ole<br \/>\nkohdeltu yhdenvertaisesti tai joissa heid\u00e4n omantunnonvapauttaan on loukattu<\/li>\n<li>j\u00e4rjest\u00e4\u00e4 kokouksia, juhlia, puhe- ja esitelm\u00e4tilaisuuksia<\/li>\n<li>harjoittaa yhdistyksen tarkoitusta tukevaa julkaisutoimintaa<\/li>\n<li>neuvoo uskontokuntiin kuulumattomia henkil\u00f6it\u00e4 avioliiton solmimisessa,<br \/>\nnimenantotilaisuuksien j\u00e4rjest\u00e4misess\u00e4, hautausmenojen suorittamisessa,<br \/>\nhautapaikkojen hankkimisessa sek\u00e4 muissa yhteiskunnan maallistumiseen<br \/>\nliittyviss\u00e4 kulttuurisissa kysymyksiss\u00e4.<\/li>\n<\/ul>\n<p>Toimintansa tukemiseksi yhdistys voi omistaa ja hallita kiinte\u00e4t\u00e4 sek\u00e4 irtainta omaisuutta. Yhdistys voi omistaa hautausmaan tai yll\u00e4pit\u00e4\u00e4 sellaista saatuaan siihen asianmukaisen luvan. Yhdistys voi vastaanottaa lahjoituksia ja testamentteja sek\u00e4 toimeenpanna arpajaisia ja myyj\u00e4isi\u00e4, joihin se tarvittaessa hankkii asianmukaiset luvat.<\/p>\n<p>Yhdistys on Vapaa-ajattelijain Liitto ry:n j\u00e4sen. Yhdistys voi kuulua muihinkin tarkoitustaan edist\u00e4viin ja toimintaansa tukeviin yhdistyksiin. P\u00e4\u00e4t\u00f6ksen yhdistyksiin liittymisest\u00e4 tai niist\u00e4 eroamisesta tekee yhdistyksen kokous.<\/p>\n<p><strong>3 \u00a7 J\u00e4senet<\/strong><\/p>\n<p>J\u00e4senet hyv\u00e4ksyy hakemuksesta yhdistyksen hallitus. J\u00e4seneksi voidaan hyv\u00e4ksy\u00e4 viisitoista (15) vuotta t\u00e4ytt\u00e4nyt yksityinen henkil\u00f6, joka hyv\u00e4ksyy yhdistyksen tarkoituksen. J\u00e4senell\u00e4 on oikeus erota yhdistyksest\u00e4 ilmoittamalla siit\u00e4 kirjallisesti hallitukselle tai sen puheenjohtajalle taikka ilmoittamalla erosta yhdistyksen kokouksessa merkitt\u00e4v\u00e4ksi p\u00f6yt\u00e4kirjaan.<\/p>\n<p>J\u00e4sen voidaan erottaa yhdistyksest\u00e4<\/p>\n<ol type=\"a\">\n<li>jos h\u00e4nell\u00e4 on enemm\u00e4n kuin yksi vuosi j\u00e4senmaksur\u00e4stej\u00e4;<\/li>\n<li>jos h\u00e4n ei t\u00e4yt\u00e4 s\u00e4\u00e4nn\u00f6iss\u00e4 mainittuja j\u00e4senyyden ehtoja tai toimii yhdistyksen<br \/>\ntarkoitusta vastaan, tai<\/li>\n<li>jos h\u00e4n aiheuttaa yhdistyksen toiminnalle tai maineelle merkitt\u00e4v\u00e4\u00e4 vahinkoa<br \/>\nk\u00e4ytt\u00e4ytym\u00e4ll\u00e4 asiattomasti tai toimimalla omavaltaisesti yhdistyksen nimiss\u00e4 tai<br \/>\nedustajana.<\/li>\n<\/ol>\n<p>Kohdassa (a) mainitussa tapauksessa erottamisoikeus on hallituksella. Kohdissa (b) ja (c) mainituissa tapauksissa p\u00e4\u00e4t\u00f6ksen j\u00e4senen erottamisesta tekee yhdistyksen kokous hallituksen ehdotuksesta. Eronneella tai erotetulla j\u00e4senell\u00e4 ei ole oikeutta saada suorittamiaan maksuja takaisin.<\/p>\n<p><strong>4 \u00a7 Maksut<\/strong><\/p>\n<p>J\u00e4senilt\u00e4 peritt\u00e4v\u00e4n mahdollisen liittymismaksun ja vuotuisen j\u00e4senmaksun suuruudesta p\u00e4\u00e4tt\u00e4\u00e4 yhdistyksen syyskokous. J\u00e4senmaksulasku l\u00e4hetet\u00e4\u00e4n postitse, tai se voidaan l\u00e4hett\u00e4\u00e4 s\u00e4hk\u00f6postitse niille j\u00e4senille, jotka ovat antaneet s\u00e4hk\u00f6postiosoitteensa yhdistykselle. Liittymismaksun osalta voidaan my\u00f6s k\u00e4ytt\u00e4\u00e4 s\u00e4hk\u00f6isi\u00e4 palveluita. J\u00e4senell\u00e4 on velvollisuus ilmoittaa yhdistykselle postiosoitteensa ja s\u00e4hk\u00f6postiosoitteensa muutoksesta.<\/p>\n<p>Hallituksella on oikeus vapauttaa j\u00e4sen j\u00e4senmaksun suorittamisesta tai alentaa sit\u00e4 j\u00e4senen ansiotason v\u00e4liaikaisen laskun perusteella.<\/p>\n<p><strong>5 \u00a7 Hallitus<\/strong><\/p>\n<p><strong>5.1. Kokoonpano<\/strong><\/p>\n<p>Yhdistyksen hallitukseen kuuluu puheenjohtaja ja 4 &#8211; 8 muuta varsinaista j\u00e4sent\u00e4 sek\u00e4 0 \u2013 4 varaj\u00e4sent\u00e4. Hallitus valitsee keskuudestaan varapuheenjohtajan sek\u00e4 ottaa keskuudestaan tai ulkopuoleltaan sihteerin, taloudenhoitajan ja muut tarvittavat toimihenkil\u00f6t. Hallituksen toimikausi on kalenterivuosi.<\/p>\n<p>Valittaessa useampi kuin yksi varaj\u00e4sen heille m\u00e4\u00e4ritell\u00e4\u00e4n sijaluku, jonka mukaisessa j\u00e4rjestyksess\u00e4 he toimivat hallituksen kokouksessa estyneiden varsinaisten j\u00e4senten tilalla.<\/p>\n<p><strong>5.2. Kokoukset<\/strong><\/p>\n<p>Hallitus kokoontuu puheenjohtajan tai h\u00e4nen estyneen\u00e4 ollessaan varapuheenjohtajan kutsusta, kun h\u00e4n katsoo siihen olevan aihetta, tai kun v\u00e4hint\u00e4\u00e4n puolet hallituksen j\u00e4senist\u00e4 sit\u00e4 vaatii.<\/p>\n<p>Hallitus on p\u00e4\u00e4t\u00f6svaltainen, kun puheenjohtaja tai varapuheenjohtaja ja heid\u00e4t mukaan lukien v\u00e4hint\u00e4\u00e4n puolet sen j\u00e4senist\u00e4 on l\u00e4sn\u00e4. \u00c4\u00e4nestykset ratkaistaan ehdottomalla \u00e4\u00e4ntenenemmist\u00f6ll\u00e4. \u00c4\u00e4nten menness\u00e4 tasan puheenjohtajan \u00e4\u00e4ni ratkaisee, vaaleissa arpa.<\/p>\n<p>Hallituksen kokouksen voi pit\u00e4\u00e4 my\u00f6s tarvittaessa teknist\u00e4 apuv\u00e4linett\u00e4 k\u00e4ytt\u00e4en mik\u00e4li asian kiireellisyys tai muu seikka n\u00e4in vaatii.<\/p>\n<p><strong>5.3. Teht\u00e4v\u00e4t<\/strong><\/p>\n<p>Hallitus hoitaa yhdistyksen asioita ja edustaa sit\u00e4. Hallituksen teht\u00e4v\u00e4n\u00e4 on<\/p>\n<ol type=\"a\">\n<li>valmistella yhdistyksen kokoukselle esitett\u00e4v\u00e4t s\u00e4\u00e4nt\u00f6m\u00e4\u00e4r\u00e4iset ja mahdolliset muut asiat sek\u00e4 kutsua yhdistyksen kokoukset koolle ja esitell\u00e4 asiat kokoukselle;<\/li>\n<li>pit\u00e4\u00e4 j\u00e4senluetteloa ja tehd\u00e4 liitolle j\u00e4senselvitys vuosittain viimeist\u00e4\u00e4n liittomaksun maksamisen yhteydess\u00e4;<\/li>\n<li>huolehtia yhdistyksen talouden- ja omaisuudenhoidosta sek\u00e4 toimintakertomuksista ja \u2011suunnitelmista;<\/li>\n<li>toimeenpanna yhdistyksen kokouksen p\u00e4\u00e4t\u00f6kset sek\u00e4 hoitaa muutkin toiminnan ja<br \/>\ns\u00e4\u00e4nt\u00f6jen edellytt\u00e4m\u00e4t asiat.<\/li>\n<\/ol>\n<p>Hallitus voi perustaa toimikuntia ja ty\u00f6ryhmi\u00e4 keskuudestaan ja yhdistyksen j\u00e4senist\u00e4 hoitamaan m\u00e4\u00e4r\u00e4tty\u00e4 yhdistyksen tarkoituksen mukaista teht\u00e4v\u00e4\u00e4. Hallitus valvoo yhdistyksen toimihenkil\u00f6iden, toimikuntien ja ty\u00f6ryhmien toimintaa.<\/p>\n<p><strong>6 \u00a7 Nimenkirjoittaminen<\/strong><\/p>\n<p>Yhdistyksen nimen kirjoittaa hallituksen puheenjohtaja tai varapuheenjohtaja yhdess\u00e4 sihteerin tai taloudenhoitajan kanssa tai erikseen nimetyn hallituksen j\u00e4senen kanssa. Hallitus voi p\u00e4\u00e4tt\u00e4\u00e4 antaa tietylle henkil\u00f6lle oikeuden yhdistyksen nimen kirjoittamiseen m\u00e4\u00e4r\u00e4tyn teht\u00e4v\u00e4n hoitamiseksi.<\/p>\n<p><strong>7 \u00a7 Tilikausi ja toiminnantarkastus<\/strong><\/p>\n<p>Yhdistyksen tilikausi on kalenterivuosi.<\/p>\n<p>Tilinp\u00e4\u00e4t\u00f6s tarvittavine asiakirjoineen ja hallituksen toimintakertomus on annettava toiminnan- tai tilintarkastajalle viimeist\u00e4\u00e4n kuukausi ennen kev\u00e4tkokousta.<\/p>\n<p>Toiminnan- tai tilintarkastajan tulee antaa kirjallinen lausuntonsa hallitukselle viimeist\u00e4\u00e4n kaksi viikkoa ennen kev\u00e4tkokousta.<\/p>\n<p><strong>8 \u00a7 Yhdistyksen kokoukset<\/strong><\/p>\n<p><strong>8.1. Koollekutsuminen<\/strong><\/p>\n<p>Hallituksen on kutsuttava yhdistyksen kokoukset koolle v\u00e4hint\u00e4\u00e4n seitsem\u00e4n vuorokautta ennen kokousta j\u00e4senille l\u00e4hetett\u00e4vill\u00e4 kutsuilla. Kutsut l\u00e4hetet\u00e4\u00e4n postitetuilla kirjeill\u00e4 j\u00e4senten yhdistykselle antamaan osoitteeseen tai s\u00e4hk\u00f6postina niille j\u00e4senille, jotka ovat antaneet siihen luvan ja ilmoittaneet s\u00e4hk\u00f6postiosoitteensa hallitukselle. Kokouskutsussa on mainittava k\u00e4sitelt\u00e4v\u00e4t asiat.<\/p>\n<p><strong>8.2. Osallistuminen<\/strong><\/p>\n<p>Yhdistyksen kokouksissa on jokaisella j\u00e4senell\u00e4 yksi \u00e4\u00e4ni. Yhdistyksen kokouksissa ei voi k\u00e4ytt\u00e4\u00e4 \u00e4\u00e4nestysvaltakirjaa. Yhdistyksen kokoukseen voi hallituksen niin p\u00e4\u00e4tetty\u00e4 osallistua my\u00f6s tietoliikenneyhteyden avulla kokouksen aikana.<\/p>\n<p>Yhdistyksen kokouksen p\u00e4\u00e4t\u00f6kseksi tulee, ellei s\u00e4\u00e4nn\u00f6iss\u00e4 ole toisin m\u00e4\u00e4r\u00e4tty, se mielipide, jota on kannattanut yli puolet annetuista \u00e4\u00e4nist\u00e4. \u00c4\u00e4nten menness\u00e4 tasan kokouksen puheenjohtajan \u00e4\u00e4ni ratkaisee, vaaleissa arpa.<\/p>\n<p><strong>8.3. Varsinaiset kokoukset<\/strong><\/p>\n<p>Yhdistyksell\u00e4 on vuosittain kaksi varsinaista kokousta. Kev\u00e4tkokous pidet\u00e4\u00e4n maalis-toukokuussa ja syyskokous loka-joulukuussa hallituksen m\u00e4\u00e4r\u00e4\u00e4m\u00e4n\u00e4 p\u00e4iv\u00e4n\u00e4.<\/p>\n<p>Kev\u00e4tkokouksessa k\u00e4sitell\u00e4\u00e4n seuraavat asiat:<\/p>\n<ul>\n<li>Tilinp\u00e4\u00e4t\u00f6s, toimintakertomus ja toiminnan- tai tilintarkastajan lausunto<\/li>\n<li>P\u00e4\u00e4tet\u00e4\u00e4n tilinp\u00e4\u00e4t\u00f6ksen vahvistamisesta ja vastuuvapauden my\u00f6nt\u00e4misest\u00e4 hallitukselle ja muille vastuuvelvollisille.<\/li>\n<li>Valitaan yhdistyksen edustajat liittokokoukseen, mik\u00e4li on liittokokousvuosi.<\/li>\n<li>K\u00e4sitell\u00e4\u00e4n muut kokouskutsussa mainitut asiat.<\/li>\n<\/ul>\n<p>Syyskokouksessa k\u00e4sitell\u00e4\u00e4n seuraavat asiat:<\/p>\n<ul>\n<li>P\u00e4\u00e4tet\u00e4\u00e4n seuraavan vuoden liittymis- ja j\u00e4senmaksun suuruus.<\/li>\n<li>Vahvistetaan toimintasuunnitelma sek\u00e4 tulo- ja menoarvio seuraavalle vuodelle.<\/li>\n<li>Valitaan yhdistyksen hallituksen puheenjohtaja ja muut j\u00e4senet ja varaj\u00e4senet.<\/li>\n<li>Valitaan toiminnantarkastaja ja varatoiminnantarkastaja tai tilintarkastaja ja varatilintarkastaja.<\/li>\n<li>K\u00e4sitell\u00e4\u00e4n muut kokouskutsussa mainitut asiat.<\/li>\n<\/ul>\n<p>Mik\u00e4li yhdistyksen j\u00e4sen haluaa saada jonkin asian yhdistyksen varsinaisen kokouksen k\u00e4sitelt\u00e4v\u00e4ksi, h\u00e4nen on ilmoitettava siit\u00e4 kirjallisesti hallitukselle niin hyviss\u00e4 ajoin, ett\u00e4 asia voidaan sis\u00e4llytt\u00e4\u00e4 kokouskutsuun.<\/p>\n<p><strong>8.4. Ylim\u00e4\u00e4r\u00e4iset kokoukset<\/strong><\/p>\n<p>Ylim\u00e4\u00e4r\u00e4inen kokous pidet\u00e4\u00e4n, kun yhdistyksen kokous niin p\u00e4\u00e4tt\u00e4\u00e4 tai kun hallitus katsoo siihen olevan aihetta tai kun v\u00e4hint\u00e4\u00e4n 1\/10 yhdistyksen \u00e4\u00e4nioikeutetuista j\u00e4senist\u00e4 sit\u00e4 hallitukselta erityisesti ilmoitettua asiaa varten kirjallisesti vaatii. Kokous on pidett\u00e4v\u00e4 30 vuorokauden kuluessa siit\u00e4, kun vaatimus sen pit\u00e4misest\u00e4 on esitetty hallitukselle.<\/p>\n<p><strong>9 \u00a7 S\u00e4\u00e4nt\u00f6jen muuttaminen<\/strong><\/p>\n<p>P\u00e4\u00e4t\u00f6s yhdistyksen s\u00e4\u00e4nt\u00f6jen muuttamisesta on teht\u00e4v\u00e4 yhdistyksen kokouksessa v\u00e4hint\u00e4\u00e4n kahden kolmasosan (2\/3) enemmist\u00f6ll\u00e4 annetuista \u00e4\u00e4nist\u00e4. Kokouskutsussa on mainittava, ett\u00e4 k\u00e4sitell\u00e4\u00e4n s\u00e4\u00e4nt\u00f6jen muuttamista.<\/p>\n<p>Muutosehdotuksesta on ennen sen esitt\u00e4mist\u00e4 kokoukselle hankittava Vapaa-ajattelijain liiton lausunto.<\/p>\n<p><strong>10 \u00a7 Yhdistyksen purkaminen ja lakkauttaminen<\/strong><\/p>\n<p>Jos yhdistyksen purkamisesta tehd\u00e4\u00e4n ehdotus hallitukselle tai yhdistyksen kokoukselle, on siit\u00e4 annettava viipym\u00e4tt\u00e4 tieto liiton liittohallitukselle.<\/p>\n<p>Sen j\u00e4lkeen purkuehdotus on k\u00e4sitelt\u00e4v\u00e4 kahdessa (2) seuraavassa, v\u00e4hint\u00e4\u00e4n kahden (2) viikon v\u00e4liajoin pidett\u00e4v\u00e4ss\u00e4 yhdistyksen kokouksessa.<\/p>\n<p>P\u00e4\u00e4t\u00f6s yhdistyksen purkamisesta pannaan t\u00e4yt\u00e4nt\u00f6\u00f6n vain jos v\u00e4hint\u00e4\u00e4n kolme nelj\u00e4sosaa (3\/4) annetuista \u00e4\u00e4nist\u00e4 sit\u00e4 kannattaa. Jos yhdistys on edellisess\u00e4 kohdassa sanotulla tavalla p\u00e4\u00e4tetty purkaa, siirret\u00e4\u00e4n sen varat Vapaa-ajattelijain liitto ry:lle tai ellei sit\u00e4 ole, yhdistyksen tarkoitusperi\u00e4 toteuttavalle oikeustoimikelpoiselle yhteis\u00f6lle k\u00e4ytett\u00e4v\u00e4ksi n\u00e4iden s\u00e4\u00e4nt\u00f6jen 2 \u00a7:ss\u00e4 mainitun tarkoituksen edist\u00e4miseksi. Yhdistyksen tullessa lakkautetuksi k\u00e4ytet\u00e4\u00e4n sen varat samaan tarkoitukseen.<\/p>\n","protected":false},"excerpt":{"rendered":"<p>HELSINGIN SEUDUN VAPAA-AJATTELIJAT RY:N S\u00c4\u00c4NN\u00d6T 5.12.2015 1 \u00a7 Yhdistyksen nimi ja kotipaikka Yhdistyksen nimi on Helsingin seudun vapaa-ajattelijat ry ja kotipaikka Helsinki 2 \u00a7 Tarkoitus ja toiminnan laatu Yhdistyksen tarkoituksena [&hellip;]<\/p>\n","protected":false},"author":40,"featured_media":0,"parent":1156,"menu_order":5,"comment_status":"closed","ping_status":"closed","template":"","meta":{"_eb_attr":"","footnotes":"","_links_to":"","_links_to_target":""},"class_list":["post-2450","page","type-page","status-publish","hentry"],"jetpack_sharing_enabled":true,"jetpack_shortlink":"https:\/\/wp.me\/PaH06I-Dw","_links":{"self":[{"href":"https:\/\/vapaa-ajattelijat.fi\/helsinki\/wp-json\/wp\/v2\/pages\/2450","targetHints":{"allow":["GET"]}}],"collection":[{"href":"https:\/\/vapaa-ajattelijat.fi\/helsinki\/wp-json\/wp\/v2\/pages"}],"about":[{"href":"https:\/\/vapaa-ajattelijat.fi\/helsinki\/wp-json\/wp\/v2\/types\/page"}],"author":[{"embeddable":true,"href":"https:\/\/vapaa-ajattelijat.fi\/helsinki\/wp-json\/wp\/v2\/users\/40"}],"replies":[{"embeddable":true,"href":"https:\/\/vapaa-ajattelijat.fi\/helsinki\/wp-json\/wp\/v2\/comments?post=2450"}],"version-history":[{"count":7,"href":"https:\/\/vapaa-ajattelijat.fi\/helsinki\/wp-json\/wp\/v2\/pages\/2450\/revisions"}],"predecessor-version":[{"id":2457,"href":"https:\/\/vapaa-ajattelijat.fi\/helsinki\/wp-json\/wp\/v2\/pages\/2450\/revisions\/2457"}],"up":[{"embeddable":true,"href":"https:\/\/vapaa-ajattelijat.fi\/helsinki\/wp-json\/wp\/v2\/pages\/1156"}],"wp:attachment":[{"href":"https:\/\/vapaa-ajattelijat.fi\/helsinki\/wp-json\/wp\/v2\/media?parent=2450"}],"curies":[{"name":"wp","href":"https:\/\/api.w.org\/{rel}","templated":true}]}}