{"id":1872,"date":"2018-11-02T12:00:47","date_gmt":"2018-11-02T10:00:47","guid":{"rendered":"http:\/\/vapaa-ajattelijat.fi\/helsinki\/?page_id=1872"},"modified":"2023-10-19T15:47:50","modified_gmt":"2023-10-19T12:47:50","slug":"uskomaton-2018","status":"publish","type":"page","link":"https:\/\/vapaa-ajattelijat.fi\/helsinki\/uskomaton-lehti\/uskomaton-2018\/","title":{"rendered":"Uskomaton 2018"},"content":{"rendered":"<p>824Uskomaton on Helsingin seudun vapaa-ajattelijoiden Voima-lehden liitteen\u00e4 ilmestyv\u00e4 julkaisu. Alla netiss\u00e4 julkaistujen kirjoitusten linkit sek\u00e4 n\u00e4k\u00f6ispainos. <a href=\"http:\/\/vapaa-ajattelijat.fi\/helsinki\/wp-content\/uploads\/sites\/5\/2018\/11\/HVA.png\"><img fetchpriority=\"high\" decoding=\"async\" data-attachment-id=\"2006\" data-permalink=\"https:\/\/vapaa-ajattelijat.fi\/helsinki\/uskomaton-lehti\/uskomaton-2018\/hva\/\" data-orig-file=\"https:\/\/vapaa-ajattelijat.fi\/helsinki\/wp-content\/uploads\/sites\/5\/2018\/11\/HVA.png\" data-orig-size=\"1021,797\" data-comments-opened=\"1\" data-image-meta=\"{&quot;aperture&quot;:&quot;0&quot;,&quot;credit&quot;:&quot;&quot;,&quot;camera&quot;:&quot;&quot;,&quot;caption&quot;:&quot;&quot;,&quot;created_timestamp&quot;:&quot;0&quot;,&quot;copyright&quot;:&quot;&quot;,&quot;focal_length&quot;:&quot;0&quot;,&quot;iso&quot;:&quot;0&quot;,&quot;shutter_speed&quot;:&quot;0&quot;,&quot;title&quot;:&quot;&quot;,&quot;orientation&quot;:&quot;0&quot;}\" data-image-title=\"Uskomaton syksy2018\" data-image-description=\"\" data-image-caption=\"\" data-large-file=\"https:\/\/vapaa-ajattelijat.fi\/helsinki\/wp-content\/uploads\/sites\/5\/2018\/11\/HVA.png\" class=\"alignnone wp-image-2006 size-full\" src=\"http:\/\/vapaa-ajattelijat.fi\/helsinki\/wp-content\/uploads\/sites\/5\/2018\/11\/HVA.png\" alt=\"\" width=\"1021\" height=\"797\" srcset=\"https:\/\/vapaa-ajattelijat.fi\/helsinki\/wp-content\/uploads\/sites\/5\/2018\/11\/HVA.png 1021w, https:\/\/vapaa-ajattelijat.fi\/helsinki\/wp-content\/uploads\/sites\/5\/2018\/11\/HVA-100x78.png 100w, https:\/\/vapaa-ajattelijat.fi\/helsinki\/wp-content\/uploads\/sites\/5\/2018\/11\/HVA-300x234.png 300w, https:\/\/vapaa-ajattelijat.fi\/helsinki\/wp-content\/uploads\/sites\/5\/2018\/11\/HVA-768x600.png 768w\" sizes=\"(max-width: 1021px) 100vw, 1021px\" \/><\/a><\/p>\n<h2>Syksyn 2018 lehden jutut:<\/h2>\n<p><a href=\"http:\/\/vapaa-ajattelijat.fi\/helsinki\/wp-content\/uploads\/sites\/5\/2018\/11\/Uskomaton_syksy2018.pdf\" target=\"_blank\" rel=\"noopener\">N\u00e4k\u00f6ispainos lehdest\u00e4<\/a>\u00a0(pdf)<\/p>\n<ul>\n<li><a href=\"http:\/\/vapaa-ajattelijat.fi\/helsinki\/2018\/11\/02\/miten-maallistuminen-nakyy-paakaupunkiseudulla\/\">Miten maallistuminen n\u00e4kyy p\u00e4\u00e4kaupunkiseudulla?<\/a><\/li>\n<li><a href=\"http:\/\/vapaa-ajattelijat.fi\/helsinki\/2018\/11\/02\/eroakirkosta-fi-palvelu-15-vuotta\/\">Eroakirkosta.fi-palvelu 15 vuotta<\/a><\/li>\n<li><a href=\"http:\/\/vapaa-ajattelijat.fi\/helsinki\/2018\/11\/02\/ota-kantaa-kevaalla-2019\/\" rel=\"noopener\">Ota kantaa &#8211; kev\u00e4\u00e4ll\u00e4 2019<\/a><\/li>\n<li><a href=\"http:\/\/vapaa-ajattelijat.fi\/helsinki\/2018\/11\/02\/miksi-jumalanpilkan-kriminalisointi-pitaisi-poistaa-rikoslaista\/\">Miksi \u201dJumalanpilkan\u201d kriminalisointi pit\u00e4isi poistaa rikoslaista?<\/a><\/li>\n<li><a href=\"http:\/\/vapaa-ajattelijat.fi\/helsinki\/2018\/11\/02\/mita-vikaa-hautaustoimessa\/\">Mit\u00e4 vikaa hautaustoimessa?<\/a><\/li>\n<li><a href=\"http:\/\/vapaa-ajattelijat.fi\/helsinki\/2018\/11\/02\/seksuaaliset-oikeudet-sekularismin-satoa-2\/\">Seksuaaliset oikeudet sekularismin satoa<\/a><\/li>\n<li><a href=\"http:\/\/vapaa-ajattelijat.fi\/helsinki\/2018\/11\/02\/miten-lapsi-erotetaan-kirkosta\/\">Miten lapsi erotetaan kirkosta?<\/a><\/li>\n<li><a href=\"http:\/\/vapaa-ajattelijat.fi\/helsinki\/2018\/11\/02\/koska-toteutuu-uskonnollinen-sitouttamattomuus-paivahoidossa-ja-peruskoulussa\/\">Koska toteutuu uskonnollinen sitouttamattomuus p\u00e4iv\u00e4hoidossa ja peruskoulussa?<\/a><\/li>\n<li><a href=\"http:\/\/vapaa-ajattelijat.fi\/helsinki\/2018\/11\/02\/kriisituki-on-julkinen-palvelu\/\">Kriisituki on julkinen palvelu<\/a><\/li>\n<li><a href=\"http:\/\/vapaa-ajattelijat.fi\/helsinki\/2018\/11\/02\/uskonnottomien-edunvalvojana-puurtamista\/\">Uskonnottomien edunvalvojana puurtamista<\/a><\/li>\n<li><a href=\"http:\/\/vapaa-ajattelijat.fi\/helsinki\/2018\/11\/02\/jatkuuko-raamatun-nostaminen-suomen-lain-yli\/\">Jatkuuko Raamatun nostaminen Suomen lain yli?<\/a><\/li>\n<li><a href=\"http:\/\/vapaa-ajattelijat.fi\/helsinki\/2018\/11\/02\/hyva-elama-uskonnottomasti\/\">Hyv\u00e4 el\u00e4m\u00e4 uskonnottomasti<\/a><\/li>\n<li><a href=\"http:\/\/vapaa-ajattelijat.fi\/helsinki\/2018\/11\/02\/hallitusohjelmatavoitteet\/\">Hallitusohjelmatavoitteet<\/a><\/li>\n<li><a href=\"http:\/\/vapaa-ajattelijat.fi\/helsinki\/2018\/11\/02\/vaparien-infoteltta-pride-tapahtumassa\/\">Vaparien infoteltta Pride-tapahtumassa<\/a><\/li>\n<li><a href=\"http:\/\/vapaa-ajattelijat.fi\/helsinki\/2018\/11\/02\/sukupuolentutkimus-pelottaa-katolista-kirkkoa-ja-ita-euroopan-valtioita\/\">Sukupuolentutkimus pelottaa katolista kirkkoa ja It\u00e4-Euroopan valtioita<\/a><\/li>\n<\/ul>\n","protected":false},"excerpt":{"rendered":"<p>824Uskomaton on Helsingin seudun vapaa-ajattelijoiden Voima-lehden liitteen\u00e4 ilmestyv\u00e4 julkaisu. Alla netiss\u00e4 julkaistujen kirjoitusten linkit sek\u00e4 n\u00e4k\u00f6ispainos. Syksyn 2018 lehden jutut: N\u00e4k\u00f6ispainos lehdest\u00e4\u00a0(pdf) Miten maallistuminen n\u00e4kyy p\u00e4\u00e4kaupunkiseudulla? Eroakirkosta.fi-palvelu 15 vuotta Ota [&hellip;]<\/p>\n","protected":false},"author":25,"featured_media":2006,"parent":1195,"menu_order":82,"comment_status":"closed","ping_status":"closed","template":"","meta":{"_eb_attr":"","footnotes":"","_links_to":"","_links_to_target":""},"class_list":["post-1872","page","type-page","status-publish","has-post-thumbnail","hentry"],"jetpack_sharing_enabled":true,"jetpack_shortlink":"https:\/\/wp.me\/PaH06I-uc","_links":{"self":[{"href":"https:\/\/vapaa-ajattelijat.fi\/helsinki\/wp-json\/wp\/v2\/pages\/1872","targetHints":{"allow":["GET"]}}],"collection":[{"href":"https:\/\/vapaa-ajattelijat.fi\/helsinki\/wp-json\/wp\/v2\/pages"}],"about":[{"href":"https:\/\/vapaa-ajattelijat.fi\/helsinki\/wp-json\/wp\/v2\/types\/page"}],"author":[{"embeddable":true,"href":"https:\/\/vapaa-ajattelijat.fi\/helsinki\/wp-json\/wp\/v2\/users\/25"}],"replies":[{"embeddable":true,"href":"https:\/\/vapaa-ajattelijat.fi\/helsinki\/wp-json\/wp\/v2\/comments?post=1872"}],"version-history":[{"count":18,"href":"https:\/\/vapaa-ajattelijat.fi\/helsinki\/wp-json\/wp\/v2\/pages\/1872\/revisions"}],"predecessor-version":[{"id":2446,"href":"https:\/\/vapaa-ajattelijat.fi\/helsinki\/wp-json\/wp\/v2\/pages\/1872\/revisions\/2446"}],"up":[{"embeddable":true,"href":"https:\/\/vapaa-ajattelijat.fi\/helsinki\/wp-json\/wp\/v2\/pages\/1195"}],"wp:featuredmedia":[{"embeddable":true,"href":"https:\/\/vapaa-ajattelijat.fi\/helsinki\/wp-json\/wp\/v2\/media\/2006"}],"wp:attachment":[{"href":"https:\/\/vapaa-ajattelijat.fi\/helsinki\/wp-json\/wp\/v2\/media?parent=1872"}],"curies":[{"name":"wp","href":"https:\/\/api.w.org\/{rel}","templated":true}]}}