{"id":1659,"date":"2016-05-30T00:45:38","date_gmt":"2016-05-29T21:45:38","guid":{"rendered":"http:\/\/vapaa-ajattelijat.fi\/helsinki\/?page_id=1659"},"modified":"2023-10-19T15:47:14","modified_gmt":"2023-10-19T12:47:14","slug":"uskomaton-2016","status":"publish","type":"page","link":"https:\/\/vapaa-ajattelijat.fi\/helsinki\/uskomaton-lehti\/uskomaton-2016\/","title":{"rendered":"Uskomaton 2016"},"content":{"rendered":"<p><img fetchpriority=\"high\" decoding=\"async\" data-attachment-id=\"1661\" data-permalink=\"https:\/\/vapaa-ajattelijat.fi\/helsinki\/uskomaton-lehti\/uskomaton-2016\/uskomaton-touko-2016-2\/\" data-orig-file=\"https:\/\/vapaa-ajattelijat.fi\/helsinki\/wp-content\/uploads\/sites\/5\/2016\/05\/uskomaton-touko-2016.png\" data-orig-size=\"204,300\" data-comments-opened=\"1\" data-image-meta=\"{&quot;aperture&quot;:&quot;0&quot;,&quot;credit&quot;:&quot;&quot;,&quot;camera&quot;:&quot;&quot;,&quot;caption&quot;:&quot;&quot;,&quot;created_timestamp&quot;:&quot;0&quot;,&quot;copyright&quot;:&quot;&quot;,&quot;focal_length&quot;:&quot;0&quot;,&quot;iso&quot;:&quot;0&quot;,&quot;shutter_speed&quot;:&quot;0&quot;,&quot;title&quot;:&quot;&quot;,&quot;orientation&quot;:&quot;0&quot;}\" data-image-title=\"Uskomaton toukokuu 2016\" data-image-description=\"\" data-image-caption=\"\" data-large-file=\"https:\/\/vapaa-ajattelijat.fi\/helsinki\/wp-content\/uploads\/sites\/5\/2016\/05\/uskomaton-touko-2016.png\" class=\"size-medium wp-image-1661 alignright\" src=\"http:\/\/vapaa-ajattelijat.fi\/helsinki\/wp-content\/uploads\/sites\/5\/2016\/05\/uskomaton-touko-2016-204x300.png\" alt=\"Uskomaton toukokuu 2016\" width=\"204\" height=\"300\" srcset=\"https:\/\/vapaa-ajattelijat.fi\/helsinki\/wp-content\/uploads\/sites\/5\/2016\/05\/uskomaton-touko-2016.png 204w, https:\/\/vapaa-ajattelijat.fi\/helsinki\/wp-content\/uploads\/sites\/5\/2016\/05\/uskomaton-touko-2016-68x100.png 68w\" sizes=\"(max-width: 204px) 100vw, 204px\" \/>Uskomaton Uskomaton on Helsingin seudun vapaa-ajattelijoiden Voima-lehden liitteen\u00e4 ilmestyv\u00e4 julkaisu. Vuoden 2016 ensimm\u00e4inen Uskomaton ilmestyi Voiman numeron 5\/2016 v\u00e4liss\u00e4.<\/p>\n<p><a href=\"http:\/\/vapaa-ajattelijat.fi\/helsinki\/wp-content\/uploads\/sites\/5\/2016\/05\/Uskomaton-touko-2016.pdf\">Uskomaton toukokuu 2016<\/a><\/p>\n","protected":false},"excerpt":{"rendered":"<p>Uskomaton Uskomaton on Helsingin seudun vapaa-ajattelijoiden Voima-lehden liitteen\u00e4 ilmestyv\u00e4 julkaisu. Vuoden 2016 ensimm\u00e4inen Uskomaton ilmestyi Voiman numeron 5\/2016 v\u00e4liss\u00e4. Uskomaton toukokuu 2016<\/p>\n","protected":false},"author":21,"featured_media":0,"parent":1195,"menu_order":84,"comment_status":"closed","ping_status":"closed","template":"","meta":{"_eb_attr":"","footnotes":"","_links_to":"","_links_to_target":""},"class_list":["post-1659","page","type-page","status-publish","hentry"],"jetpack_sharing_enabled":true,"jetpack_shortlink":"https:\/\/wp.me\/PaH06I-qL","_links":{"self":[{"href":"https:\/\/vapaa-ajattelijat.fi\/helsinki\/wp-json\/wp\/v2\/pages\/1659","targetHints":{"allow":["GET"]}}],"collection":[{"href":"https:\/\/vapaa-ajattelijat.fi\/helsinki\/wp-json\/wp\/v2\/pages"}],"about":[{"href":"https:\/\/vapaa-ajattelijat.fi\/helsinki\/wp-json\/wp\/v2\/types\/page"}],"author":[{"embeddable":true,"href":"https:\/\/vapaa-ajattelijat.fi\/helsinki\/wp-json\/wp\/v2\/users\/21"}],"replies":[{"embeddable":true,"href":"https:\/\/vapaa-ajattelijat.fi\/helsinki\/wp-json\/wp\/v2\/comments?post=1659"}],"version-history":[{"count":2,"href":"https:\/\/vapaa-ajattelijat.fi\/helsinki\/wp-json\/wp\/v2\/pages\/1659\/revisions"}],"predecessor-version":[{"id":1662,"href":"https:\/\/vapaa-ajattelijat.fi\/helsinki\/wp-json\/wp\/v2\/pages\/1659\/revisions\/1662"}],"up":[{"embeddable":true,"href":"https:\/\/vapaa-ajattelijat.fi\/helsinki\/wp-json\/wp\/v2\/pages\/1195"}],"wp:attachment":[{"href":"https:\/\/vapaa-ajattelijat.fi\/helsinki\/wp-json\/wp\/v2\/media?parent=1659"}],"curies":[{"name":"wp","href":"https:\/\/api.w.org\/{rel}","templated":true}]}}