{"id":1518,"date":"2015-10-05T11:43:40","date_gmt":"2015-10-05T08:43:40","guid":{"rendered":"http:\/\/vapaa-ajattelijat.fi\/helsinki\/?page_id=1518"},"modified":"2023-10-19T15:46:58","modified_gmt":"2023-10-19T12:46:58","slug":"uskomaton-lehti-2015","status":"publish","type":"page","link":"https:\/\/vapaa-ajattelijat.fi\/helsinki\/uskomaton-lehti\/uskomaton-lehti-2015\/","title":{"rendered":"Uskomaton 2015"},"content":{"rendered":"<p>Uskomaton Lehti on Helsingin seudun Vapaa-ajattelijoiden kerran vuodessa ilmestyv\u00e4 lehti jota on jaettu Voima-lehden liitteen\u00e4 vuodesta 2011 alkaen.<\/p>\n<h2>Uskomaton 2015<\/h2>\n<p><a href=\"http:\/\/vapaa-ajattelijat.fi\/helsinki\/wp-content\/uploads\/sites\/5\/2015\/10\/uskomaton2015.pdf\"><img loading=\"lazy\" decoding=\"async\" data-attachment-id=\"1521\" data-permalink=\"https:\/\/vapaa-ajattelijat.fi\/helsinki\/uskomaton-lehti\/uskomaton-lehti-2015\/uskomaton2015\/\" data-orig-file=\"https:\/\/vapaa-ajattelijat.fi\/helsinki\/wp-content\/uploads\/sites\/5\/2015\/09\/uskomaton2015.png\" data-orig-size=\"613,904\" data-comments-opened=\"1\" data-image-meta=\"{&quot;aperture&quot;:&quot;0&quot;,&quot;credit&quot;:&quot;&quot;,&quot;camera&quot;:&quot;&quot;,&quot;caption&quot;:&quot;&quot;,&quot;created_timestamp&quot;:&quot;0&quot;,&quot;copyright&quot;:&quot;&quot;,&quot;focal_length&quot;:&quot;0&quot;,&quot;iso&quot;:&quot;0&quot;,&quot;shutter_speed&quot;:&quot;0&quot;,&quot;title&quot;:&quot;&quot;,&quot;orientation&quot;:&quot;0&quot;}\" data-image-title=\"uskomaton2015\" data-image-description=\"\" data-image-caption=\"\" data-large-file=\"https:\/\/vapaa-ajattelijat.fi\/helsinki\/wp-content\/uploads\/sites\/5\/2015\/09\/uskomaton2015.png\" class=\"alignright wp-image-1521 size-medium\" src=\"http:\/\/vapaa-ajattelijat.fi\/helsinki\/wp-content\/uploads\/sites\/5\/2015\/09\/uskomaton2015-203x300.png\" alt=\"uskomaton2015\" width=\"203\" height=\"300\" srcset=\"https:\/\/vapaa-ajattelijat.fi\/helsinki\/wp-content\/uploads\/sites\/5\/2015\/09\/uskomaton2015-203x300.png 203w, https:\/\/vapaa-ajattelijat.fi\/helsinki\/wp-content\/uploads\/sites\/5\/2015\/09\/uskomaton2015-68x100.png 68w, https:\/\/vapaa-ajattelijat.fi\/helsinki\/wp-content\/uploads\/sites\/5\/2015\/09\/uskomaton2015.png 613w\" sizes=\"(max-width: 203px) 100vw, 203px\" \/><\/a> <ul class=\"lcp_catlist\" id=\"lcp_instance_0\"><li><a href=\"https:\/\/vapaa-ajattelijat.fi\/helsinki\/paakirjoitus-siirrytaan-yhdessa-2010-luvulle\/\">P\u00e4\u00e4kirjoitus: Siirryt\u00e4\u00e4n yhdess\u00e4 2010-luvulle<\/a><div class=\"lcp_excerpt\">Olisiko aika siirty\u00e4 t\u00e4lle vuosituhannelle ja kohti yhdenvertaista ja kirkkohistorian ikeest\u00e4 vapaata Suomea? Selvitimme uuden eduskunnan kantoja vaalikonevastauksien ja kyselyn muodossa. Vaalikonevastauksien osalta asetelma on se, ett\u00e4 maamme hallitus on ...<\/div><\/li><li><a href=\"https:\/\/vapaa-ajattelijat.fi\/helsinki\/jumalanpilkka-kuollut-kirjain-suomessa-kuolleita-pilkkaajia-maailmalla\/\">Jumalanpilkka &#8211; Kuollut kirjain Suomessa &#8211; kuolleita &#8221;pilkkaajia&#8221; maailmalla<\/a><div class=\"lcp_excerpt\">Jumalanpilkka on rikos, josta ei ole usein tuomittu. Suomessa turhat lait kumotaan tarpeettomina, ns. kuolleina kirjaimina. Siihen on nyt korkea aika. Samalla sill\u00e4 tuetaan uskontoon liittyvien kuolemantuomioiden poistamista.\nYksi tunnettu tapaus ...<\/div><\/li><li><a href=\"https:\/\/vapaa-ajattelijat.fi\/helsinki\/muuttuva-suomi-juuttuva-hallitus\/\">Muuttuva Suomi &#8211; juuttuva hallitus<\/a><div class=\"lcp_excerpt\">\nSuomalaisten keskuudessa evankelisluterilaiseen kirkkoon kuulumattomien osuus kasvaa prosentin vuosivauhtia, nopeamminkin p\u00e4\u00e4kaupunkiseudulla, jossa en\u00e4\u00e4 alle puolet lapsista kastetaan evankelisluterilaisen kirkon j\u00e4senyyteen. Uskonnottomasti ajattelevia on tutkimusten mukaan kirkon sis\u00e4ll\u00e4kin, sill\u00e4 suomalaisten usko ...<\/div><\/li><li><a href=\"https:\/\/vapaa-ajattelijat.fi\/helsinki\/uskonnonvapauskamppailu-armeijassa-jatkuu\/\">Uskonnonvapauskamppailu armeijassa jatkuu<\/a><div class=\"lcp_excerpt\">Uskomaton-lehti on viime vuosina seurannut uskonnonvapauden ongelmia ja kehityst\u00e4 Puolustusvoimissa, jossa sotilaspapisto k\u00e4y Kirkkohallituksen tuella sinnik\u00e4st\u00e4 viivytystaistelua uskonnonvapauden laajentumista vastaan. Kes\u00e4n korvilla yksi taistelu ratkesi ristiriitaiseen tulokseen, mutta kamppailu Intin ...<\/div><\/li><li><a href=\"https:\/\/vapaa-ajattelijat.fi\/helsinki\/monipuolista-vertaistukea-ja-kansalaistoimintaa-ilman-uskontoa\/\">Monipuolista vertaistukea ja kansalaistoimintaa ilman uskontoa<\/a><div class=\"lcp_excerpt\">Suomi on kymmenien tuhansien kansalaisj\u00e4rjest\u00f6jen maa. Ja sadat tuhannet suomalaiset, yhteens\u00e4 l\u00e4hes kaksi miljoonaa ihmist\u00e4, tekev\u00e4t erilaista vapaaehtoistoimintaa. Naapuriavun, talkoiden ja ep\u00e4muodollisen vertaistuen lis\u00e4ksi laajaa, moninaista vapaaehtoistoimintaa ja vertaistukea organisoidaan ...<\/div><\/li><li><a href=\"https:\/\/vapaa-ajattelijat.fi\/helsinki\/opettajakolmikko-vaatii-yhteista-katsomusainetta-kansalaisaloitteella\/\">Opettajakolmikko vaatii yhteist\u00e4 katsomusainetta kansalaisaloitteella<\/a><div class=\"lcp_excerpt\">Pit\u00e4isik\u00f6 kouluissa j\u00e4rjest\u00e4\u00e4 kodin uskonnon opetuksen ja el\u00e4m\u00e4nkatsomustiedon sijaan kaikille yhteist\u00e4 katsomusopetusta? Vapaa-ajattelijain liitto pit\u00e4\u00e4 t\u00e4m\u00e4n hetken t\u00e4rkeimp\u00e4n\u00e4 tavoitteenaan el\u00e4m\u00e4nkatsomustiedon sallimisen kaikille, mutta Vapaa-ajattelijat eiv\u00e4t toki ole ainoita jotka haluavat ...<\/div><\/li><li><a href=\"https:\/\/vapaa-ajattelijat.fi\/helsinki\/vapaa-ajattelijat-et-opetus-avattava-kaikille\/\">Vapaa-ajattelijat: ET-opetus avattava kaikille<\/a><div class=\"lcp_excerpt\">Vapaa-ajattelijain liiton perustavoitteena on uskonnonopetuksen poistaminen kouluista. Se koskee nykyist\u00e4, k\u00e4yt\u00e4nn\u00f6ss\u00e4 tunnustuksellisen luonteista uskonnon opetusta. Uskonnoista samoin kuin uskonnottomuudesta voi ja pit\u00e4\u00e4 opettaa yleissivist\u00e4vi\u00e4 perustietoja. Parhaillaan k\u00e4yd\u00e4\u00e4n vilkasta keskustelua siit\u00e4, ...<\/div><\/li><li><a href=\"https:\/\/vapaa-ajattelijat.fi\/helsinki\/nelja-vuodenaikaa\/\">Nelj\u00e4 vuodenaikaa<\/a><div class=\"lcp_excerpt\">Suomalaiset ovat juhlineet vuodenkierron vaihteluita jo kauan ennen kuin kristilliset juhlaperinteet tuotiin vanhojen tilalle. Monet juhlat liittyv\u00e4t vuodenaikojen vaihtelun kiintopisteisiin. Vuosi jaettiin nelj\u00e4\u00e4n 13 viikkoa kest\u00e4v\u00e4\u00e4n jaksoon joiden vaihtumisia juhlittiin ...<\/div><\/li><li><a href=\"https:\/\/vapaa-ajattelijat.fi\/helsinki\/kirja-arvostelu-vartiotornin-varjossa\/\">Kirja-arvostelu: Vartiotornin varjossa<\/a><div class=\"lcp_excerpt\">Uskomaton-lehti julkaisi lyhennettyn\u00e4 Jari-Pekka Peltoniemen kirjoittaman kirja-arvion. Koko arvostelun voit lukea Johanneksen pojan kotisivulta.\n<\/div><\/li><li><a href=\"https:\/\/vapaa-ajattelijat.fi\/helsinki\/funtsiva-stadi\/\">Funtsiva Stadi<\/a><div class=\"lcp_excerpt\">Helsingin Yliopisto juhlii 375-vuotista taivaltaan vuonna 2015. Tapahtumaa juhlistettiin viikon mittaisella ajattelun ja tieteen kaupunkifestarilla Thinkfest. Osana juhlaviikkoa j\u00e4rjestettiin toista kertaa Think Helsinki, Think -tapahtuma joka julistaa tieteen ilosanomaa pilke ...<\/div><\/li><li><a href=\"https:\/\/vapaa-ajattelijat.fi\/helsinki\/haastattelussa-robin-ince\/\">Haastattelussa Robin Ince<\/a><div class=\"lcp_excerpt\">Er\u00e4s Think Helsinki Thinkin p\u00e4\u00e4esiintyjist\u00e4 on brittiherrasmies Robin Ince jonka kanssa ehdimme vaihtaa pari sanaa ennen illan esityst\u00e4. Podcastien kuuntelijat saattavat kiinnostua Incen ja Brian Coxin t\u00e4hditt\u00e4m\u00e4st\u00e4 podcast-sarjasta Infinite Monkey ...<\/div><\/li><li><a href=\"https:\/\/vapaa-ajattelijat.fi\/helsinki\/kirja-arvostelu-hyvaan-elamaan-ilman-uskontoa\/\">Kirja-arvostelu: Hyv\u00e4\u00e4n el\u00e4m\u00e4\u00e4n ilman uskontoa<\/a><div class=\"lcp_excerpt\">Ilkka Niiniluoto 2015. Hyv\u00e4n el\u00e4m\u00e4n filosofiaa. Suomalaisen kirjallisuuden seura. Sivuja 328.\nFilosofian professorina, rehtorina ja kanslerina Helsingin yliopistossa toimineen Ilkka Niiniluodon Hyv\u00e4n el\u00e4m\u00e4n filosofiaa -teoksen aiheena ovat ihmisk\u00e4sitykset, ihmiskuvat sek\u00e4 ihmisen ...<\/div><\/li><\/ul><\/p>\n","protected":false},"excerpt":{"rendered":"<p>Uskomaton Lehti on Helsingin seudun Vapaa-ajattelijoiden kerran vuodessa ilmestyv\u00e4 lehti jota on jaettu Voima-lehden liitteen\u00e4 vuodesta 2011 alkaen. Uskomaton 2015<\/p>\n","protected":false},"author":19,"featured_media":0,"parent":1195,"menu_order":85,"comment_status":"closed","ping_status":"closed","template":"","meta":{"_eb_attr":"","footnotes":"","_links_to":"","_links_to_target":""},"class_list":["post-1518","page","type-page","status-publish","hentry"],"jetpack_sharing_enabled":true,"jetpack_shortlink":"https:\/\/wp.me\/PaH06I-ou","_links":{"self":[{"href":"https:\/\/vapaa-ajattelijat.fi\/helsinki\/wp-json\/wp\/v2\/pages\/1518","targetHints":{"allow":["GET"]}}],"collection":[{"href":"https:\/\/vapaa-ajattelijat.fi\/helsinki\/wp-json\/wp\/v2\/pages"}],"about":[{"href":"https:\/\/vapaa-ajattelijat.fi\/helsinki\/wp-json\/wp\/v2\/types\/page"}],"author":[{"embeddable":true,"href":"https:\/\/vapaa-ajattelijat.fi\/helsinki\/wp-json\/wp\/v2\/users\/19"}],"replies":[{"embeddable":true,"href":"https:\/\/vapaa-ajattelijat.fi\/helsinki\/wp-json\/wp\/v2\/comments?post=1518"}],"version-history":[{"count":19,"href":"https:\/\/vapaa-ajattelijat.fi\/helsinki\/wp-json\/wp\/v2\/pages\/1518\/revisions"}],"predecessor-version":[{"id":2232,"href":"https:\/\/vapaa-ajattelijat.fi\/helsinki\/wp-json\/wp\/v2\/pages\/1518\/revisions\/2232"}],"up":[{"embeddable":true,"href":"https:\/\/vapaa-ajattelijat.fi\/helsinki\/wp-json\/wp\/v2\/pages\/1195"}],"wp:attachment":[{"href":"https:\/\/vapaa-ajattelijat.fi\/helsinki\/wp-json\/wp\/v2\/media?parent=1518"}],"curies":[{"name":"wp","href":"https:\/\/api.w.org\/{rel}","templated":true}]}}