{"id":1434,"date":"2015-06-27T21:04:32","date_gmt":"2015-06-27T18:04:32","guid":{"rendered":"http:\/\/vapaa-ajattelijat.fi\/helsinki\/?page_id=1434"},"modified":"2023-10-19T15:46:39","modified_gmt":"2023-10-19T12:46:39","slug":"uskomaton-lehti-2014","status":"publish","type":"page","link":"https:\/\/vapaa-ajattelijat.fi\/helsinki\/uskomaton-lehti\/uskomaton-lehti-2014\/","title":{"rendered":"Uskomaton 2014"},"content":{"rendered":"<p><a href=\"http:\/\/vapaa-ajattelijat.fi\/helsinki\/wp-content\/uploads\/sites\/5\/2015\/06\/uskomaton2014.pdf\"><img loading=\"lazy\" decoding=\"async\" data-attachment-id=\"1413\" data-permalink=\"https:\/\/vapaa-ajattelijat.fi\/helsinki\/uskomaton-lehti\/uskomaton2014-2\/\" data-orig-file=\"https:\/\/vapaa-ajattelijat.fi\/helsinki\/wp-content\/uploads\/sites\/5\/2015\/06\/uskomaton2014.png\" data-orig-size=\"677,983\" data-comments-opened=\"1\" data-image-meta=\"{&quot;aperture&quot;:&quot;0&quot;,&quot;credit&quot;:&quot;&quot;,&quot;camera&quot;:&quot;&quot;,&quot;caption&quot;:&quot;&quot;,&quot;created_timestamp&quot;:&quot;0&quot;,&quot;copyright&quot;:&quot;&quot;,&quot;focal_length&quot;:&quot;0&quot;,&quot;iso&quot;:&quot;0&quot;,&quot;shutter_speed&quot;:&quot;0&quot;,&quot;title&quot;:&quot;&quot;,&quot;orientation&quot;:&quot;0&quot;}\" data-image-title=\"uskomaton2014\" data-image-description=\"\" data-image-caption=\"\" data-large-file=\"https:\/\/vapaa-ajattelijat.fi\/helsinki\/wp-content\/uploads\/sites\/5\/2015\/06\/uskomaton2014.png\" class=\"alignright size-medium wp-image-1413\" src=\"http:\/\/vapaa-ajattelijat.fi\/helsinki\/wp-content\/uploads\/sites\/5\/2015\/06\/uskomaton2014-207x300.png\" alt=\"uskomaton2014\" width=\"207\" height=\"300\" srcset=\"https:\/\/vapaa-ajattelijat.fi\/helsinki\/wp-content\/uploads\/sites\/5\/2015\/06\/uskomaton2014-207x300.png 207w, https:\/\/vapaa-ajattelijat.fi\/helsinki\/wp-content\/uploads\/sites\/5\/2015\/06\/uskomaton2014-69x100.png 69w, https:\/\/vapaa-ajattelijat.fi\/helsinki\/wp-content\/uploads\/sites\/5\/2015\/06\/uskomaton2014.png 677w\" sizes=\"(max-width: 207px) 100vw, 207px\" \/><\/a><\/p>\n<ul class=\"lcp_catlist\" id=\"lcp_instance_0\"><li><a href=\"https:\/\/vapaa-ajattelijat.fi\/helsinki\/arvoisat-maija-ja-matti-meikalainen\/\">Arvoisat Maija ja Matti Meik\u00e4l\u00e4inen<\/a><div class=\"lcp_excerpt\">\n\tUskonnottomuudesta puhuminen tapakristityille on vaikeaa. Vapaa-ajattelijat tekev&auml;t kanteluita virkamiehille jotka kyll&auml; ymm&auml;rt&auml;v&auml;t ongelman ja tarttuvat niihin, mutta heid&auml;nkin on vaikea saada asiaansa kerrottua tapaluterilaiselle enemmist&ouml;lle. Media tulkitsee asian v&auml;&auml;rin, lukijat ...<\/div><\/li><li><a href=\"https:\/\/vapaa-ajattelijat.fi\/helsinki\/lapsikaste-kahlitsee-uskoon\/\">Lapsikaste kahlitsee uskoon<\/a><div class=\"lcp_excerpt\">\n\tEroakirkosta.fi-palvelua kritisoidaan siit&auml;, ett&auml; sen kautta eroaminen on liian helppoa, ja kirkosta saatetaan erota hetken mielijohteesta. Harva tulee miettineeksi, ett&auml; kirkkoon liitty&auml;kseen valtaosan suomalaisista ei ole tarvinnut tehd&auml; yht&auml;&auml;n mit&auml;&auml;n. ...<\/div><\/li><li><a href=\"https:\/\/vapaa-ajattelijat.fi\/helsinki\/oikeus-omaan-kehoon\/\">Oikeus omaan kehoon<\/a><div class=\"lcp_excerpt\">\n\tCase: Poikien rituaalinen ymp&auml;rileikkaus\n\n\n\tTaustaa: Sexpo-s&auml;&auml;ti&ouml;ll&auml; oli vuosina 2011-2014 Raha-automaattiyhdistyksen rahoittama EHJ&Auml;-hanke, jossa keskityttiin poikien ei-l&auml;&auml;ketieteellisten ymp&auml;rileikkausten ehk&auml;isyyn. Kolmen vuoden ajan hankkeessa muun muassa ker&auml;ttiin tietoa, koulutettiin sosiaali- ja terveysalan ammattilaisia, ...<\/div><\/li><li><a href=\"https:\/\/vapaa-ajattelijat.fi\/helsinki\/uskonto-paivakodeissa\/\">Uskonto p\u00e4iv\u00e4kodeissa<\/a><div class=\"lcp_excerpt\">\n\tLapsen kasvattaminen uskonnottomasti on varsin helppoa nyky&auml;&auml;n, eik&auml; juuri aiheuta kummastelua. V&auml;lill&auml; t&ouml;ki t&ouml;rm&auml;&auml;n kyselyihin siit&auml;, miten lapsemme ovat voineet saada nimen kun heit&auml; ei ole kastettu, tai mit&auml; voimme ...<\/div><\/li><li><a href=\"https:\/\/vapaa-ajattelijat.fi\/helsinki\/kristinuskotietoudesta-dogmittomuuteen\/\">Kristinuskotietoudesta dogmittomuuteen<\/a><div class=\"lcp_excerpt\">\n\tKristinuskotietoudesta dogmittomuuteen\n\n\n\t\n\n\n\tRuotsalaisella sekulaarilla humanistilla on syyns&auml; p&auml;lyill&auml; ymp&auml;rist&ouml;n suhdetta uskontoon, sill&auml; suomalaisten koulujen malli uskonnonopetukselle her&auml;tt&auml;&auml; tietynlaista ihailua. Jos sen siirt&auml;isi ruotsalaisiin oloihin ja suhteuttaisi Ruotsin laajaan maahanmuuttoon, tulisi sen ...<\/div><\/li><li><a href=\"https:\/\/vapaa-ajattelijat.fi\/helsinki\/pois-pakkouskonnosta-tavalla-tai-toisella\/\">Pois pakkouskonnosta &#8211; tavalla tai toisella<\/a><div class=\"lcp_excerpt\">\n\tUskonnon asema kouluopetuksessa on nyt ajankohtainen kysymys Suomessa varsinkin lukiossa. Kysymys yhteisest&auml; katsomusaineesta voi nousta esille ja &auml;&auml;nestykseen eduskunnassa. Samoin esille nousee kysymys el&auml;m&auml;nkatsomustiedon avaamisesta my&ouml;s kirkon j&auml;senille, mik&auml;li uskonto\/el&auml;m&auml;nkatsomustieto ...<\/div><\/li><li><a href=\"https:\/\/vapaa-ajattelijat.fi\/helsinki\/puumalainen-avasi-silmia\/\">Puumalainen avasi silmi\u00e4<\/a><div class=\"lcp_excerpt\">\n\tApulaisoikeuskansleri Mikko Puumalainen p&auml;&auml;tti 24.3.2014, ett&auml; opettajien tai seurakuntien ei kuuluisi j&auml;rjest&auml;&auml; kouluissa uskonnon harjoittamista. H&auml;nen mukaansa &quot;kouluissa nykyisess&auml; muodossaan j&auml;rjestett&auml;v&auml;t uskonnolliset tilaisuudet ovat ongelmallisia julkisen vallan neutraalisuuden sek&auml; yhdenvertaisuuden ...<\/div><\/li><li><a href=\"https:\/\/vapaa-ajattelijat.fi\/helsinki\/uusi-asento-armeijaan-vai-vanhan-korjailua\/\">Uusi asento armeijaan &#8211; vai vanhan korjailua?<\/a><div class=\"lcp_excerpt\">\n\tOletko menossa armeijaan? Onko kaverisi, tuttavasi, sukulaisesi menossa? Huomio! Hein&auml;kuun 2014 saapumiser&auml; saa toimia historiallisena koekaniinina, kun varusmiesten uskonnonvapaus astuu kaksi askelta eteenp&auml;in. Vai astuuko? Muuttuuko uskonnon asema radikaalisti SAIntiss&auml;? ...<\/div><\/li><li><a href=\"https:\/\/vapaa-ajattelijat.fi\/helsinki\/ateistia-ahdistaa\/\">Ateistia ahdistaa<\/a><div class=\"lcp_excerpt\">\n\tOlen koko ik&auml;ni ollut uskonnoton. Minulla ei ole ollut mink&auml;&auml;nlaisia uskonnollisia tuntemuksia koko 38 vuoden elontaipaleeni aikana. Kyse ei ole ollut omasta valinnasta &ndash; asia vaan on niin. Kirkkoon kuulumattomat ...<\/div><\/li><li><a href=\"https:\/\/vapaa-ajattelijat.fi\/helsinki\/onko-suomi-sekulaari-valtio\/\">Onko Suomi sekulaari valtio?<\/a><div class=\"lcp_excerpt\">\n\tKaikki t&auml;m&auml; vouhotus uskonnonvapauden tilasta Suomessa tuntuu helsinkil&auml;isest&auml; tapakristityst&auml; tai uskonnottomasta varmasti toisinaan absurdilta. Onhan Suomi sent&auml;&auml;n sekulaari l&auml;nsimainen sivistysvaltio, eik&auml; pukeutumistamme valvo paikallinen mutaween (uskonnollinen poliisi), kuten Saudi Arabiassa. ...<\/div><\/li><li><a href=\"https:\/\/vapaa-ajattelijat.fi\/helsinki\/yhdenvertainen-suomi-kansalaisaloite-ja-kuinka-se-on-ymmarretty\/\">Yhdenvertainen Suomi-kansalaisaloite, ja kuinka se on ymm\u00e4rretty<\/a><div class=\"lcp_excerpt\">\n\tYhdenvertainen Suomi-kansalaisaloite on pohjimmiltaan suhteellinen yksinkertainen ja suoraviivainen. Aloitteen perusteemat ovat uskontojen ja vakaumusten yhdenvertaisuus ja valtion puolueettomuus suhteessa uskontoihin ja muihin vakaumuksiin.\n\n\n\tL&auml;hden t&auml;ss&auml; kirjoituksessa avaamaan kansalaisaloitteen teemoja medioissa olleiden ...<\/div><\/li><li><a href=\"https:\/\/vapaa-ajattelijat.fi\/helsinki\/uskonnot-yhteiskunnallisessa-keskustelussa-eraan-ateistin-huomioita-nyky-suomesta\/\">Uskonnot yhteiskunnallisessa keskustelussa \u2013 er\u00e4\u00e4n ateistin huomioita nyky-Suomesta<\/a><div class=\"lcp_excerpt\">\n\tK&auml;sittelen t&auml;ss&auml; artikkelissa demokratian ja uskonnollisuuden v&auml;list&auml; suhdetta nyky-Suomessa. Olen ennen kaikkea kiinnostunut siit&auml;, miten julkinen keskustelu mediassa ja politiikassa kohtelee uskontoja. Otetaan yksi esimerkki politiikasta (homoaviolitto) ja yksi esimerkki ...<\/div><\/li><li><a href=\"https:\/\/vapaa-ajattelijat.fi\/helsinki\/terveisia-aijakerhosta\/\">Terveisi\u00e4 \u00e4ij\u00e4kerhosta!<\/a><div class=\"lcp_excerpt\">\n\tTerveisi&auml; &auml;ij&auml;kerhosta!\n\n\n\tHelsingin vapaa-ajattelijoiden hallituksessa on varsinaisia j&auml;seni&auml; seitsem&auml;n, joista kolme naisia. Itsell&auml;ni on toinen kausi menossa. Aina v&auml;lill&auml; kuulen vapaa-ajattelijoista puhuttavan &auml;ij&auml;kerholaisina tai ateisti&ouml;ykk&auml;rein&auml;. Ehk&auml; jopa satanisteina, mik&auml; on v&auml;h&auml;n ...<\/div><\/li><li><a href=\"https:\/\/vapaa-ajattelijat.fi\/helsinki\/armotonta-menoa\/\">Armotonta menoa<\/a><div class=\"lcp_excerpt\">\n\tUskontojen uhrien tuki UUT ry tarjoaa vertaistukea hengellist&auml; v&auml;kivaltaa kokeneille ja tiedottaa uskonyhteis&ouml;jen keskuudessa esiintyvist&auml; ihmisoikeusongelmista ja v&auml;&auml;rink&auml;yt&ouml;ksist&auml;.\n\n\n\tUUT:hen otetaan erityisen paljon yhteytt&auml; Jehovan todistajiin, helluntailaisiin (my&ouml;s muihin nk. karismaattisen kristillisyyden ...<\/div><\/li><\/ul>\n","protected":false},"excerpt":{"rendered":"","protected":false},"author":19,"featured_media":0,"parent":1195,"menu_order":86,"comment_status":"open","ping_status":"open","template":"","meta":{"_eb_attr":"","footnotes":"","_links_to":"","_links_to_target":""},"class_list":["post-1434","page","type-page","status-publish","hentry"],"jetpack_sharing_enabled":true,"jetpack_shortlink":"https:\/\/wp.me\/PaH06I-n8","_links":{"self":[{"href":"https:\/\/vapaa-ajattelijat.fi\/helsinki\/wp-json\/wp\/v2\/pages\/1434","targetHints":{"allow":["GET"]}}],"collection":[{"href":"https:\/\/vapaa-ajattelijat.fi\/helsinki\/wp-json\/wp\/v2\/pages"}],"about":[{"href":"https:\/\/vapaa-ajattelijat.fi\/helsinki\/wp-json\/wp\/v2\/types\/page"}],"author":[{"embeddable":true,"href":"https:\/\/vapaa-ajattelijat.fi\/helsinki\/wp-json\/wp\/v2\/users\/19"}],"replies":[{"embeddable":true,"href":"https:\/\/vapaa-ajattelijat.fi\/helsinki\/wp-json\/wp\/v2\/comments?post=1434"}],"version-history":[{"count":5,"href":"https:\/\/vapaa-ajattelijat.fi\/helsinki\/wp-json\/wp\/v2\/pages\/1434\/revisions"}],"predecessor-version":[{"id":1876,"href":"https:\/\/vapaa-ajattelijat.fi\/helsinki\/wp-json\/wp\/v2\/pages\/1434\/revisions\/1876"}],"up":[{"embeddable":true,"href":"https:\/\/vapaa-ajattelijat.fi\/helsinki\/wp-json\/wp\/v2\/pages\/1195"}],"wp:attachment":[{"href":"https:\/\/vapaa-ajattelijat.fi\/helsinki\/wp-json\/wp\/v2\/media?parent=1434"}],"curies":[{"name":"wp","href":"https:\/\/api.w.org\/{rel}","templated":true}]}}