{"id":1401,"date":"2015-06-27T02:05:50","date_gmt":"2015-06-26T23:05:50","guid":{"rendered":"http:\/\/vapaa-ajattelijat.fi\/helsinki\/?page_id=1401"},"modified":"2023-10-19T15:46:25","modified_gmt":"2023-10-19T12:46:25","slug":"uskomaton-lehti-2013","status":"publish","type":"page","link":"https:\/\/vapaa-ajattelijat.fi\/helsinki\/uskomaton-lehti\/uskomaton-lehti-2013\/","title":{"rendered":"Uskomaton 2013"},"content":{"rendered":"<p><a href=\"http:\/\/vapaa-ajattelijat.fi\/helsinki\/wp-content\/uploads\/sites\/5\/2015\/06\/uskomaton2013.pdf\"><img loading=\"lazy\" decoding=\"async\" data-attachment-id=\"1370\" data-permalink=\"https:\/\/vapaa-ajattelijat.fi\/helsinki\/uskomaton-lehti\/uskomaton2013-2\/\" data-orig-file=\"https:\/\/vapaa-ajattelijat.fi\/helsinki\/wp-content\/uploads\/sites\/5\/2015\/06\/uskomaton2013.png\" data-orig-size=\"682,984\" data-comments-opened=\"1\" data-image-meta=\"{&quot;aperture&quot;:&quot;0&quot;,&quot;credit&quot;:&quot;&quot;,&quot;camera&quot;:&quot;&quot;,&quot;caption&quot;:&quot;&quot;,&quot;created_timestamp&quot;:&quot;0&quot;,&quot;copyright&quot;:&quot;&quot;,&quot;focal_length&quot;:&quot;0&quot;,&quot;iso&quot;:&quot;0&quot;,&quot;shutter_speed&quot;:&quot;0&quot;,&quot;title&quot;:&quot;&quot;,&quot;orientation&quot;:&quot;0&quot;}\" data-image-title=\"uskomaton2013\" data-image-description=\"\" data-image-caption=\"\" data-large-file=\"https:\/\/vapaa-ajattelijat.fi\/helsinki\/wp-content\/uploads\/sites\/5\/2015\/06\/uskomaton2013.png\" class=\"alignright size-medium wp-image-1370\" src=\"http:\/\/vapaa-ajattelijat.fi\/helsinki\/wp-content\/uploads\/sites\/5\/2015\/06\/uskomaton2013-208x300.png\" alt=\"uskomaton2013\" width=\"208\" height=\"300\" srcset=\"https:\/\/vapaa-ajattelijat.fi\/helsinki\/wp-content\/uploads\/sites\/5\/2015\/06\/uskomaton2013-208x300.png 208w, https:\/\/vapaa-ajattelijat.fi\/helsinki\/wp-content\/uploads\/sites\/5\/2015\/06\/uskomaton2013-69x100.png 69w, https:\/\/vapaa-ajattelijat.fi\/helsinki\/wp-content\/uploads\/sites\/5\/2015\/06\/uskomaton2013.png 682w\" sizes=\"(max-width: 208px) 100vw, 208px\" \/><\/a><\/p>\n<ul class=\"lcp_catlist\" id=\"lcp_instance_0\"><li><a href=\"https:\/\/vapaa-ajattelijat.fi\/helsinki\/paakirjoitus-uskonnotonta-suomea-hahmottelemassa\/\">P\u00e4\u00e4kirjoitus: Uskonnotonta Suomea hahmottelemassa<\/a><div class=\"lcp_excerpt\">\n\t\n\n\n\tMin&auml; vain kysyn: kun uskonnottomuus maassamme lis&auml;&auml;ntyy vuosi vuodelta, eiv&auml;tk&ouml; vapaa-ajattelijat voisi alkaa havitella itselleen evankelisluterilaisten nykyist&auml; asemaa virallisena valtionkirkkona? Hahmottelen seuraavassa tulevan Jumalattoman Suomen kansalaisen matkaa kehdosta hautaan.\n\n\n\tIhminenh&auml;n ei ...<\/div><\/li><li><a href=\"https:\/\/vapaa-ajattelijat.fi\/helsinki\/kymmenykset\/\">Kymmenykset<\/a><div class=\"lcp_excerpt\">\n\t\n\n\n\tMillainen olisi uskonnollisesti sitoutumaton &ldquo;hyv&auml;ntekev&auml;isyysvero&rdquo; verrattuna kirkon j&auml;senyyteen? Kirkollisverosta on keskusteltu kuluneen vuoden aikana julkisuudessa jonkin verran. Arkkipiispa Kari M&auml;kinen on ehdottanut verotusoikeuden laajentamista kaikille uskontokunnille jottei t&auml;m&auml; yksinoikeus olisi ...<\/div><\/li><li><a href=\"https:\/\/vapaa-ajattelijat.fi\/helsinki\/silvia-modig\/\">Silvia Modig<\/a><div class=\"lcp_excerpt\">\n\tSilvia Modig on Vasemmistoliiton kansanedustaja, kaupunginvaltuutettu Helsingiss&auml;, tuttu suurelle yleis&ouml;lle televisio- ja radiojuontajana. Modigilla on vuosien kokemus my&ouml;s kansalaisj&auml;rjest&ouml;toiminnasta, t&auml;ll&auml; hetkell&auml; h&auml;n on Oranssi Asunnot Oy:n hallituksen j&auml;sen. Haastattelen h&auml;nt&auml; ...<\/div><\/li><li><a href=\"https:\/\/vapaa-ajattelijat.fi\/helsinki\/putte-possun-nimiaiset\/\">Putte possun nimi\u00e4iset<\/a><div class=\"lcp_excerpt\">\n\tMit&auml; tehd&auml;&auml;n, kun lapsen nimeksi pit&auml;isi tulla Laura Jenna Ellinoora Alexandra Camilla Jurvanen tai Pikku-Myy, mutta vanhemmat eiv&auml;t kuulu kirkkoon eiv&auml;tk&auml; halua kastaa lastaan kirkon j&auml;seneksi? Yh&auml; useammat vanhemmat valitsevat ...<\/div><\/li><li><a href=\"https:\/\/vapaa-ajattelijat.fi\/helsinki\/puhu-lapselle-ihmisoikeudet\/\">Puhu lapselle ihmisoikeudet!<\/a><div class=\"lcp_excerpt\">\n\tMik&auml; siin&auml; on, ett&auml; on niin vaikeaa pyyt&auml;&auml; kunnioittamaan lapsen ihmisoikeuksia ja kohtelemaan h&auml;nt&auml; lakien mukaisesti? Ehk&auml; se on jotenkin h&auml;vett&auml;v&auml;&auml;, kun kysymys on uskonnottomuudesta. Vanhempi pelk&auml;&auml; saavansa hankalan maineen, ...<\/div><\/li><li><a href=\"https:\/\/vapaa-ajattelijat.fi\/helsinki\/uskonnottomien-perheiden-vakaumusten-vapaus-ja-lasten-yhdenvertaisuus-paivahoidossa\/\">Uskonnottomien perheiden vakaumusten vapaus ja lasten yhdenvertaisuus p\u00e4iv\u00e4hoidossa<\/a><div class=\"lcp_excerpt\">\n\tEsittelen kirjoituksessani p&auml;iv&auml;hoidon varhaiskasvatussuunnitelmaa niilt&auml; osin, kuin siin&auml; k&auml;sitell&auml;&auml;n vakaumukseen liittyvi&auml; asioita, sek&auml; sit&auml;, mit&auml; mahdollisia ongelmakohtia suunnitelman k&auml;yt&auml;nn&ouml;n toteutumisessa on.\n\n\n\tVarhaiskasvatussuunnitelman perusteet ohjaavat valtakunnallisesti varhaiskasvatuksen sis&auml;ll&ouml;llist&auml; toteuttamista. STAKESin laatimissa Varhaiskasvatussuunnitelman ...<\/div><\/li><li><a href=\"https:\/\/vapaa-ajattelijat.fi\/helsinki\/kuka-toi-kylpytakkityyppi-on\/\">Kuka toi kylpytakkityyppi on?<\/a><div class=\"lcp_excerpt\">\n\tNoin kahdeksan vuotta sitten silloin viisivuotias poikamme toi eteeni lehden. Se oli postiluukusta tippunut uskonnollinen lehti. Poika osoitti kannessa olevaa Jeesusta ja kysyi:&rdquo; Kuka toi kylpytakkityyppi on?&rdquo;. Se oli ensimm&auml;inen ...<\/div><\/li><li><a href=\"https:\/\/vapaa-ajattelijat.fi\/helsinki\/enkeli-on-vahan-niin-kuin-helina-keiju\/\">Enkeli on v\u00e4h\u00e4n niin kuin Helin\u00e4-keiju<\/a><div class=\"lcp_excerpt\">\n\tUskonnottoman perheen el&auml;m&auml;&auml;\n\n\n\t&quot;Enkeli on v&auml;h&auml;n niin kuin Helin&auml;-keiju, siis sellaista satua&hellip; Siis se olisi hauskaa jos enkeleit&auml; olisi, tai Poseidon oikeasti ratsastaisi merihevosilla, tai se norsujumala tulisi kyl&auml;&auml;n&hellip; Oho, kamalan ...<\/div><\/li><li><a href=\"https:\/\/vapaa-ajattelijat.fi\/helsinki\/vegaaniperheiden-paivakotipulmat\/\">Vegaaniperheiden p\u00e4iv\u00e4kotipulmat<\/a><div class=\"lcp_excerpt\">\n\tHelsingiss&auml; virkamiehet ovat p&auml;&auml;tt&auml;neet, ettei kunnallisissa p&auml;iv&auml;kodeissa tarjoilla vegaaniruokaa. P&auml;&auml;t&ouml;st&auml; ei ole tehty demokraattisesti eli kaupunginvaltuuston p&auml;&auml;t&ouml;ksell&auml;, vaan virkamiehet ovat itse tehneet p&auml;&auml;t&ouml;ksen ja vetoavat siihen, ettei kokemusta ja tutkimusta ...<\/div><\/li><li><a href=\"https:\/\/vapaa-ajattelijat.fi\/helsinki\/sateenkaariperhe-paivahoidossa\/\">Sateenkaariperhe p\u00e4iv\u00e4hoidossa<\/a><div class=\"lcp_excerpt\">\n\tIs&auml;n- ja &auml;itienp&auml;iv&auml;kortit tuntuvat olevan n&auml;kyvimmin esille nostettu asia, kun puhutaan sateenkaariperheiden tarpeista ja huomioimisesta p&auml;iv&auml;hoidossa. Nuo vanhempien muistamiset kaksi kertaa vuodessa saattavatkin olla ainoa tilanne, jossa p&auml;iv&auml;kodin ty&ouml;ntekij&auml;t kokevat ...<\/div><\/li><li><a href=\"https:\/\/vapaa-ajattelijat.fi\/helsinki\/etiikkaa-kouluihin\/\">Etiikkaa kouluihin<\/a><div class=\"lcp_excerpt\">\n\tOmaa uskontoa tai ET:t&auml;, kaikille uskontotietoa vai ET:t&auml; tai uskontotietoa? Katsomusaineet kouluissa tuntuvat olevan ikuisen erimielisyyden aihe. Ateistit pit&auml;v&auml;t uskontotietoa turhana tai pelk&auml;&auml;v&auml;t, ett&auml; sit&auml; opettaa uskovainen opettaja uskoaan paasaten ...<\/div><\/li><li><a href=\"https:\/\/vapaa-ajattelijat.fi\/helsinki\/protukesa\/\">Protukes\u00e4<\/a><div class=\"lcp_excerpt\">\n\tMoni yst&auml;vist&auml;ni oli menossa rippileirille, mutta min&auml; ja pari muuta kaveriani halusimme menn&auml; protuleirille. Ensin ep&auml;ilin millaista protusta tulee, koska omalle leirilleni ei ollut tulossa tuttuja,mutta seh&auml;n se idea onkin, ...<\/div><\/li><li><a href=\"https:\/\/vapaa-ajattelijat.fi\/helsinki\/media-uskonto-ja-urheilu\/\">Media, uskonto ja urheilu<\/a><div class=\"lcp_excerpt\">\n\tUsein kuuluu v&auml;itett&auml;v&auml;n, ett&auml; Suomessa ei ole en&auml;&auml; kunnollista uskontojournalismia. Samoin joidenkin huolena on ollut, ett&auml; Suomesta on kadonnut uskonnon lukutaito. Kuulee my&ouml;s v&auml;itteit&auml;, ett&auml; nyky&auml;&auml;n uskonto n&auml;ytt&auml;ytyy mediassa vain ...<\/div><\/li><\/ul>\n","protected":false},"excerpt":{"rendered":"","protected":false},"author":19,"featured_media":0,"parent":1195,"menu_order":87,"comment_status":"open","ping_status":"open","template":"","meta":{"_eb_attr":"","footnotes":"","_links_to":"","_links_to_target":""},"class_list":["post-1401","page","type-page","status-publish","hentry"],"jetpack_sharing_enabled":true,"jetpack_shortlink":"https:\/\/wp.me\/PaH06I-mB","_links":{"self":[{"href":"https:\/\/vapaa-ajattelijat.fi\/helsinki\/wp-json\/wp\/v2\/pages\/1401","targetHints":{"allow":["GET"]}}],"collection":[{"href":"https:\/\/vapaa-ajattelijat.fi\/helsinki\/wp-json\/wp\/v2\/pages"}],"about":[{"href":"https:\/\/vapaa-ajattelijat.fi\/helsinki\/wp-json\/wp\/v2\/types\/page"}],"author":[{"embeddable":true,"href":"https:\/\/vapaa-ajattelijat.fi\/helsinki\/wp-json\/wp\/v2\/users\/19"}],"replies":[{"embeddable":true,"href":"https:\/\/vapaa-ajattelijat.fi\/helsinki\/wp-json\/wp\/v2\/comments?post=1401"}],"version-history":[{"count":6,"href":"https:\/\/vapaa-ajattelijat.fi\/helsinki\/wp-json\/wp\/v2\/pages\/1401\/revisions"}],"predecessor-version":[{"id":2445,"href":"https:\/\/vapaa-ajattelijat.fi\/helsinki\/wp-json\/wp\/v2\/pages\/1401\/revisions\/2445"}],"up":[{"embeddable":true,"href":"https:\/\/vapaa-ajattelijat.fi\/helsinki\/wp-json\/wp\/v2\/pages\/1195"}],"wp:attachment":[{"href":"https:\/\/vapaa-ajattelijat.fi\/helsinki\/wp-json\/wp\/v2\/media?parent=1401"}],"curies":[{"name":"wp","href":"https:\/\/api.w.org\/{rel}","templated":true}]}}