{"id":1367,"date":"2015-06-27T00:54:43","date_gmt":"2015-06-26T21:54:43","guid":{"rendered":"http:\/\/vapaa-ajattelijat.fi\/helsinki\/?page_id=1367"},"modified":"2023-10-19T15:46:11","modified_gmt":"2023-10-19T12:46:11","slug":"uskomaton-lehti-2012","status":"publish","type":"page","link":"https:\/\/vapaa-ajattelijat.fi\/helsinki\/uskomaton-lehti\/uskomaton-lehti-2012\/","title":{"rendered":"Uskomaton 2012"},"content":{"rendered":"<p><a title=\"\" href=\"http:\/\/vapaa-ajattelijat.fi\/helsinki\/wp-content\/uploads\/sites\/5\/2015\/06\/uskomaton2012.pdf\" target=\"\" rel=\"noopener\"><img loading=\"lazy\" decoding=\"async\" data-attachment-id=\"1315\" data-permalink=\"https:\/\/vapaa-ajattelijat.fi\/helsinki\/uskomaton-lehti\/uskomaton2012-2\/\" data-orig-file=\"https:\/\/vapaa-ajattelijat.fi\/helsinki\/wp-content\/uploads\/sites\/5\/2015\/06\/uskomaton2012.png\" data-orig-size=\"664,987\" data-comments-opened=\"1\" data-image-meta=\"{&quot;aperture&quot;:&quot;0&quot;,&quot;credit&quot;:&quot;&quot;,&quot;camera&quot;:&quot;&quot;,&quot;caption&quot;:&quot;&quot;,&quot;created_timestamp&quot;:&quot;0&quot;,&quot;copyright&quot;:&quot;&quot;,&quot;focal_length&quot;:&quot;0&quot;,&quot;iso&quot;:&quot;0&quot;,&quot;shutter_speed&quot;:&quot;0&quot;,&quot;title&quot;:&quot;&quot;,&quot;orientation&quot;:&quot;0&quot;}\" data-image-title=\"uskomaton2012\" data-image-description=\"\" data-image-caption=\"\" data-large-file=\"https:\/\/vapaa-ajattelijat.fi\/helsinki\/wp-content\/uploads\/sites\/5\/2015\/06\/uskomaton2012.png\" class=\"alignright size-medium wp-image-1315\" title=\"\" src=\"http:\/\/vapaa-ajattelijat.fi\/helsinki\/wp-content\/uploads\/sites\/5\/2015\/06\/uskomaton2012-202x300.png\" alt=\"uskomaton2012\" width=\"202\" height=\"300\" srcset=\"https:\/\/vapaa-ajattelijat.fi\/helsinki\/wp-content\/uploads\/sites\/5\/2015\/06\/uskomaton2012-202x300.png 202w, https:\/\/vapaa-ajattelijat.fi\/helsinki\/wp-content\/uploads\/sites\/5\/2015\/06\/uskomaton2012-67x100.png 67w, https:\/\/vapaa-ajattelijat.fi\/helsinki\/wp-content\/uploads\/sites\/5\/2015\/06\/uskomaton2012.png 664w\" sizes=\"(max-width: 202px) 100vw, 202px\" \/><\/a><\/p>\n<ul class=\"lcp_catlist\" id=\"lcp_instance_0\"><li><a href=\"https:\/\/vapaa-ajattelijat.fi\/helsinki\/paakirjoitus-julkinen-valta\/\">P\u00e4\u00e4kirjoitus: Julkinen valta<\/a><div class=\"lcp_excerpt\">\n\tViime vuonna ilmestyi ensimm&auml;inen Uskomaton-lehti. Se on Helsingin vapaa-ajattelijoiden talkoovoimin tuottama (aina) ajankohtainen muistutus uskonnottomien oikeuksista. Ja, hyv&auml;&auml; kannattaa kierr&auml;tt&auml;&auml;, sill&auml; se voi jonakin p&auml;iv&auml;n&auml; olla yll&auml;tt&auml;v&auml;nkin ajankohtaista.\n\n\n\tN&auml;in n&auml;ytt&auml;isi olevan ...<\/div><\/li><li><a href=\"https:\/\/vapaa-ajattelijat.fi\/helsinki\/voiko-kaksivuotias-olla-kristitty\/\">Voiko kaksivuotias olla kristitty?<\/a><div class=\"lcp_excerpt\">\n\n\t\tJaakko J. Wallenius on toimittaja, tietokirjailija ja ajattelija. H&auml;nen t&auml;rkeimm&auml;t bloginsa ovat Ajatuksia olemisesta ja  Being Human\n\t\n\n\n\tEr&auml;iden kristittyjen mukaan kristillisen kasvatuksen puuttuminen p&auml;iv&auml;kodeista olisi p&auml;iv&auml;kodeissa olevien &#39;kristittyjen&#39; oikeuksien polkemista. ...<\/div><\/li><li><a href=\"https:\/\/vapaa-ajattelijat.fi\/helsinki\/reilu-paivakoti\/\">Reilu P\u00e4iv\u00e4koti<\/a><div class=\"lcp_excerpt\">\n\t\n\n\n\tReilu p&auml;iv&auml;koti on Helsingin vapaa-ajattelijoiden hanke kehitt&auml;&auml; p&auml;iv&auml;kotien suhtautumista uskonnottomiin ja eri uskontoja tunnustaviin perheisiin parempaan suuntaan.\n\n\n\tMonet uskonnottomat perheet, my&ouml;s helsinkil&auml;iset, ovat t&ouml;rm&auml;nneet ongelmiin p&auml;iv&auml;kotien suhtautumisessa uskonnottomuuteen. Seurakunnat pyrkiv&auml;t j&auml;rjest&auml;m&auml;&auml;n ...<\/div><\/li><li><a href=\"https:\/\/vapaa-ajattelijat.fi\/helsinki\/kirkolla-kohtuuton-erityisasema-espoon-kouluissa-osa-2\/\">Kirkolla kohtuuton erityisasema Espoon kouluissa &#8211; osa 2<\/a><div class=\"lcp_excerpt\">\n\tEduskunnan apulaisoikeusasiamies:\n\n\n\n\t\tUskonnolliset tilaisuudet kouluissa vapaaehtoisia kaikille\n\t\n\n\t\tEduskunnan apulaisoikeusasiamies teki viime vuonna p&auml;&auml;t&ouml;ksen (AOA Pajuojan p&auml;&auml;t&ouml;s 11.5.2011, dnro 4812\/4\/10), ett&auml; koulujen uskonnolliset tilaisuudet ovat vapaaehtoisia kaikille.\n\t\n\n\t\tOikeusasiamiehelle tehdyss&auml; kantelussa arvosteltiin lukion rehtoria, joka ...<\/div><\/li><li><a href=\"https:\/\/vapaa-ajattelijat.fi\/helsinki\/helsinkilaisen-aidin-mietteita\/\">Helsinkil\u00e4isen \u00e4idin mietteit\u00e4<\/a><div class=\"lcp_excerpt\">\n\tSuurimmassa osassa peruskouluja k&auml;yd&auml;&auml;n kirkossa kouluajalla, ainakin joulukirkossa ja kev&auml;tkirkossa. (Nyky&auml;&auml;n ei kuitenkaan en&auml;&auml; kaikissa.) Kaikkien oletetaan l&auml;htev&auml;n mukaan, oppilaiden ja opettajien. Ei kerrota, ett&auml; kirkkoon meneminen ei oikeastaan ole ...<\/div><\/li><li><a href=\"https:\/\/vapaa-ajattelijat.fi\/helsinki\/kirja-arvostelu-raising-freethinkers\/\">Kirja-arvostelu: Raising Freethinkers<\/a><div class=\"lcp_excerpt\">\n\tRaising Freethinkers\n\n\n\tA Practical Guide for Parenting Beyond Belief\n\n\n\tDale McGowan, Molleen Matsumura, Amanda Metskas and Jan Devor\n\n\n\t\n\n\n\tRaising Freethinkers &ndash; Vapaa-ajattelijoita kasvattamassa. Kirja suorastaan hy&ouml;kk&auml;si silmilleni nettikirjakaupasta kes&auml;ll&auml; 2011, kun oma kriisini ...<\/div><\/li><li><a href=\"https:\/\/vapaa-ajattelijat.fi\/helsinki\/1329\/\">Iltap\u00e4iv\u00e4kerhotoiminnan tulee olla tunnustuksetonta<\/a><div class=\"lcp_excerpt\">\n\t\n\n\n\tPienten koululaisten iltap&auml;iv&auml;hoito on lakis&auml;&auml;teist&auml; kuntien vastuulla olevaa toimintaa. Silti siin&auml; voi olla uskonnon ja omantunnon vapauden ja lasten yhdenvertaisen kohtelun ongelmia. Ne ilmenev&auml;t l&auml;hinn&auml; kunnan seurakunnilta tai seurakuntayhtymilt&auml; hankkimissa ...<\/div><\/li><li><a href=\"https:\/\/vapaa-ajattelijat.fi\/helsinki\/lapsille-ja-nuorille-propagoimisesta\/\">Lapsille ja nuorille propagoimisesta<\/a><div class=\"lcp_excerpt\">\n\tHelsingin Vapaa-ajattelijoiden hallituksessa p&auml;&auml;tettiin t&auml;n&auml; vuonna ottaa kantaa uskontojen ja uskonnottomien asemaan p&auml;iv&auml;kodeissa ja kouluissa. Itsell&auml;ni ei ole j&auml;lkel&auml;isi&auml;, mutta voinhan min&auml;kin siit&auml; jotain sanoa koska olen lapsuudessa itsekin ollut.\n\n\n\tOttaisitko ...<\/div><\/li><li><a href=\"https:\/\/vapaa-ajattelijat.fi\/helsinki\/uskonnonopetuksen-vahentamisesta\/\">Uskonnonopetuksen v\u00e4hent\u00e4misest\u00e4<\/a><div class=\"lcp_excerpt\">\n\tPerusopetuslain mukaan &ldquo;opetuksen tavoitteena on tukea oppilaiden kasvua ihmisyyteen ja eettisesti vastuukykyiseen yhteiskunnan j&auml;senyyteen sek&auml; antaa heille el&auml;m&auml;ss&auml; tarpeellisia tietoja ja taitoja. &#8230; Opetuksen tulee edist&auml;&auml; sivistyst&auml; ja tasa-arvoisuutta yhteiskunnassa&rdquo;.\n\n\n\tSuomalaisen ...<\/div><\/li><li><a href=\"https:\/\/vapaa-ajattelijat.fi\/helsinki\/internet-mahdollistaa-toimivan-kansalaisyhteiskunnan\/\">Internet mahdollistaa toimivan kansalaisyhteiskunnan<\/a><div class=\"lcp_excerpt\">\n\tInternet mahdollistaa toimivan kansalaisyhteiskunnan\n\n\n\tInternet on merkitt&auml;v&auml; mielipiteen, maailmankuvien ja yhteiskunnan muokkaaja, niin hyv&auml;ss&auml;, kuin pahassa. Internetin avulla &auml;&auml;nens&auml; on saanut kuuluviin tahot, joilla ei ollut mit&auml;&auml;n mahdollisuutta suurempaan huomioon radion, ...<\/div><\/li><li><a href=\"https:\/\/vapaa-ajattelijat.fi\/helsinki\/huiluin-harpuin-ja-kanteluin\/\">Huiluin, harpuin ja kanteluin<\/a><div class=\"lcp_excerpt\">\n\n\t\tPakkouskonto\n\t\n\n\t\tEvankelisluterilaisen kirkon j&auml;senen on pakko opiskella koulussa uskontoa. Kirkon j&auml;senille el&auml;m&auml;nkatsomustiedon opiskelu on mahdollista vasta lukiossa ylim&auml;&auml;r&auml;isill&auml; kursseilla, mutta uskonnon oppim&auml;&auml;r&auml; on silti pakollinen. Kirkkoon kuulumaton oppilas kuitenkin saa ja ...<\/div><\/li><li><a href=\"https:\/\/vapaa-ajattelijat.fi\/helsinki\/kaikkivaltias-ja-hyva-jumala\/\">Kaikkivaltias ja hyv\u00e4 jumala<\/a><div class=\"lcp_excerpt\">\n\tKun ihmisi&auml; kohtaavat erilaiset, kammottavat, k&auml;rsimyst&auml; aiheuttavat katastrofit kuten tsunamit, joukkoampumiset ja muut, monia ihmisi&auml; koskevat onnettomuudet, pidet&auml;&auml;n niiden j&auml;lkeen s&auml;&auml;nn&ouml;nmukaisesti jumalanpalvelus. Mutta eik&ouml; kaikkivaltiasta jumalaa kohtaan pit&auml;isi j&auml;rjest&auml;&auml; silloin ...<\/div><\/li><li><a href=\"https:\/\/vapaa-ajattelijat.fi\/helsinki\/omantunnon-syyt-perusoikeuden-vaarana-tulkintana\/\">&#8221;Omantunnon syyt&#8221; perusoikeuden v\u00e4\u00e4r\u00e4n\u00e4 tulkintana<\/a><div class=\"lcp_excerpt\">\n\tPerustuslain (11 &sect;) mukaan &quot;kukaan ei ole velvollinen osallistumaan omantuntonsa vastaisesti uskonnon harjoittamiseen&quot;.\n\n\n\tT&auml;m&auml;n perusoikeuden toteutumista koulussa ja armeijassa Suomessa pyrit&auml;&auml;n haittaamaan otsikossa mainitulla k&auml;sitteell&auml; &quot;omantunnon syyt&quot;. N&auml;m&auml; valtion ja kunnan ...<\/div><\/li><li><a href=\"https:\/\/vapaa-ajattelijat.fi\/helsinki\/tunnusteluja-tunnustuksettomuuteen\/\">Tunnusteluja tunnustuksettomuuteen<\/a><div class=\"lcp_excerpt\">\n\t\n\tTamperelainen Petri Karisma on toiminut Vapaa-ajattelijain liiton puheenjohtajana vuodesta 2011 l&auml;htien.\n\n\n\tMaailmassa on valtiota, joissa uskonto on keskeinen yhteiskuntaa ohjaava tekij&auml;. Toisaalta on olemassa valtioita, joissa on pyritty v&auml;ltt&auml;m&auml;&auml;n uskonnon vaikutusta ...<\/div><\/li><li><a href=\"https:\/\/vapaa-ajattelijat.fi\/helsinki\/voi-minun-paiviani\/\">Voi minun P\u00e4ivi\u00e4ni<\/a><div class=\"lcp_excerpt\">\n\tVuoden 2011 eduskuntavaalien pesu-jytkyll&auml; oli varsin dramaattinen vaikutus Suomen hallitukseen. Pesuilla itsell&auml;&auml;n ei ollut t&auml;m&auml;n kanssa niink&auml;&auml;n tekemist&auml;. Heid&auml;n poliittiset aikaansaannokset ovat olleet t&auml;h&auml;n asti l&auml;hinn&auml; vittuilua ja satiirin viljely&auml;, ...<\/div><\/li><li><a href=\"https:\/\/vapaa-ajattelijat.fi\/helsinki\/uskonnon-vahingollisuudesta\/\">Uskonnon vahingollisuudesta<\/a><div class=\"lcp_excerpt\">\n\tOlin viime vuodenvaihteessa L&auml;nsi-Intiassa osallisena er&auml;&auml;n k&ouml;yh&auml;n hindun kamppailussa, koska h&auml;nen pappinsa oli tulkinnut h&auml;nen vatsavaivojen ja suolisto-ongelmien johtuvan, ei stressi per&auml;isest&auml; &auml;rtyneest&auml; paksusuolesta, vaan &auml;rtyneest&auml; jumalasta. Siis jostain niist&auml; ...<\/div><\/li><\/ul>\n","protected":false},"excerpt":{"rendered":"","protected":false},"author":19,"featured_media":0,"parent":1195,"menu_order":88,"comment_status":"open","ping_status":"open","template":"","meta":{"_eb_attr":"","footnotes":"","_links_to":"","_links_to_target":""},"class_list":["post-1367","page","type-page","status-publish","hentry"],"jetpack_sharing_enabled":true,"jetpack_shortlink":"https:\/\/wp.me\/PaH06I-m3","_links":{"self":[{"href":"https:\/\/vapaa-ajattelijat.fi\/helsinki\/wp-json\/wp\/v2\/pages\/1367","targetHints":{"allow":["GET"]}}],"collection":[{"href":"https:\/\/vapaa-ajattelijat.fi\/helsinki\/wp-json\/wp\/v2\/pages"}],"about":[{"href":"https:\/\/vapaa-ajattelijat.fi\/helsinki\/wp-json\/wp\/v2\/types\/page"}],"author":[{"embeddable":true,"href":"https:\/\/vapaa-ajattelijat.fi\/helsinki\/wp-json\/wp\/v2\/users\/19"}],"replies":[{"embeddable":true,"href":"https:\/\/vapaa-ajattelijat.fi\/helsinki\/wp-json\/wp\/v2\/comments?post=1367"}],"version-history":[{"count":5,"href":"https:\/\/vapaa-ajattelijat.fi\/helsinki\/wp-json\/wp\/v2\/pages\/1367\/revisions"}],"predecessor-version":[{"id":2231,"href":"https:\/\/vapaa-ajattelijat.fi\/helsinki\/wp-json\/wp\/v2\/pages\/1367\/revisions\/2231"}],"up":[{"embeddable":true,"href":"https:\/\/vapaa-ajattelijat.fi\/helsinki\/wp-json\/wp\/v2\/pages\/1195"}],"wp:attachment":[{"href":"https:\/\/vapaa-ajattelijat.fi\/helsinki\/wp-json\/wp\/v2\/media?parent=1367"}],"curies":[{"name":"wp","href":"https:\/\/api.w.org\/{rel}","templated":true}]}}