{"id":1357,"date":"2015-06-27T00:41:35","date_gmt":"2015-06-26T21:41:35","guid":{"rendered":"http:\/\/vapaa-ajattelijat.fi\/helsinki\/?page_id=1357"},"modified":"2023-10-19T15:45:47","modified_gmt":"2023-10-19T12:45:47","slug":"uskomaton-2011","status":"publish","type":"page","link":"https:\/\/vapaa-ajattelijat.fi\/helsinki\/uskomaton-lehti\/uskomaton-2011\/","title":{"rendered":"Uskomaton 2011"},"content":{"rendered":"<p><a href=\"http:\/\/vapaa-ajattelijat.fi\/helsinki\/wp-content\/uploads\/sites\/5\/2015\/06\/uskomatonlehti.pdf\"><img loading=\"lazy\" decoding=\"async\" data-attachment-id=\"1278\" data-permalink=\"https:\/\/vapaa-ajattelijat.fi\/helsinki\/uskomaton-lehti\/uskomaton2011\/\" data-orig-file=\"https:\/\/vapaa-ajattelijat.fi\/helsinki\/wp-content\/uploads\/sites\/5\/2015\/06\/uskomaton2011.png\" data-orig-size=\"598,888\" data-comments-opened=\"1\" data-image-meta=\"{&quot;aperture&quot;:&quot;0&quot;,&quot;credit&quot;:&quot;&quot;,&quot;camera&quot;:&quot;&quot;,&quot;caption&quot;:&quot;&quot;,&quot;created_timestamp&quot;:&quot;0&quot;,&quot;copyright&quot;:&quot;&quot;,&quot;focal_length&quot;:&quot;0&quot;,&quot;iso&quot;:&quot;0&quot;,&quot;shutter_speed&quot;:&quot;0&quot;,&quot;title&quot;:&quot;&quot;,&quot;orientation&quot;:&quot;0&quot;}\" data-image-title=\"uskomaton2011\" data-image-description=\"\" data-image-caption=\"\" data-large-file=\"https:\/\/vapaa-ajattelijat.fi\/helsinki\/wp-content\/uploads\/sites\/5\/2015\/06\/uskomaton2011.png\" class=\"alignright size-medium wp-image-1278\" src=\"http:\/\/vapaa-ajattelijat.fi\/helsinki\/wp-content\/uploads\/sites\/5\/2015\/06\/uskomaton2011-202x300.png\" alt=\"uskomaton2011\" width=\"202\" height=\"300\" srcset=\"https:\/\/vapaa-ajattelijat.fi\/helsinki\/wp-content\/uploads\/sites\/5\/2015\/06\/uskomaton2011-202x300.png 202w, https:\/\/vapaa-ajattelijat.fi\/helsinki\/wp-content\/uploads\/sites\/5\/2015\/06\/uskomaton2011-67x100.png 67w, https:\/\/vapaa-ajattelijat.fi\/helsinki\/wp-content\/uploads\/sites\/5\/2015\/06\/uskomaton2011.png 598w\" sizes=\"(max-width: 202px) 100vw, 202px\" \/><\/a><br \/>\n<ul class=\"lcp_catlist\" id=\"lcp_instance_0\"><li><a href=\"https:\/\/vapaa-ajattelijat.fi\/helsinki\/paakirjoitus\/\">P\u00e4\u00e4kirjoitus<\/a><div class=\"lcp_excerpt\">\n\tUskonnollinen kasvihuoneilmi&ouml; irrallaan kansalaisten arkitodellisuudesta\n\n\n\tSuomalaisten enemmist&ouml; el&auml;&auml; arkea, sunnuntaita ja kirkkopyhi&auml; varsin uskonnottomasti. T&auml;st&auml; kertoo havaintojen lis&auml;ksi tuore kansainv&auml;linen, yhteiskunnallisen tietoarkiston julkaisema haastattelututkimus. Vain joka viides vastaaja sanoo osallistuvansa uskonnollisiin ...<\/div><\/li><li><a href=\"https:\/\/vapaa-ajattelijat.fi\/helsinki\/omantunnon-vapaus-on-positiivinen-oikeus\/\">Omantunnon vapaus on positiivinen oikeus<\/a><div class=\"lcp_excerpt\">\n\tUskonnottomien ihmisten omantunnon vapauden toteuttamiseen p&auml;iv&auml;hoidossa, koulussa ja armeijassa tarvitaan aivan uutta ajattelua ja asennetta. Yksil&ouml;ll&auml; on positiivinen oikeus ilmaista vakaumuksensa ja el&auml;&auml; suhteessa muihin ihmisiin tavalla, joka vastaa ja ...<\/div><\/li><li><a href=\"https:\/\/vapaa-ajattelijat.fi\/helsinki\/uskonnoton-paivakodissa\/\">Uskonnoton p\u00e4iv\u00e4kodissa<\/a><div class=\"lcp_excerpt\">\n\tP&auml;iv&auml;koti- ja esikouluik&auml;isten uskonnottomien lasten vanhemmat Nora Luoto, Satu Siltaloppi ja Markku P&auml;&auml;kk&ouml;nen rupattelivat lastensa p&auml;iv&auml;hoidosta teemalla &quot;onko ollut ongelmia uskonnottomuuden kanssa p&auml;iv&auml;kodissa?&quot;\n\n\n\tOnko p&auml;iv&auml;kodeissa uskonnottomia?&nbsp;\n\n\n\tSatu: Felix meni p&auml;iv&auml;kotiin, joka oli ...<\/div><\/li><li><a href=\"https:\/\/vapaa-ajattelijat.fi\/helsinki\/kirkollisiin-juttuihin-ei-ole-pakko-osallistua\/\">Kirkollisiin juttuihin ei ole pakko osallistua<\/a><div class=\"lcp_excerpt\">\n\tKirkollisiin juttuihin ei ole pakko osallistua\n\n\n\tKodin katsomusperinteen kunnioittaminen sis&auml;ltyy p&auml;iv&auml;hoitolakiin. Jos kodissaei uskontoa harjoiteta, rukoilu ja kirkossa k&auml;ynti eiv&auml;t kuulu el&auml;m&auml;ntapaan, vanhemmat voivat sanoa, ett&auml; sit&auml; kunnioitettaisiin my&ouml;s p&auml;iv&auml;kodissa. N&auml;in ...<\/div><\/li><li><a href=\"https:\/\/vapaa-ajattelijat.fi\/helsinki\/rajalla\/\">Rajalla<\/a><div class=\"lcp_excerpt\">\n\tOlin lapsena viehtynyt fiktiivisiin tarinoihin.Pidin siit&auml;, ett&auml; minulle luettiin tai joku muu luki minulle. Visuaalinen tarinankerronta elokuvista lastenohjelmiin sai vastaan saman innostuksen ja piirrettyjen voima saattoi hypnotisoida ruudun &auml;&auml;reen moneksi ...<\/div><\/li><li><a href=\"https:\/\/vapaa-ajattelijat.fi\/helsinki\/kirkolla-kohtuuton-erityisasema-espoon-kouluissa\/\">Kirkolla kohtuuton erityisasema Espoon kouluissa<\/a><div class=\"lcp_excerpt\">\n\tEspoon kaupungin ja Espoon seurakuntayhtym&auml;n tekem&auml;st&auml;yhteisty&ouml;sopimuksesta on kanneltu Etel&auml;-Suomen aluehallintovirastolle. Vapaa-ajattelijoiden tekem&auml;ss&auml; kantelussa katsotaan yhteisty&ouml;sopimuksen rikkovan perustuslain yhdenvertaisuusperiaatetta ja muita s&auml;&auml;nn&ouml;ksi&auml; sek&auml; suovan evankelisluterilaisille seurakunnille kohtuuttoman erityiskohtelun muihin uskontoihin ja ...<\/div><\/li><li><a href=\"https:\/\/vapaa-ajattelijat.fi\/helsinki\/uteliasta-pohdintaa-prometheus-leirilla\/\">Uteliasta pohdintaa Prometheus-leirill\u00e4<\/a><div class=\"lcp_excerpt\">\n\tPrometheus-leiri oli selke&auml;sti el&auml;m&auml;ni suurimpia kohokohtia. Olin k&auml;ynyt jo edellisen&auml; vuonna riparinkin, mutta tuo yksi leiriviikko el&auml;m&auml;ss&auml;ni ylitti kaikki muut. Ikin&auml; en ole ollut onnellisempi. Nyt olen jo vuoden toiminut ...<\/div><\/li><li><a href=\"https:\/\/vapaa-ajattelijat.fi\/helsinki\/prometheus-leirilla-kasvetaan-itseksi\/\">Prometheus-leirill\u00e4 kasvetaan itseksi<\/a><div class=\"lcp_excerpt\">\n\tPrometheus-leiri on n. 14- 15 -vuotiaille suunnattu leiri, jonka on tarkoitus tukea nuorten oman maailmankatsomuksen muotoutumista. Vuosittain j&auml;rjestet&auml;&auml;n my&ouml;s muutama ns. seniorileiri, joihin osallistuu 16-19-vuotiaita nuoria. 2011 kes&auml;ll&auml; kokeiltiin ensimm&auml;ist&auml; ...<\/div><\/li><li><a href=\"https:\/\/vapaa-ajattelijat.fi\/helsinki\/kirkkoon-kuulumattomien-syrjintaa-puolustusvoimissa\/\">Kirkkoon kuulumattomien syrjint\u00e4\u00e4 puolustusvoimissa<\/a><div class=\"lcp_excerpt\">\n\tEduskunnan apulaisoikeusasiamies Jussi Pajuoja on saanut pohtia kes&auml;n yli Puolustusvoimien ongelmia koskien varusmiesten uskonnon ja omantunnon vapautta sek&auml; yhdenvertaista kohtelua. P&auml;&auml;esikunta vastasi kes&auml;kuussa apulaisoikeusasiamiehen esitt&auml;m&auml;&auml;n selvityspyynt&ouml;&ouml;n ns. negatiivisen uskonnonvapauden toteuttamista. ...<\/div><\/li><li><a href=\"https:\/\/vapaa-ajattelijat.fi\/helsinki\/uskonto-ja-seksi-kivulias-yhdistelma\/\">Uskonto ja seksi \u2013 kivulias yhdistelm\u00e4<\/a><div class=\"lcp_excerpt\">\n\tFilosofi Bertrand Russell kirjoitti 1900-luvun alussa, ett&auml; lasten pit&auml;minen tiet&auml;m&auml;tt&ouml;min&auml; seksiasioista johtaa suurempiin ongelmiin kuin heid&auml;n tiedonjanoonsa vastaaminen. H&auml;nen argumenttinsa on yll&auml;tt&auml;v&auml;n ajankohtainen, vaikka siit&auml; on aikaa jo sata vuotta.\n\n\n\tKiellot ...<\/div><\/li><li><a href=\"https:\/\/vapaa-ajattelijat.fi\/helsinki\/seksuaaliset-oikeudet-sekularismin-satoa\/\">Seksuaaliset oikeudet sekularismin satoa<\/a><div class=\"lcp_excerpt\">\n\tUskonnoilla, erityisesti kristinuskolla ja islamilla on pitk&auml;t perinteet ihmisten sukupuolisen k&auml;ytt&auml;ytymisen s&auml;&auml;ntelyss&auml; ja rajoittamisessa. Usein ankarilla rajoituksilla on ollut ja on yh&auml; vahingollinen vaikutus ihmisten vapauteen, onnellisuuteen sek&auml; seksuaaliterveyteen.\n\n\n\tUskonnon valta-aseman ...<\/div><\/li><li><a href=\"https:\/\/vapaa-ajattelijat.fi\/helsinki\/viimeinen-punkkari-kaapista-ulos\/\">Viimeinen punkkari kaapista ulos!<\/a><div class=\"lcp_excerpt\">\n\tMakla Laineesta piti lapsena tulla pappi, mutta el&auml;m&auml; ohjasi h&auml;net toisenlaiselle uralle. Pappia h&auml;nest&auml; oli toivonut uskonnollinen kummit&auml;ti, joka pyrki kasvattamaan h&auml;nt&auml; uskoon. Kummit&auml;ti kuitenkin kuoli Laineen ollessa vasta kymmenvuotias. ...<\/div><\/li><li><a href=\"https:\/\/vapaa-ajattelijat.fi\/helsinki\/kirkko-tuo-brandiaan-torille-isolla-rahalla\/\">Kirkko tuo br\u00e4ndi\u00e4\u00e4n torille isolla rahalla<\/a><div class=\"lcp_excerpt\">\n\tHelsingin kaupunginvaltuusto hyv&auml;ksyi ev.lut. seurakuntien hankkeen uudesta erillisest&auml; kappelirakennuksesta Narikkatorille, Kampin kauppakeskuksen ja bussiterminaalin l&auml;heisyyteen. Kappelia markkinoitiin yht&auml;&auml;lt&auml; hiljentymistilana ja toisaalta sosiaalitoimen uutena palvelutoimitilana, vaikka yhdist&auml;minen lienee haastellista kun sosiaalipalveluissa ...<\/div><\/li><li><a href=\"https:\/\/vapaa-ajattelijat.fi\/helsinki\/oliko-kirkko-hyvinvointivaltion-ja-tasa-arvon-luoja\/\">Oliko kirkko hyvinvointivaltion ja tasa-arvon luoja?<\/a><div class=\"lcp_excerpt\">\n\tHelsingin Sanomiin Tuomas Nevanlinnan ja Jukka Relanderin tuoreesta kirjasta &quot;Uskon sanat&quot; arvostelun kirjoittanut Jussi Ahlroth toteaa arvostelussaan, ett&auml; &quot;Maallistumisen my&ouml;t&auml; kristillisest&auml; virtuaalisesta yhteis&ouml;st&auml; on tullut valtavirtaa. Kirjoittajien mukaan t&auml;st&auml; todistavat ...<\/div><\/li><li><a href=\"https:\/\/vapaa-ajattelijat.fi\/helsinki\/onko-uskonnoton-moraaliton\/\">Onko uskonnoton moraaliton?<\/a><div class=\"lcp_excerpt\">\n\tJuttelin n&auml;yttelij&auml; Pirjo Luoma-ahon kanssa Lallukan taiteilijakodin puutarhapihalla aurinkoisena iltap&auml;iv&auml;n&auml; hein&auml;kuussa uskonnosta, moraalista ja uskonnottomasta el&auml;m&auml;st&auml;.\n\n\n\tPirjo, onko uskonnoton moraaliton?\n\n\n\t&#8211; Ei tietenk&auml;&auml;n ole. Olen kyll&auml; saanut kristillisen kasvatuksen koulussa &#8211; en ...<\/div><\/li><li><a href=\"https:\/\/vapaa-ajattelijat.fi\/helsinki\/miksi-en-usko-miksi-uskoisin\/\">Miksi en usko \u2013 miksi uskoisin?<\/a><div class=\"lcp_excerpt\">\n\t&quot;M&auml; en muuten usko joulupukkiin, Lasse&quot;. &quot;Ai, en m&auml;k&auml;&auml;n ja musta tuntuu, et se on toi Kuhaj&auml;rven Seppo&quot;. T&auml;m&auml; sanailu k&auml;ytiin Helsingin Pukinm&auml;ess&auml; kes&auml;ll&auml; vuonna 1959 er&auml;&auml;n omakotitalon pihamaalla. Puhujat ...<\/div><\/li><li><a href=\"https:\/\/vapaa-ajattelijat.fi\/helsinki\/vakaumuksen-kunnioittaminen-sairaaloissa\/\">Vakaumuksen kunnioittaminen sairaaloissa<\/a><div class=\"lcp_excerpt\">\n\n\t\tUskonnottomien vakaumuksen kunnioittaminen sairaalassa\n\t\n\n\t\tSosiaaliset tavat:&nbsp;Perheen ja yst&auml;vien merkitys korostuu ihmisen sairastaessa.&nbsp;\n\t\n\n\t\tUskonnolliset toimitukset:&nbsp;Ei uskonnollisia toimituksia, ei siis my&ouml;sk&auml;&auml;n h&auml;t&auml;kastetta. Vanhempien toivomuksesta lapselle voidaan antaa nimi.&nbsp;\n\t\n\n\t\tKuoleva potilas:&nbsp;Rauhallinen ymp&auml;rist&ouml;, mieluiten oma huone, jossa ...<\/div><\/li><li><a href=\"https:\/\/vapaa-ajattelijat.fi\/helsinki\/tietopankki-kuolemantapauksen-varalle\/\">Tietopankki kuolemantapauksen varalle<\/a><div class=\"lcp_excerpt\">\n\tHautaamiseen liittyv&auml;&auml; asiaa ja terminologiaa\n\n\n\tTahdon siviilihautajaiset\n\n\n\tJokainen voi tehd&auml; kuoleman varalle ruumiinsa hautaamista koskevan kirjallisen tahdonilmaisun. Sen voi tehd&auml; i&auml;st&auml; riippumatta niin kuin vakavaa sairastumista koskevan kirjallisen hoitotahdonkin. Ruumiinsa voi halutessaan ...<\/div><\/li><li><a href=\"https:\/\/vapaa-ajattelijat.fi\/helsinki\/milloin-viikin-tunnustukseton-hautausmaa-toteutuu\/\">Milloin Viikin tunnustukseton hautausmaa toteutuu?<\/a><div class=\"lcp_excerpt\">\n\tVapaa-ajattelijat ovat pitk&auml;&auml;n esitt&auml;neet tunnustuksetonta hautausmaata Helsinkiin. Hanke eteni, kun kaupunki 1990-luvulla kaavoitti Viikkiin kauniille paikalle uurnahautausmaaalueen. Alueelle tehtiin my&ouml;s maank&auml;ytt&ouml;suunnitelma.\n\n\n\tPys&auml;hdys tuli 2003, kun uusi hautaustoimilaki antoi ev.lut. seurakuntien hautausmaille ...<\/div><\/li><li><a href=\"https:\/\/vapaa-ajattelijat.fi\/helsinki\/isa-poika-ja-box-office-hitit\/\">Is\u00e4, poika ja box office -hitit<\/a><div class=\"lcp_excerpt\">\n\tKeskiajan ihmisen maailma vilisi henki&auml; ja jumalia. Jumalan tuntemiseksi ei tarvittu edes lukutaitoa vaan riitti kun kuunteli hengenihmisten kertomuksia vapahtajasta ja taivaan is&auml;st&auml;.\n\n\n\tTieto jumalasta, h&auml;nen ominaisuuksistaan, persoonastaan ja etenkin h&auml;nen ...<\/div><\/li><li><a href=\"https:\/\/vapaa-ajattelijat.fi\/helsinki\/kriisiapua-on-saatavilla-ilman-uskontoakin\/\">Kriisiapua on saatavilla ilman uskontoakin<\/a><div class=\"lcp_excerpt\">\n\n\t\tKunnallinen kriisip&auml;ivystys &#8211; henkist&auml; ensiapua ja tukea kriisitilanteissa\n\t\n\n\t\tSosiaalip&auml;ivystyksen kriisiyksikk&ouml;\n\t\tKriisip&auml;ivystys toimii psykososiaalisen tuen ensih&auml;lytysyksikk&ouml;n&auml; ja p&auml;ivyst&auml;&auml; vuorokauden jokaisena tuntina. Kriisity&ouml;ntekij&auml;t antavat henkist&auml; ensiapua puhelimitse, tekev&auml;t tarvittaessa kotik&auml;yntej&auml;, tulevat onnettomuuspaikoille, selvitt&auml;v&auml;t jatkopalveluiden ...<\/div><\/li><li><a href=\"https:\/\/vapaa-ajattelijat.fi\/helsinki\/eroakirkosta-fi-nain-mina-sen-koen\/\">Eroakirkosta.fi &#8211; n\u00e4in min\u00e4 sen koen<\/a><div class=\"lcp_excerpt\">\n\tEroakirkosta.fi -palvelu on ollut mahtava matka kansalaisvaikuttamiseen ja se on mahdollistanut ty&ouml;skentelyn hienojen ihmisten kanssa. Sen avulla on tullut n&auml;hty&auml;, miten pienikin toimija voi saada sanansa kuuluviin, kun ymm&auml;rt&auml;&auml; vet&auml;&auml; ...<\/div><\/li><\/ul><\/p>\n","protected":false},"excerpt":{"rendered":"","protected":false},"author":19,"featured_media":0,"parent":1195,"menu_order":89,"comment_status":"open","ping_status":"open","template":"","meta":{"_eb_attr":"","footnotes":"","_links_to":"","_links_to_target":""},"class_list":["post-1357","page","type-page","status-publish","hentry"],"jetpack_sharing_enabled":true,"jetpack_shortlink":"https:\/\/wp.me\/PaH06I-lT","_links":{"self":[{"href":"https:\/\/vapaa-ajattelijat.fi\/helsinki\/wp-json\/wp\/v2\/pages\/1357","targetHints":{"allow":["GET"]}}],"collection":[{"href":"https:\/\/vapaa-ajattelijat.fi\/helsinki\/wp-json\/wp\/v2\/pages"}],"about":[{"href":"https:\/\/vapaa-ajattelijat.fi\/helsinki\/wp-json\/wp\/v2\/types\/page"}],"author":[{"embeddable":true,"href":"https:\/\/vapaa-ajattelijat.fi\/helsinki\/wp-json\/wp\/v2\/users\/19"}],"replies":[{"embeddable":true,"href":"https:\/\/vapaa-ajattelijat.fi\/helsinki\/wp-json\/wp\/v2\/comments?post=1357"}],"version-history":[{"count":5,"href":"https:\/\/vapaa-ajattelijat.fi\/helsinki\/wp-json\/wp\/v2\/pages\/1357\/revisions"}],"predecessor-version":[{"id":1879,"href":"https:\/\/vapaa-ajattelijat.fi\/helsinki\/wp-json\/wp\/v2\/pages\/1357\/revisions\/1879"}],"up":[{"embeddable":true,"href":"https:\/\/vapaa-ajattelijat.fi\/helsinki\/wp-json\/wp\/v2\/pages\/1195"}],"wp:attachment":[{"href":"https:\/\/vapaa-ajattelijat.fi\/helsinki\/wp-json\/wp\/v2\/media?parent=1357"}],"curies":[{"name":"wp","href":"https:\/\/api.w.org\/{rel}","templated":true}]}}