{"id":1195,"date":"2015-06-26T22:22:01","date_gmt":"2015-06-26T19:22:01","guid":{"rendered":"http:\/\/vapaa-ajattelijat.fi\/helsinki\/?page_id=1195"},"modified":"2022-10-07T20:15:15","modified_gmt":"2022-10-07T17:15:15","slug":"uskomaton-lehti","status":"publish","type":"page","link":"https:\/\/vapaa-ajattelijat.fi\/helsinki\/uskomaton-lehti\/","title":{"rendered":"Uskomaton Lehti"},"content":{"rendered":"<p>&nbsp;<\/p>\n<p style=\"font-weight: 400\"><strong>Uskomaton-lehti<\/strong><\/p>\n<p style=\"font-weight: 400\">on Helsingin seudun vapaa-ajattelijain vuodesta 2011 alkaen julkaisema ilmaisjakelulehti. Sen on yleens\u00e4 ollut jaossa my\u00f6s Voima-lehden liitteen\u00e4. Sek\u00e4 tietenkin j\u00e4senille postitse.<\/p>\n<p>Vuodesta 2019 alkaen sit\u00e4 on julkaistu yhteisty\u00f6ss\u00e4 Vapaa Ajattelija -lehden kanssa. Vapaa Ajattelija ilmestyy nelj\u00e4 kertaa vuodessa Vapaa-ajattelijain liiton kustantamana, ja yksi numeroista on laajalevikkinen Uskomaton-lehti.<\/p>\n<p>Alla linkit lehden numeroihin vuosien varrelta 2011. Uskallamme suositella selaamista.<\/p>\n<p><a href=\"https:\/\/vapaa-ajattelijat.fi\/helsinki\/?page_id=1357\">2011<\/a>\u00a0\u00a0<a href=\"https:\/\/vapaa-ajattelijat.fi\/helsinki\/?page_id=1367\">2012<\/a> \u00a0<a href=\"https:\/\/vapaa-ajattelijat.fi\/helsinki\/?page_id=1401\">2013<\/a>\u00a0\u00a0<a href=\"https:\/\/vapaa-ajattelijat.fi\/helsinki\/?page_id=1434\">2014<\/a><\/p>\n<p><a href=\"https:\/\/vapaa-ajattelijat.fi\/helsinki\/?page_id=1518\">2015<\/a>\u00a0\u00a0<a href=\"https:\/\/vapaa-ajattelijat.fi\/helsinki\/?page_id=1659\">2016<\/a> \u00a0<a href=\"https:\/\/vapaa-ajattelijat.fi\/helsinki\/?page_id=1804\">2017<\/a>\u00a0\u00a0<a href=\"https:\/\/vapaa-ajattelijat.fi\/helsinki\/?page_id=1872\">2018<\/a><\/p>\n<p><a href=\"https:\/\/vapaa-ajattelijat.fi\/blog\/2019\/11\/23\/va-2019-3\/\" target=\"_blank\" rel=\"noopener\">2019<\/a>\u00a0\u00a0<a href=\"https:\/\/vapaa-ajattelijat.fi\/blog\/2020\/11\/16\/va-3-2020\/\" target=\"_blank\" rel=\"noopener\">2020<\/a> \u00a0<a href=\"https:\/\/vapaa-ajattelijat.fi\/blog\/2021\/10\/04\/vapaa-ajattelija-2021-3\/\" target=\"_blank\" rel=\"noopener\">2021<\/a>\u00a0\u00a0<a href=\"https:\/\/vapaa-ajattelijat.fi\/blog\/lehti\/vapaa-ajattelija-2-2022\/\" target=\"_blank\" rel=\"noopener\">2022<\/a><\/p>\n","protected":false},"excerpt":{"rendered":"<p>&nbsp; Uskomaton-lehti on Helsingin seudun vapaa-ajattelijain vuodesta 2011 alkaen julkaisema ilmaisjakelulehti. Sen on yleens\u00e4 ollut jaossa my\u00f6s Voima-lehden liitteen\u00e4. Sek\u00e4 tietenkin j\u00e4senille postitse. Vuodesta 2019 alkaen sit\u00e4 on julkaistu yhteisty\u00f6ss\u00e4 [&hellip;]<\/p>\n","protected":false},"author":19,"featured_media":0,"parent":0,"menu_order":6,"comment_status":"open","ping_status":"open","template":"","meta":{"_eb_attr":"","footnotes":"","_links_to":"","_links_to_target":""},"class_list":["post-1195","page","type-page","status-publish","hentry"],"jetpack_sharing_enabled":true,"jetpack_shortlink":"https:\/\/wp.me\/PaH06I-jh","_links":{"self":[{"href":"https:\/\/vapaa-ajattelijat.fi\/helsinki\/wp-json\/wp\/v2\/pages\/1195","targetHints":{"allow":["GET"]}}],"collection":[{"href":"https:\/\/vapaa-ajattelijat.fi\/helsinki\/wp-json\/wp\/v2\/pages"}],"about":[{"href":"https:\/\/vapaa-ajattelijat.fi\/helsinki\/wp-json\/wp\/v2\/types\/page"}],"author":[{"embeddable":true,"href":"https:\/\/vapaa-ajattelijat.fi\/helsinki\/wp-json\/wp\/v2\/users\/19"}],"replies":[{"embeddable":true,"href":"https:\/\/vapaa-ajattelijat.fi\/helsinki\/wp-json\/wp\/v2\/comments?post=1195"}],"version-history":[{"count":27,"href":"https:\/\/vapaa-ajattelijat.fi\/helsinki\/wp-json\/wp\/v2\/pages\/1195\/revisions"}],"predecessor-version":[{"id":2330,"href":"https:\/\/vapaa-ajattelijat.fi\/helsinki\/wp-json\/wp\/v2\/pages\/1195\/revisions\/2330"}],"wp:attachment":[{"href":"https:\/\/vapaa-ajattelijat.fi\/helsinki\/wp-json\/wp\/v2\/media?parent=1195"}],"curies":[{"name":"wp","href":"https:\/\/api.w.org\/{rel}","templated":true}]}}