{"id":1174,"date":"2015-06-10T21:00:02","date_gmt":"2015-06-10T18:00:02","guid":{"rendered":"http:\/\/vapaa-ajattelijat.fi\/helsinkiuusi\/?page_id=1174"},"modified":"2021-08-17T09:34:19","modified_gmt":"2021-08-17T06:34:19","slug":"jaseneksi","status":"publish","type":"page","link":"https:\/\/vapaa-ajattelijat.fi\/helsinki\/jaseneksi\/","title":{"rendered":"J\u00e4seneksi"},"content":{"rendered":"<p>J\u00e4seneksemme liityt k\u00e4tev\u00e4sti Vapaa-ajattelijain j\u00e4senhakulinkin kautta.<\/p>\n<p><a href=\"https:\/\/vapaa-ajattelijat.fi\/liity-jaseneksi\/\" target=\"_blank\" rel=\"noopener\" data-saferedirecturl=\"https:\/\/www.google.com\/url?q=https:\/\/vapaa-ajattelijat.fi\/liity-jaseneksi\/&amp;source=gmail&amp;ust=1629265603035000&amp;usg=AFQjCNH77oaOkbhDBqnR1OOzK9TtoJrDkQ\">https:\/\/vapaa-ajattelijat.fi\/liity-jaseneksi\/<\/a><\/p>\n","protected":false},"excerpt":{"rendered":"<p>J\u00e4seneksemme liityt k\u00e4tev\u00e4sti Vapaa-ajattelijain j\u00e4senhakulinkin kautta. https:\/\/vapaa-ajattelijat.fi\/liity-jaseneksi\/<\/p>\n","protected":false},"author":19,"featured_media":0,"parent":0,"menu_order":1,"comment_status":"open","ping_status":"closed","template":"","meta":{"_eb_attr":"","footnotes":"","_links_to":"","_links_to_target":""},"class_list":["post-1174","page","type-page","status-publish","hentry"],"jetpack_sharing_enabled":true,"jetpack_shortlink":"https:\/\/wp.me\/PaH06I-iW","_links":{"self":[{"href":"https:\/\/vapaa-ajattelijat.fi\/helsinki\/wp-json\/wp\/v2\/pages\/1174","targetHints":{"allow":["GET"]}}],"collection":[{"href":"https:\/\/vapaa-ajattelijat.fi\/helsinki\/wp-json\/wp\/v2\/pages"}],"about":[{"href":"https:\/\/vapaa-ajattelijat.fi\/helsinki\/wp-json\/wp\/v2\/types\/page"}],"author":[{"embeddable":true,"href":"https:\/\/vapaa-ajattelijat.fi\/helsinki\/wp-json\/wp\/v2\/users\/19"}],"replies":[{"embeddable":true,"href":"https:\/\/vapaa-ajattelijat.fi\/helsinki\/wp-json\/wp\/v2\/comments?post=1174"}],"version-history":[{"count":3,"href":"https:\/\/vapaa-ajattelijat.fi\/helsinki\/wp-json\/wp\/v2\/pages\/1174\/revisions"}],"predecessor-version":[{"id":2216,"href":"https:\/\/vapaa-ajattelijat.fi\/helsinki\/wp-json\/wp\/v2\/pages\/1174\/revisions\/2216"}],"wp:attachment":[{"href":"https:\/\/vapaa-ajattelijat.fi\/helsinki\/wp-json\/wp\/v2\/media?parent=1174"}],"curies":[{"name":"wp","href":"https:\/\/api.w.org\/{rel}","templated":true}]}}