{"id":1161,"date":"2015-06-10T20:48:32","date_gmt":"2015-06-10T17:48:32","guid":{"rendered":"http:\/\/vapaa-ajattelijat.fi\/helsinkiuusi\/?page_id=1161"},"modified":"2025-01-11T21:55:44","modified_gmt":"2025-01-11T19:55:44","slug":"hallitus","status":"publish","type":"page","link":"https:\/\/vapaa-ajattelijat.fi\/helsinki\/yhdistyksemme\/hallitus\/","title":{"rendered":"Hallitus"},"content":{"rendered":"<h2 class=\"contentheading\">Hallitus vuodelle 2025<\/h2>\n<h4><\/h4>\n<h4><a title=\"\" href=\"http:\/\/vapaa-ajattelijat.fi\/helsinki\/wp-content\/uploads\/sites\/5\/2015\/06\/vaball.png\" target=\"\" rel=\"noopener\"><img decoding=\"async\" data-attachment-id=\"1459\" data-permalink=\"https:\/\/vapaa-ajattelijat.fi\/helsinki\/yhdistyksemme\/hallitus\/vaball\/\" data-orig-file=\"https:\/\/vapaa-ajattelijat.fi\/helsinki\/wp-content\/uploads\/sites\/5\/2015\/06\/vaball.png\" data-orig-size=\"1000,1001\" data-comments-opened=\"1\" data-image-meta=\"{&quot;aperture&quot;:&quot;0&quot;,&quot;credit&quot;:&quot;&quot;,&quot;camera&quot;:&quot;&quot;,&quot;caption&quot;:&quot;&quot;,&quot;created_timestamp&quot;:&quot;0&quot;,&quot;copyright&quot;:&quot;&quot;,&quot;focal_length&quot;:&quot;0&quot;,&quot;iso&quot;:&quot;0&quot;,&quot;shutter_speed&quot;:&quot;0&quot;,&quot;title&quot;:&quot;&quot;,&quot;orientation&quot;:&quot;0&quot;}\" data-image-title=\"vaball\" data-image-description=\"\" data-image-caption=\"\" data-large-file=\"https:\/\/vapaa-ajattelijat.fi\/helsinki\/wp-content\/uploads\/sites\/5\/2015\/06\/vaball.png\" class=\"alignright size-medium wp-image-1459\" title=\"\" src=\"http:\/\/vapaa-ajattelijat.fi\/helsinki\/wp-content\/uploads\/sites\/5\/2015\/06\/vaball-300x300.png\" alt=\"vaball\" width=\"180\" height=\"180\" srcset=\"https:\/\/vapaa-ajattelijat.fi\/helsinki\/wp-content\/uploads\/sites\/5\/2015\/06\/vaball-300x300.png 300w, https:\/\/vapaa-ajattelijat.fi\/helsinki\/wp-content\/uploads\/sites\/5\/2015\/06\/vaball-100x100.png 100w, https:\/\/vapaa-ajattelijat.fi\/helsinki\/wp-content\/uploads\/sites\/5\/2015\/06\/vaball.png 1000w\" sizes=\"(max-width: 180px) 100vw, 180px\" \/><\/a><\/h4>\n<p>Syyskokouksessa 23.11.2024 valittiin yhdistyksen puheenjohtaja ja muut hallituksen j\u00e4senet kaudelle 2025 sek\u00e4 toiminnantarkastaja.<\/p>\n<h4>Varsinaiset j\u00e4senet<\/h4>\n<p>Puheenjohtaja: Esa Ylikoski<br \/>\nMuut j\u00e4senet: Janne Karjalainen, Reeta Laitinen, Sari Lepp\u00e4nen Kerttu Loukola, Thomas Mangs, Binar Mustafa, Lauri Ojala (uusi), Siiri Salminen (uusi)<\/p>\n<h4>Varaj\u00e4senet<\/h4>\n<p>Lauri Honka, Kalevi H\u00f6ltt\u00e4, Kukka Kumpulainen (uusi) ja Henrik Sawela<\/p>\n<h4>Taloudenhoitaja:<\/h4>\n<p>Marja Vinni<\/p>\n<h4>Toiminnantarkastaja:<\/h4>\n<p>Kirsi Wahlstr\u00f6m, varalla Pirjo Kumlin<\/p>\n<h4>S\u00e4hk\u00f6posti:<\/h4>\n<p><a href=\"mailto:helsinki@vapaa-ajattelijat.fi\">helsinki@vapaa-ajattelijat.fi<\/a><\/p>\n<h4>J\u00e4senasiat:<\/h4>\n<p><a href=\"mailto:helsinki.jasenasiat@vapaa-ajattelijat.fi\">helsinki.jasenasiat@vapaa-ajattelijat.fi<\/a><\/p>\n","protected":false},"excerpt":{"rendered":"<p>Hallitus vuodelle 2025 Syyskokouksessa 23.11.2024 valittiin yhdistyksen puheenjohtaja ja muut hallituksen j\u00e4senet kaudelle 2025 sek\u00e4 toiminnantarkastaja. Varsinaiset j\u00e4senet Puheenjohtaja: Esa Ylikoski Muut j\u00e4senet: Janne Karjalainen, Reeta Laitinen, Sari Lepp\u00e4nen Kerttu [&hellip;]<\/p>\n","protected":false},"author":19,"featured_media":0,"parent":1156,"menu_order":0,"comment_status":"open","ping_status":"open","template":"","meta":{"_eb_attr":"","footnotes":"","_links_to":"","_links_to_target":""},"class_list":["post-1161","page","type-page","status-publish","hentry"],"jetpack_sharing_enabled":true,"jetpack_shortlink":"https:\/\/wp.me\/PaH06I-iJ","_links":{"self":[{"href":"https:\/\/vapaa-ajattelijat.fi\/helsinki\/wp-json\/wp\/v2\/pages\/1161","targetHints":{"allow":["GET"]}}],"collection":[{"href":"https:\/\/vapaa-ajattelijat.fi\/helsinki\/wp-json\/wp\/v2\/pages"}],"about":[{"href":"https:\/\/vapaa-ajattelijat.fi\/helsinki\/wp-json\/wp\/v2\/types\/page"}],"author":[{"embeddable":true,"href":"https:\/\/vapaa-ajattelijat.fi\/helsinki\/wp-json\/wp\/v2\/users\/19"}],"replies":[{"embeddable":true,"href":"https:\/\/vapaa-ajattelijat.fi\/helsinki\/wp-json\/wp\/v2\/comments?post=1161"}],"version-history":[{"count":24,"href":"https:\/\/vapaa-ajattelijat.fi\/helsinki\/wp-json\/wp\/v2\/pages\/1161\/revisions"}],"predecessor-version":[{"id":2581,"href":"https:\/\/vapaa-ajattelijat.fi\/helsinki\/wp-json\/wp\/v2\/pages\/1161\/revisions\/2581"}],"up":[{"embeddable":true,"href":"https:\/\/vapaa-ajattelijat.fi\/helsinki\/wp-json\/wp\/v2\/pages\/1156"}],"wp:attachment":[{"href":"https:\/\/vapaa-ajattelijat.fi\/helsinki\/wp-json\/wp\/v2\/media?parent=1161"}],"curies":[{"name":"wp","href":"https:\/\/api.w.org\/{rel}","templated":true}]}}