{"id":1158,"date":"2015-06-10T20:46:18","date_gmt":"2015-06-10T17:46:18","guid":{"rendered":"http:\/\/vapaa-ajattelijat.fi\/helsinkiuusi\/?page_id=1158"},"modified":"2023-10-19T18:49:50","modified_gmt":"2023-10-19T15:49:50","slug":"tavoitteet","status":"publish","type":"page","link":"https:\/\/vapaa-ajattelijat.fi\/helsinki\/yhdistyksemme\/tavoitteet\/","title":{"rendered":"Tavoitteet"},"content":{"rendered":"<p>Helsingin seudun vapaa-ajattelijat ry on poliittisesti sitoutumaton uskonnottomien ja uskontokuntiin kuulumattomien etuja, oikeuksia sek\u00e4 oikeusturvaa ajava yhdistys. Sen tavoitteet ja toiminta nojaavat tiedepohjaiseen naturalistiseen maailmankuvaan sek\u00e4 humanistiseen etiikkaan. Yhdistys on Vapaa-ajattelijain liiton <a href=\"https:\/\/vapaa-ajattelijat.fi\/\">https:\/\/vapaa-ajattelijat.fi\/<\/a> j\u00e4sen.<\/p>\n<h3>Kirkko irti valtiosta<\/h3>\n<p>Yhdistyksen t\u00e4rkeimp\u00e4n\u00e4 yhteiskunnallisena tavoitteena on molempien valtionkirkkojen erityisaseman purkaminen. Valtion tulee olla uskontoihin n\u00e4hden puolueeton. Kaksi valtionkirkkoa tulee muuttaa tavallisiksi yhdistyksiksi, eik\u00e4 niill\u00e4 tule olla julkisoikeudellista asemaa tai muita erioikeuksia. Tavoitteena on my\u00f6s uskonnonopetuksen ja kirkollisten tilaisuuksien poistaminen kouluista ja p\u00e4iv\u00e4hoidosta.<\/p>\n<h3>J\u00e4rjen puolesta<\/h3>\n<p>Yhdistys suhtautuu kriittisesti kaikkiin mytologisiin kertomuksiin, joita esitet\u00e4\u00e4n historiallisina totuuksina. Toiminnan tarkoitus on edist\u00e4\u00e4 tieteellist\u00e4 ja rationaalista ajattelua dogmaattisen sek\u00e4 kritiikitt\u00f6m\u00e4n uskomisen vastapainona.<\/p>\n<p>Vapaa-ajattelijoiden aatteellisena tavoitteena on lis\u00e4t\u00e4 yksil\u00f6n ajatuksen, uskonnon ja katsomuksen vapautta, ihmisten yhdenvertaisuutta uskonnosta tai vakaumuksesta riippumatta, suvaitsevaisuutta sek\u00e4 vastuuta l\u00e4himm\u00e4isist\u00e4 ja ymp\u00e4rist\u00f6st\u00e4.<\/p>\n<h3>Maallisen tapakulttuurin puolesta<\/h3>\n<p>Yhdistys edist\u00e4\u00e4 maallista, sekulaaria tapakulttuuria kehdosta hautaan, nimi\u00e4isist\u00e4 hautajaisiin. Tilaisuuksien puhujapalvelua toteutetaan siviilij\u00e4rjest\u00f6jen kanssa yhteisty\u00f6ss\u00e4 j\u00e4rjest\u00f6jen yhteisen palvelukeskuksen <i>Pro-Seremonioiden\u00a0<\/i><a href=\"https:\/\/pro-seremoniat.fi\/\">https:\/\/pro-seremoniat.fi\/<\/a> kanssa.<\/p>\n","protected":false},"excerpt":{"rendered":"<p>Helsingin seudun vapaa-ajattelijat ry on poliittisesti sitoutumaton uskonnottomien ja uskontokuntiin kuulumattomien etuja, oikeuksia sek\u00e4 oikeusturvaa ajava yhdistys. Sen tavoitteet ja toiminta nojaavat tiedepohjaiseen naturalistiseen maailmankuvaan sek\u00e4 humanistiseen etiikkaan. Yhdistys on [&hellip;]<\/p>\n","protected":false},"author":19,"featured_media":0,"parent":1156,"menu_order":0,"comment_status":"open","ping_status":"open","template":"","meta":{"_eb_attr":"","footnotes":"","_links_to":"","_links_to_target":""},"class_list":["post-1158","page","type-page","status-publish","hentry"],"jetpack_sharing_enabled":true,"jetpack_shortlink":"https:\/\/wp.me\/PaH06I-iG","_links":{"self":[{"href":"https:\/\/vapaa-ajattelijat.fi\/helsinki\/wp-json\/wp\/v2\/pages\/1158","targetHints":{"allow":["GET"]}}],"collection":[{"href":"https:\/\/vapaa-ajattelijat.fi\/helsinki\/wp-json\/wp\/v2\/pages"}],"about":[{"href":"https:\/\/vapaa-ajattelijat.fi\/helsinki\/wp-json\/wp\/v2\/types\/page"}],"author":[{"embeddable":true,"href":"https:\/\/vapaa-ajattelijat.fi\/helsinki\/wp-json\/wp\/v2\/users\/19"}],"replies":[{"embeddable":true,"href":"https:\/\/vapaa-ajattelijat.fi\/helsinki\/wp-json\/wp\/v2\/comments?post=1158"}],"version-history":[{"count":5,"href":"https:\/\/vapaa-ajattelijat.fi\/helsinki\/wp-json\/wp\/v2\/pages\/1158\/revisions"}],"predecessor-version":[{"id":2460,"href":"https:\/\/vapaa-ajattelijat.fi\/helsinki\/wp-json\/wp\/v2\/pages\/1158\/revisions\/2460"}],"up":[{"embeddable":true,"href":"https:\/\/vapaa-ajattelijat.fi\/helsinki\/wp-json\/wp\/v2\/pages\/1156"}],"wp:attachment":[{"href":"https:\/\/vapaa-ajattelijat.fi\/helsinki\/wp-json\/wp\/v2\/media?parent=1158"}],"curies":[{"name":"wp","href":"https:\/\/api.w.org\/{rel}","templated":true}]}}