{"id":1154,"date":"2015-06-10T20:43:48","date_gmt":"2015-06-10T17:43:48","guid":{"rendered":"http:\/\/vapaa-ajattelijat.fi\/helsinkiuusi\/?page_id=1154"},"modified":"2023-10-19T18:43:40","modified_gmt":"2023-10-19T15:43:40","slug":"yhteystiedot","status":"publish","type":"page","link":"https:\/\/vapaa-ajattelijat.fi\/helsinki\/yhdistyksemme\/yhteystiedot\/","title":{"rendered":"Yhteystiedot"},"content":{"rendered":"<p>Yhdistys on p\u00e4\u00e4kaupunkiseudulla toimiva <a href=\"http:\/\/vapaa-ajattelijat.fi\/\" target=\"_blank\" rel=\"noopener noreferrer\">Vapaa-ajattelijain liiton<\/a> j\u00e4senj\u00e4rjest\u00f6. Edist\u00e4mme uskonnottomien oikeuksia, yhdenvertaisuutta uskonnosta tai vakaumuksesta riippumatta sek\u00e4 uskonnon ja katsomuksen vapautta.\u00a0Tavoitteena on julkisen vallan tasapuolisuus, valtion ja kirkon ero.\u00a0Edist\u00e4mme\u00a0tiedepohjaista\u00a0maailmankuvaa, j\u00e4rkiper\u00e4ist\u00e4 ajattelua sek\u00e4 humanistisia arvoja ja el\u00e4m\u00e4nkatsomusta. Edist\u00e4mme maallista tapakulttuuria ja uskonnottomia\u00a0seremoniapalveluja.<\/p>\n<h4>Postiosoite:<\/h4>\n<p>Helsingin seudun vapaa-ajattelijat ry<br \/>\nNelj\u00e4s linja 1<br \/>\n00530 HELSINKI<\/p>\n<h4>Puhelin<\/h4>\n<p>Puheenjohtaja <strong>Esa Ylikoski<\/strong>: <a href=\"tel:+358504685332\">050 468 5332<\/a><\/p>\n<h4>S\u00e4hk\u00f6posti<\/h4>\n<p><a href=\"mailto:helsinki@vapaa-ajattelijat.fi\">helsinki@vapaa-ajattelijat.fi<\/a><\/p>\n<h4>PANKKITILI<\/h4>\n<p>Danske Bank FI53 8000 1278 9717 76<\/p>\n","protected":false},"excerpt":{"rendered":"<p>Yhdistys on p\u00e4\u00e4kaupunkiseudulla toimiva Vapaa-ajattelijain liiton j\u00e4senj\u00e4rjest\u00f6. Edist\u00e4mme uskonnottomien oikeuksia, yhdenvertaisuutta uskonnosta tai vakaumuksesta riippumatta sek\u00e4 uskonnon ja katsomuksen vapautta.\u00a0Tavoitteena on julkisen vallan tasapuolisuus, valtion ja kirkon ero.\u00a0Edist\u00e4mme\u00a0tiedepohjaista\u00a0maailmankuvaa, j\u00e4rkiper\u00e4ist\u00e4 ajattelua [&hellip;]<\/p>\n","protected":false},"author":19,"featured_media":0,"parent":1156,"menu_order":0,"comment_status":"open","ping_status":"open","template":"","meta":{"_eb_attr":"","footnotes":"","_links_to":"","_links_to_target":""},"class_list":["post-1154","page","type-page","status-publish","hentry"],"jetpack_sharing_enabled":true,"jetpack_shortlink":"https:\/\/wp.me\/PaH06I-iC","_links":{"self":[{"href":"https:\/\/vapaa-ajattelijat.fi\/helsinki\/wp-json\/wp\/v2\/pages\/1154","targetHints":{"allow":["GET"]}}],"collection":[{"href":"https:\/\/vapaa-ajattelijat.fi\/helsinki\/wp-json\/wp\/v2\/pages"}],"about":[{"href":"https:\/\/vapaa-ajattelijat.fi\/helsinki\/wp-json\/wp\/v2\/types\/page"}],"author":[{"embeddable":true,"href":"https:\/\/vapaa-ajattelijat.fi\/helsinki\/wp-json\/wp\/v2\/users\/19"}],"replies":[{"embeddable":true,"href":"https:\/\/vapaa-ajattelijat.fi\/helsinki\/wp-json\/wp\/v2\/comments?post=1154"}],"version-history":[{"count":8,"href":"https:\/\/vapaa-ajattelijat.fi\/helsinki\/wp-json\/wp\/v2\/pages\/1154\/revisions"}],"predecessor-version":[{"id":2459,"href":"https:\/\/vapaa-ajattelijat.fi\/helsinki\/wp-json\/wp\/v2\/pages\/1154\/revisions\/2459"}],"up":[{"embeddable":true,"href":"https:\/\/vapaa-ajattelijat.fi\/helsinki\/wp-json\/wp\/v2\/pages\/1156"}],"wp:attachment":[{"href":"https:\/\/vapaa-ajattelijat.fi\/helsinki\/wp-json\/wp\/v2\/media?parent=1154"}],"curies":[{"name":"wp","href":"https:\/\/api.w.org\/{rel}","templated":true}]}}