{"id":1139,"date":"2015-06-03T20:04:29","date_gmt":"2015-06-03T17:04:29","guid":{"rendered":"http:\/\/vapaa-ajattelijat.fi\/helsinkiuusi\/?page_id=1139"},"modified":"2015-06-03T20:43:08","modified_gmt":"2015-06-03T17:43:08","slug":"mediatiedotteet","status":"publish","type":"page","link":"https:\/\/vapaa-ajattelijat.fi\/helsinki\/ajatuksiamme\/mediatiedotteet\/","title":{"rendered":"Mediatiedotteet"},"content":{"rendered":"<ul class=\"lcp_catlist\" id=\"lcp_instance_0\"><li><a href=\"https:\/\/vapaa-ajattelijat.fi\/helsinki\/merkityksellista-on\/\">MERKITYKSELLIST\u00c4 ON&#8230;<\/a><span class=\"listdate\">  4.2.2019<\/span><div class=\"lcp_excerpt\">\nSuomen Humanistiliitto ja Helsingin seudun vapaa-ajattelijat j\u00e4rjest\u00e4v\u00e4t  alustus-ja\u00a0keskustelutilaisuuden aiheella:\n\n\nMERKITYKSELLIST\u00c4 ON&#8230;\n\n\nKallion kirjastossa TIISTAINA 5. HELMIKUUTA KLO 18.00 &#8211; 19.30\n\n\nPuhujina omakohtaisista merkityksellisyyksist\u00e4:FT\u00a0Sanna Tirkkonen, Kohtaamisesta ja yksin\u00e4isyydest\u00e4Runoilija\u00a0Pirjo Kotam\u00e4kiFT, matematiikan dosentti\u00a0Jouni Luukkainen, Maailmaa ...<\/div><\/li><li><a href=\"https:\/\/vapaa-ajattelijat.fi\/helsinki\/2019-vabaarit\/\">2019 VABaarit<\/a><span class=\"listdate\">  17.1.2019<\/span><div class=\"lcp_excerpt\">\nKaivopihan Dubliner:issa kuiden kolmansina maanantaina 18:00.\n\n\n21.1. Tiede, uskomukset ja ideologiat\n\n\n18.2. Jumalanpilkasta loukkaantumisen psykologiaa,  keskustelunavaajana psykologi ja filosofian tohtori Teemu Pauha \n\n\n18.3. Saamelaiset alkuper\u00e4iskansat\n\n\n15.4. Eduskuntavaalien tulokset\n\n\n20.5. The Benefits of Belief ...<\/div><\/li><li><a href=\"https:\/\/vapaa-ajattelijat.fi\/helsinki\/maallistuva-paakaupunkiseutu-keskustelutilaisuus\/\">Maallistuva p\u00e4\u00e4kaupunkiseutu -keskustelutilaisuus<\/a><span class=\"listdate\">  9.11.2018<\/span><div class=\"lcp_excerpt\">Uskonnottomia ja ei-uskonnollisia on yh\u00e4 enemm\u00e4n. Miten se n\u00e4kyy el\u00e4m\u00e4n arjessa ja juhlahetkiss\u00e4? Toteutuuko katsomusvapaus p\u00e4iv\u00e4hoidossa ja kouluissa?\u00a0 Miten hautauskulttuuri muuttuu?\nMaallistuva p\u00e4\u00e4kaupunkiseutu\u00a0-keskustelutilaisuus\nma 19.11. klo 18.00 \u2013 19.45 Kaisa-talo,\u00a0\nRosebud kirja ja ...<\/div><\/li><li><a href=\"https:\/\/vapaa-ajattelijat.fi\/helsinki\/2018-syksyn-vabaarit\/\">2018 syksyn Vabaarit<\/a><span class=\"listdate\">  20.8.2018<\/span><div class=\"lcp_excerpt\">Vabaari on kaikille avoin keskustelutilaisuus aloittaen tietyst\u00e4 aiheesta. Tilaisuus j\u00e4rjestet\u00e4\u00e4n Ravintola Oivassa\u00a0kuun kolmantena maantaina.\nOiva sulkee maanantaisin ovensa nyky\u00e4\u00e4n jo 17:00, joten mietimme uutta sijaintia. Viime kerran Mascot palveli 17.9. tilaisuudessa. ...<\/div><\/li><li><a href=\"https:\/\/vapaa-ajattelijat.fi\/helsinki\/humanistien-ja-vapaa-ajattelijain-tilaisuus-sosiaalifoorumissa-22-4-klo-11-00\/\">Humanistien ja Vapaa-ajattelijain tilaisuus Sosiaalifoorumissa 22.4. klo 11.00<\/a><span class=\"listdate\">  11.4.2018<\/span><div class=\"lcp_excerpt\">Helsingin Sosiaalifoorumissa\nTeemana demokratia, sananvapaus ja (sosiaalinen)media\nsunnuntaina\u00a022.4. kello 11:00 &#8211; 12:30, Arbiksen luokka 44 (4. krs)\nKenen demokratiaa? Demokratian pit\u00e4isi antaa \u00e4\u00e4ni kaikille.\nPohdimme demokratian merkityst\u00e4, sen vahvuuksia ja haasteita. Sosiaalinen media ja ...<\/div><\/li><li><a href=\"https:\/\/vapaa-ajattelijat.fi\/helsinki\/hvan-virkistystoiminta-kaynnistyy\/\">HVA:n virkistystoiminta k\u00e4ynnistyy<\/a><span class=\"listdate\">  11.4.2018<\/span><div class=\"lcp_excerpt\">Tervehdys HVA:n vapaa-ajattelijat!\nAloitamme HVA:n virkistystoiminnan. Tarkoituksena on tarjota teille j\u00e4senille aivoja sek\u00e4 kehoa inspiroivaa rentoa tekemist\u00e4 kuukauden tai kahden v\u00e4lein. Viestin lopussa tiedot ensimm\u00e4isest\u00e4 tapahtumasta tiistaina 24.4.\nToimintaa suunnitellaan ja j\u00e4rjestet\u00e4\u00e4n ...<\/div><\/li><li><a href=\"https:\/\/vapaa-ajattelijat.fi\/helsinki\/tammikuun-vabaarilla-poikkeava-ajankohta\/\">Tammikuun VAbaarilla poikkeava ajankohta.<\/a><span class=\"listdate\">  19.1.2018<\/span><div class=\"lcp_excerpt\">Tervetuloa Helsingin seudun vapaa-ajattelijat ry:n VAbaari-tilaisuuteen maanantaina 29.1. klo 17.30 &#8211;\u00a0uskontojen ja katsomusten yhteisymm\u00e4rrysviikon\u00a0merkeiss\u00e4.\nTilaisuuden aiheena on\u00a0uskonnoton tapakulttuuri ja sekulaarit seremoniapalvelut.\u00a0Lyhyen alustavan puheenvuoron pit\u00e4\u00e4\u00a0Anneli Aurej\u00e4rvi-Karjalainen\u00a0joka toimii sekulaarij\u00e4rjest\u00f6jen yhteisen palvelukeskuksen\u00a0Pro-Seremonioiden\u00a0vet\u00e4j\u00e4n\u00e4.\nKyseess\u00e4 on vapaamuotoinen ...<\/div><\/li><li><a href=\"https:\/\/vapaa-ajattelijat.fi\/helsinki\/et-opetuksen-asema-nyt-ja-tulevaisuudessa\/\">ET kyll\u00e4 -seminaari Helsingiss\u00e4 30.11.<\/a><span class=\"listdate\">  21.11.2017<\/span><div class=\"lcp_excerpt\">El\u00e4m\u00e4nkatsomustieto &#8211; kaikilleko?\nTilanne:\u00a0Mik\u00e4 on ET-opetuksen asema Suomen peruskouluissa ja lukioissa nyt?\nTulevaisuus:\u00a0Miten aineen asemaa ja opetusta voidaan parantaa?\nVai pit\u00e4\u00e4k\u00f6 parantaa?\nEnt\u00e4\u00a0uskonnonvapaus ja yhdenvertaisuus kouluissa?\nKeskusteleva seminaari aiheesta Mets\u00e4talossa, Luentosali 2, Unioninkatu 40 (K\u00e4ynti ...<\/div><\/li><li><a href=\"https:\/\/vapaa-ajattelijat.fi\/helsinki\/hvan-kantelu-eduskunnan-oikeusasiamiehelle-paeivaekotien-uskonnonharjoittamisesta\/\">HVA:n kantelu Eduskunnan Oikeusasiamiehelle p\u00e4iv\u00e4kotien uskonnonharjoittamisesta<\/a><span class=\"listdate\">  10.11.2013<\/span><div class=\"lcp_excerpt\">\n\tHelsingin Vapaa-ajattelijat ovat tehneet 8.10.2013 eduskunnan oikeusasiamiehelle kantelun uskonnon opettamisesta p&auml;iv&auml;kodeissa.\n\n\n\tHelsingin Vapaa-ajattelijat ry pyyt&auml;&auml; eduskunnan oikeusasiamiest&auml; ottamaan kantaa siihen, miten kunnallisissa p&auml;iv&auml;kodeissa voi opettaa uskontoa lapsille niin ett&auml; kaikkien lasten ...<\/div><\/li><li><a href=\"https:\/\/vapaa-ajattelijat.fi\/helsinki\/helsingin-vapaa-ajattelijoiden-uusi-tiedotuskampanja-kutsuu-keskustelemaan\/\">Helsingin Vapaa-ajattelijoiden uusi tiedotuskampanja kutsuu keskustelemaan<\/a><span class=\"listdate\">  9.5.2013<\/span><div class=\"lcp_excerpt\">\nHelsingin  Vapaa-ajattelijat k\u00e4ynnist\u00e4\u00e4 13.5. tiedotuskampanjan, jossa keskityt\u00e4\u00e4n  p\u00e4\u00e4kaupunkiseudun uskonnottomiin ja heid\u00e4n oikeuksiinsa.\nKampanja n\u00e4kyy kahden  viikon ajan Helsingin bussien ja raitiovaunujen kyljiss\u00e4. Bussikampanjan aikana  avautuvalla Uskotko.fi&#8211; nettisivustolla ...<\/div><\/li><\/ul>\n","protected":false},"excerpt":{"rendered":"","protected":false},"author":19,"featured_media":0,"parent":1143,"menu_order":0,"comment_status":"open","ping_status":"open","template":"","meta":{"_eb_attr":"","footnotes":"","_links_to":"","_links_to_target":""},"class_list":["post-1139","page","type-page","status-publish","hentry"],"jetpack_sharing_enabled":true,"jetpack_shortlink":"https:\/\/wp.me\/PaH06I-in","_links":{"self":[{"href":"https:\/\/vapaa-ajattelijat.fi\/helsinki\/wp-json\/wp\/v2\/pages\/1139","targetHints":{"allow":["GET"]}}],"collection":[{"href":"https:\/\/vapaa-ajattelijat.fi\/helsinki\/wp-json\/wp\/v2\/pages"}],"about":[{"href":"https:\/\/vapaa-ajattelijat.fi\/helsinki\/wp-json\/wp\/v2\/types\/page"}],"author":[{"embeddable":true,"href":"https:\/\/vapaa-ajattelijat.fi\/helsinki\/wp-json\/wp\/v2\/users\/19"}],"replies":[{"embeddable":true,"href":"https:\/\/vapaa-ajattelijat.fi\/helsinki\/wp-json\/wp\/v2\/comments?post=1139"}],"version-history":[{"count":3,"href":"https:\/\/vapaa-ajattelijat.fi\/helsinki\/wp-json\/wp\/v2\/pages\/1139\/revisions"}],"predecessor-version":[{"id":1151,"href":"https:\/\/vapaa-ajattelijat.fi\/helsinki\/wp-json\/wp\/v2\/pages\/1139\/revisions\/1151"}],"up":[{"embeddable":true,"href":"https:\/\/vapaa-ajattelijat.fi\/helsinki\/wp-json\/wp\/v2\/pages\/1143"}],"wp:attachment":[{"href":"https:\/\/vapaa-ajattelijat.fi\/helsinki\/wp-json\/wp\/v2\/media?parent=1139"}],"curies":[{"name":"wp","href":"https:\/\/api.w.org\/{rel}","templated":true}]}}