{"id":1126,"date":"2015-06-03T19:32:43","date_gmt":"2015-06-03T16:32:43","guid":{"rendered":"http:\/\/vapaa-ajattelijat.fi\/helsinkiuusi\/?page_id=1126"},"modified":"2015-06-03T20:08:24","modified_gmt":"2015-06-03T17:08:24","slug":"kannanotot","status":"publish","type":"page","link":"https:\/\/vapaa-ajattelijat.fi\/helsinki\/ajatuksiamme\/kannanotot\/","title":{"rendered":"Kannanotot"},"content":{"rendered":"<ul class=\"lcp_catlist\" id=\"lcp_instance_0\"><li><a href=\"https:\/\/vapaa-ajattelijat.fi\/helsinki\/vapaa-ajattelijat-puolueille-aika-valmistautua-uudistuksiin-2027\/\">Vapaa-ajattelijat puolueille: aika valmistautua uudistuksiin 2027<\/a><span class=\"listdate\">  21.8.2025<\/span><div class=\"lcp_excerpt\">Valtion ja kirkon suhteen uudistamisen valmistelu tulee aloittaa tulevalla vaalikaudella. Tulee ottaa suunta siirtymiseen kirkon julkisoikeudellisesta erityisasemasta uskonnollisten ja muiden yhdyskuntien yhdenvertaiseen kohteluun.\u00a0\n<\/div><\/li><li><a href=\"https:\/\/vapaa-ajattelijat.fi\/helsinki\/vapaa-ajattelijat-tunnustuksettomia-seremoniatiloja-hautajaistilaisuuksiin\/\">Vapaa-ajattelijat: Tunnustuksettomia seremoniatiloja hautajaistilaisuuksiin<\/a><span class=\"listdate\">  20.5.2023<\/span><div class=\"lcp_excerpt\">Julkisen vallan palvelujen tulee tarjota tunnustuksettomia seremoniatiloja hautajaisten saattotilaisuuksien j\u00e4rjest\u00e4miseen. Tilojen tulee olla monik\u00e4ytt\u00f6isi\u00e4 siten, ett\u00e4 niiss\u00e4 voidaan j\u00e4rjest\u00e4\u00e4 niin uskonnottomien siviilihautajaisten saattotilaisuuksia kuin monien eri uskontokuntien seremoniaperinteen mukaisia hautajaistilaisuuksia. ...<\/div><\/li><li><a href=\"https:\/\/vapaa-ajattelijat.fi\/helsinki\/kehittaemisehdotus-tervetuola-kouluun-oppaaseen\/\">Kehitt\u00e4misehdotus Tervetuloa kouluun -oppaaseen<\/a><span class=\"listdate\">  23.1.2012<\/span><div class=\"lcp_excerpt\">Helsingin vapaa-ajattelijat teki kehitt\u00e4misehdotuksen Helsingin opetusvirastolle Tervetuloa kouluun -oppaan kehitt\u00e4miseksi vakaumuksen vapauden ja oppilaan yhdenvertaisen ja syrjim\u00e4tt\u00f6m\u00e4n kohtelun n\u00e4k\u00f6kulmasta.\nVastaavat ehdotukset on toimitettu my\u00f6s Espoon ja Vantaan opetusty\u00f6st\u00e4 vastaavalle viranomaiselle. &nbsp; ...<\/div><\/li><li><a href=\"https:\/\/vapaa-ajattelijat.fi\/helsinki\/perustuslaista-poistettava-kirkkolaki\/\">Perustuslaista poistettava kirkkolaki<\/a><span class=\"listdate\">  29.5.2010<\/span><div class=\"lcp_excerpt\">Eduskunnan perustuslakivaliokunnalle 25.5.2010\nKun perustuslakia nyt muutetaan (HE 60\/2010), on luonteva tilaisuus  korjata sen sis\u00e4inen ristiriita.\nLain 6 \u00a7 mukaan ihmiset ovat yhdenvertaisia lain edess\u00e4 ja 11 \u00a7  mukaan maassa ...<\/div><\/li><li><a href=\"https:\/\/vapaa-ajattelijat.fi\/helsinki\/kannanotto-perusopetuksen-katsomusaineiden-opetuksesta\/\">Kannanotto perusopetuksen katsomusaineiden opetuksesta<\/a><span class=\"listdate\">  27.2.2010<\/span><div class=\"lcp_excerpt\">Vapaa-ajattelijain Liitto ryNelj\u00e4s linja 100530 Helsinki&nbsp;&nbsp; &nbsp;&nbsp;&nbsp; &nbsp;&nbsp;&nbsp; &nbsp;&nbsp;&nbsp; &nbsp; &nbsp;&nbsp; &nbsp;25.2.2010\nPerusopetuksen yleisten tavoitteiden ja tuntijaon ty\u00f6ryhm\u00e4lleAsia: Kannanotto perusopetuksen katsomusaineiden opetuksesta\nNykyinen tilanne\nMaamme perusopetuksessa katsomusaineina opetetaan noin kymment\u00e4 eri uskontoa sek\u00e4 ...<\/div><\/li><li><a href=\"https:\/\/vapaa-ajattelijat.fi\/helsinki\/kaupunki-ei-saa-suosia-yhtae-uskontokuntaa\/\">Kaupunki ei saa suosia yht\u00e4 uskontokuntaa<\/a><span class=\"listdate\">  13.8.2009<\/span><div class=\"lcp_excerpt\">Helsingin Vapaa-ajattelijat ryKannanottoJulkaisuvapaa heti \nHelsingin kaupunginhallituksessa on esill\u00e4 Kampin kauppakeskukseen rakennettavan kappelin alueen antaminen Helsingin evankelis-luterilaiselle seurakuntayhtym\u00e4lle ilman vuokravelvollisuutta. Helsingin vapaa-ajattelijoiden mielest\u00e4 julkisiin tiloihin sopisi evankelis-luterilaisen kirkon kappelia paremmin hiljentymishuone, ...<\/div><\/li><li><a href=\"https:\/\/vapaa-ajattelijat.fi\/helsinki\/kirkollisiin-juttuihin-paeivaekodissa-ei-ole-pakko-osallistua\/\">Kirkollisiin juttuihin p\u00e4iv\u00e4kodissa ei ole pakko osallistua<\/a><span class=\"listdate\">  3.8.2008<\/span><div class=\"lcp_excerpt\">Lapsen ei ole pakko osallistua p\u00e4iv\u00e4kodin toimintaan mahdollisesti liitettyyn kirkolliseen ohjelmaan. Elokuun ja yleens\u00e4 syyskauden alku on erityisen hyv\u00e4 aika ilmoittaa asiasta p\u00e4iv\u00e4kodin henkil\u00f6st\u00f6lle. Tosin asiasta voi ilmoittaa koska vain ...<\/div><\/li><li><a href=\"https:\/\/vapaa-ajattelijat.fi\/helsinki\/tunnustuksettomasta-hautaamisesta\/\">Tunnustuksettomasta hautaamisesta<\/a><span class=\"listdate\">  14.8.2007<\/span><div class=\"lcp_excerpt\">Hein\u00e4kuun alussa olleen uutisen mukaan (Helsingin Uutiset ja Vantaan Sanomat 4.7.) tunnustukseton hautausmaa on viel\u00e4 tyhjill\u00e4\u00e4n Honkanummella. Uusi hautaustoimilakihan edellytt\u00e4\u00e4, ett\u00e4 ev.lut. seurakuntien hautausmaiden yhteydess\u00e4 on oltava my\u00f6s tunnustukseton alue. ...<\/div><\/li><\/ul>\n","protected":false},"excerpt":{"rendered":"","protected":false},"author":19,"featured_media":0,"parent":1143,"menu_order":0,"comment_status":"open","ping_status":"open","template":"","meta":{"_eb_attr":"","footnotes":"","_links_to":"","_links_to_target":""},"class_list":["post-1126","page","type-page","status-publish","hentry"],"jetpack_sharing_enabled":true,"jetpack_shortlink":"https:\/\/wp.me\/PaH06I-ia","_links":{"self":[{"href":"https:\/\/vapaa-ajattelijat.fi\/helsinki\/wp-json\/wp\/v2\/pages\/1126","targetHints":{"allow":["GET"]}}],"collection":[{"href":"https:\/\/vapaa-ajattelijat.fi\/helsinki\/wp-json\/wp\/v2\/pages"}],"about":[{"href":"https:\/\/vapaa-ajattelijat.fi\/helsinki\/wp-json\/wp\/v2\/types\/page"}],"author":[{"embeddable":true,"href":"https:\/\/vapaa-ajattelijat.fi\/helsinki\/wp-json\/wp\/v2\/users\/19"}],"replies":[{"embeddable":true,"href":"https:\/\/vapaa-ajattelijat.fi\/helsinki\/wp-json\/wp\/v2\/comments?post=1126"}],"version-history":[{"count":11,"href":"https:\/\/vapaa-ajattelijat.fi\/helsinki\/wp-json\/wp\/v2\/pages\/1126\/revisions"}],"predecessor-version":[{"id":2206,"href":"https:\/\/vapaa-ajattelijat.fi\/helsinki\/wp-json\/wp\/v2\/pages\/1126\/revisions\/2206"}],"up":[{"embeddable":true,"href":"https:\/\/vapaa-ajattelijat.fi\/helsinki\/wp-json\/wp\/v2\/pages\/1143"}],"wp:attachment":[{"href":"https:\/\/vapaa-ajattelijat.fi\/helsinki\/wp-json\/wp\/v2\/media?parent=1126"}],"curies":[{"name":"wp","href":"https:\/\/api.w.org\/{rel}","templated":true}]}}