{"id":8,"date":"2020-10-03T14:15:54","date_gmt":"2020-10-03T14:15:54","guid":{"rendered":"http:\/\/vapaa-ajattelijat.fi\/forssa\/?page_id=8"},"modified":"2025-04-04T07:27:31","modified_gmt":"2025-04-04T04:27:31","slug":"yleista","status":"publish","type":"page","link":"https:\/\/vapaa-ajattelijat.fi\/forssa\/","title":{"rendered":"Yleist\u00e4"},"content":{"rendered":"\t\t<div data-elementor-type=\"wp-page\" data-elementor-id=\"8\" class=\"elementor elementor-8\">\n\t\t\t\t\t\t<section class=\"elementor-section elementor-top-section elementor-element elementor-element-14edd27b elementor-section-boxed elementor-section-height-default elementor-section-height-default\" data-id=\"14edd27b\" data-element_type=\"section\" data-e-type=\"section\">\n\t\t\t\t\t\t<div class=\"elementor-container elementor-column-gap-default\">\n\t\t\t\t\t<div class=\"elementor-column elementor-col-100 elementor-top-column elementor-element elementor-element-15bf97f7\" data-id=\"15bf97f7\" data-element_type=\"column\" data-e-type=\"column\">\n\t\t\t<div class=\"elementor-widget-wrap elementor-element-populated\">\n\t\t\t\t\t\t<div class=\"elementor-element elementor-element-50a5c95c elementor-widget elementor-widget-text-editor\" data-id=\"50a5c95c\" data-element_type=\"widget\" data-e-type=\"widget\" data-widget_type=\"text-editor.default\">\n\t\t\t\t<div class=\"elementor-widget-container\">\n\t\t\t\t\t\t\t\t\t<p>Forssan vapaa-ajattelijat on vuonna 1952 perustettu Kanta-H\u00e4m\u00e4l\u00e4inen <a href=\"http:\/\/vapaa-ajattelijat.fi\">Vapaa-ajattelijain liiton<\/a> j\u00e4senyhdistys. Edist\u00e4mme<a href=\"http:\/\/vapaa-ajattelijat.fi\/blog\/2020\/09\/28\/tavoitteet-ja-strategia-2020-2023\/\"> liiton tavoitteita ja strategiaa<\/a> yhteisty\u00f6ss\u00e4 liiton ja sen muiden j\u00e4senyhdistysten kanssa. Olemme n\u00e4in osa laajempaa uskonnottomien edunvalvonta-, ihmisoikeus- ja kulttuurij\u00e4rjest\u00f6\u00e4. Vapaa-ajattelijainliiton ja sen j\u00e4senyhdistysten toiminta on puoluepoliittisesti sitoutumatonta, mutta vaikutamme aktiivisesti kaikkiin poliittisiin puolueisiin tavoitteittemme edist\u00e4miseksi liiton kaikilla organisaatiotasoilla.<\/p><header class=\"entry-header\"><h1 class=\"entry-title\">Liity j\u00e4seneksi<\/h1><\/header><div class=\"entry-content\"><p>J\u00e4senmaksu p\u00e4\u00e4tet\u00e4\u00e4n vuosittain, vuodelle 2025 se on 25 euroa. Jos samassa taloudessa asuu useampia j\u00e4seni\u00e4, muilta perheenj\u00e4senilt\u00e4 maksu on 12 euroa. Voit liitty\u00e4 j\u00e4seneksemme\u00a0<a href=\"http:\/\/vapaa-ajattelijat.fi\/liity-jaseneksi\">liiton lomakkeella<\/a>.<\/p><p>J\u00e4senen\u00e4 annat tukesi kirkon ja valtion erottamiselle ja muillekin uskontojen etuoikeuksien poistolle. J\u00e4senyys on kannanotto j\u00e4rjen puolesta uskoa vastaan. J\u00e4senen\u00e4 saat:<\/p><ul><li>Postilaatikkoosi\u00a0<a href=\"http:\/\/vapaa-ajattelijat.fi\/va-lehti\">Vapaa Ajattelija -lehden<\/a>.<\/li><li>Alennusta\u00a0<a href=\"http:\/\/pro-seremoniat.fi\/\">Pro-Seremonioiden<\/a>\u00a0nimi\u00e4is-, h\u00e4\u00e4- ja hautapuheista.<\/li><li>Tukea lastesi osallistumiseen\u00a0<a href=\"https:\/\/protu.fi\/\">protuleireille<\/a>.<\/li><li>Lis\u00e4\u00e4 <a href=\"https:\/\/vapaa-ajattelijat.fi\/forssa\/vaikutuskanavat\/\">vaikutuskanavia<\/a>.<\/li><\/ul><h1>Liity s\u00e4hk\u00f6postilistalle<\/h1><p><span style=\"font-weight: 400;\">S\u00e4hk\u00f6postilista<\/span><\/p><p><a href=\"mailto:forssa.jasenet@vapaa-ajattelijat.fi\"><span style=\"font-weight: 400;\">forssa.jasenet@vapaa-ajattelijat.fi<\/span><\/a><\/p><p><span style=\"font-weight: 400;\">on tarkoitettu kaikkien Kanta-H\u00e4meen alueella (<em>Forssa, Hattula, Hausj\u00e4rvi, Humppila, H\u00e4meenlinna, Janakkala, Jokioinen, Loppi, Riihim\u00e4ki, Tammela, Yp\u00e4j\u00e4<\/em>) asuvien vapaa-ajattelijoiden keskin\u00e4ist\u00e4\u00a0 tiedottamista ja keskustelua varten riippumatta siit\u00e4 mink\u00e4 paikallisyhdistyksen j\u00e4seni\u00e4 he ovat. <\/span><span style=\"font-weight: 400;\">S\u00e4hk\u00f6postilistalle voi liitty\u00e4 (tai erota siit\u00e4) ilmoittamalla siit\u00e4 yhdistyksen sihteerille osoitteeseen.<\/span><\/p><p><span style=\"font-weight: 400;\"><a href=\"mailto:matti.uusitalo@vapaa-ajattelijat.fi\">matti.uusitalo@vapaa-ajattelijat.fi<\/a><\/span><\/p><p>Nettisivujemme kehitt\u00e4minen osana laajempaa liiton ja sen yhdistysten kotisivujen kehitt\u00e4misprojektia on viel\u00e4 kesken. Esimerkiksi blogiartikkelien kommentointi tulee mahdolliseksi vasta my\u00f6hemmin, mutta niist\u00e4 voi kuitenkin keskustella jo nyt t\u00e4m\u00e4n s\u00e4hk\u00f6postilistan v\u00e4lityksell\u00e4.<\/p><h1>Ryhdy blogin pit\u00e4j\u00e4ksi<\/h1><p>Kutsumme nyt kaikkia Kanta-H\u00e4meen alueella asuvia vapaa-ajattelijoita keskustelemaan, ideoimaan ja edist\u00e4m\u00e4\u00e4n maakunnallista yhteistoimintaa. Jos haluat antaa panoksesi t\u00e4h\u00e4n ty\u00f6h\u00f6n, ilmoita siit\u00e4 webmasterillle osoitteeseen<\/p><\/div><div class=\"entry-content\"><p><a href=\"mailto:raimo.rintamaki@vapaa-ajattelijat.fi\">raimo.rintamaki@vapaa-ajattelijat.fi<\/a><\/p><p>saadaksesi sivustolle blogin kirjoittamista varten kirjoittajan roolin.<\/p><h1>Liiton keskustelukanavat<\/h1><p>Ohjeet Vapaa-ajattelijain liiton s\u00e4hk\u00f6postilistoille liittymiseksi l\u00f6ytyy <a href=\"https:\/\/vapaa-ajattelijat.fi\/sahkopostilistat\/\">t\u00e4st\u00e4 linkist\u00e4<\/a>.<\/p><p>Vapaa-ajattelijain liitton Discord viestipalveluun p\u00e4\u00e4set luomalla <a href=\"https:\/\/discord.gg\/9nzHp7N\">t\u00e4st\u00e4 linkist\u00e4 <\/a>itsellesi tilin. Viestipalvelu toimii kaikissa selaimissa ja kaikilla \u00e4lylaitteilla. K\u00e4yt\u00f6ss\u00e4 on useita teksti- ja videokanavia.<\/p><p><a href=\"https:\/\/vapaa-ajattelijat.fi\/forssa\/vapaa-ajattelijat-alueilla\/\">Paikallisyhdistykset<\/a><\/p><\/div>\t\t\t\t\t\t\t\t<\/div>\n\t\t\t\t<\/div>\n\t\t\t\t\t<\/div>\n\t\t<\/div>\n\t\t\t\t\t<\/div>\n\t\t<\/section>\n\t\t\t\t<\/div>\n\t\t","protected":false},"excerpt":{"rendered":"<p>Forssan vapaa-ajattelijat on vuonna 1952 perustettu Kanta-H\u00e4m\u00e4l\u00e4inen Vapaa-ajattelijain liiton j\u00e4senyhdistys. Edist\u00e4mme liiton tavoitteita ja strategiaa yhteisty\u00f6ss\u00e4 liiton ja sen muiden j\u00e4senyhdistysten kanssa. Olemme n\u00e4in osa laajempaa uskonnottomien edunvalvonta-, ihmisoikeus- ja &#8230; <a title=\"Yleist\u00e4\" class=\"read-more\" href=\"https:\/\/vapaa-ajattelijat.fi\/forssa\/\" aria-label=\"Lue lis\u00e4\u00e4 aiheesta Yleist\u00e4\">Lue lis\u00e4\u00e4<\/a><\/p>\n","protected":false},"author":13,"featured_media":0,"parent":0,"menu_order":0,"comment_status":"closed","ping_status":"closed","template":"","meta":{"footnotes":""},"class_list":["post-8","page","type-page","status-publish"],"_links":{"self":[{"href":"https:\/\/vapaa-ajattelijat.fi\/forssa\/wp-json\/wp\/v2\/pages\/8","targetHints":{"allow":["GET"]}}],"collection":[{"href":"https:\/\/vapaa-ajattelijat.fi\/forssa\/wp-json\/wp\/v2\/pages"}],"about":[{"href":"https:\/\/vapaa-ajattelijat.fi\/forssa\/wp-json\/wp\/v2\/types\/page"}],"author":[{"embeddable":true,"href":"https:\/\/vapaa-ajattelijat.fi\/forssa\/wp-json\/wp\/v2\/users\/13"}],"replies":[{"embeddable":true,"href":"https:\/\/vapaa-ajattelijat.fi\/forssa\/wp-json\/wp\/v2\/comments?post=8"}],"version-history":[{"count":76,"href":"https:\/\/vapaa-ajattelijat.fi\/forssa\/wp-json\/wp\/v2\/pages\/8\/revisions"}],"predecessor-version":[{"id":1743,"href":"https:\/\/vapaa-ajattelijat.fi\/forssa\/wp-json\/wp\/v2\/pages\/8\/revisions\/1743"}],"wp:attachment":[{"href":"https:\/\/vapaa-ajattelijat.fi\/forssa\/wp-json\/wp\/v2\/media?parent=8"}],"curies":[{"name":"wp","href":"https:\/\/api.w.org\/{rel}","templated":true}]}}