{"id":42,"date":"2020-10-04T13:39:56","date_gmt":"2020-10-04T10:39:56","guid":{"rendered":"http:\/\/vapaa-ajattelijat.fi\/forssa\/?page_id=42"},"modified":"2026-04-30T08:30:56","modified_gmt":"2026-04-30T05:30:56","slug":"ihmisia","status":"publish","type":"page","link":"https:\/\/vapaa-ajattelijat.fi\/forssa\/ihmisia\/","title":{"rendered":"Ihmiset"},"content":{"rendered":"<p>Puheenjohtaja ja muu hallitus sek\u00e4 toiminnantarkastajat valitaan vuosittain syysvuosikokouksessa. Hallitus nime\u00e4\u00e4 eri teht\u00e4viin muita toimihenkil\u00f6it\u00e4\u00a0 tarpeen mukaan.<\/p>\n<h2>Juha Toivonen<\/h2>\n<h3>Puheenjohtaja<\/h3>\n<p><em>juha.toivonen@surffi.net<\/em><br \/><em>Puh. 044 592 0210<\/em><\/p>\n<p>Liityin Vapaa-ajattelijoihin vuonna 2000 ja olen toimunut nyt yhdistyksenmme puheenjohtajana jo vuodesta 2005 asti sek\u00e4 edustanut yhdistyst\u00e4 aiemmin my\u00f6s liiton luottamusteht\u00e4viss\u00e4. Vastaan my\u00f6s yhdistyksemme yll\u00e4pit\u00e4m\u00e4n uskonnottomien hautausmaan, Rauhanmaan toiminnasta.\u00a0<\/p>\n<h2>Pirkko Vellamo<\/h2>\n<h3>Hallituksen j\u00e4sen<\/h3>\n<p><em>Puh. 040 166 9993<\/em><\/p>\n<p>Olin varapuheenjohtajana vuosia ja nyt hallituksen rivij\u00e4senen\u00e4. Yhdistyksen aktiivisena j\u00e4senen\u00e4 olen ollut\u00a0jo 80-luvun lopulta l\u00e4htien.<\/p>\n<h2>Matti Uusitalo<\/h2>\n<h3>Sihteeri<\/h3>\n<p><em>fovap@hotmail.com<\/em><\/p>\n<p><em>Puh. 050 354 9872<\/em><\/p>\n<p>Liityin Vapaa-ajattelijoihin 1993 ja olen toiminut nyt yhdistyksen sihteerin\u00e4 vuodesta 2000 l\u00e4htien sek\u00e4 olin taloudenhoitaja vuosina 2000 &#8211; 2025.<\/p>\n<h2>Raimo Rintam\u00e4ki<\/h2>\n<h3>Yhdistyksen j\u00e4sen<\/h3>\n<p><em>raimo.rintamaki@vapaa-ajattelijat.fi<\/em><br \/><em>Puh. 040 742 2331<\/em><\/p>\n<p>Olen syntynyt 1945 v ja ollut ty\u00f6n ohessa elinik\u00e4inen opiskelija: kansakoulu, lentokones\u00e4hk\u00f6asentaja, mittaus- ja s\u00e4\u00e4t\u00f6teknikko, tietokoneinsin\u00f6\u00f6ri, diplomi-insin\u00f6\u00f6ri ja tekniikanlisensiaatti. Uskonto ei ole merkinnyt minulle koskaan mit\u00e4\u00e4n. Erosin kirkosta jo nuorena, mutta liityin Vapaa-ajattelijoihin vasta j\u00e4\u00e4ty\u00e4ni el\u00e4kkeelle H\u00e4meen ammattikorkeakoulun sulautettujenj\u00e4rjestelmien yliopettajan virasta. Olin edellisell\u00e4 liittokokouskaudella Forssan vapaa-ajattelijoiden hallituksen j\u00e4sen ja liittovaltuuston varaj\u00e4sen sek\u00e4 yhdistyksemme webmaster. Nyt jatkan yhdistyksen rivij\u00e4senen\u00e4.<\/p>\n<h2>Markku Fagerstr\u00f6m<\/h2>\n<h3>Varapuheenjohtaja<\/h3>\n<p>markku.fagerstrom@gmail.com<br \/><em>Puh. 040 733 2901<\/em><\/p>\n<p>Olen el\u00e4kkeell\u00e4 oleva jo toisen polven aktiivij\u00e4sen. Is\u00e4ni Toivo Fagerstr\u00f6m ja Veijo Haake esimerkiksi istuttivat p\u00e4\u00e4asiassa kahdestaan koko hautausmaan kuusiaidan. Itse olen toiminut aiemmin muun muassa yhdistyksen taloudenhoitajana.<\/p>\n<h2>Sirkka-Liisa Ilvonen<\/h2>\n<h3>Toiminnantarkastaja<\/h3>\n<p><em>siru.ilvonen@gmail.com<br \/><\/em><i>Puh. 0400 616 286<\/i><\/p>\n\n\n<p><\/p>\n","protected":false},"excerpt":{"rendered":"<p>Puheenjohtaja ja muu hallitus sek\u00e4 toiminnantarkastajat valitaan vuosittain syysvuosikokouksessa. Hallitus nime\u00e4\u00e4 eri teht\u00e4viin muita toimihenkil\u00f6it\u00e4\u00a0 tarpeen mukaan. Juha Toivonen Puheenjohtaja juha.toivonen@surffi.netPuh. 044 592 0210 Liityin Vapaa-ajattelijoihin vuonna 2000 ja olen &#8230; <a title=\"Ihmiset\" class=\"read-more\" href=\"https:\/\/vapaa-ajattelijat.fi\/forssa\/ihmisia\/\" aria-label=\"Lue lis\u00e4\u00e4 aiheesta Ihmiset\">Lue lis\u00e4\u00e4<\/a><\/p>\n","protected":false},"author":26,"featured_media":0,"parent":0,"menu_order":0,"comment_status":"closed","ping_status":"closed","template":"","meta":{"footnotes":""},"class_list":["post-42","page","type-page","status-publish"],"_links":{"self":[{"href":"https:\/\/vapaa-ajattelijat.fi\/forssa\/wp-json\/wp\/v2\/pages\/42","targetHints":{"allow":["GET"]}}],"collection":[{"href":"https:\/\/vapaa-ajattelijat.fi\/forssa\/wp-json\/wp\/v2\/pages"}],"about":[{"href":"https:\/\/vapaa-ajattelijat.fi\/forssa\/wp-json\/wp\/v2\/types\/page"}],"author":[{"embeddable":true,"href":"https:\/\/vapaa-ajattelijat.fi\/forssa\/wp-json\/wp\/v2\/users\/26"}],"replies":[{"embeddable":true,"href":"https:\/\/vapaa-ajattelijat.fi\/forssa\/wp-json\/wp\/v2\/comments?post=42"}],"version-history":[{"count":87,"href":"https:\/\/vapaa-ajattelijat.fi\/forssa\/wp-json\/wp\/v2\/pages\/42\/revisions"}],"predecessor-version":[{"id":1754,"href":"https:\/\/vapaa-ajattelijat.fi\/forssa\/wp-json\/wp\/v2\/pages\/42\/revisions\/1754"}],"wp:attachment":[{"href":"https:\/\/vapaa-ajattelijat.fi\/forssa\/wp-json\/wp\/v2\/media?parent=42"}],"curies":[{"name":"wp","href":"https:\/\/api.w.org\/{rel}","templated":true}]}}