{"id":261,"date":"2020-10-10T17:31:38","date_gmt":"2020-10-10T14:31:38","guid":{"rendered":"http:\/\/vapaa-ajattelijat.fi\/forssa\/?page_id=261"},"modified":"2021-11-26T16:28:54","modified_gmt":"2021-11-26T14:28:54","slug":"yhteystiedot","status":"publish","type":"page","link":"https:\/\/vapaa-ajattelijat.fi\/forssa\/yhteystiedot\/","title":{"rendered":"Yhteystiedot"},"content":{"rendered":"\t\t<div data-elementor-type=\"wp-page\" data-elementor-id=\"261\" class=\"elementor elementor-261\">\n\t\t\t\t\t\t<section class=\"elementor-section elementor-top-section elementor-element elementor-element-1be2197 elementor-section-boxed elementor-section-height-default elementor-section-height-default\" data-id=\"1be2197\" data-element_type=\"section\" data-e-type=\"section\">\n\t\t\t\t\t\t<div class=\"elementor-container elementor-column-gap-default\">\n\t\t\t\t\t<div class=\"elementor-column elementor-col-100 elementor-top-column elementor-element elementor-element-906ade1\" data-id=\"906ade1\" data-element_type=\"column\" data-e-type=\"column\">\n\t\t\t<div class=\"elementor-widget-wrap elementor-element-populated\">\n\t\t\t\t\t\t<div class=\"elementor-element elementor-element-31314fc elementor-widget elementor-widget-text-editor\" data-id=\"31314fc\" data-element_type=\"widget\" data-e-type=\"widget\" data-widget_type=\"text-editor.default\">\n\t\t\t\t<div class=\"elementor-widget-container\">\n\t\t\t\t\t\t\t\t\t<h3>Forssan vapaa-ajattelijat ry.<\/h3><p>Juha Toivonen<br \/>T\u00f6l\u00f6nkaari 4 A 8<br \/>30420 FORSSA<br \/>puh. 044 592 0210<br \/>forssa@vapaa-ajattelijat.fi<br \/>Tili FI92 4327 2020 0425 80<\/p><p><a href=\"https:\/\/vapaa-ajattelijat.fi\/forssa\/ihmisia\/\">Muut yhteyshenkil\u00f6t<\/a><\/p><p><a href=\"https:\/\/vapaa-ajattelijat.fi\/forssa\/vaikutuskanavat\/\">Vaikutuskanavat<\/a><\/p>\t\t\t\t\t\t\t\t<\/div>\n\t\t\t\t<\/div>\n\t\t\t\t\t<\/div>\n\t\t<\/div>\n\t\t\t\t\t<\/div>\n\t\t<\/section>\n\t\t\t\t<\/div>\n\t\t","protected":false},"excerpt":{"rendered":"<p>Forssan vapaa-ajattelijat ry. Juha ToivonenT\u00f6l\u00f6nkaari 4 A 830420 FORSSApuh. 044 592 0210forssa@vapaa-ajattelijat.fiTili FI92 4327 2020 0425 80 Muut yhteyshenkil\u00f6t Vaikutuskanavat<\/p>\n","protected":false},"author":34,"featured_media":0,"parent":0,"menu_order":0,"comment_status":"closed","ping_status":"closed","template":"","meta":{"footnotes":""},"class_list":["post-261","page","type-page","status-publish"],"_links":{"self":[{"href":"https:\/\/vapaa-ajattelijat.fi\/forssa\/wp-json\/wp\/v2\/pages\/261","targetHints":{"allow":["GET"]}}],"collection":[{"href":"https:\/\/vapaa-ajattelijat.fi\/forssa\/wp-json\/wp\/v2\/pages"}],"about":[{"href":"https:\/\/vapaa-ajattelijat.fi\/forssa\/wp-json\/wp\/v2\/types\/page"}],"author":[{"embeddable":true,"href":"https:\/\/vapaa-ajattelijat.fi\/forssa\/wp-json\/wp\/v2\/users\/34"}],"replies":[{"embeddable":true,"href":"https:\/\/vapaa-ajattelijat.fi\/forssa\/wp-json\/wp\/v2\/comments?post=261"}],"version-history":[{"count":32,"href":"https:\/\/vapaa-ajattelijat.fi\/forssa\/wp-json\/wp\/v2\/pages\/261\/revisions"}],"predecessor-version":[{"id":1725,"href":"https:\/\/vapaa-ajattelijat.fi\/forssa\/wp-json\/wp\/v2\/pages\/261\/revisions\/1725"}],"wp:attachment":[{"href":"https:\/\/vapaa-ajattelijat.fi\/forssa\/wp-json\/wp\/v2\/media?parent=261"}],"curies":[{"name":"wp","href":"https:\/\/api.w.org\/{rel}","templated":true}]}}