{"id":1560,"date":"2021-11-26T13:56:56","date_gmt":"2021-11-26T11:56:56","guid":{"rendered":"https:\/\/vapaa-ajattelijat.fi\/forssa\/?page_id=1560"},"modified":"2022-01-29T20:29:29","modified_gmt":"2022-01-29T18:29:29","slug":"vapaa-ajattelijat-alueilla","status":"publish","type":"page","link":"https:\/\/vapaa-ajattelijat.fi\/forssa\/vapaa-ajattelijat-alueilla\/","title":{"rendered":"Paikallisyhdistykset"},"content":{"rendered":"\t\t<div data-elementor-type=\"wp-page\" data-elementor-id=\"1560\" class=\"elementor elementor-1560\">\n\t\t\t\t\t\t<section class=\"elementor-section elementor-top-section elementor-element elementor-element-b54d39d elementor-section-boxed elementor-section-height-default elementor-section-height-default\" data-id=\"b54d39d\" data-element_type=\"section\" data-e-type=\"section\">\n\t\t\t\t\t\t<div class=\"elementor-container elementor-column-gap-default\">\n\t\t\t\t\t<div class=\"elementor-column elementor-col-100 elementor-top-column elementor-element elementor-element-d0d5e0c\" data-id=\"d0d5e0c\" data-element_type=\"column\" data-e-type=\"column\">\n\t\t\t<div class=\"elementor-widget-wrap elementor-element-populated\">\n\t\t\t\t\t\t<div class=\"elementor-element elementor-element-50c1c26 elementor-widget elementor-widget-text-editor\" data-id=\"50c1c26\" data-element_type=\"widget\" data-e-type=\"widget\" data-widget_type=\"text-editor.default\">\n\t\t\t\t<div class=\"elementor-widget-container\">\n\t\t\t\t\t\t\t\t\t<p><b>Uusimaa<\/b> (<span style=\"font-weight: 400\">Askola, Espoo, Hanko, Helsinki, Hyvink\u00e4\u00e4, Inkoo, J\u00e4rvenp\u00e4\u00e4, Karkkila, Kauniainen, Kerava, Kirkkonummi, Lapinj\u00e4rvi, Lohja, Loviisa, Myrskyl\u00e4, M\u00e4nts\u00e4l\u00e4, Nurmij\u00e4rvi, Pornainen, Porvoo, Pukkila, Raasepori, Sipoo, Siuntio, Tuusula, Vantaa, Vihti)<\/span><\/p><ul><li style=\"font-weight: 400\"><a href=\"https:\/\/vapaa-ajattelijat.fi\/helsinki\/\"><span style=\"font-weight: 400\">HELSINGIN SEUDUN VAPAA-AJATTELIJAT RY<\/span><\/a><\/li><li style=\"font-weight: 400\"><a href=\"https:\/\/vapaa-ajattelijat.fi\/keski-uusimaa\/\"><span style=\"font-weight: 400\">KESKI-UUDENMAAN VAPAA-AJATTELIJAT RY<\/span><\/a><\/li><\/ul><p><b>Varsinais-Suomi<\/b> (<span style=\"font-weight: 400\">Aura, Kaarina, Kemi\u00f6nsaari, Koski Tl, Kustavi, Laitila, Lieto, Loimaa, Marttila, Masku, Myn\u00e4m\u00e4ki, Naantali, Nousiainen, Orip\u00e4\u00e4, Paimio, Parainen, Pyh\u00e4ranta, P\u00f6yty\u00e4, Raisio, Rusko, Salo, Sauvo, Somero, Taivassalo, Turku, Uusikaupunki, Vehmaa)<\/span><\/p><ul><li style=\"font-weight: 400\"><a href=\"https:\/\/vapaa-ajattelijat.fi\/turku\/\"><span style=\"font-weight: 400\">TURUN VAPAA-AJATTELIJAT RY<\/span><\/a><\/li><li style=\"font-weight: 400\"><span style=\"font-weight: 400\">RAISION VAPAA-AJATTELIJAT RY<\/span><\/li><\/ul><p><b>Satakunta<\/b> (<span style=\"font-weight: 400\">Eura, Eurajoki, Harjavalta, Huittinen, J\u00e4mij\u00e4rvi, Kankaanp\u00e4\u00e4, Karvia, Kokem\u00e4ki, Merikarvia, Nakkila, Pomarkku, Pori, Rauma, Siikainen, S\u00e4kyl\u00e4, Ulvila)<\/span><\/p><ul><li style=\"font-weight: 400\"><a href=\"https:\/\/vapaa-ajattelijat.fi\/satakunta\/\"><span style=\"font-weight: 400\">SATAKUNNAN VAPAA-AJATTELIJAT RY<\/span><\/a><\/li><\/ul><p><b>Pirkanmaa<\/b> (<span style=\"font-weight: 400\">Akaa, H\u00e4meenkyr\u00f6, Ikaalinen, Juupajoki, Kangasala, Kihni\u00f6, Kuhmoinen, Lemp\u00e4\u00e4l\u00e4, M\u00e4ntt\u00e4-Vilppula, Nokia, Orivesi, Parkano, Pirkkala, Punkalaidun, P\u00e4lk\u00e4ne, Ruovesi, Sastamala, Tampere, Urjala, Valkeakoski, Vesilahti, Virrat, Yl\u00f6j\u00e4rvi)<\/span><\/p><ul><li style=\"font-weight: 400\"><a href=\"https:\/\/vapaa-ajattelijat.fi\/tampere\/\"><span style=\"font-weight: 400\">TAMPEREEN VAPAA-AJATTELIJAT RY<\/span><\/a><\/li><li style=\"font-weight: 400\"><a href=\"https:\/\/www.vapaa-ajattelijat.fi\/nokia\/\"><span style=\"font-weight: 400\">NOKIAN VAPAA-AJATTELIJAT RY<\/span><\/a><\/li><\/ul><p><b>Kanta-H\u00e4me<\/b> (<span style=\"font-weight: 400\">Forssa, Hattula, Hausj\u00e4rvi, Humppila, H\u00e4meenlinna, Janakkala, Jokioinen, Loppi, Riihim\u00e4ki, Tammela, Yp\u00e4j\u00e4)<\/span><\/p><ul><li style=\"font-weight: 400\"><a href=\"https:\/\/vapaa-ajattelijat.fi\/forssa\/\"><span style=\"font-weight: 400\">FORSSAN VAPAA-AJATTELIJAT RY<\/span><\/a><\/li><\/ul><p><b>P\u00e4ij\u00e4t-H\u00e4me<\/b> (<span style=\"font-weight: 400\">Asikkala, Hartola, Heinola, Hollola, Iitti, K\u00e4rk\u00f6l\u00e4, Lahti, Orimattila, Padasjoki, Sysm\u00e4)<\/span><\/p><ul><li style=\"font-weight: 400\"><a href=\"https:\/\/vapaa-ajattelijat.fi\/lahti\/\"><span style=\"font-weight: 400\">LAHDEN VAPAA-AJATTELIJAT RY<\/span><\/a><\/li><\/ul><p><b>Kymenlaakso<\/b> (<span style=\"font-weight: 400\">Hamina, Kotka, Kouvola, Miehikk\u00e4l\u00e4, Pyht\u00e4\u00e4, Virolahti)<\/span><\/p><ul><li style=\"font-weight: 400\"><a href=\"https:\/\/vapaa-ajattelijat.fi\/kotka\/\"><span style=\"font-weight: 400\">KOTKAN VAPAA-AJATTELIJAT RY<\/span><\/a><\/li><li style=\"font-weight: 400\"><span style=\"font-weight: 400\">KOUVOLAN VAPAA-AJATTELIJAT RY<\/span><\/li><\/ul><p><b>Etel\u00e4-Karjala<\/b> (<span style=\"font-weight: 400\">Imatra, Lappeenranta, Lemi, Luum\u00e4ki, Parikkala, Rautj\u00e4rvi, Ruokolahti, Savitaipale, Taipalsaari)<\/span><\/p><ul><li style=\"font-weight: 400\"><a href=\"https:\/\/vapaa-ajattelijat.fi\/lappeenranta\/\"><span style=\"font-weight: 400\">ETEL\u00c4-KARJALAN VAPAA-AJATTELIJAT RY<\/span><\/a><\/li><\/ul><p><b>Pohjois-Karjala<\/b> (<span style=\"font-weight: 400\">Hein\u00e4vesi, Ilomantsi, Joensuu, Juua, Kitee, Kontiolahti, Lieksa, Liperi, Nurmes, Outokumpu, Polvij\u00e4rvi, R\u00e4\u00e4kkyl\u00e4, Tohmaj\u00e4rvi)<\/span><\/p><ul><li style=\"font-weight: 400\"><a href=\"https:\/\/vapaa-ajattelijat.fi\/joensuu\/\"><span style=\"font-weight: 400\">JOENSUUN SEUDUN VAPAA-AJATTELIJAT RY<\/span><\/a><\/li><\/ul><p><b>Etel\u00e4-Savo<\/b> (<span style=\"font-weight: 400\">Enonkoski, Hirvensalmi, Juva, Kangasniemi, Mikkeli, M\u00e4ntyharju, Pertunmaa, Pieks\u00e4m\u00e4ki, Puumala, Rantasalmi, Savonlinna, Sulkava)<\/span><\/p><p><b>Pohjois-Savo<\/b> (<span style=\"font-weight: 400\">Iisalmi, Joroinen, Kaavi, Keitele, Kiuruvesi, Kuopio, Lapinlahti, Lepp\u00e4virta, Pielavesi, Rautalammi, Rautavaara, Siilinj\u00e4rvi, Sonkaj\u00e4rvi, Suonenjoki, Tervo, Tuusniemi, Varkaus, Vesanto, Vierem\u00e4ki)<\/span><\/p><p><b>Keski-Suomi<\/b> (<span style=\"font-weight: 400\">Hankasalmi, Joutsa, Jyv\u00e4skyl\u00e4, J\u00e4ms\u00e4, Kannonkoski, Karstula, Keuruu, Kinnul, Kivij\u00e4rvi, Konnevesi, Kyyj\u00e4rvi, Laukaa, Luhanka, Multia, Muurame, Pet\u00e4j\u00e4vesi, Pihtiputaa, Saarij\u00e4rvi, Toivakka, Uurainen, Viitasaari \u00c4\u00e4nekoski)<\/span><\/p><ul><li style=\"font-weight: 400\"><a href=\"https:\/\/vapaa-ajattelijat.fi\/ks\/\"><span style=\"font-weight: 400\">KESKI-SUOMEN VAPAA-AJATTELIJAT RY<\/span><\/a><\/li><\/ul><p><b>Etel\u00e4-Pohjanmaa<\/b> (<span style=\"font-weight: 400\">Alaj\u00e4rvi, Alavus, Evij\u00e4rvi, Ilmajoki, Isojoki, Isonkyr\u00f6, Karijoki, Kauhajoki, Kauhava, Kuortane, Kurikka, Lappaj\u00e4rvi, Lapua, Sein\u00e4joki, Soini, Teuva, Vimpeli, \u00c4ht\u00e4ri)<\/span><\/p><ul><li style=\"font-weight: 400\"><a href=\"http:\/\/seinajoki.vapaa-ajattelijat.fi\/\"><span style=\"font-weight: 400\">SEIN\u00c4JOEN VAPAA-AJATTELIJAT RY<\/span><\/a><\/li><\/ul><p><b>Pohjanmaa<\/b> (<span style=\"font-weight: 400\">Kaskinen, Korsn\u00e4s, Kristiinankaupunki, Kruunupyy, Laihia, Luoto, Maalahti, Mustasaari, N\u00e4rpi\u00f6, Peders\u00f6re, Pietarsaari, Uusikaarlepyy, Vaasan, V\u00f6yri)<\/span><\/p><p><b>Keski-Pohjanmaa<\/b> (<span style=\"font-weight: 400\">Halsua, Kannus, Kaustinen, Kokkola, Lestij\u00e4rvi, Perho, Toholammi, Veteli)<\/span><\/p><p><b>Pohjois-Pohjanmaa<\/b> (<span style=\"font-weight: 400\">Alavieska, Haapaj\u00e4rvi, Haapavesi, Hailuoto, Ii, Kalajoki, Kempele, Kuusamo, K\u00e4rs\u00e4m\u00e4ki, Liminka, Lumijoki, Merij\u00e4rvi, Muhos, Nivala, Oulainen, Oulu, Pudasj\u00e4rvi, Pyh\u00e4joki, Pyh\u00e4j\u00e4rvi, Pyh\u00e4nt\u00e4, Raahe, Reisj\u00e4rvi, Sievi, Siikajoki, Siikalatva, Taivalkoski, Tyrn\u00e4v\u00e4, Utaj\u00e4rvi, Vaala, Ylivieska)<\/span><\/p><ul><li style=\"font-weight: 400\"><a href=\"https:\/\/www.vapaa-ajattelijat.fi\/oulu\/\"><span style=\"font-weight: 400\">OULUN SEUDUN VAPAA-AJATTELIJAT RY<\/span><\/a><\/li><\/ul><p><b>Kainuu<\/b> (<span style=\"font-weight: 400\">Hyrynsalmi, Kajaani, Kuhmo, Paltamo, Puolanka, Ristij\u00e4rvi, Sotkamo, Suomussalmi)<\/span><\/p><ul><li style=\"font-weight: 400\"><a href=\"https:\/\/www.facebook.com\/Kainuun-Vapaa-ajattelijat-106053492764842\/\"><span style=\"font-weight: 400\">KAINUUN VAPAA-AJATTELIJAT RY<\/span><\/a><\/li><\/ul><p><b>Lappi<\/b> (<span style=\"font-weight: 400\">Enonteki\u00f6, Inari, Kemi, Kemij\u00e4rvi, Keminmaa, Kittil\u00e4, Kolari, Muonio, Pelkosenniemi, Pello, Posio, Ranua, Rovaniemi, Salla, Savukoski, Simo, Sodankyl\u00e4, Tervola, Tornio, Utsjoki, Ylitornio)<\/span><\/p><ul><li style=\"font-weight: 400\"><a href=\"http:\/\/rovaniemenvapaa-ajattelijat.blogspot.com\/\"><span style=\"font-weight: 400\">ROVANIEMEN VAPAA-AJATTELIJAT RY<\/span><\/a><\/li><li style=\"font-weight: 400\"><a href=\"http:\/\/keminvapaa-ajattelijat.blogspot.com\/\"><span style=\"font-weight: 400\">KEMIN VAPAA-AJATTELIJAT RY<\/span><\/a><\/li><li style=\"font-weight: 400\"><span style=\"font-weight: 400\">LUOTEIS-LAPIN VAPAA-AJATTELIJAT RY<\/span><\/li><\/ul>\t\t\t\t\t\t\t\t<\/div>\n\t\t\t\t<\/div>\n\t\t\t\t\t<\/div>\n\t\t<\/div>\n\t\t\t\t\t<\/div>\n\t\t<\/section>\n\t\t\t\t<\/div>\n\t\t","protected":false},"excerpt":{"rendered":"<p>Uusimaa (Askola, Espoo, Hanko, Helsinki, Hyvink\u00e4\u00e4, Inkoo, J\u00e4rvenp\u00e4\u00e4, Karkkila, Kauniainen, Kerava, Kirkkonummi, Lapinj\u00e4rvi, Lohja, Loviisa, Myrskyl\u00e4, M\u00e4nts\u00e4l\u00e4, Nurmij\u00e4rvi, Pornainen, Porvoo, Pukkila, Raasepori, Sipoo, Siuntio, Tuusula, Vantaa, Vihti) HELSINGIN SEUDUN VAPAA-AJATTELIJAT &#8230; <a title=\"Paikallisyhdistykset\" class=\"read-more\" href=\"https:\/\/vapaa-ajattelijat.fi\/forssa\/vapaa-ajattelijat-alueilla\/\" aria-label=\"Lue lis\u00e4\u00e4 aiheesta Paikallisyhdistykset\">Lue lis\u00e4\u00e4<\/a><\/p>\n","protected":false},"author":34,"featured_media":0,"parent":0,"menu_order":0,"comment_status":"closed","ping_status":"closed","template":"","meta":{"footnotes":""},"class_list":["post-1560","page","type-page","status-publish"],"_links":{"self":[{"href":"https:\/\/vapaa-ajattelijat.fi\/forssa\/wp-json\/wp\/v2\/pages\/1560","targetHints":{"allow":["GET"]}}],"collection":[{"href":"https:\/\/vapaa-ajattelijat.fi\/forssa\/wp-json\/wp\/v2\/pages"}],"about":[{"href":"https:\/\/vapaa-ajattelijat.fi\/forssa\/wp-json\/wp\/v2\/types\/page"}],"author":[{"embeddable":true,"href":"https:\/\/vapaa-ajattelijat.fi\/forssa\/wp-json\/wp\/v2\/users\/34"}],"replies":[{"embeddable":true,"href":"https:\/\/vapaa-ajattelijat.fi\/forssa\/wp-json\/wp\/v2\/comments?post=1560"}],"version-history":[{"count":17,"href":"https:\/\/vapaa-ajattelijat.fi\/forssa\/wp-json\/wp\/v2\/pages\/1560\/revisions"}],"predecessor-version":[{"id":1682,"href":"https:\/\/vapaa-ajattelijat.fi\/forssa\/wp-json\/wp\/v2\/pages\/1560\/revisions\/1682"}],"wp:attachment":[{"href":"https:\/\/vapaa-ajattelijat.fi\/forssa\/wp-json\/wp\/v2\/media?parent=1560"}],"curies":[{"name":"wp","href":"https:\/\/api.w.org\/{rel}","templated":true}]}}